{"id":9032,"date":"2024-09-16T12:24:09","date_gmt":"2024-09-16T10:24:09","guid":{"rendered":"https:\/\/luxles.si\/?post_type=product&#038;p=9032"},"modified":"2025-05-26T09:23:38","modified_gmt":"2025-05-26T07:23:38","slug":"unikatne-lesene-stopnice","status":"publish","type":"product","link":"https:\/\/luxles.si\/sl\/izdelek\/unikatne-lesene-stopnice\/","title":{"rendered":"Unikatne lesene stopnice"},"content":{"rendered":"<p><span style=\"text-align: justify; display:block;\"><strong>Zakaj Izbrati Unikatne Lesene Stopnice?<\/strong><\/span><br \/>\n<span style=\"text-align: justify; display:block;\">Pri Lux Les Dom Dekor D.o.o se specializiramo za izdelavo unikatnih lesenih stopnic, ki povzdignejo stil in funkcionalnost vsakega prostora. S predanostjo odli\u010dnosti in strastjo do obdelave lesa va\u0161im \u017eeljam vdahnemo osupljivo resni\u010dnost. <\/span><\/p>\n<p>&nbsp;<\/p>\n<p><span style=\"text-align: justify; display:block;\"><strong>Na\u0161 Proces: Od Vizije do Resni\u010dnosti.<\/strong> Ustvarjanje unikatnih lesenih stopnic je sodelovalen proces. Tukaj je, kako uresni\u010dimo va\u0161e ideje: <\/span><\/p>\n<ul>\n<li style=\"text-align: justify; display:block;\"><strong>Posvet in Oblikovanje.<\/strong> Za\u010dnemo z razumevanjem va\u0161ih potreb, stilskih preferenc in arhitekturnih zna\u010dilnosti prostora. Ne glede na to, ali i\u0161\u010dete nekaj sodobnega in elegantnega ali toplega in tradicionalnega, na\u0161a oblikovalska ekipa tesno sodeluje z vami pri razvoju koncepta, ki ustreza va\u0161i viziji. <\/li>\n<li style=\"text-align: justify; display:block;\"><strong>Izbor Materialov.<\/strong> Lepota unikatnih stopnic je v materialih. Ponujamo \u0161irok izbor vrhunskih vrst lesa, od katerih ima vsak svoj edinstven vzorec, barvo in teksturo. Od bogatega mahagonija in hrasta do elegantnega oreha in \u010de\u0161nje \u2013 pomagamo vam izbrati popoln les, ki dopolnjuje notranjost va\u0161ega doma.  <\/li>\n<li style=\"text-align: justify; display:block;\"><strong>Izdelava.<\/strong> Na\u0161i spretni obrtniki o\u017eivijo dizajn, ro\u010dno izdelajo vsak element va\u0161ih stopnic. Pozornost do detajlov je klju\u010dna \u2013 od natan\u010dnih spojev do gladkih zaklju\u010dkov, poskrbimo, da je vsak korak umetni\u0161ko delo. <\/li>\n<li style=\"text-align: justify; display:block;\"><strong>Monta\u017ea<\/strong> Ko so va\u0161e unikatne stopnice dokon\u010dane, na\u0161a izku\u0161ena ekipa poskrbi za brezhibno monta\u017eo v va\u0161em domu. Vse uredimo s skrbnostjo, da so va\u0161e nove stopnice ne le lepe, ampak tudi varne in trpe\u017ene. <\/li>\n<\/ul>\n<p>&nbsp;<\/p>\n<p><strong>Zakaj Lux Les Dom Dekor?<\/strong><\/p>\n<ul>\n<li style=\"text-align: justify; display:block;\"><strong>Strokovnost.<\/strong> Z leti izku\u0161enj v industriji smo strokovnjaki tako za tradicionalne kot sodobne oblike stopnic.<\/li>\n<li style=\"text-align: justify; display:block;\"><strong>Kakovost.<\/strong> Uporabljamo samo najbolj\u0161e materiale in obrtni\u0161ke ve\u0161\u010dine za izdelavo stopnic, ki kljubujejo \u010dasu.<\/li>\n<li style=\"text-align: justify; display:block;\"><strong>Prilagodljivost.<\/strong> Vsake stopnice so unikatni projekt, prilagojen va\u0161im posameznim potrebam in stilskim \u017eeljam.<\/li>\n<li style=\"text-align: justify; display:block;\"><strong>Zadovoljstvo Strank.<\/strong> Ponosni smo, da ne ponujamo samo izdelka, ampak izku\u0161njo, ki presega va\u0161a pri\u010dakovanja.<\/li>\n<\/ul>\n<p>&nbsp;<\/p>\n<p><span style=\"text-align: justify; display:block;\"><strong>Zgradimo nekaj lepega.<\/strong> Ste pripravljeni narediti prvi korak? <a class=\"lewct_request_hardwoods_softwoods_exotic_woods_popup pum-trigger\" href=\"#\">Stopite v stik z nami<\/a> in se dogovorite za posvetovanje. Ne glede na to, ali imate jasno vizijo ali potrebujete smernice pri oblikovanju, vam bo na\u0161a ekipa pomagala ustvariti popolno leseno stopni\u0161\u010de po meri za va\u0161 dom. <\/span><\/p>\n","protected":false},"excerpt":{"rendered":"<p><span style=\"text-align: justify; display: block;\"><strong>Kjer se Obrt Sre\u010da z Dizajnom<\/strong> Unikatne lesene stopnice so ve\u010d kot le sredstvo za prehod med nadstropji \u2013 so izraz stila in obrtni\u0161kega mojstrstva. Za razliko od \u017ee izdelanih mo\u017enosti so na\u0161e unikatne stopnice prilagojene va\u0161im natan\u010dnim specifikacijam, kar vam omogo\u010da izbiro vsega, od vrste lesa in zaklju\u010dka do dizajnerskih podrobnosti, ki naredijo va\u0161e stopnice edinstvene. <\/span><br \/>\n<span style=\"text-align: justify; display: block;\">Obrnite se na nas prek zavihka \u00bbVpra\u0161anje\u00ab (QA) na tej strani. Na va\u0161o zahtevo vam bomo posredovali vse informacije, ki vas zanimajo. Lahko pa <a href=\"tel:+38669407615\">pokli\u010dete<\/a> enega izmed na\u0161ih strokovnjakov in mu zastavite va\u0161a vpra\u0161anja.<\/span><\/p>\n","protected":false},"featured_media":9019,"comment_status":"open","ping_status":"closed","template":"","meta":[],"product_brand":[],"product_cat":[371],"product_tag":[333,204,235,338,337],"giftcard-category":[],"class_list":{"0":"post-9032","1":"product","2":"type-product","3":"status-publish","4":"has-post-thumbnail","6":"product_cat-lesene-stopnice","7":"product_tag-dekor","8":"product_tag-hisa","9":"product_tag-lesa","10":"product_tag-lesena-svetilka","11":"product_tag-svetilka","12":"product_shipping_class-v-7-21-dneh","13":"pa_wood_species-akacija","14":"pa_wood_species-bor","15":"pa_wood_species-hrast","16":"pa_wood_species-kostanj","17":"pa_wood_species-oreh","18":"pa_wood_species-smreka","20":"first","21":"instock","22":"taxable","23":"shipping-taxable","24":"purchasable","25":"product-type-simple"},"yoast_head":"<!-- This site is optimized with the Yoast SEO plugin v27.4 - https:\/\/yoast.com\/product\/yoast-seo-wordpress\/ -->\n<title>Unikatne lesene stopnice - LUX LES Dom Dekor<\/title>\n<meta name=\"description\" content=\"Unikatne lesene stopnice so ve\u010d kot le sredstvo za prehod med nadstropji \u2013 so izraz stila in obrtni\u0161kega mojstrstva.\" \/>\n<meta name=\"robots\" content=\"index, follow, max-snippet:-1, max-image-preview:large, max-video-preview:-1\" \/>\n<link rel=\"canonical\" href=\"https:\/\/luxles.si\/sl\/izdelek\/unikatne-lesene-stopnice\/\" \/>\n<meta property=\"og:locale\" content=\"sl_SI\" \/>\n<meta property=\"og:type\" content=\"article\" \/>\n<meta property=\"og:title\" content=\"Unikatne lesene stopnice - LUX LES Dom Dekor\" \/>\n<meta property=\"og:description\" content=\"Unikatne lesene stopnice so ve\u010d kot le sredstvo za prehod med nadstropji \u2013 so izraz stila in obrtni\u0161kega mojstrstva.\" \/>\n<meta property=\"og:url\" content=\"https:\/\/luxles.si\/sl\/izdelek\/unikatne-lesene-stopnice\/\" \/>\n<meta property=\"og:site_name\" content=\"LUX LES Dom Dekor\" \/>\n<meta property=\"article:publisher\" content=\"https:\/\/www.facebook.com\/luxlesdomdekor\/\" \/>\n<meta property=\"article:modified_time\" content=\"2025-05-26T07:23:38+00:00\" \/>\n<meta property=\"og:image\" content=\"https:\/\/luxles.si\/wp-content\/uploads\/2024\/09\/woodstaris2-min-scaled.jpg\" \/>\n\t<meta property=\"og:image:width\" content=\"2560\" \/>\n\t<meta property=\"og:image:height\" content=\"1130\" \/>\n\t<meta property=\"og:image:type\" content=\"image\/jpeg\" \/>\n<meta name=\"twitter:card\" content=\"summary_large_image\" \/>\n<meta name=\"twitter:label1\" content=\"Est. reading time\" \/>\n\t<meta name=\"twitter:data1\" content=\"2 minuti\" \/>\n<script type=\"application\/ld+json\" class=\"yoast-schema-graph\">{\"@context\":\"https:\\\/\\\/schema.org\",\"@graph\":[{\"@type\":\"WebPage\",\"@id\":\"https:\\\/\\\/luxles.si\\\/sl\\\/izdelek\\\/unikatne-lesene-stopnice\\\/\",\"url\":\"https:\\\/\\\/luxles.si\\\/sl\\\/izdelek\\\/unikatne-lesene-stopnice\\\/\",\"name\":\"Unikatne lesene stopnice - LUX LES Dom Dekor\",\"isPartOf\":{\"@id\":\"https:\\\/\\\/luxles.si\\\/sl\\\/#website\"},\"primaryImageOfPage\":{\"@id\":\"https:\\\/\\\/luxles.si\\\/sl\\\/izdelek\\\/unikatne-lesene-stopnice\\\/#primaryimage\"},\"image\":{\"@id\":\"https:\\\/\\\/luxles.si\\\/sl\\\/izdelek\\\/unikatne-lesene-stopnice\\\/#primaryimage\"},\"thumbnailUrl\":\"https:\\\/\\\/luxles.si\\\/wp-content\\\/uploads\\\/2024\\\/09\\\/woodstaris2-min-scaled.jpg\",\"datePublished\":\"2024-09-16T10:24:09+00:00\",\"dateModified\":\"2025-05-26T07:23:38+00:00\",\"description\":\"Unikatne lesene stopnice so ve\u010d kot le sredstvo za prehod med nadstropji \u2013 so izraz stila in obrtni\u0161kega mojstrstva.\",\"breadcrumb\":{\"@id\":\"https:\\\/\\\/luxles.si\\\/sl\\\/izdelek\\\/unikatne-lesene-stopnice\\\/#breadcrumb\"},\"inLanguage\":\"sl-SI\",\"potentialAction\":[{\"@type\":\"ReadAction\",\"target\":[\"https:\\\/\\\/luxles.si\\\/sl\\\/izdelek\\\/unikatne-lesene-stopnice\\\/\"]}]},{\"@type\":\"ImageObject\",\"inLanguage\":\"sl-SI\",\"@id\":\"https:\\\/\\\/luxles.si\\\/sl\\\/izdelek\\\/unikatne-lesene-stopnice\\\/#primaryimage\",\"url\":\"https:\\\/\\\/luxles.si\\\/wp-content\\\/uploads\\\/2024\\\/09\\\/woodstaris2-min-scaled.jpg\",\"contentUrl\":\"https:\\\/\\\/luxles.si\\\/wp-content\\\/uploads\\\/2024\\\/09\\\/woodstaris2-min-scaled.jpg\",\"width\":2560,\"height\":1130,\"caption\":\"Unikatne lesene stopnice\"},{\"@type\":\"BreadcrumbList\",\"@id\":\"https:\\\/\\\/luxles.si\\\/sl\\\/izdelek\\\/unikatne-lesene-stopnice\\\/#breadcrumb\",\"itemListElement\":[{\"@type\":\"ListItem\",\"position\":1,\"name\":\"Domov\",\"item\":\"https:\\\/\\\/luxles.si\\\/sl\\\/\"},{\"@type\":\"ListItem\",\"position\":2,\"name\":\"Trgovina\",\"item\":\"https:\\\/\\\/luxles.si\\\/sl\\\/shop\\\/\"},{\"@type\":\"ListItem\",\"position\":3,\"name\":\"Unikatne lesene stopnice\"}]},{\"@type\":\"WebSite\",\"@id\":\"https:\\\/\\\/luxles.si\\\/sl\\\/#website\",\"url\":\"https:\\\/\\\/luxles.si\\\/sl\\\/\",\"name\":\"LUX LES Dom Dekor\",\"description\":\"\",\"publisher\":{\"@id\":\"https:\\\/\\\/luxles.si\\\/sl\\\/#organization\"},\"potentialAction\":[{\"@type\":\"SearchAction\",\"target\":{\"@type\":\"EntryPoint\",\"urlTemplate\":\"https:\\\/\\\/luxles.si\\\/sl\\\/?s={search_term_string}\"},\"query-input\":{\"@type\":\"PropertyValueSpecification\",\"valueRequired\":true,\"valueName\":\"search_term_string\"}}],\"inLanguage\":\"sl-SI\"},{\"@type\":\"Organization\",\"@id\":\"https:\\\/\\\/luxles.si\\\/sl\\\/#organization\",\"name\":\"LUX LES Dom Dekor\",\"url\":\"https:\\\/\\\/luxles.si\\\/sl\\\/\",\"logo\":{\"@type\":\"ImageObject\",\"inLanguage\":\"sl-SI\",\"@id\":\"https:\\\/\\\/luxles.si\\\/sl\\\/#\\\/schema\\\/logo\\\/image\\\/\",\"url\":\"https:\\\/\\\/luxles.si\\\/wp-content\\\/uploads\\\/2020\\\/07\\\/logo.png\",\"contentUrl\":\"https:\\\/\\\/luxles.si\\\/wp-content\\\/uploads\\\/2020\\\/07\\\/logo.png\",\"width\":245,\"height\":70,\"caption\":\"LUX LES Dom Dekor\"},\"image\":{\"@id\":\"https:\\\/\\\/luxles.si\\\/sl\\\/#\\\/schema\\\/logo\\\/image\\\/\"},\"sameAs\":[\"https:\\\/\\\/www.facebook.com\\\/luxlesdomdekor\\\/\",\"https:\\\/\\\/www.instagram.com\\\/luxlesdomdekor\"]}]}<\/script>\n<!-- \/ Yoast SEO plugin. -->","yoast_head_json":{"title":"Unikatne lesene stopnice - LUX LES Dom Dekor","description":"Unikatne lesene stopnice so ve\u010d kot le sredstvo za prehod med nadstropji \u2013 so izraz stila in obrtni\u0161kega mojstrstva.","robots":{"index":"index","follow":"follow","max-snippet":"max-snippet:-1","max-image-preview":"max-image-preview:large","max-video-preview":"max-video-preview:-1"},"canonical":"https:\/\/luxles.si\/sl\/izdelek\/unikatne-lesene-stopnice\/","og_locale":"sl_SI","og_type":"article","og_title":"Unikatne lesene stopnice - LUX LES Dom Dekor","og_description":"Unikatne lesene stopnice so ve\u010d kot le sredstvo za prehod med nadstropji \u2013 so izraz stila in obrtni\u0161kega mojstrstva.","og_url":"https:\/\/luxles.si\/sl\/izdelek\/unikatne-lesene-stopnice\/","og_site_name":"LUX LES Dom Dekor","article_publisher":"https:\/\/www.facebook.com\/luxlesdomdekor\/","article_modified_time":"2025-05-26T07:23:38+00:00","og_image":[{"width":2560,"height":1130,"url":"https:\/\/luxles.si\/wp-content\/uploads\/2024\/09\/woodstaris2-min-scaled.jpg","type":"image\/jpeg"}],"twitter_card":"summary_large_image","twitter_misc":{"Est. reading time":"2 minuti"},"schema":{"@context":"https:\/\/schema.org","@graph":[{"@type":"WebPage","@id":"https:\/\/luxles.si\/sl\/izdelek\/unikatne-lesene-stopnice\/","url":"https:\/\/luxles.si\/sl\/izdelek\/unikatne-lesene-stopnice\/","name":"Unikatne lesene stopnice - LUX LES Dom Dekor","isPartOf":{"@id":"https:\/\/luxles.si\/sl\/#website"},"primaryImageOfPage":{"@id":"https:\/\/luxles.si\/sl\/izdelek\/unikatne-lesene-stopnice\/#primaryimage"},"image":{"@id":"https:\/\/luxles.si\/sl\/izdelek\/unikatne-lesene-stopnice\/#primaryimage"},"thumbnailUrl":"https:\/\/luxles.si\/wp-content\/uploads\/2024\/09\/woodstaris2-min-scaled.jpg","datePublished":"2024-09-16T10:24:09+00:00","dateModified":"2025-05-26T07:23:38+00:00","description":"Unikatne lesene stopnice so ve\u010d kot le sredstvo za prehod med nadstropji \u2013 so izraz stila in obrtni\u0161kega mojstrstva.","breadcrumb":{"@id":"https:\/\/luxles.si\/sl\/izdelek\/unikatne-lesene-stopnice\/#breadcrumb"},"inLanguage":"sl-SI","potentialAction":[{"@type":"ReadAction","target":["https:\/\/luxles.si\/sl\/izdelek\/unikatne-lesene-stopnice\/"]}]},{"@type":"ImageObject","inLanguage":"sl-SI","@id":"https:\/\/luxles.si\/sl\/izdelek\/unikatne-lesene-stopnice\/#primaryimage","url":"https:\/\/luxles.si\/wp-content\/uploads\/2024\/09\/woodstaris2-min-scaled.jpg","contentUrl":"https:\/\/luxles.si\/wp-content\/uploads\/2024\/09\/woodstaris2-min-scaled.jpg","width":2560,"height":1130,"caption":"Unikatne lesene stopnice"},{"@type":"BreadcrumbList","@id":"https:\/\/luxles.si\/sl\/izdelek\/unikatne-lesene-stopnice\/#breadcrumb","itemListElement":[{"@type":"ListItem","position":1,"name":"Domov","item":"https:\/\/luxles.si\/sl\/"},{"@type":"ListItem","position":2,"name":"Trgovina","item":"https:\/\/luxles.si\/sl\/shop\/"},{"@type":"ListItem","position":3,"name":"Unikatne lesene stopnice"}]},{"@type":"WebSite","@id":"https:\/\/luxles.si\/sl\/#website","url":"https:\/\/luxles.si\/sl\/","name":"LUX LES Dom Dekor","description":"","publisher":{"@id":"https:\/\/luxles.si\/sl\/#organization"},"potentialAction":[{"@type":"SearchAction","target":{"@type":"EntryPoint","urlTemplate":"https:\/\/luxles.si\/sl\/?s={search_term_string}"},"query-input":{"@type":"PropertyValueSpecification","valueRequired":true,"valueName":"search_term_string"}}],"inLanguage":"sl-SI"},{"@type":"Organization","@id":"https:\/\/luxles.si\/sl\/#organization","name":"LUX LES Dom Dekor","url":"https:\/\/luxles.si\/sl\/","logo":{"@type":"ImageObject","inLanguage":"sl-SI","@id":"https:\/\/luxles.si\/sl\/#\/schema\/logo\/image\/","url":"https:\/\/luxles.si\/wp-content\/uploads\/2020\/07\/logo.png","contentUrl":"https:\/\/luxles.si\/wp-content\/uploads\/2020\/07\/logo.png","width":245,"height":70,"caption":"LUX LES Dom Dekor"},"image":{"@id":"https:\/\/luxles.si\/sl\/#\/schema\/logo\/image\/"},"sameAs":["https:\/\/www.facebook.com\/luxlesdomdekor\/","https:\/\/www.instagram.com\/luxlesdomdekor"]}]}},"_links":{"self":[{"href":"https:\/\/luxles.si\/sl\/wp-json\/wp\/v2\/product\/9032","targetHints":{"allow":["GET"]}}],"collection":[{"href":"https:\/\/luxles.si\/sl\/wp-json\/wp\/v2\/product"}],"about":[{"href":"https:\/\/luxles.si\/sl\/wp-json\/wp\/v2\/types\/product"}],"replies":[{"embeddable":true,"href":"https:\/\/luxles.si\/sl\/wp-json\/wp\/v2\/comments?post=9032"}],"wp:featuredmedia":[{"embeddable":true,"href":"https:\/\/luxles.si\/sl\/wp-json\/wp\/v2\/media\/9019"}],"wp:attachment":[{"href":"https:\/\/luxles.si\/sl\/wp-json\/wp\/v2\/media?parent=9032"}],"wp:term":[{"taxonomy":"product_brand","embeddable":true,"href":"https:\/\/luxles.si\/sl\/wp-json\/wp\/v2\/product_brand?post=9032"},{"taxonomy":"product_cat","embeddable":true,"href":"https:\/\/luxles.si\/sl\/wp-json\/wp\/v2\/product_cat?post=9032"},{"taxonomy":"product_tag","embeddable":true,"href":"https:\/\/luxles.si\/sl\/wp-json\/wp\/v2\/product_tag?post=9032"},{"taxonomy":"giftcard-category","embeddable":true,"href":"https:\/\/luxles.si\/sl\/wp-json\/wp\/v2\/giftcard-category?post=9032"}],"curies":[{"name":"wp","href":"https:\/\/api.w.org\/{rel}","templated":true}]}}