{"id":8968,"date":"2024-09-11T11:44:11","date_gmt":"2024-09-11T09:44:11","guid":{"rendered":"https:\/\/luxles.si\/?post_type=product&#038;p=8968"},"modified":"2025-05-26T09:03:20","modified_gmt":"2025-05-26T07:03:20","slug":"masivna-lesena-miza-po-meri","status":"publish","type":"product","link":"https:\/\/luxles.si\/sl\/izdelek\/masivna-lesena-miza-po-meri\/","title":{"rendered":"Masivna lesena miza po meri"},"content":{"rendered":"","protected":false},"excerpt":{"rendered":"<p><span style=\"text-align: justify; display: block;\"><strong>Visokokakovostna in po meri izdelana miza iz masivnega lesa je poseben poudarek v celotnem domu.<\/strong><\/span><br \/>\n<span style=\"text-align: justify; display: block;\">Da boste v svojem domu ob\u010dutili lepoto narave lesa. Namizna plo\u0161\u010da iz posebej izbranega, strukturiranega masivnega lesa z izboklino.  Ima razli\u010dne odtenke, temne vozle in svetle \u010drte, ki potekajo vzdol\u017e in po\u010dez mizne plo\u0161\u010de. Vsak izdelek je narejen po naro\u010dilu, zato ima glede na serijo lesa tudi svoje edinstvene lastnosti, barvo in teksturo lesa. Je popolnoma ro\u010dno izdelan in okolju prijazen za ustvarjanje va\u0161ega edinstvenega prostora, ki ni podoben nobenemu drugemu.<\/span><br \/>\n<span style=\"text-align: justify; display: block;\">Za vsako mizo velja impresivna 10-letna garancija (glejte zavihek \u00bbGARANCIJA\u00ab), \u010de je pravilno negovana (glejte zavihek \u00bbNEGA in \u010cI\u0160\u010cENJE\u00ab).<\/span><\/p>\n<ul>\n<li>Za \u010di\u0161\u010denje ne uporabljajte abrazivnih sredstev.<\/li>\n<li>Vsa razlitja in pu\u0161\u010danja takoj obri\u0161ite s krpo ali brisa\u010dami.<\/li>\n<li>Za vsakodnevno \u010di\u0161\u010denje uporabljajte milnico in neabrazivna \u010distila.<\/li>\n<\/ul>\n<p><span style=\"text-align: justify; display: block;\">Vse slike tega izdelka na tej strani so vzete iz posebnega naro\u010dila na\u0161e stranke. Ve\u010d fotografij strank najdete na zavihku \u00bbMnenja\u00ab. Va\u0161a miza iz masivnega lesa se lahko razlikuje od slik na tej strani.  <\/span><br \/>\n<span style=\"text-align: justify; display: block;\">Da bi izpolnili va\u0161a pri\u010dakovanja, ne ponujamo le mo\u017enosti spreminjanja velikosti izdelkov, temve\u010d tudi na\u010drtovanje in izvedbo popolnoma novih, individualnih projektov. Mo\u017eno je po predhodnem kontaktu z nami in dogovoru o podrobnostih. Obrnite se na nas prek zavihka \u00bbVpra\u0161anje\u00ab (QA) na tej strani. Na va\u0161o zahtevo vam bomo posredovali vse informacije, ki vas zanimajo. Lahko pa <a href=\"tel:+38669407615\">pokli\u010dete<\/a> enega izmed na\u0161ih strokovnjakov in mu zastavite va\u0161a vpra\u0161anja.<\/span><\/p>\n","protected":false},"featured_media":9002,"comment_status":"open","ping_status":"closed","template":"","meta":[],"product_brand":[],"product_cat":[361],"product_tag":[204,203,206,229,199,195,358],"giftcard-category":[],"class_list":{"0":"post-8968","1":"product","2":"type-product","3":"status-publish","4":"has-post-thumbnail","6":"product_cat-lesene-mize","7":"product_tag-hisa","8":"product_tag-dompohistvo","9":"product_tag-hrast","10":"product_tag-mizo","11":"product_tag-pohistvo","12":"product_tag-prilagojeno","13":"product_tag-recikliranaumetnost","14":"product_shipping_class-v-3-4-tednih","15":"pa_quantity_measure-kos-sl","16":"pa_unit_price-kos-sl","17":"pa_warranty-candconly-sl-2","18":"pa_wood_species-hrast","20":"first","21":"instock","22":"taxable","23":"shipping-taxable","24":"purchasable","25":"product-type-simple"},"yoast_head":"<!-- This site is optimized with the Yoast SEO plugin v27.0 - https:\/\/yoast.com\/product\/yoast-seo-wordpress\/ -->\n<title>LUX LES Dom Dekor - Masivna lesena miza po meri<\/title>\n<meta name=\"description\" content=\"Visokokakovostna in po meri izdelana miza iz masivnega lesa je poseben poudarek v celotnem domu. Je popolnoma ro\u010dno izdelan in okolju prijazen.\" \/>\n<meta name=\"robots\" content=\"index, follow, max-snippet:-1, max-image-preview:large, max-video-preview:-1\" \/>\n<link rel=\"canonical\" href=\"https:\/\/luxles.si\/sl\/izdelek\/masivna-lesena-miza-po-meri\/\" \/>\n<meta property=\"og:locale\" content=\"sl_SI\" \/>\n<meta property=\"og:type\" content=\"article\" \/>\n<meta property=\"og:title\" content=\"LUX LES Dom Dekor - Masivna lesena miza po meri\" \/>\n<meta property=\"og:description\" content=\"Visokokakovostna in po meri izdelana miza iz masivnega lesa je poseben poudarek v celotnem domu. Je popolnoma ro\u010dno izdelan in okolju prijazen.\" \/>\n<meta property=\"og:url\" content=\"https:\/\/luxles.si\/sl\/izdelek\/masivna-lesena-miza-po-meri\/\" \/>\n<meta property=\"og:site_name\" content=\"LUX LES Dom Dekor\" \/>\n<meta property=\"article:publisher\" content=\"https:\/\/www.facebook.com\/luxlesdomdekor\/\" \/>\n<meta property=\"article:modified_time\" content=\"2025-05-26T07:03:20+00:00\" \/>\n<meta property=\"og:image\" content=\"https:\/\/luxles.si\/wp-content\/uploads\/2024\/09\/IMG_20240903_171215-min-scaled.jpg\" \/>\n\t<meta property=\"og:image:width\" content=\"2560\" \/>\n\t<meta property=\"og:image:height\" content=\"1920\" \/>\n\t<meta property=\"og:image:type\" content=\"image\/jpeg\" \/>\n<meta name=\"twitter:card\" content=\"summary_large_image\" \/>\n<script type=\"application\/ld+json\" class=\"yoast-schema-graph\">{\"@context\":\"https:\/\/schema.org\",\"@graph\":[{\"@type\":\"WebPage\",\"@id\":\"https:\/\/luxles.si\/sl\/izdelek\/masivna-lesena-miza-po-meri\/\",\"url\":\"https:\/\/luxles.si\/sl\/izdelek\/masivna-lesena-miza-po-meri\/\",\"name\":\"LUX LES Dom Dekor - Masivna lesena miza po meri\",\"isPartOf\":{\"@id\":\"https:\/\/luxles.si\/sl\/#website\"},\"primaryImageOfPage\":{\"@id\":\"https:\/\/luxles.si\/sl\/izdelek\/masivna-lesena-miza-po-meri\/#primaryimage\"},\"image\":{\"@id\":\"https:\/\/luxles.si\/sl\/izdelek\/masivna-lesena-miza-po-meri\/#primaryimage\"},\"thumbnailUrl\":\"https:\/\/luxles.si\/wp-content\/uploads\/2024\/09\/IMG_20240903_171215-min-scaled.jpg\",\"datePublished\":\"2024-09-11T09:44:11+00:00\",\"dateModified\":\"2025-05-26T07:03:20+00:00\",\"description\":\"Visokokakovostna in po meri izdelana miza iz masivnega lesa je poseben poudarek v celotnem domu. Je popolnoma ro\u010dno izdelan in okolju prijazen.\",\"breadcrumb\":{\"@id\":\"https:\/\/luxles.si\/sl\/izdelek\/masivna-lesena-miza-po-meri\/#breadcrumb\"},\"inLanguage\":\"sl-SI\",\"potentialAction\":[{\"@type\":\"ReadAction\",\"target\":[\"https:\/\/luxles.si\/sl\/izdelek\/masivna-lesena-miza-po-meri\/\"]}]},{\"@type\":\"ImageObject\",\"inLanguage\":\"sl-SI\",\"@id\":\"https:\/\/luxles.si\/sl\/izdelek\/masivna-lesena-miza-po-meri\/#primaryimage\",\"url\":\"https:\/\/luxles.si\/wp-content\/uploads\/2024\/09\/IMG_20240903_171215-min-scaled.jpg\",\"contentUrl\":\"https:\/\/luxles.si\/wp-content\/uploads\/2024\/09\/IMG_20240903_171215-min-scaled.jpg\",\"width\":2560,\"height\":1920,\"caption\":\"Lesena masivna miza po meri\"},{\"@type\":\"BreadcrumbList\",\"@id\":\"https:\/\/luxles.si\/sl\/izdelek\/masivna-lesena-miza-po-meri\/#breadcrumb\",\"itemListElement\":[{\"@type\":\"ListItem\",\"position\":1,\"name\":\"Domov\",\"item\":\"https:\/\/luxles.si\/sl\/\"},{\"@type\":\"ListItem\",\"position\":2,\"name\":\"Trgovina\",\"item\":\"https:\/\/luxles.si\/sl\/shop\/\"},{\"@type\":\"ListItem\",\"position\":3,\"name\":\"Masivna lesena miza po meri\"}]},{\"@type\":\"WebSite\",\"@id\":\"https:\/\/luxles.si\/sl\/#website\",\"url\":\"https:\/\/luxles.si\/sl\/\",\"name\":\"LUX LES Dom Dekor\",\"description\":\"\",\"publisher\":{\"@id\":\"https:\/\/luxles.si\/sl\/#organization\"},\"potentialAction\":[{\"@type\":\"SearchAction\",\"target\":{\"@type\":\"EntryPoint\",\"urlTemplate\":\"https:\/\/luxles.si\/sl\/?s={search_term_string}\"},\"query-input\":{\"@type\":\"PropertyValueSpecification\",\"valueRequired\":true,\"valueName\":\"search_term_string\"}}],\"inLanguage\":\"sl-SI\"},{\"@type\":\"Organization\",\"@id\":\"https:\/\/luxles.si\/sl\/#organization\",\"name\":\"LUX LES Dom Dekor\",\"url\":\"https:\/\/luxles.si\/sl\/\",\"logo\":{\"@type\":\"ImageObject\",\"inLanguage\":\"sl-SI\",\"@id\":\"https:\/\/luxles.si\/sl\/#\/schema\/logo\/image\/\",\"url\":\"https:\/\/luxles.si\/wp-content\/uploads\/2020\/07\/logo.png\",\"contentUrl\":\"https:\/\/luxles.si\/wp-content\/uploads\/2020\/07\/logo.png\",\"width\":245,\"height\":70,\"caption\":\"LUX LES Dom Dekor\"},\"image\":{\"@id\":\"https:\/\/luxles.si\/sl\/#\/schema\/logo\/image\/\"},\"sameAs\":[\"https:\/\/www.facebook.com\/luxlesdomdekor\/\",\"https:\/\/www.instagram.com\/luxlesdomdekor\"]}]}<\/script>\n<!-- \/ Yoast SEO plugin. -->","yoast_head_json":{"title":"LUX LES Dom Dekor - Masivna lesena miza po meri","description":"Visokokakovostna in po meri izdelana miza iz masivnega lesa je poseben poudarek v celotnem domu. Je popolnoma ro\u010dno izdelan in okolju prijazen.","robots":{"index":"index","follow":"follow","max-snippet":"max-snippet:-1","max-image-preview":"max-image-preview:large","max-video-preview":"max-video-preview:-1"},"canonical":"https:\/\/luxles.si\/sl\/izdelek\/masivna-lesena-miza-po-meri\/","og_locale":"sl_SI","og_type":"article","og_title":"LUX LES Dom Dekor - Masivna lesena miza po meri","og_description":"Visokokakovostna in po meri izdelana miza iz masivnega lesa je poseben poudarek v celotnem domu. Je popolnoma ro\u010dno izdelan in okolju prijazen.","og_url":"https:\/\/luxles.si\/sl\/izdelek\/masivna-lesena-miza-po-meri\/","og_site_name":"LUX LES Dom Dekor","article_publisher":"https:\/\/www.facebook.com\/luxlesdomdekor\/","article_modified_time":"2025-05-26T07:03:20+00:00","og_image":[{"width":2560,"height":1920,"url":"https:\/\/luxles.si\/wp-content\/uploads\/2024\/09\/IMG_20240903_171215-min-scaled.jpg","type":"image\/jpeg"}],"twitter_card":"summary_large_image","schema":{"@context":"https:\/\/schema.org","@graph":[{"@type":"WebPage","@id":"https:\/\/luxles.si\/sl\/izdelek\/masivna-lesena-miza-po-meri\/","url":"https:\/\/luxles.si\/sl\/izdelek\/masivna-lesena-miza-po-meri\/","name":"LUX LES Dom Dekor - Masivna lesena miza po meri","isPartOf":{"@id":"https:\/\/luxles.si\/sl\/#website"},"primaryImageOfPage":{"@id":"https:\/\/luxles.si\/sl\/izdelek\/masivna-lesena-miza-po-meri\/#primaryimage"},"image":{"@id":"https:\/\/luxles.si\/sl\/izdelek\/masivna-lesena-miza-po-meri\/#primaryimage"},"thumbnailUrl":"https:\/\/luxles.si\/wp-content\/uploads\/2024\/09\/IMG_20240903_171215-min-scaled.jpg","datePublished":"2024-09-11T09:44:11+00:00","dateModified":"2025-05-26T07:03:20+00:00","description":"Visokokakovostna in po meri izdelana miza iz masivnega lesa je poseben poudarek v celotnem domu. Je popolnoma ro\u010dno izdelan in okolju prijazen.","breadcrumb":{"@id":"https:\/\/luxles.si\/sl\/izdelek\/masivna-lesena-miza-po-meri\/#breadcrumb"},"inLanguage":"sl-SI","potentialAction":[{"@type":"ReadAction","target":["https:\/\/luxles.si\/sl\/izdelek\/masivna-lesena-miza-po-meri\/"]}]},{"@type":"ImageObject","inLanguage":"sl-SI","@id":"https:\/\/luxles.si\/sl\/izdelek\/masivna-lesena-miza-po-meri\/#primaryimage","url":"https:\/\/luxles.si\/wp-content\/uploads\/2024\/09\/IMG_20240903_171215-min-scaled.jpg","contentUrl":"https:\/\/luxles.si\/wp-content\/uploads\/2024\/09\/IMG_20240903_171215-min-scaled.jpg","width":2560,"height":1920,"caption":"Lesena masivna miza po meri"},{"@type":"BreadcrumbList","@id":"https:\/\/luxles.si\/sl\/izdelek\/masivna-lesena-miza-po-meri\/#breadcrumb","itemListElement":[{"@type":"ListItem","position":1,"name":"Domov","item":"https:\/\/luxles.si\/sl\/"},{"@type":"ListItem","position":2,"name":"Trgovina","item":"https:\/\/luxles.si\/sl\/shop\/"},{"@type":"ListItem","position":3,"name":"Masivna lesena miza po meri"}]},{"@type":"WebSite","@id":"https:\/\/luxles.si\/sl\/#website","url":"https:\/\/luxles.si\/sl\/","name":"LUX LES Dom Dekor","description":"","publisher":{"@id":"https:\/\/luxles.si\/sl\/#organization"},"potentialAction":[{"@type":"SearchAction","target":{"@type":"EntryPoint","urlTemplate":"https:\/\/luxles.si\/sl\/?s={search_term_string}"},"query-input":{"@type":"PropertyValueSpecification","valueRequired":true,"valueName":"search_term_string"}}],"inLanguage":"sl-SI"},{"@type":"Organization","@id":"https:\/\/luxles.si\/sl\/#organization","name":"LUX LES Dom Dekor","url":"https:\/\/luxles.si\/sl\/","logo":{"@type":"ImageObject","inLanguage":"sl-SI","@id":"https:\/\/luxles.si\/sl\/#\/schema\/logo\/image\/","url":"https:\/\/luxles.si\/wp-content\/uploads\/2020\/07\/logo.png","contentUrl":"https:\/\/luxles.si\/wp-content\/uploads\/2020\/07\/logo.png","width":245,"height":70,"caption":"LUX LES Dom Dekor"},"image":{"@id":"https:\/\/luxles.si\/sl\/#\/schema\/logo\/image\/"},"sameAs":["https:\/\/www.facebook.com\/luxlesdomdekor\/","https:\/\/www.instagram.com\/luxlesdomdekor"]}]}},"_links":{"self":[{"href":"https:\/\/luxles.si\/sl\/wp-json\/wp\/v2\/product\/8968","targetHints":{"allow":["GET"]}}],"collection":[{"href":"https:\/\/luxles.si\/sl\/wp-json\/wp\/v2\/product"}],"about":[{"href":"https:\/\/luxles.si\/sl\/wp-json\/wp\/v2\/types\/product"}],"replies":[{"embeddable":true,"href":"https:\/\/luxles.si\/sl\/wp-json\/wp\/v2\/comments?post=8968"}],"wp:featuredmedia":[{"embeddable":true,"href":"https:\/\/luxles.si\/sl\/wp-json\/wp\/v2\/media\/9002"}],"wp:attachment":[{"href":"https:\/\/luxles.si\/sl\/wp-json\/wp\/v2\/media?parent=8968"}],"wp:term":[{"taxonomy":"product_brand","embeddable":true,"href":"https:\/\/luxles.si\/sl\/wp-json\/wp\/v2\/product_brand?post=8968"},{"taxonomy":"product_cat","embeddable":true,"href":"https:\/\/luxles.si\/sl\/wp-json\/wp\/v2\/product_cat?post=8968"},{"taxonomy":"product_tag","embeddable":true,"href":"https:\/\/luxles.si\/sl\/wp-json\/wp\/v2\/product_tag?post=8968"},{"taxonomy":"giftcard-category","embeddable":true,"href":"https:\/\/luxles.si\/sl\/wp-json\/wp\/v2\/giftcard-category?post=8968"}],"curies":[{"name":"wp","href":"https:\/\/api.w.org\/{rel}","templated":true}]}}