{"id":8956,"date":"2024-09-10T15:28:38","date_gmt":"2024-09-10T13:28:38","guid":{"rendered":"https:\/\/luxles.si\/?post_type=product&#038;p=8956"},"modified":"2024-09-11T12:47:27","modified_gmt":"2024-09-11T10:47:27","slug":"naplavljeni-les","status":"publish","type":"product","link":"https:\/\/luxles.si\/sl\/izdelek\/naplavljeni-les\/","title":{"rendered":"Naplavljeni les"},"content":{"rendered":"","protected":false},"excerpt":{"rendered":"<p><span style=\"text-align: justify; display: block;\">Izbolj\u0161ajte svoje DIY projekte z edinstvenimi vejami iz naplavljenega lesa! Popolne so za dodajanje rustikalnega, naravnega pridiha va\u0161im naslednjim ustvarjalnim idejam. Ne glede na to, ali izdelujete dekor, pohi\u0161tvo ali nekaj povsem unikatnega, ti \u010dudovito oblikovani kosi prina\u0161ajo pridih narave v va\u0161 dom.  <\/span><br \/>\n<span style=\"text-align: justify; display: block;\">Ro\u010dno izbrane z obal, vsaka veja nosi svojo zgodbo, z zna\u010dilnimi oblikami in teksturami, ki naredijo vsak projekt resni\u010dno poseben. Navdihnite se in pustite domi\u0161ljiji prosto pot\u2014ni meja, kaj lahko ustvarite! <\/span><br \/>\n<span style=\"text-align: justify; display: block;\">Na va\u0161o zahtevo vam bomo posredovali vse informacije, ki vas zanimajo.<\/span><\/p>\n","protected":false},"featured_media":8958,"comment_status":"open","ping_status":"closed","template":"","meta":[],"product_brand":[],"product_cat":[238],"product_tag":[333,355,354,204,344,235,358,357,356],"giftcard-category":[],"class_list":{"0":"post-8956","1":"product","2":"type-product","3":"status-publish","4":"has-post-thumbnail","6":"product_cat-dom-in-dekor","7":"product_tag-dekor","8":"product_tag-dekoriznaplavljenegalesa","9":"product_tag-diyinspiracija","10":"product_tag-hisa","11":"product_tag-homedekor","12":"product_tag-lesa","13":"product_tag-recikliranaumetnost","14":"product_tag-upcycledart-sl","15":"product_tag-ustvarjanjeznaravo","16":"product_shipping_class-v-7-21-dneh","17":"pa_wood_species-akacija","18":"pa_wood_species-bor","19":"pa_wood_species-hrast","20":"pa_wood_species-kostanj","21":"pa_wood_species-oreh","22":"pa_wood_species-smreka","24":"first","25":"instock","26":"taxable","27":"shipping-taxable","28":"purchasable","29":"product-type-simple"},"yoast_head":"<!-- This site is optimized with the Yoast SEO plugin v27.4 - https:\/\/yoast.com\/product\/yoast-seo-wordpress\/ -->\n<title>Naplavljeni les - LUX LES Dom Dekor<\/title>\n<meta name=\"description\" content=\"Ne glede na to, ali izdelujete dekor, pohi\u0161tvo ali nekaj povsem unikatnega, ti \u010dudovito oblikovani kosi prina\u0161ajo pridih narave v va\u0161 dom.\" \/>\n<meta name=\"robots\" content=\"index, follow, max-snippet:-1, max-image-preview:large, max-video-preview:-1\" \/>\n<link rel=\"canonical\" href=\"https:\/\/luxles.si\/sl\/izdelek\/naplavljeni-les\/\" \/>\n<meta property=\"og:locale\" content=\"sl_SI\" \/>\n<meta property=\"og:type\" content=\"article\" \/>\n<meta property=\"og:title\" content=\"Naplavljeni les - LUX LES Dom Dekor\" \/>\n<meta property=\"og:description\" content=\"Ne glede na to, ali izdelujete dekor, pohi\u0161tvo ali nekaj povsem unikatnega, ti \u010dudovito oblikovani kosi prina\u0161ajo pridih narave v va\u0161 dom.\" \/>\n<meta property=\"og:url\" content=\"https:\/\/luxles.si\/sl\/izdelek\/naplavljeni-les\/\" \/>\n<meta property=\"og:site_name\" content=\"LUX LES Dom Dekor\" \/>\n<meta property=\"article:publisher\" content=\"https:\/\/www.facebook.com\/luxlesdomdekor\/\" \/>\n<meta property=\"article:modified_time\" content=\"2024-09-11T10:47:27+00:00\" \/>\n<meta property=\"og:image\" content=\"https:\/\/luxles.si\/wp-content\/uploads\/2024\/09\/455227574_1226222128376777_5963023084621329409_n-min.jpg\" \/>\n\t<meta property=\"og:image:width\" content=\"2048\" \/>\n\t<meta property=\"og:image:height\" content=\"1167\" \/>\n\t<meta property=\"og:image:type\" content=\"image\/jpeg\" \/>\n<meta name=\"twitter:card\" content=\"summary_large_image\" \/>\n<script type=\"application\/ld+json\" class=\"yoast-schema-graph\">{\"@context\":\"https:\\\/\\\/schema.org\",\"@graph\":[{\"@type\":\"WebPage\",\"@id\":\"https:\\\/\\\/luxles.si\\\/sl\\\/izdelek\\\/naplavljeni-les\\\/\",\"url\":\"https:\\\/\\\/luxles.si\\\/sl\\\/izdelek\\\/naplavljeni-les\\\/\",\"name\":\"Naplavljeni les - LUX LES Dom Dekor\",\"isPartOf\":{\"@id\":\"https:\\\/\\\/luxles.si\\\/sl\\\/#website\"},\"primaryImageOfPage\":{\"@id\":\"https:\\\/\\\/luxles.si\\\/sl\\\/izdelek\\\/naplavljeni-les\\\/#primaryimage\"},\"image\":{\"@id\":\"https:\\\/\\\/luxles.si\\\/sl\\\/izdelek\\\/naplavljeni-les\\\/#primaryimage\"},\"thumbnailUrl\":\"https:\\\/\\\/luxles.si\\\/wp-content\\\/uploads\\\/2024\\\/09\\\/455227574_1226222128376777_5963023084621329409_n-min.jpg\",\"datePublished\":\"2024-09-10T13:28:38+00:00\",\"dateModified\":\"2024-09-11T10:47:27+00:00\",\"description\":\"Ne glede na to, ali izdelujete dekor, pohi\u0161tvo ali nekaj povsem unikatnega, ti \u010dudovito oblikovani kosi prina\u0161ajo pridih narave v va\u0161 dom.\",\"breadcrumb\":{\"@id\":\"https:\\\/\\\/luxles.si\\\/sl\\\/izdelek\\\/naplavljeni-les\\\/#breadcrumb\"},\"inLanguage\":\"sl-SI\",\"potentialAction\":[{\"@type\":\"ReadAction\",\"target\":[\"https:\\\/\\\/luxles.si\\\/sl\\\/izdelek\\\/naplavljeni-les\\\/\"]}]},{\"@type\":\"ImageObject\",\"inLanguage\":\"sl-SI\",\"@id\":\"https:\\\/\\\/luxles.si\\\/sl\\\/izdelek\\\/naplavljeni-les\\\/#primaryimage\",\"url\":\"https:\\\/\\\/luxles.si\\\/wp-content\\\/uploads\\\/2024\\\/09\\\/455227574_1226222128376777_5963023084621329409_n-min.jpg\",\"contentUrl\":\"https:\\\/\\\/luxles.si\\\/wp-content\\\/uploads\\\/2024\\\/09\\\/455227574_1226222128376777_5963023084621329409_n-min.jpg\",\"width\":2048,\"height\":1167,\"caption\":\"naplavljeni les\"},{\"@type\":\"BreadcrumbList\",\"@id\":\"https:\\\/\\\/luxles.si\\\/sl\\\/izdelek\\\/naplavljeni-les\\\/#breadcrumb\",\"itemListElement\":[{\"@type\":\"ListItem\",\"position\":1,\"name\":\"Domov\",\"item\":\"https:\\\/\\\/luxles.si\\\/sl\\\/\"},{\"@type\":\"ListItem\",\"position\":2,\"name\":\"Trgovina\",\"item\":\"https:\\\/\\\/luxles.si\\\/sl\\\/shop\\\/\"},{\"@type\":\"ListItem\",\"position\":3,\"name\":\"Naplavljeni les\"}]},{\"@type\":\"WebSite\",\"@id\":\"https:\\\/\\\/luxles.si\\\/sl\\\/#website\",\"url\":\"https:\\\/\\\/luxles.si\\\/sl\\\/\",\"name\":\"LUX LES Dom Dekor\",\"description\":\"\",\"publisher\":{\"@id\":\"https:\\\/\\\/luxles.si\\\/sl\\\/#organization\"},\"potentialAction\":[{\"@type\":\"SearchAction\",\"target\":{\"@type\":\"EntryPoint\",\"urlTemplate\":\"https:\\\/\\\/luxles.si\\\/sl\\\/?s={search_term_string}\"},\"query-input\":{\"@type\":\"PropertyValueSpecification\",\"valueRequired\":true,\"valueName\":\"search_term_string\"}}],\"inLanguage\":\"sl-SI\"},{\"@type\":\"Organization\",\"@id\":\"https:\\\/\\\/luxles.si\\\/sl\\\/#organization\",\"name\":\"LUX LES Dom Dekor\",\"url\":\"https:\\\/\\\/luxles.si\\\/sl\\\/\",\"logo\":{\"@type\":\"ImageObject\",\"inLanguage\":\"sl-SI\",\"@id\":\"https:\\\/\\\/luxles.si\\\/sl\\\/#\\\/schema\\\/logo\\\/image\\\/\",\"url\":\"https:\\\/\\\/luxles.si\\\/wp-content\\\/uploads\\\/2020\\\/07\\\/logo.png\",\"contentUrl\":\"https:\\\/\\\/luxles.si\\\/wp-content\\\/uploads\\\/2020\\\/07\\\/logo.png\",\"width\":245,\"height\":70,\"caption\":\"LUX LES Dom Dekor\"},\"image\":{\"@id\":\"https:\\\/\\\/luxles.si\\\/sl\\\/#\\\/schema\\\/logo\\\/image\\\/\"},\"sameAs\":[\"https:\\\/\\\/www.facebook.com\\\/luxlesdomdekor\\\/\",\"https:\\\/\\\/www.instagram.com\\\/luxlesdomdekor\"]}]}<\/script>\n<!-- \/ Yoast SEO plugin. -->","yoast_head_json":{"title":"Naplavljeni les - LUX LES Dom Dekor","description":"Ne glede na to, ali izdelujete dekor, pohi\u0161tvo ali nekaj povsem unikatnega, ti \u010dudovito oblikovani kosi prina\u0161ajo pridih narave v va\u0161 dom.","robots":{"index":"index","follow":"follow","max-snippet":"max-snippet:-1","max-image-preview":"max-image-preview:large","max-video-preview":"max-video-preview:-1"},"canonical":"https:\/\/luxles.si\/sl\/izdelek\/naplavljeni-les\/","og_locale":"sl_SI","og_type":"article","og_title":"Naplavljeni les - LUX LES Dom Dekor","og_description":"Ne glede na to, ali izdelujete dekor, pohi\u0161tvo ali nekaj povsem unikatnega, ti \u010dudovito oblikovani kosi prina\u0161ajo pridih narave v va\u0161 dom.","og_url":"https:\/\/luxles.si\/sl\/izdelek\/naplavljeni-les\/","og_site_name":"LUX LES Dom Dekor","article_publisher":"https:\/\/www.facebook.com\/luxlesdomdekor\/","article_modified_time":"2024-09-11T10:47:27+00:00","og_image":[{"width":2048,"height":1167,"url":"https:\/\/luxles.si\/wp-content\/uploads\/2024\/09\/455227574_1226222128376777_5963023084621329409_n-min.jpg","type":"image\/jpeg"}],"twitter_card":"summary_large_image","schema":{"@context":"https:\/\/schema.org","@graph":[{"@type":"WebPage","@id":"https:\/\/luxles.si\/sl\/izdelek\/naplavljeni-les\/","url":"https:\/\/luxles.si\/sl\/izdelek\/naplavljeni-les\/","name":"Naplavljeni les - LUX LES Dom Dekor","isPartOf":{"@id":"https:\/\/luxles.si\/sl\/#website"},"primaryImageOfPage":{"@id":"https:\/\/luxles.si\/sl\/izdelek\/naplavljeni-les\/#primaryimage"},"image":{"@id":"https:\/\/luxles.si\/sl\/izdelek\/naplavljeni-les\/#primaryimage"},"thumbnailUrl":"https:\/\/luxles.si\/wp-content\/uploads\/2024\/09\/455227574_1226222128376777_5963023084621329409_n-min.jpg","datePublished":"2024-09-10T13:28:38+00:00","dateModified":"2024-09-11T10:47:27+00:00","description":"Ne glede na to, ali izdelujete dekor, pohi\u0161tvo ali nekaj povsem unikatnega, ti \u010dudovito oblikovani kosi prina\u0161ajo pridih narave v va\u0161 dom.","breadcrumb":{"@id":"https:\/\/luxles.si\/sl\/izdelek\/naplavljeni-les\/#breadcrumb"},"inLanguage":"sl-SI","potentialAction":[{"@type":"ReadAction","target":["https:\/\/luxles.si\/sl\/izdelek\/naplavljeni-les\/"]}]},{"@type":"ImageObject","inLanguage":"sl-SI","@id":"https:\/\/luxles.si\/sl\/izdelek\/naplavljeni-les\/#primaryimage","url":"https:\/\/luxles.si\/wp-content\/uploads\/2024\/09\/455227574_1226222128376777_5963023084621329409_n-min.jpg","contentUrl":"https:\/\/luxles.si\/wp-content\/uploads\/2024\/09\/455227574_1226222128376777_5963023084621329409_n-min.jpg","width":2048,"height":1167,"caption":"naplavljeni les"},{"@type":"BreadcrumbList","@id":"https:\/\/luxles.si\/sl\/izdelek\/naplavljeni-les\/#breadcrumb","itemListElement":[{"@type":"ListItem","position":1,"name":"Domov","item":"https:\/\/luxles.si\/sl\/"},{"@type":"ListItem","position":2,"name":"Trgovina","item":"https:\/\/luxles.si\/sl\/shop\/"},{"@type":"ListItem","position":3,"name":"Naplavljeni les"}]},{"@type":"WebSite","@id":"https:\/\/luxles.si\/sl\/#website","url":"https:\/\/luxles.si\/sl\/","name":"LUX LES Dom Dekor","description":"","publisher":{"@id":"https:\/\/luxles.si\/sl\/#organization"},"potentialAction":[{"@type":"SearchAction","target":{"@type":"EntryPoint","urlTemplate":"https:\/\/luxles.si\/sl\/?s={search_term_string}"},"query-input":{"@type":"PropertyValueSpecification","valueRequired":true,"valueName":"search_term_string"}}],"inLanguage":"sl-SI"},{"@type":"Organization","@id":"https:\/\/luxles.si\/sl\/#organization","name":"LUX LES Dom Dekor","url":"https:\/\/luxles.si\/sl\/","logo":{"@type":"ImageObject","inLanguage":"sl-SI","@id":"https:\/\/luxles.si\/sl\/#\/schema\/logo\/image\/","url":"https:\/\/luxles.si\/wp-content\/uploads\/2020\/07\/logo.png","contentUrl":"https:\/\/luxles.si\/wp-content\/uploads\/2020\/07\/logo.png","width":245,"height":70,"caption":"LUX LES Dom Dekor"},"image":{"@id":"https:\/\/luxles.si\/sl\/#\/schema\/logo\/image\/"},"sameAs":["https:\/\/www.facebook.com\/luxlesdomdekor\/","https:\/\/www.instagram.com\/luxlesdomdekor"]}]}},"_links":{"self":[{"href":"https:\/\/luxles.si\/sl\/wp-json\/wp\/v2\/product\/8956","targetHints":{"allow":["GET"]}}],"collection":[{"href":"https:\/\/luxles.si\/sl\/wp-json\/wp\/v2\/product"}],"about":[{"href":"https:\/\/luxles.si\/sl\/wp-json\/wp\/v2\/types\/product"}],"replies":[{"embeddable":true,"href":"https:\/\/luxles.si\/sl\/wp-json\/wp\/v2\/comments?post=8956"}],"wp:featuredmedia":[{"embeddable":true,"href":"https:\/\/luxles.si\/sl\/wp-json\/wp\/v2\/media\/8958"}],"wp:attachment":[{"href":"https:\/\/luxles.si\/sl\/wp-json\/wp\/v2\/media?parent=8956"}],"wp:term":[{"taxonomy":"product_brand","embeddable":true,"href":"https:\/\/luxles.si\/sl\/wp-json\/wp\/v2\/product_brand?post=8956"},{"taxonomy":"product_cat","embeddable":true,"href":"https:\/\/luxles.si\/sl\/wp-json\/wp\/v2\/product_cat?post=8956"},{"taxonomy":"product_tag","embeddable":true,"href":"https:\/\/luxles.si\/sl\/wp-json\/wp\/v2\/product_tag?post=8956"},{"taxonomy":"giftcard-category","embeddable":true,"href":"https:\/\/luxles.si\/sl\/wp-json\/wp\/v2\/giftcard-category?post=8956"}],"curies":[{"name":"wp","href":"https:\/\/api.w.org\/{rel}","templated":true}]}}