{"id":8941,"date":"2024-09-10T13:01:34","date_gmt":"2024-09-10T11:01:34","guid":{"rendered":"https:\/\/luxles.si\/?post_type=product&#038;p=8941"},"modified":"2024-09-10T13:36:24","modified_gmt":"2024-09-10T11:36:24","slug":"leseni-okvirji","status":"publish","type":"product","link":"https:\/\/luxles.si\/sl\/izdelek\/leseni-okvirji\/","title":{"rendered":"Leseni okvirji"},"content":{"rendered":"","protected":false},"excerpt":{"rendered":"<p><span style=\"text-align: justify; display: block;\">Poka\u017eite svoje spomine v stilu z na\u0161imi ro\u010dno izdelanimi lesenimi okvirji za slike! Vsak okvir je narejen z ljubeznijo in skrbnostjo, ter prina\u0161a pridih topline in elegance va\u0161im najljub\u0161im fotografijam. Na voljo so v razli\u010dnih dol\u017einah po naro\u010dilu, zato se popolnoma prilagodijo va\u0161im potrebam. Popolni za vsak prostor, ti okvirji poudarijo lepoto va\u0161ih posnetkov, hkrati pa dodajo naravni, rustikalni \u010dar va\u0161emu domu.   <\/span><br \/>\n<span style=\"text-align: justify; display: block;\">Naj bo to dru\u017einski portret, \u010dudovita pokrajina ali poseben trenutek, na\u0161i leseni okvirji poskrbijo, da vsaka slika izstopa. Popestrite svoj dom z okvirji, ki pripovedujejo zgodbo tako edinstveno kot spomini, ki jih hranijo! <\/span><br \/>\n<span style=\"text-align: justify; display: block;\">Na va\u0161o zahtevo vam bomo posredovali vse informacije, ki vas zanimajo.<\/span><\/p>\n","protected":false},"featured_media":8943,"comment_status":"open","ping_status":"closed","template":"","meta":[],"product_brand":[],"product_cat":[238],"product_tag":[333,204,344,235,346,347,345,348],"giftcard-category":[],"class_list":{"0":"post-8941","1":"product","2":"type-product","3":"status-publish","4":"has-post-thumbnail","6":"product_cat-dom-in-dekor","7":"product_tag-dekor","8":"product_tag-hisa","9":"product_tag-homedekor","10":"product_tag-lesa","11":"product_tag-leseniokvirji","12":"product_tag-potspominov","13":"product_tag-rocnoizdelaniokvirji","14":"product_tag-rustikalnaeleganca","15":"product_shipping_class-v-7-21-dneh","16":"pa_wood_species-akacija","17":"pa_wood_species-bor","18":"pa_wood_species-hrast","19":"pa_wood_species-kostanj","20":"pa_wood_species-oreh","21":"pa_wood_species-smreka","23":"first","24":"instock","25":"taxable","26":"shipping-taxable","27":"purchasable","28":"product-type-simple"},"yoast_head":"<!-- This site is optimized with the Yoast SEO plugin v27.4 - https:\/\/yoast.com\/product\/yoast-seo-wordpress\/ -->\n<title>Leseni okvirji - LUX LES Dom Dekor<\/title>\n<meta name=\"description\" content=\"Naj bo to dru\u017einski portret, \u010dudovita pokrajina ali poseben trenutek, na\u0161i leseni okvirji poskrbijo, da vsaka slika izstopa.\" \/>\n<meta name=\"robots\" content=\"index, follow, max-snippet:-1, max-image-preview:large, max-video-preview:-1\" \/>\n<link rel=\"canonical\" href=\"https:\/\/luxles.si\/sl\/izdelek\/leseni-okvirji\/\" \/>\n<meta property=\"og:locale\" content=\"sl_SI\" \/>\n<meta property=\"og:type\" content=\"article\" \/>\n<meta property=\"og:title\" content=\"Leseni okvirji - LUX LES Dom Dekor\" \/>\n<meta property=\"og:description\" content=\"Naj bo to dru\u017einski portret, \u010dudovita pokrajina ali poseben trenutek, na\u0161i leseni okvirji poskrbijo, da vsaka slika izstopa.\" \/>\n<meta property=\"og:url\" content=\"https:\/\/luxles.si\/sl\/izdelek\/leseni-okvirji\/\" \/>\n<meta property=\"og:site_name\" content=\"LUX LES Dom Dekor\" \/>\n<meta property=\"article:publisher\" content=\"https:\/\/www.facebook.com\/luxlesdomdekor\/\" \/>\n<meta property=\"article:modified_time\" content=\"2024-09-10T11:36:24+00:00\" \/>\n<meta property=\"og:image\" content=\"https:\/\/luxles.si\/wp-content\/uploads\/2024\/09\/456600509_1521671132052861_3546939883703439424_n-min.jpg\" \/>\n\t<meta property=\"og:image:width\" content=\"1769\" \/>\n\t<meta property=\"og:image:height\" content=\"1080\" \/>\n\t<meta property=\"og:image:type\" content=\"image\/jpeg\" \/>\n<meta name=\"twitter:card\" content=\"summary_large_image\" \/>\n<script type=\"application\/ld+json\" class=\"yoast-schema-graph\">{\"@context\":\"https:\\\/\\\/schema.org\",\"@graph\":[{\"@type\":\"WebPage\",\"@id\":\"https:\\\/\\\/luxles.si\\\/sl\\\/izdelek\\\/leseni-okvirji\\\/\",\"url\":\"https:\\\/\\\/luxles.si\\\/sl\\\/izdelek\\\/leseni-okvirji\\\/\",\"name\":\"Leseni okvirji - LUX LES Dom Dekor\",\"isPartOf\":{\"@id\":\"https:\\\/\\\/luxles.si\\\/sl\\\/#website\"},\"primaryImageOfPage\":{\"@id\":\"https:\\\/\\\/luxles.si\\\/sl\\\/izdelek\\\/leseni-okvirji\\\/#primaryimage\"},\"image\":{\"@id\":\"https:\\\/\\\/luxles.si\\\/sl\\\/izdelek\\\/leseni-okvirji\\\/#primaryimage\"},\"thumbnailUrl\":\"https:\\\/\\\/luxles.si\\\/wp-content\\\/uploads\\\/2024\\\/09\\\/456600509_1521671132052861_3546939883703439424_n-min.jpg\",\"datePublished\":\"2024-09-10T11:01:34+00:00\",\"dateModified\":\"2024-09-10T11:36:24+00:00\",\"description\":\"Naj bo to dru\u017einski portret, \u010dudovita pokrajina ali poseben trenutek, na\u0161i leseni okvirji poskrbijo, da vsaka slika izstopa.\",\"breadcrumb\":{\"@id\":\"https:\\\/\\\/luxles.si\\\/sl\\\/izdelek\\\/leseni-okvirji\\\/#breadcrumb\"},\"inLanguage\":\"sl-SI\",\"potentialAction\":[{\"@type\":\"ReadAction\",\"target\":[\"https:\\\/\\\/luxles.si\\\/sl\\\/izdelek\\\/leseni-okvirji\\\/\"]}]},{\"@type\":\"ImageObject\",\"inLanguage\":\"sl-SI\",\"@id\":\"https:\\\/\\\/luxles.si\\\/sl\\\/izdelek\\\/leseni-okvirji\\\/#primaryimage\",\"url\":\"https:\\\/\\\/luxles.si\\\/wp-content\\\/uploads\\\/2024\\\/09\\\/456600509_1521671132052861_3546939883703439424_n-min.jpg\",\"contentUrl\":\"https:\\\/\\\/luxles.si\\\/wp-content\\\/uploads\\\/2024\\\/09\\\/456600509_1521671132052861_3546939883703439424_n-min.jpg\",\"width\":1769,\"height\":1080,\"caption\":\"leseni okvirji za umetni\u0161ke projekte\"},{\"@type\":\"BreadcrumbList\",\"@id\":\"https:\\\/\\\/luxles.si\\\/sl\\\/izdelek\\\/leseni-okvirji\\\/#breadcrumb\",\"itemListElement\":[{\"@type\":\"ListItem\",\"position\":1,\"name\":\"Domov\",\"item\":\"https:\\\/\\\/luxles.si\\\/sl\\\/\"},{\"@type\":\"ListItem\",\"position\":2,\"name\":\"Trgovina\",\"item\":\"https:\\\/\\\/luxles.si\\\/sl\\\/shop\\\/\"},{\"@type\":\"ListItem\",\"position\":3,\"name\":\"Leseni okvirji\"}]},{\"@type\":\"WebSite\",\"@id\":\"https:\\\/\\\/luxles.si\\\/sl\\\/#website\",\"url\":\"https:\\\/\\\/luxles.si\\\/sl\\\/\",\"name\":\"LUX LES Dom Dekor\",\"description\":\"\",\"publisher\":{\"@id\":\"https:\\\/\\\/luxles.si\\\/sl\\\/#organization\"},\"potentialAction\":[{\"@type\":\"SearchAction\",\"target\":{\"@type\":\"EntryPoint\",\"urlTemplate\":\"https:\\\/\\\/luxles.si\\\/sl\\\/?s={search_term_string}\"},\"query-input\":{\"@type\":\"PropertyValueSpecification\",\"valueRequired\":true,\"valueName\":\"search_term_string\"}}],\"inLanguage\":\"sl-SI\"},{\"@type\":\"Organization\",\"@id\":\"https:\\\/\\\/luxles.si\\\/sl\\\/#organization\",\"name\":\"LUX LES Dom Dekor\",\"url\":\"https:\\\/\\\/luxles.si\\\/sl\\\/\",\"logo\":{\"@type\":\"ImageObject\",\"inLanguage\":\"sl-SI\",\"@id\":\"https:\\\/\\\/luxles.si\\\/sl\\\/#\\\/schema\\\/logo\\\/image\\\/\",\"url\":\"https:\\\/\\\/luxles.si\\\/wp-content\\\/uploads\\\/2020\\\/07\\\/logo.png\",\"contentUrl\":\"https:\\\/\\\/luxles.si\\\/wp-content\\\/uploads\\\/2020\\\/07\\\/logo.png\",\"width\":245,\"height\":70,\"caption\":\"LUX LES Dom Dekor\"},\"image\":{\"@id\":\"https:\\\/\\\/luxles.si\\\/sl\\\/#\\\/schema\\\/logo\\\/image\\\/\"},\"sameAs\":[\"https:\\\/\\\/www.facebook.com\\\/luxlesdomdekor\\\/\",\"https:\\\/\\\/www.instagram.com\\\/luxlesdomdekor\"]}]}<\/script>\n<!-- \/ Yoast SEO plugin. -->","yoast_head_json":{"title":"Leseni okvirji - LUX LES Dom Dekor","description":"Naj bo to dru\u017einski portret, \u010dudovita pokrajina ali poseben trenutek, na\u0161i leseni okvirji poskrbijo, da vsaka slika izstopa.","robots":{"index":"index","follow":"follow","max-snippet":"max-snippet:-1","max-image-preview":"max-image-preview:large","max-video-preview":"max-video-preview:-1"},"canonical":"https:\/\/luxles.si\/sl\/izdelek\/leseni-okvirji\/","og_locale":"sl_SI","og_type":"article","og_title":"Leseni okvirji - LUX LES Dom Dekor","og_description":"Naj bo to dru\u017einski portret, \u010dudovita pokrajina ali poseben trenutek, na\u0161i leseni okvirji poskrbijo, da vsaka slika izstopa.","og_url":"https:\/\/luxles.si\/sl\/izdelek\/leseni-okvirji\/","og_site_name":"LUX LES Dom Dekor","article_publisher":"https:\/\/www.facebook.com\/luxlesdomdekor\/","article_modified_time":"2024-09-10T11:36:24+00:00","og_image":[{"width":1769,"height":1080,"url":"https:\/\/luxles.si\/wp-content\/uploads\/2024\/09\/456600509_1521671132052861_3546939883703439424_n-min.jpg","type":"image\/jpeg"}],"twitter_card":"summary_large_image","schema":{"@context":"https:\/\/schema.org","@graph":[{"@type":"WebPage","@id":"https:\/\/luxles.si\/sl\/izdelek\/leseni-okvirji\/","url":"https:\/\/luxles.si\/sl\/izdelek\/leseni-okvirji\/","name":"Leseni okvirji - LUX LES Dom Dekor","isPartOf":{"@id":"https:\/\/luxles.si\/sl\/#website"},"primaryImageOfPage":{"@id":"https:\/\/luxles.si\/sl\/izdelek\/leseni-okvirji\/#primaryimage"},"image":{"@id":"https:\/\/luxles.si\/sl\/izdelek\/leseni-okvirji\/#primaryimage"},"thumbnailUrl":"https:\/\/luxles.si\/wp-content\/uploads\/2024\/09\/456600509_1521671132052861_3546939883703439424_n-min.jpg","datePublished":"2024-09-10T11:01:34+00:00","dateModified":"2024-09-10T11:36:24+00:00","description":"Naj bo to dru\u017einski portret, \u010dudovita pokrajina ali poseben trenutek, na\u0161i leseni okvirji poskrbijo, da vsaka slika izstopa.","breadcrumb":{"@id":"https:\/\/luxles.si\/sl\/izdelek\/leseni-okvirji\/#breadcrumb"},"inLanguage":"sl-SI","potentialAction":[{"@type":"ReadAction","target":["https:\/\/luxles.si\/sl\/izdelek\/leseni-okvirji\/"]}]},{"@type":"ImageObject","inLanguage":"sl-SI","@id":"https:\/\/luxles.si\/sl\/izdelek\/leseni-okvirji\/#primaryimage","url":"https:\/\/luxles.si\/wp-content\/uploads\/2024\/09\/456600509_1521671132052861_3546939883703439424_n-min.jpg","contentUrl":"https:\/\/luxles.si\/wp-content\/uploads\/2024\/09\/456600509_1521671132052861_3546939883703439424_n-min.jpg","width":1769,"height":1080,"caption":"leseni okvirji za umetni\u0161ke projekte"},{"@type":"BreadcrumbList","@id":"https:\/\/luxles.si\/sl\/izdelek\/leseni-okvirji\/#breadcrumb","itemListElement":[{"@type":"ListItem","position":1,"name":"Domov","item":"https:\/\/luxles.si\/sl\/"},{"@type":"ListItem","position":2,"name":"Trgovina","item":"https:\/\/luxles.si\/sl\/shop\/"},{"@type":"ListItem","position":3,"name":"Leseni okvirji"}]},{"@type":"WebSite","@id":"https:\/\/luxles.si\/sl\/#website","url":"https:\/\/luxles.si\/sl\/","name":"LUX LES Dom Dekor","description":"","publisher":{"@id":"https:\/\/luxles.si\/sl\/#organization"},"potentialAction":[{"@type":"SearchAction","target":{"@type":"EntryPoint","urlTemplate":"https:\/\/luxles.si\/sl\/?s={search_term_string}"},"query-input":{"@type":"PropertyValueSpecification","valueRequired":true,"valueName":"search_term_string"}}],"inLanguage":"sl-SI"},{"@type":"Organization","@id":"https:\/\/luxles.si\/sl\/#organization","name":"LUX LES Dom Dekor","url":"https:\/\/luxles.si\/sl\/","logo":{"@type":"ImageObject","inLanguage":"sl-SI","@id":"https:\/\/luxles.si\/sl\/#\/schema\/logo\/image\/","url":"https:\/\/luxles.si\/wp-content\/uploads\/2020\/07\/logo.png","contentUrl":"https:\/\/luxles.si\/wp-content\/uploads\/2020\/07\/logo.png","width":245,"height":70,"caption":"LUX LES Dom Dekor"},"image":{"@id":"https:\/\/luxles.si\/sl\/#\/schema\/logo\/image\/"},"sameAs":["https:\/\/www.facebook.com\/luxlesdomdekor\/","https:\/\/www.instagram.com\/luxlesdomdekor"]}]}},"_links":{"self":[{"href":"https:\/\/luxles.si\/sl\/wp-json\/wp\/v2\/product\/8941","targetHints":{"allow":["GET"]}}],"collection":[{"href":"https:\/\/luxles.si\/sl\/wp-json\/wp\/v2\/product"}],"about":[{"href":"https:\/\/luxles.si\/sl\/wp-json\/wp\/v2\/types\/product"}],"replies":[{"embeddable":true,"href":"https:\/\/luxles.si\/sl\/wp-json\/wp\/v2\/comments?post=8941"}],"wp:featuredmedia":[{"embeddable":true,"href":"https:\/\/luxles.si\/sl\/wp-json\/wp\/v2\/media\/8943"}],"wp:attachment":[{"href":"https:\/\/luxles.si\/sl\/wp-json\/wp\/v2\/media?parent=8941"}],"wp:term":[{"taxonomy":"product_brand","embeddable":true,"href":"https:\/\/luxles.si\/sl\/wp-json\/wp\/v2\/product_brand?post=8941"},{"taxonomy":"product_cat","embeddable":true,"href":"https:\/\/luxles.si\/sl\/wp-json\/wp\/v2\/product_cat?post=8941"},{"taxonomy":"product_tag","embeddable":true,"href":"https:\/\/luxles.si\/sl\/wp-json\/wp\/v2\/product_tag?post=8941"},{"taxonomy":"giftcard-category","embeddable":true,"href":"https:\/\/luxles.si\/sl\/wp-json\/wp\/v2\/giftcard-category?post=8941"}],"curies":[{"name":"wp","href":"https:\/\/api.w.org\/{rel}","templated":true}]}}