{"id":8939,"date":"2024-09-10T09:46:01","date_gmt":"2024-09-10T07:46:01","guid":{"rendered":"https:\/\/luxles.si\/product\/lesena-svetilka\/"},"modified":"2024-09-11T12:46:31","modified_gmt":"2024-09-11T10:46:31","slug":"lesena-svetilka","status":"publish","type":"product","link":"https:\/\/luxles.si\/sl\/izdelek\/lesena-svetilka\/","title":{"rendered":"Lesena svetilka"},"content":{"rendered":"","protected":false},"excerpt":{"rendered":"<p><span style=\"text-align: justify; display: block;\"><strong>Osvetlite svoj prostor z unikatnimi lesenimi svetilkami.<\/strong><\/span><br \/>\n<span style=\"text-align: justify; display: block;\">Odkrijte popolno ravnovesje med naravo in dizajnom. Na\u0161e ro\u010dno izdelane lesene svetilke prina\u0161ajo toplino, eleganco in pridih izjemnosti v vsak prostor. <\/span><br \/>\n<span style=\"text-align: justify; display: block;\">V Lux Les Dom Dekor d.o.o verjamemo, da mora osvetlitev narediti ve\u010d kot le osvetliti prostor\u2014mora navdihovati. Na\u0161a kolekcija unikatnih lesenih svetilk je skrbno izdelana s strani izku\u0161enih obrtnikov, pri \u010demer vsaka svetilka pripoveduje svojo zgodbo skozi naravno lepoto lesa. Ne glede na to, ali i\u0161\u010dete izrazit kos za va\u0161o dnevno sobo ali subtilen dodatek za spalnico, na\u0161e svetilke ponujajo brez\u010dasen \u010dar, ki obogati vsak interier.  <\/span><br \/>\n<span style=\"text-align: justify; display: block;\">Razi\u0161\u010dite na\u0161o paleto dizajnov, od elegantnih sodobnih stilov do rustikalnih, organskih oblik. Vsaka svetilka je izdelana iz lesa iz trajnostnih virov, kar zagotavlja, da va\u0161 nakup ne le polep\u0161a va\u0161 dom, temve\u010d tudi podpira odgovorno obrt. <\/span><br \/>\n<span style=\"text-align: justify; display: block;\">Na va\u0161o zahtevo vam bomo posredovali vse informacije, ki vas zanimajo.<\/span><\/p>\n","protected":false},"featured_media":8916,"comment_status":"open","ping_status":"closed","template":"","meta":[],"product_brand":[],"product_cat":[238],"product_tag":[333,204,235,338,337],"giftcard-category":[],"class_list":{"0":"post-8939","1":"product","2":"type-product","3":"status-publish","4":"has-post-thumbnail","6":"product_cat-dom-in-dekor","7":"product_tag-dekor","8":"product_tag-hisa","9":"product_tag-lesa","10":"product_tag-lesena-svetilka","11":"product_tag-svetilka","12":"product_shipping_class-v-7-21-dneh","13":"pa_warranty-candconly-sl-2","14":"pa_wood_species-akacija","15":"pa_wood_species-bor","16":"pa_wood_species-hrast","17":"pa_wood_species-kostanj","18":"pa_wood_species-oreh","19":"pa_wood_species-smreka","21":"first","22":"instock","23":"taxable","24":"shipping-taxable","25":"purchasable","26":"product-type-simple"},"yoast_head":"<!-- This site is optimized with the Yoast SEO plugin v27.4 - https:\/\/yoast.com\/product\/yoast-seo-wordpress\/ -->\n<title>Lesena svetilka - LUX LES Dom Dekor<\/title>\n<meta name=\"description\" content=\"Na\u0161a kolekcija unikatnih lesenih svetilk je skrbno izdelana s strani izku\u0161enih obrtnikov, pri \u010demer vsaka svetilka pripoveduje svojo zgodbo skozi naravno lepoto lesa.\" \/>\n<meta name=\"robots\" content=\"index, follow, max-snippet:-1, max-image-preview:large, max-video-preview:-1\" \/>\n<link rel=\"canonical\" href=\"https:\/\/luxles.si\/sl\/izdelek\/lesena-svetilka\/\" \/>\n<meta property=\"og:locale\" content=\"sl_SI\" \/>\n<meta property=\"og:type\" content=\"article\" \/>\n<meta property=\"og:title\" content=\"Lesena svetilka - LUX LES Dom Dekor\" \/>\n<meta property=\"og:description\" content=\"Na\u0161a kolekcija unikatnih lesenih svetilk je skrbno izdelana s strani izku\u0161enih obrtnikov, pri \u010demer vsaka svetilka pripoveduje svojo zgodbo skozi naravno lepoto lesa.\" \/>\n<meta property=\"og:url\" content=\"https:\/\/luxles.si\/sl\/izdelek\/lesena-svetilka\/\" \/>\n<meta property=\"og:site_name\" content=\"LUX LES Dom Dekor\" \/>\n<meta property=\"article:publisher\" content=\"https:\/\/www.facebook.com\/luxlesdomdekor\/\" \/>\n<meta property=\"article:modified_time\" content=\"2024-09-11T10:46:31+00:00\" \/>\n<meta property=\"og:image\" content=\"https:\/\/luxles.si\/wp-content\/uploads\/2024\/09\/456766299_1238793130339356_2758837281454010097_n-min.jpg\" \/>\n\t<meta property=\"og:image:width\" content=\"1952\" \/>\n\t<meta property=\"og:image:height\" content=\"896\" \/>\n\t<meta property=\"og:image:type\" content=\"image\/jpeg\" \/>\n<meta name=\"twitter:card\" content=\"summary_large_image\" \/>\n<script type=\"application\/ld+json\" class=\"yoast-schema-graph\">{\"@context\":\"https:\\\/\\\/schema.org\",\"@graph\":[{\"@type\":\"WebPage\",\"@id\":\"https:\\\/\\\/luxles.si\\\/sl\\\/izdelek\\\/lesena-svetilka\\\/\",\"url\":\"https:\\\/\\\/luxles.si\\\/sl\\\/izdelek\\\/lesena-svetilka\\\/\",\"name\":\"Lesena svetilka - LUX LES Dom Dekor\",\"isPartOf\":{\"@id\":\"https:\\\/\\\/luxles.si\\\/sl\\\/#website\"},\"primaryImageOfPage\":{\"@id\":\"https:\\\/\\\/luxles.si\\\/sl\\\/izdelek\\\/lesena-svetilka\\\/#primaryimage\"},\"image\":{\"@id\":\"https:\\\/\\\/luxles.si\\\/sl\\\/izdelek\\\/lesena-svetilka\\\/#primaryimage\"},\"thumbnailUrl\":\"https:\\\/\\\/luxles.si\\\/wp-content\\\/uploads\\\/2024\\\/09\\\/456766299_1238793130339356_2758837281454010097_n-min.jpg\",\"datePublished\":\"2024-09-10T07:46:01+00:00\",\"dateModified\":\"2024-09-11T10:46:31+00:00\",\"description\":\"Na\u0161a kolekcija unikatnih lesenih svetilk je skrbno izdelana s strani izku\u0161enih obrtnikov, pri \u010demer vsaka svetilka pripoveduje svojo zgodbo skozi naravno lepoto lesa.\",\"breadcrumb\":{\"@id\":\"https:\\\/\\\/luxles.si\\\/sl\\\/izdelek\\\/lesena-svetilka\\\/#breadcrumb\"},\"inLanguage\":\"sl-SI\",\"potentialAction\":[{\"@type\":\"ReadAction\",\"target\":[\"https:\\\/\\\/luxles.si\\\/sl\\\/izdelek\\\/lesena-svetilka\\\/\"]}]},{\"@type\":\"ImageObject\",\"inLanguage\":\"sl-SI\",\"@id\":\"https:\\\/\\\/luxles.si\\\/sl\\\/izdelek\\\/lesena-svetilka\\\/#primaryimage\",\"url\":\"https:\\\/\\\/luxles.si\\\/wp-content\\\/uploads\\\/2024\\\/09\\\/456766299_1238793130339356_2758837281454010097_n-min.jpg\",\"contentUrl\":\"https:\\\/\\\/luxles.si\\\/wp-content\\\/uploads\\\/2024\\\/09\\\/456766299_1238793130339356_2758837281454010097_n-min.jpg\",\"width\":1952,\"height\":896,\"caption\":\"lesena svetilka\"},{\"@type\":\"BreadcrumbList\",\"@id\":\"https:\\\/\\\/luxles.si\\\/sl\\\/izdelek\\\/lesena-svetilka\\\/#breadcrumb\",\"itemListElement\":[{\"@type\":\"ListItem\",\"position\":1,\"name\":\"Domov\",\"item\":\"https:\\\/\\\/luxles.si\\\/sl\\\/\"},{\"@type\":\"ListItem\",\"position\":2,\"name\":\"Trgovina\",\"item\":\"https:\\\/\\\/luxles.si\\\/sl\\\/shop\\\/\"},{\"@type\":\"ListItem\",\"position\":3,\"name\":\"Lesena svetilka\"}]},{\"@type\":\"WebSite\",\"@id\":\"https:\\\/\\\/luxles.si\\\/sl\\\/#website\",\"url\":\"https:\\\/\\\/luxles.si\\\/sl\\\/\",\"name\":\"LUX LES Dom Dekor\",\"description\":\"\",\"publisher\":{\"@id\":\"https:\\\/\\\/luxles.si\\\/sl\\\/#organization\"},\"potentialAction\":[{\"@type\":\"SearchAction\",\"target\":{\"@type\":\"EntryPoint\",\"urlTemplate\":\"https:\\\/\\\/luxles.si\\\/sl\\\/?s={search_term_string}\"},\"query-input\":{\"@type\":\"PropertyValueSpecification\",\"valueRequired\":true,\"valueName\":\"search_term_string\"}}],\"inLanguage\":\"sl-SI\"},{\"@type\":\"Organization\",\"@id\":\"https:\\\/\\\/luxles.si\\\/sl\\\/#organization\",\"name\":\"LUX LES Dom Dekor\",\"url\":\"https:\\\/\\\/luxles.si\\\/sl\\\/\",\"logo\":{\"@type\":\"ImageObject\",\"inLanguage\":\"sl-SI\",\"@id\":\"https:\\\/\\\/luxles.si\\\/sl\\\/#\\\/schema\\\/logo\\\/image\\\/\",\"url\":\"https:\\\/\\\/luxles.si\\\/wp-content\\\/uploads\\\/2020\\\/07\\\/logo.png\",\"contentUrl\":\"https:\\\/\\\/luxles.si\\\/wp-content\\\/uploads\\\/2020\\\/07\\\/logo.png\",\"width\":245,\"height\":70,\"caption\":\"LUX LES Dom Dekor\"},\"image\":{\"@id\":\"https:\\\/\\\/luxles.si\\\/sl\\\/#\\\/schema\\\/logo\\\/image\\\/\"},\"sameAs\":[\"https:\\\/\\\/www.facebook.com\\\/luxlesdomdekor\\\/\",\"https:\\\/\\\/www.instagram.com\\\/luxlesdomdekor\"]}]}<\/script>\n<!-- \/ Yoast SEO plugin. -->","yoast_head_json":{"title":"Lesena svetilka - LUX LES Dom Dekor","description":"Na\u0161a kolekcija unikatnih lesenih svetilk je skrbno izdelana s strani izku\u0161enih obrtnikov, pri \u010demer vsaka svetilka pripoveduje svojo zgodbo skozi naravno lepoto lesa.","robots":{"index":"index","follow":"follow","max-snippet":"max-snippet:-1","max-image-preview":"max-image-preview:large","max-video-preview":"max-video-preview:-1"},"canonical":"https:\/\/luxles.si\/sl\/izdelek\/lesena-svetilka\/","og_locale":"sl_SI","og_type":"article","og_title":"Lesena svetilka - LUX LES Dom Dekor","og_description":"Na\u0161a kolekcija unikatnih lesenih svetilk je skrbno izdelana s strani izku\u0161enih obrtnikov, pri \u010demer vsaka svetilka pripoveduje svojo zgodbo skozi naravno lepoto lesa.","og_url":"https:\/\/luxles.si\/sl\/izdelek\/lesena-svetilka\/","og_site_name":"LUX LES Dom Dekor","article_publisher":"https:\/\/www.facebook.com\/luxlesdomdekor\/","article_modified_time":"2024-09-11T10:46:31+00:00","og_image":[{"width":1952,"height":896,"url":"https:\/\/luxles.si\/wp-content\/uploads\/2024\/09\/456766299_1238793130339356_2758837281454010097_n-min.jpg","type":"image\/jpeg"}],"twitter_card":"summary_large_image","schema":{"@context":"https:\/\/schema.org","@graph":[{"@type":"WebPage","@id":"https:\/\/luxles.si\/sl\/izdelek\/lesena-svetilka\/","url":"https:\/\/luxles.si\/sl\/izdelek\/lesena-svetilka\/","name":"Lesena svetilka - LUX LES Dom Dekor","isPartOf":{"@id":"https:\/\/luxles.si\/sl\/#website"},"primaryImageOfPage":{"@id":"https:\/\/luxles.si\/sl\/izdelek\/lesena-svetilka\/#primaryimage"},"image":{"@id":"https:\/\/luxles.si\/sl\/izdelek\/lesena-svetilka\/#primaryimage"},"thumbnailUrl":"https:\/\/luxles.si\/wp-content\/uploads\/2024\/09\/456766299_1238793130339356_2758837281454010097_n-min.jpg","datePublished":"2024-09-10T07:46:01+00:00","dateModified":"2024-09-11T10:46:31+00:00","description":"Na\u0161a kolekcija unikatnih lesenih svetilk je skrbno izdelana s strani izku\u0161enih obrtnikov, pri \u010demer vsaka svetilka pripoveduje svojo zgodbo skozi naravno lepoto lesa.","breadcrumb":{"@id":"https:\/\/luxles.si\/sl\/izdelek\/lesena-svetilka\/#breadcrumb"},"inLanguage":"sl-SI","potentialAction":[{"@type":"ReadAction","target":["https:\/\/luxles.si\/sl\/izdelek\/lesena-svetilka\/"]}]},{"@type":"ImageObject","inLanguage":"sl-SI","@id":"https:\/\/luxles.si\/sl\/izdelek\/lesena-svetilka\/#primaryimage","url":"https:\/\/luxles.si\/wp-content\/uploads\/2024\/09\/456766299_1238793130339356_2758837281454010097_n-min.jpg","contentUrl":"https:\/\/luxles.si\/wp-content\/uploads\/2024\/09\/456766299_1238793130339356_2758837281454010097_n-min.jpg","width":1952,"height":896,"caption":"lesena svetilka"},{"@type":"BreadcrumbList","@id":"https:\/\/luxles.si\/sl\/izdelek\/lesena-svetilka\/#breadcrumb","itemListElement":[{"@type":"ListItem","position":1,"name":"Domov","item":"https:\/\/luxles.si\/sl\/"},{"@type":"ListItem","position":2,"name":"Trgovina","item":"https:\/\/luxles.si\/sl\/shop\/"},{"@type":"ListItem","position":3,"name":"Lesena svetilka"}]},{"@type":"WebSite","@id":"https:\/\/luxles.si\/sl\/#website","url":"https:\/\/luxles.si\/sl\/","name":"LUX LES Dom Dekor","description":"","publisher":{"@id":"https:\/\/luxles.si\/sl\/#organization"},"potentialAction":[{"@type":"SearchAction","target":{"@type":"EntryPoint","urlTemplate":"https:\/\/luxles.si\/sl\/?s={search_term_string}"},"query-input":{"@type":"PropertyValueSpecification","valueRequired":true,"valueName":"search_term_string"}}],"inLanguage":"sl-SI"},{"@type":"Organization","@id":"https:\/\/luxles.si\/sl\/#organization","name":"LUX LES Dom Dekor","url":"https:\/\/luxles.si\/sl\/","logo":{"@type":"ImageObject","inLanguage":"sl-SI","@id":"https:\/\/luxles.si\/sl\/#\/schema\/logo\/image\/","url":"https:\/\/luxles.si\/wp-content\/uploads\/2020\/07\/logo.png","contentUrl":"https:\/\/luxles.si\/wp-content\/uploads\/2020\/07\/logo.png","width":245,"height":70,"caption":"LUX LES Dom Dekor"},"image":{"@id":"https:\/\/luxles.si\/sl\/#\/schema\/logo\/image\/"},"sameAs":["https:\/\/www.facebook.com\/luxlesdomdekor\/","https:\/\/www.instagram.com\/luxlesdomdekor"]}]}},"_links":{"self":[{"href":"https:\/\/luxles.si\/sl\/wp-json\/wp\/v2\/product\/8939","targetHints":{"allow":["GET"]}}],"collection":[{"href":"https:\/\/luxles.si\/sl\/wp-json\/wp\/v2\/product"}],"about":[{"href":"https:\/\/luxles.si\/sl\/wp-json\/wp\/v2\/types\/product"}],"replies":[{"embeddable":true,"href":"https:\/\/luxles.si\/sl\/wp-json\/wp\/v2\/comments?post=8939"}],"wp:featuredmedia":[{"embeddable":true,"href":"https:\/\/luxles.si\/sl\/wp-json\/wp\/v2\/media\/8916"}],"wp:attachment":[{"href":"https:\/\/luxles.si\/sl\/wp-json\/wp\/v2\/media?parent=8939"}],"wp:term":[{"taxonomy":"product_brand","embeddable":true,"href":"https:\/\/luxles.si\/sl\/wp-json\/wp\/v2\/product_brand?post=8939"},{"taxonomy":"product_cat","embeddable":true,"href":"https:\/\/luxles.si\/sl\/wp-json\/wp\/v2\/product_cat?post=8939"},{"taxonomy":"product_tag","embeddable":true,"href":"https:\/\/luxles.si\/sl\/wp-json\/wp\/v2\/product_tag?post=8939"},{"taxonomy":"giftcard-category","embeddable":true,"href":"https:\/\/luxles.si\/sl\/wp-json\/wp\/v2\/giftcard-category?post=8939"}],"curies":[{"name":"wp","href":"https:\/\/api.w.org\/{rel}","templated":true}]}}