{"id":8910,"date":"2024-09-10T07:55:51","date_gmt":"2024-09-10T05:55:51","guid":{"rendered":"https:\/\/luxles.si\/product\/praskalniki\/"},"modified":"2024-09-10T09:03:53","modified_gmt":"2024-09-10T07:03:53","slug":"praskalniki","status":"publish","type":"product","link":"https:\/\/luxles.si\/sl\/izdelek\/praskalniki\/","title":{"rendered":"Praskalniki"},"content":{"rendered":"","protected":false},"excerpt":{"rendered":"<p><span style=\"text-align: justify; display: block;\"><strong>Razvajajte svojega ma\u010djega prijatelja z na\u0161imi elegantnimi lesenimi praskalniki!<\/strong><\/span><br \/>\n<span style=\"text-align: justify; display: block;\">S skrbno izdelanimi lesenimi strgali za ma\u010dke omogo\u010dite svoji ma\u010dki vrhunsko izku\u0161njo praskanja. Ta strgala so zasnovana z mislijo na slog in vzdr\u017eljivost, zato niso le funkcionalna &#8211; so tudi eleganten dodatek va\u0161emu domu. Izdelana so iz visokokakovostnega lesa in zagotavljajo popolno povr\u0161ino za raztezanje, praskanje in igro va\u0161e ma\u010dke. Zakaj ga bo va\u0161a ma\u010dka vzljubila:    <\/p>\n<ul>\n<li><strong>Naravna lesena povr\u0161ina, ki je prijetna za njihove kremplje Trdna in vzdr\u017eljiva.<\/strong><\/li>\n<li><strong>Popolna za vsakodnevno uporabo Eleganten kos<\/strong><\/li>\n<li><strong>Eleganten kos, ki se gladko zlije z va\u0161im doma\u010dim dekorjem.<\/strong><\/li>\n<\/ul>\n<p><\/span> <span style=\"text-align: justify; display: block;\">Na va\u0161o zahtevo vam bomo posredovali vse informacije, ki vas zanimajo.<\/span><\/p>\n","protected":false},"featured_media":8900,"comment_status":"open","ping_status":"closed","template":"","meta":[],"product_brand":[],"product_cat":[238],"product_tag":[333,204,334],"giftcard-category":[],"class_list":{"0":"post-8910","1":"product","2":"type-product","3":"status-publish","4":"has-post-thumbnail","6":"product_cat-dom-in-dekor","7":"product_tag-dekor","8":"product_tag-hisa","9":"product_tag-praskalniki","10":"product_shipping_class-v-7-21-dneh","11":"pa_wood_species-akacija","12":"pa_wood_species-bor","13":"pa_wood_species-hrast","14":"pa_wood_species-kostanj","15":"pa_wood_species-oreh","16":"pa_wood_species-smreka","18":"first","19":"instock","20":"taxable","21":"shipping-taxable","22":"purchasable","23":"product-type-simple"},"yoast_head":"<!-- This site is optimized with the Yoast SEO plugin v27.4 - https:\/\/yoast.com\/product\/yoast-seo-wordpress\/ -->\n<title>Praskalniki - LUX LES Dom Dekor<\/title>\n<meta name=\"description\" content=\"Svojega ma\u010djega prijatelja razvajajte z na\u0161imi elegantnimi strgali za ma\u010dke. S skrbno izdelanimi lesenimi strgali za ma\u010dke omogo\u010dite svoji ma\u010dki vrhunsko izku\u0161njo praskanja.\" \/>\n<meta name=\"robots\" content=\"index, follow, max-snippet:-1, max-image-preview:large, max-video-preview:-1\" \/>\n<link rel=\"canonical\" href=\"https:\/\/luxles.si\/sl\/izdelek\/praskalniki\/\" \/>\n<meta property=\"og:locale\" content=\"sl_SI\" \/>\n<meta property=\"og:type\" content=\"article\" \/>\n<meta property=\"og:title\" content=\"Praskalniki - LUX LES Dom Dekor\" \/>\n<meta property=\"og:description\" content=\"Svojega ma\u010djega prijatelja razvajajte z na\u0161imi elegantnimi strgali za ma\u010dke. S skrbno izdelanimi lesenimi strgali za ma\u010dke omogo\u010dite svoji ma\u010dki vrhunsko izku\u0161njo praskanja.\" \/>\n<meta property=\"og:url\" content=\"https:\/\/luxles.si\/sl\/izdelek\/praskalniki\/\" \/>\n<meta property=\"og:site_name\" content=\"LUX LES Dom Dekor\" \/>\n<meta property=\"article:publisher\" content=\"https:\/\/www.facebook.com\/luxlesdomdekor\/\" \/>\n<meta property=\"article:modified_time\" content=\"2024-09-10T07:03:53+00:00\" \/>\n<meta property=\"og:image\" content=\"https:\/\/luxles.si\/wp-content\/uploads\/2024\/09\/456982779_437262172689882_4402003355037025148_n-min.jpg\" \/>\n\t<meta property=\"og:image:width\" content=\"1952\" \/>\n\t<meta property=\"og:image:height\" content=\"896\" \/>\n\t<meta property=\"og:image:type\" content=\"image\/jpeg\" \/>\n<meta name=\"twitter:card\" content=\"summary_large_image\" \/>\n<script type=\"application\/ld+json\" class=\"yoast-schema-graph\">{\"@context\":\"https:\\\/\\\/schema.org\",\"@graph\":[{\"@type\":\"WebPage\",\"@id\":\"https:\\\/\\\/luxles.si\\\/sl\\\/izdelek\\\/praskalniki\\\/\",\"url\":\"https:\\\/\\\/luxles.si\\\/sl\\\/izdelek\\\/praskalniki\\\/\",\"name\":\"Praskalniki - LUX LES Dom Dekor\",\"isPartOf\":{\"@id\":\"https:\\\/\\\/luxles.si\\\/sl\\\/#website\"},\"primaryImageOfPage\":{\"@id\":\"https:\\\/\\\/luxles.si\\\/sl\\\/izdelek\\\/praskalniki\\\/#primaryimage\"},\"image\":{\"@id\":\"https:\\\/\\\/luxles.si\\\/sl\\\/izdelek\\\/praskalniki\\\/#primaryimage\"},\"thumbnailUrl\":\"https:\\\/\\\/luxles.si\\\/wp-content\\\/uploads\\\/2024\\\/09\\\/456982779_437262172689882_4402003355037025148_n-min.jpg\",\"datePublished\":\"2024-09-10T05:55:51+00:00\",\"dateModified\":\"2024-09-10T07:03:53+00:00\",\"description\":\"Svojega ma\u010djega prijatelja razvajajte z na\u0161imi elegantnimi strgali za ma\u010dke. S skrbno izdelanimi lesenimi strgali za ma\u010dke omogo\u010dite svoji ma\u010dki vrhunsko izku\u0161njo praskanja.\",\"breadcrumb\":{\"@id\":\"https:\\\/\\\/luxles.si\\\/sl\\\/izdelek\\\/praskalniki\\\/#breadcrumb\"},\"inLanguage\":\"sl-SI\",\"potentialAction\":[{\"@type\":\"ReadAction\",\"target\":[\"https:\\\/\\\/luxles.si\\\/sl\\\/izdelek\\\/praskalniki\\\/\"]}]},{\"@type\":\"ImageObject\",\"inLanguage\":\"sl-SI\",\"@id\":\"https:\\\/\\\/luxles.si\\\/sl\\\/izdelek\\\/praskalniki\\\/#primaryimage\",\"url\":\"https:\\\/\\\/luxles.si\\\/wp-content\\\/uploads\\\/2024\\\/09\\\/456982779_437262172689882_4402003355037025148_n-min.jpg\",\"contentUrl\":\"https:\\\/\\\/luxles.si\\\/wp-content\\\/uploads\\\/2024\\\/09\\\/456982779_437262172689882_4402003355037025148_n-min.jpg\",\"width\":1952,\"height\":896,\"caption\":\"Praskalniki\"},{\"@type\":\"BreadcrumbList\",\"@id\":\"https:\\\/\\\/luxles.si\\\/sl\\\/izdelek\\\/praskalniki\\\/#breadcrumb\",\"itemListElement\":[{\"@type\":\"ListItem\",\"position\":1,\"name\":\"Domov\",\"item\":\"https:\\\/\\\/luxles.si\\\/sl\\\/\"},{\"@type\":\"ListItem\",\"position\":2,\"name\":\"Trgovina\",\"item\":\"https:\\\/\\\/luxles.si\\\/sl\\\/shop\\\/\"},{\"@type\":\"ListItem\",\"position\":3,\"name\":\"Praskalniki\"}]},{\"@type\":\"WebSite\",\"@id\":\"https:\\\/\\\/luxles.si\\\/sl\\\/#website\",\"url\":\"https:\\\/\\\/luxles.si\\\/sl\\\/\",\"name\":\"LUX LES Dom Dekor\",\"description\":\"\",\"publisher\":{\"@id\":\"https:\\\/\\\/luxles.si\\\/sl\\\/#organization\"},\"potentialAction\":[{\"@type\":\"SearchAction\",\"target\":{\"@type\":\"EntryPoint\",\"urlTemplate\":\"https:\\\/\\\/luxles.si\\\/sl\\\/?s={search_term_string}\"},\"query-input\":{\"@type\":\"PropertyValueSpecification\",\"valueRequired\":true,\"valueName\":\"search_term_string\"}}],\"inLanguage\":\"sl-SI\"},{\"@type\":\"Organization\",\"@id\":\"https:\\\/\\\/luxles.si\\\/sl\\\/#organization\",\"name\":\"LUX LES Dom Dekor\",\"url\":\"https:\\\/\\\/luxles.si\\\/sl\\\/\",\"logo\":{\"@type\":\"ImageObject\",\"inLanguage\":\"sl-SI\",\"@id\":\"https:\\\/\\\/luxles.si\\\/sl\\\/#\\\/schema\\\/logo\\\/image\\\/\",\"url\":\"https:\\\/\\\/luxles.si\\\/wp-content\\\/uploads\\\/2020\\\/07\\\/logo.png\",\"contentUrl\":\"https:\\\/\\\/luxles.si\\\/wp-content\\\/uploads\\\/2020\\\/07\\\/logo.png\",\"width\":245,\"height\":70,\"caption\":\"LUX LES Dom Dekor\"},\"image\":{\"@id\":\"https:\\\/\\\/luxles.si\\\/sl\\\/#\\\/schema\\\/logo\\\/image\\\/\"},\"sameAs\":[\"https:\\\/\\\/www.facebook.com\\\/luxlesdomdekor\\\/\",\"https:\\\/\\\/www.instagram.com\\\/luxlesdomdekor\"]}]}<\/script>\n<!-- \/ Yoast SEO plugin. -->","yoast_head_json":{"title":"Praskalniki - LUX LES Dom Dekor","description":"Svojega ma\u010djega prijatelja razvajajte z na\u0161imi elegantnimi strgali za ma\u010dke. S skrbno izdelanimi lesenimi strgali za ma\u010dke omogo\u010dite svoji ma\u010dki vrhunsko izku\u0161njo praskanja.","robots":{"index":"index","follow":"follow","max-snippet":"max-snippet:-1","max-image-preview":"max-image-preview:large","max-video-preview":"max-video-preview:-1"},"canonical":"https:\/\/luxles.si\/sl\/izdelek\/praskalniki\/","og_locale":"sl_SI","og_type":"article","og_title":"Praskalniki - LUX LES Dom Dekor","og_description":"Svojega ma\u010djega prijatelja razvajajte z na\u0161imi elegantnimi strgali za ma\u010dke. S skrbno izdelanimi lesenimi strgali za ma\u010dke omogo\u010dite svoji ma\u010dki vrhunsko izku\u0161njo praskanja.","og_url":"https:\/\/luxles.si\/sl\/izdelek\/praskalniki\/","og_site_name":"LUX LES Dom Dekor","article_publisher":"https:\/\/www.facebook.com\/luxlesdomdekor\/","article_modified_time":"2024-09-10T07:03:53+00:00","og_image":[{"width":1952,"height":896,"url":"https:\/\/luxles.si\/wp-content\/uploads\/2024\/09\/456982779_437262172689882_4402003355037025148_n-min.jpg","type":"image\/jpeg"}],"twitter_card":"summary_large_image","schema":{"@context":"https:\/\/schema.org","@graph":[{"@type":"WebPage","@id":"https:\/\/luxles.si\/sl\/izdelek\/praskalniki\/","url":"https:\/\/luxles.si\/sl\/izdelek\/praskalniki\/","name":"Praskalniki - LUX LES Dom Dekor","isPartOf":{"@id":"https:\/\/luxles.si\/sl\/#website"},"primaryImageOfPage":{"@id":"https:\/\/luxles.si\/sl\/izdelek\/praskalniki\/#primaryimage"},"image":{"@id":"https:\/\/luxles.si\/sl\/izdelek\/praskalniki\/#primaryimage"},"thumbnailUrl":"https:\/\/luxles.si\/wp-content\/uploads\/2024\/09\/456982779_437262172689882_4402003355037025148_n-min.jpg","datePublished":"2024-09-10T05:55:51+00:00","dateModified":"2024-09-10T07:03:53+00:00","description":"Svojega ma\u010djega prijatelja razvajajte z na\u0161imi elegantnimi strgali za ma\u010dke. S skrbno izdelanimi lesenimi strgali za ma\u010dke omogo\u010dite svoji ma\u010dki vrhunsko izku\u0161njo praskanja.","breadcrumb":{"@id":"https:\/\/luxles.si\/sl\/izdelek\/praskalniki\/#breadcrumb"},"inLanguage":"sl-SI","potentialAction":[{"@type":"ReadAction","target":["https:\/\/luxles.si\/sl\/izdelek\/praskalniki\/"]}]},{"@type":"ImageObject","inLanguage":"sl-SI","@id":"https:\/\/luxles.si\/sl\/izdelek\/praskalniki\/#primaryimage","url":"https:\/\/luxles.si\/wp-content\/uploads\/2024\/09\/456982779_437262172689882_4402003355037025148_n-min.jpg","contentUrl":"https:\/\/luxles.si\/wp-content\/uploads\/2024\/09\/456982779_437262172689882_4402003355037025148_n-min.jpg","width":1952,"height":896,"caption":"Praskalniki"},{"@type":"BreadcrumbList","@id":"https:\/\/luxles.si\/sl\/izdelek\/praskalniki\/#breadcrumb","itemListElement":[{"@type":"ListItem","position":1,"name":"Domov","item":"https:\/\/luxles.si\/sl\/"},{"@type":"ListItem","position":2,"name":"Trgovina","item":"https:\/\/luxles.si\/sl\/shop\/"},{"@type":"ListItem","position":3,"name":"Praskalniki"}]},{"@type":"WebSite","@id":"https:\/\/luxles.si\/sl\/#website","url":"https:\/\/luxles.si\/sl\/","name":"LUX LES Dom Dekor","description":"","publisher":{"@id":"https:\/\/luxles.si\/sl\/#organization"},"potentialAction":[{"@type":"SearchAction","target":{"@type":"EntryPoint","urlTemplate":"https:\/\/luxles.si\/sl\/?s={search_term_string}"},"query-input":{"@type":"PropertyValueSpecification","valueRequired":true,"valueName":"search_term_string"}}],"inLanguage":"sl-SI"},{"@type":"Organization","@id":"https:\/\/luxles.si\/sl\/#organization","name":"LUX LES Dom Dekor","url":"https:\/\/luxles.si\/sl\/","logo":{"@type":"ImageObject","inLanguage":"sl-SI","@id":"https:\/\/luxles.si\/sl\/#\/schema\/logo\/image\/","url":"https:\/\/luxles.si\/wp-content\/uploads\/2020\/07\/logo.png","contentUrl":"https:\/\/luxles.si\/wp-content\/uploads\/2020\/07\/logo.png","width":245,"height":70,"caption":"LUX LES Dom Dekor"},"image":{"@id":"https:\/\/luxles.si\/sl\/#\/schema\/logo\/image\/"},"sameAs":["https:\/\/www.facebook.com\/luxlesdomdekor\/","https:\/\/www.instagram.com\/luxlesdomdekor"]}]}},"_links":{"self":[{"href":"https:\/\/luxles.si\/sl\/wp-json\/wp\/v2\/product\/8910","targetHints":{"allow":["GET"]}}],"collection":[{"href":"https:\/\/luxles.si\/sl\/wp-json\/wp\/v2\/product"}],"about":[{"href":"https:\/\/luxles.si\/sl\/wp-json\/wp\/v2\/types\/product"}],"replies":[{"embeddable":true,"href":"https:\/\/luxles.si\/sl\/wp-json\/wp\/v2\/comments?post=8910"}],"wp:featuredmedia":[{"embeddable":true,"href":"https:\/\/luxles.si\/sl\/wp-json\/wp\/v2\/media\/8900"}],"wp:attachment":[{"href":"https:\/\/luxles.si\/sl\/wp-json\/wp\/v2\/media?parent=8910"}],"wp:term":[{"taxonomy":"product_brand","embeddable":true,"href":"https:\/\/luxles.si\/sl\/wp-json\/wp\/v2\/product_brand?post=8910"},{"taxonomy":"product_cat","embeddable":true,"href":"https:\/\/luxles.si\/sl\/wp-json\/wp\/v2\/product_cat?post=8910"},{"taxonomy":"product_tag","embeddable":true,"href":"https:\/\/luxles.si\/sl\/wp-json\/wp\/v2\/product_tag?post=8910"},{"taxonomy":"giftcard-category","embeddable":true,"href":"https:\/\/luxles.si\/sl\/wp-json\/wp\/v2\/giftcard-category?post=8910"}],"curies":[{"name":"wp","href":"https:\/\/api.w.org\/{rel}","templated":true}]}}