{"id":8874,"date":"2024-08-15T11:52:11","date_gmt":"2024-08-15T09:52:11","guid":{"rendered":"https:\/\/luxles.si\/product\/darilna-kartica\/"},"modified":"2024-09-16T17:44:42","modified_gmt":"2024-09-16T15:44:42","slug":"darilna-kartica-lux-les-dom-dekor","status":"publish","type":"product","link":"https:\/\/luxles.si\/sl\/izdelek\/darilna-kartica-lux-les-dom-dekor\/","title":{"rendered":"Darilna kartica LUX LES DOM DEKOR"},"content":{"rendered":"","protected":false},"excerpt":{"rendered":"<div style=\"text-align: justify; font-family: Roboto, sans-serif; margin-bottom: 0.7em;\">Podarite darilno kartico LUX LES DOM DEKOR nekomu, ki vam je poseben. Darilne kartice LUX LES DOM DEKOR lahko uporabite za nakup na\u0161ih plo\u0161\u010d, predmetov za dekoracijo doma in \u0161e ve\u010d.<\/div>\n","protected":false},"featured_media":8876,"comment_status":"closed","ping_status":"closed","template":"","meta":[],"product_brand":[],"product_cat":[328],"product_tag":[330,200],"giftcard-category":[325],"class_list":{"0":"post-8874","1":"product","2":"type-product","3":"status-publish","4":"has-post-thumbnail","6":"product_cat-darilna-kartica","7":"product_tag-darilna-kartica-sl","8":"product_tag-darilo","9":"giftcard-category-all","11":"first","12":"instock","13":"virtual","14":"sold-individually","15":"taxable","16":"purchasable","17":"product-type-gift-card"},"yoast_head":"<!-- This site is optimized with the Yoast SEO plugin v27.0 - https:\/\/yoast.com\/product\/yoast-seo-wordpress\/ -->\n<title>Darilna kartica LUX LES DOM DEKOR - LUX LES Dom Dekor<\/title>\n<meta name=\"description\" content=\"Podarite darilno kartico LUX LES DOM DEKOR nekomu, ki vam je poseben. Darilne kartice LUX LES DOM DEKOR lahko uporabite za nakup na\u0161ih plo\u0161\u010d, predmetov za dekoracijo doma in \u0161e ve\u010d.\" \/>\n<meta name=\"robots\" content=\"index, follow, max-snippet:-1, max-image-preview:large, max-video-preview:-1\" \/>\n<link rel=\"canonical\" href=\"https:\/\/luxles.si\/sl\/izdelek\/darilna-kartica-lux-les-dom-dekor\/\" \/>\n<meta property=\"og:locale\" content=\"sl_SI\" \/>\n<meta property=\"og:type\" content=\"article\" \/>\n<meta property=\"og:title\" content=\"Darilna kartica LUX LES DOM DEKOR - LUX LES Dom Dekor\" \/>\n<meta property=\"og:description\" content=\"Podarite darilno kartico LUX LES DOM DEKOR nekomu, ki vam je poseben. Darilne kartice LUX LES DOM DEKOR lahko uporabite za nakup na\u0161ih plo\u0161\u010d, predmetov za dekoracijo doma in \u0161e ve\u010d.\" \/>\n<meta property=\"og:url\" content=\"https:\/\/luxles.si\/sl\/izdelek\/darilna-kartica-lux-les-dom-dekor\/\" \/>\n<meta property=\"og:site_name\" content=\"LUX LES Dom Dekor\" \/>\n<meta property=\"article:publisher\" content=\"https:\/\/www.facebook.com\/luxlesdomdekor\/\" \/>\n<meta property=\"article:modified_time\" content=\"2024-09-16T15:44:42+00:00\" \/>\n<meta property=\"og:image\" content=\"https:\/\/luxles.si\/wp-content\/uploads\/2024\/08\/Wood_Carved_Logo_-LUX_LES-min.jpg\" \/>\n\t<meta property=\"og:image:width\" content=\"1024\" \/>\n\t<meta property=\"og:image:height\" content=\"698\" \/>\n\t<meta property=\"og:image:type\" content=\"image\/jpeg\" \/>\n<meta name=\"twitter:card\" content=\"summary_large_image\" \/>\n<script type=\"application\/ld+json\" class=\"yoast-schema-graph\">{\"@context\":\"https:\/\/schema.org\",\"@graph\":[{\"@type\":\"WebPage\",\"@id\":\"https:\/\/luxles.si\/sl\/izdelek\/darilna-kartica-lux-les-dom-dekor\/\",\"url\":\"https:\/\/luxles.si\/sl\/izdelek\/darilna-kartica-lux-les-dom-dekor\/\",\"name\":\"Darilna kartica LUX LES DOM DEKOR - LUX LES Dom Dekor\",\"isPartOf\":{\"@id\":\"https:\/\/luxles.si\/sl\/#website\"},\"primaryImageOfPage\":{\"@id\":\"https:\/\/luxles.si\/sl\/izdelek\/darilna-kartica-lux-les-dom-dekor\/#primaryimage\"},\"image\":{\"@id\":\"https:\/\/luxles.si\/sl\/izdelek\/darilna-kartica-lux-les-dom-dekor\/#primaryimage\"},\"thumbnailUrl\":\"https:\/\/luxles.si\/wp-content\/uploads\/2024\/08\/Wood_Carved_Logo_-LUX_LES-min.jpg\",\"datePublished\":\"2024-08-15T09:52:11+00:00\",\"dateModified\":\"2024-09-16T15:44:42+00:00\",\"description\":\"Podarite darilno kartico LUX LES DOM DEKOR nekomu, ki vam je poseben. Darilne kartice LUX LES DOM DEKOR lahko uporabite za nakup na\u0161ih plo\u0161\u010d, predmetov za dekoracijo doma in \u0161e ve\u010d.\",\"breadcrumb\":{\"@id\":\"https:\/\/luxles.si\/sl\/izdelek\/darilna-kartica-lux-les-dom-dekor\/#breadcrumb\"},\"inLanguage\":\"sl-SI\",\"potentialAction\":[{\"@type\":\"ReadAction\",\"target\":[\"https:\/\/luxles.si\/sl\/izdelek\/darilna-kartica-lux-les-dom-dekor\/\"]}]},{\"@type\":\"ImageObject\",\"inLanguage\":\"sl-SI\",\"@id\":\"https:\/\/luxles.si\/sl\/izdelek\/darilna-kartica-lux-les-dom-dekor\/#primaryimage\",\"url\":\"https:\/\/luxles.si\/wp-content\/uploads\/2024\/08\/Wood_Carved_Logo_-LUX_LES-min.jpg\",\"contentUrl\":\"https:\/\/luxles.si\/wp-content\/uploads\/2024\/08\/Wood_Carved_Logo_-LUX_LES-min.jpg\",\"width\":1024,\"height\":698,\"caption\":\"Logotip darilne kartice\"},{\"@type\":\"BreadcrumbList\",\"@id\":\"https:\/\/luxles.si\/sl\/izdelek\/darilna-kartica-lux-les-dom-dekor\/#breadcrumb\",\"itemListElement\":[{\"@type\":\"ListItem\",\"position\":1,\"name\":\"Domov\",\"item\":\"https:\/\/luxles.si\/sl\/\"},{\"@type\":\"ListItem\",\"position\":2,\"name\":\"Trgovina\",\"item\":\"https:\/\/luxles.si\/sl\/shop\/\"},{\"@type\":\"ListItem\",\"position\":3,\"name\":\"Darilna kartica LUX LES DOM DEKOR\"}]},{\"@type\":\"WebSite\",\"@id\":\"https:\/\/luxles.si\/sl\/#website\",\"url\":\"https:\/\/luxles.si\/sl\/\",\"name\":\"LUX LES Dom Dekor\",\"description\":\"\",\"publisher\":{\"@id\":\"https:\/\/luxles.si\/sl\/#organization\"},\"potentialAction\":[{\"@type\":\"SearchAction\",\"target\":{\"@type\":\"EntryPoint\",\"urlTemplate\":\"https:\/\/luxles.si\/sl\/?s={search_term_string}\"},\"query-input\":{\"@type\":\"PropertyValueSpecification\",\"valueRequired\":true,\"valueName\":\"search_term_string\"}}],\"inLanguage\":\"sl-SI\"},{\"@type\":\"Organization\",\"@id\":\"https:\/\/luxles.si\/sl\/#organization\",\"name\":\"LUX LES Dom Dekor\",\"url\":\"https:\/\/luxles.si\/sl\/\",\"logo\":{\"@type\":\"ImageObject\",\"inLanguage\":\"sl-SI\",\"@id\":\"https:\/\/luxles.si\/sl\/#\/schema\/logo\/image\/\",\"url\":\"https:\/\/luxles.si\/wp-content\/uploads\/2020\/07\/logo.png\",\"contentUrl\":\"https:\/\/luxles.si\/wp-content\/uploads\/2020\/07\/logo.png\",\"width\":245,\"height\":70,\"caption\":\"LUX LES Dom Dekor\"},\"image\":{\"@id\":\"https:\/\/luxles.si\/sl\/#\/schema\/logo\/image\/\"},\"sameAs\":[\"https:\/\/www.facebook.com\/luxlesdomdekor\/\",\"https:\/\/www.instagram.com\/luxlesdomdekor\"]}]}<\/script>\n<!-- \/ Yoast SEO plugin. -->","yoast_head_json":{"title":"Darilna kartica LUX LES DOM DEKOR - LUX LES Dom Dekor","description":"Podarite darilno kartico LUX LES DOM DEKOR nekomu, ki vam je poseben. Darilne kartice LUX LES DOM DEKOR lahko uporabite za nakup na\u0161ih plo\u0161\u010d, predmetov za dekoracijo doma in \u0161e ve\u010d.","robots":{"index":"index","follow":"follow","max-snippet":"max-snippet:-1","max-image-preview":"max-image-preview:large","max-video-preview":"max-video-preview:-1"},"canonical":"https:\/\/luxles.si\/sl\/izdelek\/darilna-kartica-lux-les-dom-dekor\/","og_locale":"sl_SI","og_type":"article","og_title":"Darilna kartica LUX LES DOM DEKOR - LUX LES Dom Dekor","og_description":"Podarite darilno kartico LUX LES DOM DEKOR nekomu, ki vam je poseben. Darilne kartice LUX LES DOM DEKOR lahko uporabite za nakup na\u0161ih plo\u0161\u010d, predmetov za dekoracijo doma in \u0161e ve\u010d.","og_url":"https:\/\/luxles.si\/sl\/izdelek\/darilna-kartica-lux-les-dom-dekor\/","og_site_name":"LUX LES Dom Dekor","article_publisher":"https:\/\/www.facebook.com\/luxlesdomdekor\/","article_modified_time":"2024-09-16T15:44:42+00:00","og_image":[{"width":1024,"height":698,"url":"https:\/\/luxles.si\/wp-content\/uploads\/2024\/08\/Wood_Carved_Logo_-LUX_LES-min.jpg","type":"image\/jpeg"}],"twitter_card":"summary_large_image","schema":{"@context":"https:\/\/schema.org","@graph":[{"@type":"WebPage","@id":"https:\/\/luxles.si\/sl\/izdelek\/darilna-kartica-lux-les-dom-dekor\/","url":"https:\/\/luxles.si\/sl\/izdelek\/darilna-kartica-lux-les-dom-dekor\/","name":"Darilna kartica LUX LES DOM DEKOR - LUX LES Dom Dekor","isPartOf":{"@id":"https:\/\/luxles.si\/sl\/#website"},"primaryImageOfPage":{"@id":"https:\/\/luxles.si\/sl\/izdelek\/darilna-kartica-lux-les-dom-dekor\/#primaryimage"},"image":{"@id":"https:\/\/luxles.si\/sl\/izdelek\/darilna-kartica-lux-les-dom-dekor\/#primaryimage"},"thumbnailUrl":"https:\/\/luxles.si\/wp-content\/uploads\/2024\/08\/Wood_Carved_Logo_-LUX_LES-min.jpg","datePublished":"2024-08-15T09:52:11+00:00","dateModified":"2024-09-16T15:44:42+00:00","description":"Podarite darilno kartico LUX LES DOM DEKOR nekomu, ki vam je poseben. Darilne kartice LUX LES DOM DEKOR lahko uporabite za nakup na\u0161ih plo\u0161\u010d, predmetov za dekoracijo doma in \u0161e ve\u010d.","breadcrumb":{"@id":"https:\/\/luxles.si\/sl\/izdelek\/darilna-kartica-lux-les-dom-dekor\/#breadcrumb"},"inLanguage":"sl-SI","potentialAction":[{"@type":"ReadAction","target":["https:\/\/luxles.si\/sl\/izdelek\/darilna-kartica-lux-les-dom-dekor\/"]}]},{"@type":"ImageObject","inLanguage":"sl-SI","@id":"https:\/\/luxles.si\/sl\/izdelek\/darilna-kartica-lux-les-dom-dekor\/#primaryimage","url":"https:\/\/luxles.si\/wp-content\/uploads\/2024\/08\/Wood_Carved_Logo_-LUX_LES-min.jpg","contentUrl":"https:\/\/luxles.si\/wp-content\/uploads\/2024\/08\/Wood_Carved_Logo_-LUX_LES-min.jpg","width":1024,"height":698,"caption":"Logotip darilne kartice"},{"@type":"BreadcrumbList","@id":"https:\/\/luxles.si\/sl\/izdelek\/darilna-kartica-lux-les-dom-dekor\/#breadcrumb","itemListElement":[{"@type":"ListItem","position":1,"name":"Domov","item":"https:\/\/luxles.si\/sl\/"},{"@type":"ListItem","position":2,"name":"Trgovina","item":"https:\/\/luxles.si\/sl\/shop\/"},{"@type":"ListItem","position":3,"name":"Darilna kartica LUX LES DOM DEKOR"}]},{"@type":"WebSite","@id":"https:\/\/luxles.si\/sl\/#website","url":"https:\/\/luxles.si\/sl\/","name":"LUX LES Dom Dekor","description":"","publisher":{"@id":"https:\/\/luxles.si\/sl\/#organization"},"potentialAction":[{"@type":"SearchAction","target":{"@type":"EntryPoint","urlTemplate":"https:\/\/luxles.si\/sl\/?s={search_term_string}"},"query-input":{"@type":"PropertyValueSpecification","valueRequired":true,"valueName":"search_term_string"}}],"inLanguage":"sl-SI"},{"@type":"Organization","@id":"https:\/\/luxles.si\/sl\/#organization","name":"LUX LES Dom Dekor","url":"https:\/\/luxles.si\/sl\/","logo":{"@type":"ImageObject","inLanguage":"sl-SI","@id":"https:\/\/luxles.si\/sl\/#\/schema\/logo\/image\/","url":"https:\/\/luxles.si\/wp-content\/uploads\/2020\/07\/logo.png","contentUrl":"https:\/\/luxles.si\/wp-content\/uploads\/2020\/07\/logo.png","width":245,"height":70,"caption":"LUX LES Dom Dekor"},"image":{"@id":"https:\/\/luxles.si\/sl\/#\/schema\/logo\/image\/"},"sameAs":["https:\/\/www.facebook.com\/luxlesdomdekor\/","https:\/\/www.instagram.com\/luxlesdomdekor"]}]}},"_links":{"self":[{"href":"https:\/\/luxles.si\/sl\/wp-json\/wp\/v2\/product\/8874","targetHints":{"allow":["GET"]}}],"collection":[{"href":"https:\/\/luxles.si\/sl\/wp-json\/wp\/v2\/product"}],"about":[{"href":"https:\/\/luxles.si\/sl\/wp-json\/wp\/v2\/types\/product"}],"replies":[{"embeddable":true,"href":"https:\/\/luxles.si\/sl\/wp-json\/wp\/v2\/comments?post=8874"}],"wp:featuredmedia":[{"embeddable":true,"href":"https:\/\/luxles.si\/sl\/wp-json\/wp\/v2\/media\/8876"}],"wp:attachment":[{"href":"https:\/\/luxles.si\/sl\/wp-json\/wp\/v2\/media?parent=8874"}],"wp:term":[{"taxonomy":"product_brand","embeddable":true,"href":"https:\/\/luxles.si\/sl\/wp-json\/wp\/v2\/product_brand?post=8874"},{"taxonomy":"product_cat","embeddable":true,"href":"https:\/\/luxles.si\/sl\/wp-json\/wp\/v2\/product_cat?post=8874"},{"taxonomy":"product_tag","embeddable":true,"href":"https:\/\/luxles.si\/sl\/wp-json\/wp\/v2\/product_tag?post=8874"},{"taxonomy":"giftcard-category","embeddable":true,"href":"https:\/\/luxles.si\/sl\/wp-json\/wp\/v2\/giftcard-category?post=8874"}],"curies":[{"name":"wp","href":"https:\/\/api.w.org\/{rel}","templated":true}]}}