{"id":8419,"date":"2023-02-28T15:50:07","date_gmt":"2023-02-28T14:50:07","guid":{"rendered":"https:\/\/luxles.si\/?post_type=product&#038;p=8419"},"modified":"2023-02-28T19:04:47","modified_gmt":"2023-02-28T18:04:47","slug":"naravne-lesne-surovine","status":"publish","type":"product","link":"https:\/\/luxles.si\/sl\/izdelek\/naravne-lesne-surovine\/","title":{"rendered":"Naravne lesne surovine (trdi, mehki in eksoti\u010dni les)"},"content":{"rendered":"<p><strong>Lesni izdelki in Storitve LUX LES DOM DEKOR<\/strong><\/p>\n<p>&nbsp;<\/p>\n<p><span style=\"text-align: justify; display: block;\">Radi bi se predstavili kot eno vodilnih veletrgovcev, izvoznikov in trgovcev z visokokakovostnimi lesnimi izdelki in naravnimi surovinami iz trdega, mehkega lesa in eksoti\u010dnega lesa. Lahko vam dobavimo majhne in velike koli\u010dine.<\/span><\/p>\n<p>&nbsp;<\/p>\n<p><span style=\"text-align: justify; display: block;\">Na\u0161e zavezanosti k trajnosti so v sredi\u0161\u010du vsega, kar po\u010dnemo. Verjamemo v odgovorne gozdarske prakse in trdo delamo, da zagotovimo, da so na\u0161i lesni izdelki pridobljeni iz trajnostno upravljanih gozdov. Tesno sodelujemo z na\u0161imi strankami, da bi razumeli njihove potrebe in ponudili prilagojene re\u0161itve za izpolnjevanje njihovih zahtev. S tem ne le pomagamo za\u0161\u010dititi okolje, ampak zagotavljamo tudi dolgoro\u010dno \u017eivljenjsko dobo na\u0161ega podjetja.<\/span><\/p>\n","protected":false},"excerpt":{"rendered":"<p><span style=\"text-align: justify; display: block;\">Specializirani smo za vir, obdelavo in distribucijo surovih lesnih materialov, vklju\u010dno s trdimi, mehkimi in egzoti\u010dnimi lesi. Ponujamo \u0161iroko paleto lesnih materialov, ki zadovoljujejo potrebe razli\u010dnih industrij, vklju\u010dno s gradbeni\u0161tvom, izdelavo pohi\u0161tva in obdelavo lesa. Na\u0161i lesni izdelki so na voljo v razli\u010dnih velikostih, razredih in vrstah ter jih je mogo\u010de prilagoditi posebnim zahtevam strank. Sodelujemo z omre\u017ejem zaupanja vrednih dobaviteljev iz Hrva\u0161ke, Bosne in Srbije, da zagotovimo, da na\u0161i kupci prejmejo samo najbolj\u0161e lesne materiale. Ustanovili smo mo\u010dne odnose z mednarodnimi dobavitelji in logisti\u010dnimi podjetji, kar nam omogo\u010da, da strankam zagotovimo hitre in zanesljive dostavne storitve. Zavezani smo zagotavljati trajnostne in visoko kakovostne lesne izdelke kupcem po vsem svetu. Ne glede na to, ali i\u0161\u010dete kakovostne lesne materiale ali potrebujete pomo\u010d pri logistiki in dostavi, je na\u0161a ekipa tu, da vam pomaga.<\/span><br \/>\n<span style=\"text-align: justify; display: block;\">Na va\u0161o zahtevo vam bomo posredovali vse informacije, ki vas zanimajo.<\/span><\/p>\n","protected":false},"featured_media":8421,"comment_status":"open","ping_status":"closed","template":"","meta":[],"product_brand":[],"product_cat":[239],"product_tag":[285,206,186,235,205,287,220,234,225,208,217,218,286],"giftcard-category":[],"class_list":{"0":"post-8419","1":"product","2":"type-product","3":"status-publish","4":"has-post-thumbnail","6":"product_cat-naravne-surovine","7":"product_tag-eksoticni-lesi","8":"product_tag-hrast","9":"product_tag-kostanj","10":"product_tag-lesa","11":"product_tag-material-sl","12":"product_tag-mehkega-lesa","13":"product_tag-obnovljena-sl","14":"product_tag-oreh","15":"product_tag-smreka","16":"product_tag-star","17":"product_tag-surov","18":"product_tag-surovina","19":"product_tag-trdi-les","20":"pa_wood_species-bor","21":"pa_wood_species-hrast","22":"pa_wood_species-smreka","23":"pa_wood_species-akacija","24":"pa_wood_species-kostanj","26":"first","27":"instock","28":"sold-individually","29":"taxable","30":"shipping-taxable","31":"purchasable","32":"product-type-simple"},"yoast_head":"<!-- This site is optimized with the Yoast SEO plugin v27.0 - https:\/\/yoast.com\/product\/yoast-seo-wordpress\/ -->\n<title>Naravne lesne surovine (trdi, mehki in eksoti\u010dni les) - LUX LES Dom Dekor<\/title>\n<meta name=\"description\" content=\"Lux Les Dom Dekor je neposredni dobavitelj lesnih materialov, vklju\u010dno s trdimi, mehkimi in egzoti\u010dnimi lesi.\" \/>\n<meta name=\"robots\" content=\"index, follow, max-snippet:-1, max-image-preview:large, max-video-preview:-1\" \/>\n<link rel=\"canonical\" href=\"https:\/\/luxles.si\/sl\/izdelek\/naravne-lesne-surovine\/\" \/>\n<meta property=\"og:locale\" content=\"sl_SI\" \/>\n<meta property=\"og:type\" content=\"article\" \/>\n<meta property=\"og:title\" content=\"Naravne lesne surovine (trdi, mehki in eksoti\u010dni les) - LUX LES Dom Dekor\" \/>\n<meta property=\"og:description\" content=\"Lux Les Dom Dekor je neposredni dobavitelj lesnih materialov, vklju\u010dno s trdimi, mehkimi in egzoti\u010dnimi lesi.\" \/>\n<meta property=\"og:url\" content=\"https:\/\/luxles.si\/sl\/izdelek\/naravne-lesne-surovine\/\" \/>\n<meta property=\"og:site_name\" content=\"LUX LES Dom Dekor\" \/>\n<meta property=\"article:publisher\" content=\"https:\/\/www.facebook.com\/luxlesdomdekor\/\" \/>\n<meta property=\"article:modified_time\" content=\"2023-02-28T18:04:47+00:00\" \/>\n<meta property=\"og:image\" content=\"https:\/\/luxles.si\/wp-content\/uploads\/2023\/02\/main-received_5825262464194539-1200-800-min.jpg\" \/>\n\t<meta property=\"og:image:width\" content=\"1200\" \/>\n\t<meta property=\"og:image:height\" content=\"800\" \/>\n\t<meta property=\"og:image:type\" content=\"image\/jpeg\" \/>\n<meta name=\"twitter:card\" content=\"summary_large_image\" \/>\n<meta name=\"twitter:label1\" content=\"Est. reading time\" \/>\n\t<meta name=\"twitter:data1\" content=\"1 minuta\" \/>\n<script type=\"application\/ld+json\" class=\"yoast-schema-graph\">{\"@context\":\"https:\/\/schema.org\",\"@graph\":[{\"@type\":\"WebPage\",\"@id\":\"https:\/\/luxles.si\/sl\/izdelek\/naravne-lesne-surovine\/\",\"url\":\"https:\/\/luxles.si\/sl\/izdelek\/naravne-lesne-surovine\/\",\"name\":\"Naravne lesne surovine (trdi, mehki in eksoti\u010dni les) - LUX LES Dom Dekor\",\"isPartOf\":{\"@id\":\"https:\/\/luxles.si\/sl\/#website\"},\"primaryImageOfPage\":{\"@id\":\"https:\/\/luxles.si\/sl\/izdelek\/naravne-lesne-surovine\/#primaryimage\"},\"image\":{\"@id\":\"https:\/\/luxles.si\/sl\/izdelek\/naravne-lesne-surovine\/#primaryimage\"},\"thumbnailUrl\":\"https:\/\/luxles.si\/wp-content\/uploads\/2023\/02\/main-received_5825262464194539-1200-800-min.jpg\",\"datePublished\":\"2023-02-28T14:50:07+00:00\",\"dateModified\":\"2023-02-28T18:04:47+00:00\",\"description\":\"Lux Les Dom Dekor je neposredni dobavitelj lesnih materialov, vklju\u010dno s trdimi, mehkimi in egzoti\u010dnimi lesi.\",\"breadcrumb\":{\"@id\":\"https:\/\/luxles.si\/sl\/izdelek\/naravne-lesne-surovine\/#breadcrumb\"},\"inLanguage\":\"sl-SI\",\"potentialAction\":[{\"@type\":\"ReadAction\",\"target\":[\"https:\/\/luxles.si\/sl\/izdelek\/naravne-lesne-surovine\/\"]}]},{\"@type\":\"ImageObject\",\"inLanguage\":\"sl-SI\",\"@id\":\"https:\/\/luxles.si\/sl\/izdelek\/naravne-lesne-surovine\/#primaryimage\",\"url\":\"https:\/\/luxles.si\/wp-content\/uploads\/2023\/02\/main-received_5825262464194539-1200-800-min.jpg\",\"contentUrl\":\"https:\/\/luxles.si\/wp-content\/uploads\/2023\/02\/main-received_5825262464194539-1200-800-min.jpg\",\"width\":1200,\"height\":800},{\"@type\":\"BreadcrumbList\",\"@id\":\"https:\/\/luxles.si\/sl\/izdelek\/naravne-lesne-surovine\/#breadcrumb\",\"itemListElement\":[{\"@type\":\"ListItem\",\"position\":1,\"name\":\"Domov\",\"item\":\"https:\/\/luxles.si\/sl\/\"},{\"@type\":\"ListItem\",\"position\":2,\"name\":\"Trgovina\",\"item\":\"https:\/\/luxles.si\/sl\/shop\/\"},{\"@type\":\"ListItem\",\"position\":3,\"name\":\"Naravne lesne surovine (trdi, mehki in eksoti\u010dni les)\"}]},{\"@type\":\"WebSite\",\"@id\":\"https:\/\/luxles.si\/sl\/#website\",\"url\":\"https:\/\/luxles.si\/sl\/\",\"name\":\"LUX LES Dom Dekor\",\"description\":\"\",\"publisher\":{\"@id\":\"https:\/\/luxles.si\/sl\/#organization\"},\"potentialAction\":[{\"@type\":\"SearchAction\",\"target\":{\"@type\":\"EntryPoint\",\"urlTemplate\":\"https:\/\/luxles.si\/sl\/?s={search_term_string}\"},\"query-input\":{\"@type\":\"PropertyValueSpecification\",\"valueRequired\":true,\"valueName\":\"search_term_string\"}}],\"inLanguage\":\"sl-SI\"},{\"@type\":\"Organization\",\"@id\":\"https:\/\/luxles.si\/sl\/#organization\",\"name\":\"LUX LES Dom Dekor\",\"url\":\"https:\/\/luxles.si\/sl\/\",\"logo\":{\"@type\":\"ImageObject\",\"inLanguage\":\"sl-SI\",\"@id\":\"https:\/\/luxles.si\/sl\/#\/schema\/logo\/image\/\",\"url\":\"https:\/\/luxles.si\/wp-content\/uploads\/2020\/07\/logo.png\",\"contentUrl\":\"https:\/\/luxles.si\/wp-content\/uploads\/2020\/07\/logo.png\",\"width\":245,\"height\":70,\"caption\":\"LUX LES Dom Dekor\"},\"image\":{\"@id\":\"https:\/\/luxles.si\/sl\/#\/schema\/logo\/image\/\"},\"sameAs\":[\"https:\/\/www.facebook.com\/luxlesdomdekor\/\",\"https:\/\/www.instagram.com\/luxlesdomdekor\"]}]}<\/script>\n<!-- \/ Yoast SEO plugin. -->","yoast_head_json":{"title":"Naravne lesne surovine (trdi, mehki in eksoti\u010dni les) - LUX LES Dom Dekor","description":"Lux Les Dom Dekor je neposredni dobavitelj lesnih materialov, vklju\u010dno s trdimi, mehkimi in egzoti\u010dnimi lesi.","robots":{"index":"index","follow":"follow","max-snippet":"max-snippet:-1","max-image-preview":"max-image-preview:large","max-video-preview":"max-video-preview:-1"},"canonical":"https:\/\/luxles.si\/sl\/izdelek\/naravne-lesne-surovine\/","og_locale":"sl_SI","og_type":"article","og_title":"Naravne lesne surovine (trdi, mehki in eksoti\u010dni les) - LUX LES Dom Dekor","og_description":"Lux Les Dom Dekor je neposredni dobavitelj lesnih materialov, vklju\u010dno s trdimi, mehkimi in egzoti\u010dnimi lesi.","og_url":"https:\/\/luxles.si\/sl\/izdelek\/naravne-lesne-surovine\/","og_site_name":"LUX LES Dom Dekor","article_publisher":"https:\/\/www.facebook.com\/luxlesdomdekor\/","article_modified_time":"2023-02-28T18:04:47+00:00","og_image":[{"width":1200,"height":800,"url":"https:\/\/luxles.si\/wp-content\/uploads\/2023\/02\/main-received_5825262464194539-1200-800-min.jpg","type":"image\/jpeg"}],"twitter_card":"summary_large_image","twitter_misc":{"Est. reading time":"1 minuta"},"schema":{"@context":"https:\/\/schema.org","@graph":[{"@type":"WebPage","@id":"https:\/\/luxles.si\/sl\/izdelek\/naravne-lesne-surovine\/","url":"https:\/\/luxles.si\/sl\/izdelek\/naravne-lesne-surovine\/","name":"Naravne lesne surovine (trdi, mehki in eksoti\u010dni les) - LUX LES Dom Dekor","isPartOf":{"@id":"https:\/\/luxles.si\/sl\/#website"},"primaryImageOfPage":{"@id":"https:\/\/luxles.si\/sl\/izdelek\/naravne-lesne-surovine\/#primaryimage"},"image":{"@id":"https:\/\/luxles.si\/sl\/izdelek\/naravne-lesne-surovine\/#primaryimage"},"thumbnailUrl":"https:\/\/luxles.si\/wp-content\/uploads\/2023\/02\/main-received_5825262464194539-1200-800-min.jpg","datePublished":"2023-02-28T14:50:07+00:00","dateModified":"2023-02-28T18:04:47+00:00","description":"Lux Les Dom Dekor je neposredni dobavitelj lesnih materialov, vklju\u010dno s trdimi, mehkimi in egzoti\u010dnimi lesi.","breadcrumb":{"@id":"https:\/\/luxles.si\/sl\/izdelek\/naravne-lesne-surovine\/#breadcrumb"},"inLanguage":"sl-SI","potentialAction":[{"@type":"ReadAction","target":["https:\/\/luxles.si\/sl\/izdelek\/naravne-lesne-surovine\/"]}]},{"@type":"ImageObject","inLanguage":"sl-SI","@id":"https:\/\/luxles.si\/sl\/izdelek\/naravne-lesne-surovine\/#primaryimage","url":"https:\/\/luxles.si\/wp-content\/uploads\/2023\/02\/main-received_5825262464194539-1200-800-min.jpg","contentUrl":"https:\/\/luxles.si\/wp-content\/uploads\/2023\/02\/main-received_5825262464194539-1200-800-min.jpg","width":1200,"height":800},{"@type":"BreadcrumbList","@id":"https:\/\/luxles.si\/sl\/izdelek\/naravne-lesne-surovine\/#breadcrumb","itemListElement":[{"@type":"ListItem","position":1,"name":"Domov","item":"https:\/\/luxles.si\/sl\/"},{"@type":"ListItem","position":2,"name":"Trgovina","item":"https:\/\/luxles.si\/sl\/shop\/"},{"@type":"ListItem","position":3,"name":"Naravne lesne surovine (trdi, mehki in eksoti\u010dni les)"}]},{"@type":"WebSite","@id":"https:\/\/luxles.si\/sl\/#website","url":"https:\/\/luxles.si\/sl\/","name":"LUX LES Dom Dekor","description":"","publisher":{"@id":"https:\/\/luxles.si\/sl\/#organization"},"potentialAction":[{"@type":"SearchAction","target":{"@type":"EntryPoint","urlTemplate":"https:\/\/luxles.si\/sl\/?s={search_term_string}"},"query-input":{"@type":"PropertyValueSpecification","valueRequired":true,"valueName":"search_term_string"}}],"inLanguage":"sl-SI"},{"@type":"Organization","@id":"https:\/\/luxles.si\/sl\/#organization","name":"LUX LES Dom Dekor","url":"https:\/\/luxles.si\/sl\/","logo":{"@type":"ImageObject","inLanguage":"sl-SI","@id":"https:\/\/luxles.si\/sl\/#\/schema\/logo\/image\/","url":"https:\/\/luxles.si\/wp-content\/uploads\/2020\/07\/logo.png","contentUrl":"https:\/\/luxles.si\/wp-content\/uploads\/2020\/07\/logo.png","width":245,"height":70,"caption":"LUX LES Dom Dekor"},"image":{"@id":"https:\/\/luxles.si\/sl\/#\/schema\/logo\/image\/"},"sameAs":["https:\/\/www.facebook.com\/luxlesdomdekor\/","https:\/\/www.instagram.com\/luxlesdomdekor"]}]}},"_links":{"self":[{"href":"https:\/\/luxles.si\/sl\/wp-json\/wp\/v2\/product\/8419","targetHints":{"allow":["GET"]}}],"collection":[{"href":"https:\/\/luxles.si\/sl\/wp-json\/wp\/v2\/product"}],"about":[{"href":"https:\/\/luxles.si\/sl\/wp-json\/wp\/v2\/types\/product"}],"replies":[{"embeddable":true,"href":"https:\/\/luxles.si\/sl\/wp-json\/wp\/v2\/comments?post=8419"}],"wp:featuredmedia":[{"embeddable":true,"href":"https:\/\/luxles.si\/sl\/wp-json\/wp\/v2\/media\/8421"}],"wp:attachment":[{"href":"https:\/\/luxles.si\/sl\/wp-json\/wp\/v2\/media?parent=8419"}],"wp:term":[{"taxonomy":"product_brand","embeddable":true,"href":"https:\/\/luxles.si\/sl\/wp-json\/wp\/v2\/product_brand?post=8419"},{"taxonomy":"product_cat","embeddable":true,"href":"https:\/\/luxles.si\/sl\/wp-json\/wp\/v2\/product_cat?post=8419"},{"taxonomy":"product_tag","embeddable":true,"href":"https:\/\/luxles.si\/sl\/wp-json\/wp\/v2\/product_tag?post=8419"},{"taxonomy":"giftcard-category","embeddable":true,"href":"https:\/\/luxles.si\/sl\/wp-json\/wp\/v2\/giftcard-category?post=8419"}],"curies":[{"name":"wp","href":"https:\/\/api.w.org\/{rel}","templated":true}]}}