{"id":6776,"date":"2021-08-24T07:54:26","date_gmt":"2021-08-24T05:54:26","guid":{"rendered":"https:\/\/luxles.si\/product\/jedilna-miza-sion\/"},"modified":"2025-05-26T09:14:59","modified_gmt":"2025-05-26T07:14:59","slug":"jedilna-miza-sion","status":"publish","type":"product","link":"https:\/\/luxles.si\/sl\/izdelek\/jedilna-miza-sion\/","title":{"rendered":"Jedilna miza SION"},"content":{"rendered":"<p><strong>Lesni izdelki LUX LES DOM-DEKOR<\/strong><br \/>\n<span style=\"text-align: justify; display: block;\">Ro\u010dno izdelana jedilna miza &#8220;SION&#8221; je ljube\u010de izdelana iz 100% naravnega hrasta. Tako, da lahko v svojih domovih do\u017eivite lepoto hrasta. Zaradi naravne oblike in ro\u010dno izdelanih predmetov je vsak kos edinstven. Je popolnoma ro\u010dno izdelan in okolju prijazen, da ustvari va\u0161 edinstven prostor, druga\u010den od vseh drugih.<\/span><\/p>\n<p>&nbsp;<\/p>\n<p><span style=\"text-align: justify; display: block;\">Zgornji del je izdelan iz posebej izbranega strukturiranega hrasta. Namizna plo\u0161\u010da ima razli\u010dne odtenke, temne vozle in svetle \u010drte, ki potekajo vzdol\u017e in \u010dez mizo. Vsak izdelek je narejen po naro\u010dilu, zato ima glede na serijo lesa tudi svoje edinstvene lastnosti, barvo in teksturo lesa.<\/span><\/p>\n<p>&nbsp;<\/p>\n<p><span style=\"text-align: justify; display: block;\">Jedilna miza &#8220;SION&#8221; ima impresivno 10-letno garancijo (glejte zavihek \u00bbGARANCIJA\u00ab), \u010de jo pravilno negujete (glejte zavihek \u00bbNEGA IN \u010cI\u0160\u010cENJE\u00ab).<\/span><\/p>\n<ul>\n<li>Za \u010di\u0161\u010denje ne uporabljajte abrazivnih sredstev.<\/li>\n<li>Vsa razlitja in pu\u0161\u010danja takoj obri\u0161ite s krpo ali brisa\u010dami.<\/li>\n<li>Za vsakodnevno \u010di\u0161\u010denje uporabljajte milnico in neabrazivna \u010distila.<\/li>\n<\/ul>\n<p>&nbsp;<\/p>\n<p><span style=\"text-align: justify; display: block;\">Vse mize so narejene po naro\u010dilu. Izdelki, prikazani na tem seznamu, so bili prodani, vendar jih lahko podobno prilagodimo tudi vam. Izdelamo vam lahko poljubno velikost. S tem kalkulatorjem lahko izberete lastno jedilna miza &#8220;SION&#8221; , da ustvarite svoj edinstven prostor, druga\u010den od vsakega drugega, v koli\u010dini, ki jo potrebujete. \u010ce ne najdete, kar potrebujete, bomo na va\u0161o zahtevo izdelali jedilna miza po meri. Na tej strani izberite \u00bb<a class=\"lewct_request_sion_dining_table\" href=\"#\">Zahtevaj ponudbo<\/a>\u00ab. Lahko pa <a href=\"tel:+38669407615\">pokli\u010dete<\/a> enega izmed na\u0161ih strokovnjakov in mu zastavite va\u0161a vpra\u0161anja.<\/span><\/p>\n<p>&nbsp;<\/p>\n<p><span style=\"text-align: justify; display: block;\">Da bi izpolnili va\u0161a pri\u010dakovanja, ne ponujamo le mo\u017enosti spreminjanja velikosti izdelkov, temve\u010d tudi na\u010drtovanje in realizacijo novih, individualnih projektov. Mo\u017eno je po predhodnem kontaktu z nami in dogovoru o podrobnostih. Kontaktirajte nas prek zavihka Zastavite vpra\u0161anje (Q&amp;A) na tej strani.<\/span><\/p>\n<p>&nbsp;<\/p>\n<p><strong>Splo\u0161en opis izdelka:<\/strong><\/p>\n<ul>\n<li>Material &#8211; naravni hrast, pobarvane kovinske noge.<\/li>\n<li>Pokrov &#8211; naravno olje.<\/li>\n<li>Zelo preprosta namestitev. Vsa oprema bo v paketu. Z lahkoto jo sestavite samo z izvija\u010dem (glejte zavihek \u00bbNAMESTITEV\u00ab).<\/li>\n<\/ul>\n<p>&nbsp;<\/p>\n<p><strong>Razlogi, zakaj nas stranke izberejo:<\/strong><\/p>\n<ul>\n<li>Kakovostno pohi\u0161tvo.<\/li>\n<li>Ro\u010dno izdelano pohi\u0161tvo.<\/li>\n<li>V harmoniji z naravo (uporabljamo samo okolju prijazna olja in barve).<\/li>\n<li>Posebno izbrani materiali.<\/li>\n<li>Brez\u010dasen dizajn.<\/li>\n<\/ul>\n","protected":false},"excerpt":{"rendered":"<p><span style=\"text-align: justify; display: block;\">Z veseljem vam lahko ponudimo ro\u010dno izdelano jedilno mizo &#8220;SION&#8221;.<\/span><br \/>\n<span style=\"text-align: justify; display: block;\">Jedilna miza SION je moderna jedilna miza v industrijskem slogu. Ta miza je lepa kombinacija plo\u0161\u010de iz masivnega hrasta in \u010drne jeklene podlage. Funkcionalna, minimalisti\u010dna oblika in uporaba samo naravnih materialov naredijo to mizo popolno izbiro za sodoben dom. Lahko se uporablja tudi kot kuhinjska miza ali preprosta pisalna\/pisarni\u0161ka miza.<\/span><br \/>\n<span style=\"text-align: justify; display: block;\">S tem kalkulatorjem lahko izberete lastno jedilna miza &#8220;SION&#8221; , da ustvarite svoj edinstven prostor, druga\u010den od vsakega drugega, v koli\u010dini, ki jo potrebujete. \u010ce ne najdete, kar potrebujete, bomo na va\u0161o zahtevo izdelali jedilna miza po meri. Na tej strani izberite \u00bb<a class=\"lewct_request_sion_dining_table\" href=\"#\">Zahtevaj ponudbo<\/a>\u00ab. Lahko pa <a href=\"tel:+38669407615\">pokli\u010dete<\/a> enega izmed na\u0161ih strokovnjakov in mu zastavite va\u0161a vpra\u0161anja.<\/span><\/p>\n","protected":false},"featured_media":6617,"comment_status":"open","ping_status":"closed","template":"","meta":[],"product_brand":[],"product_cat":[361],"product_tag":[204,203,206,190,229,199],"giftcard-category":[],"class_list":{"0":"post-6776","1":"product","2":"type-product","3":"status-publish","4":"has-post-thumbnail","6":"product_cat-lesene-mize","7":"product_tag-hisa","8":"product_tag-dompohistvo","9":"product_tag-hrast","10":"product_tag-kavna-mizica","11":"product_tag-mizo","12":"product_tag-pohistvo","13":"product_shipping_class-v-3-4-tednih","14":"pa_quantity_measure-kos-sl","15":"pa_unit_price-kos-sl","16":"pa_warranty-cofeetable-sl-2","17":"pa_wood_species-hrast","19":"first","20":"instock","21":"taxable","22":"shipping-taxable","23":"purchasable","24":"product-type-simple"},"yoast_head":"<!-- This site is optimized with the Yoast SEO plugin v27.0 - https:\/\/yoast.com\/product\/yoast-seo-wordpress\/ -->\n<title>LUX LES Dom Dekor - Jedilna miza SION<\/title>\n<meta name=\"description\" content=\"Jedilna miza SION je moderna jedilna miza v industrijskem slogu. Ta miza je lepa kombinacija plo\u0161\u010de iz masivnega hrasta in \u010drne jeklene podlage. Funkcionalna, minimalisti\u010dna oblika in uporaba samo naravnih materialov naredijo to mizo popolno izbiro za sodoben dom.\" \/>\n<meta name=\"robots\" content=\"index, follow, max-snippet:-1, max-image-preview:large, max-video-preview:-1\" \/>\n<link rel=\"canonical\" href=\"https:\/\/luxles.si\/sl\/izdelek\/jedilna-miza-sion\/\" \/>\n<meta property=\"og:locale\" content=\"sl_SI\" \/>\n<meta property=\"og:type\" content=\"article\" \/>\n<meta property=\"og:title\" content=\"LUX LES Dom Dekor - Jedilna miza SION\" \/>\n<meta property=\"og:description\" content=\"Jedilna miza SION je moderna jedilna miza v industrijskem slogu. Ta miza je lepa kombinacija plo\u0161\u010de iz masivnega hrasta in \u010drne jeklene podlage. Funkcionalna, minimalisti\u010dna oblika in uporaba samo naravnih materialov naredijo to mizo popolno izbiro za sodoben dom.\" \/>\n<meta property=\"og:url\" content=\"https:\/\/luxles.si\/sl\/izdelek\/jedilna-miza-sion\/\" \/>\n<meta property=\"og:site_name\" content=\"LUX LES Dom Dekor\" \/>\n<meta property=\"article:publisher\" content=\"https:\/\/www.facebook.com\/luxlesdomdekor\/\" \/>\n<meta property=\"article:modified_time\" content=\"2025-05-26T07:14:59+00:00\" \/>\n<meta property=\"og:image\" content=\"https:\/\/luxles.si\/wp-content\/uploads\/2021\/06\/hrast-min.jpg\" \/>\n\t<meta property=\"og:image:width\" content=\"800\" \/>\n\t<meta property=\"og:image:height\" content=\"600\" \/>\n\t<meta property=\"og:image:type\" content=\"image\/jpeg\" \/>\n<meta name=\"twitter:card\" content=\"summary_large_image\" \/>\n<meta name=\"twitter:label1\" content=\"Est. reading time\" \/>\n\t<meta name=\"twitter:data1\" content=\"2 minuti\" \/>\n<script type=\"application\/ld+json\" class=\"yoast-schema-graph\">{\"@context\":\"https:\/\/schema.org\",\"@graph\":[{\"@type\":\"WebPage\",\"@id\":\"https:\/\/luxles.si\/sl\/izdelek\/jedilna-miza-sion\/\",\"url\":\"https:\/\/luxles.si\/sl\/izdelek\/jedilna-miza-sion\/\",\"name\":\"LUX LES Dom Dekor - Jedilna miza SION\",\"isPartOf\":{\"@id\":\"https:\/\/luxles.si\/sl\/#website\"},\"primaryImageOfPage\":{\"@id\":\"https:\/\/luxles.si\/sl\/izdelek\/jedilna-miza-sion\/#primaryimage\"},\"image\":{\"@id\":\"https:\/\/luxles.si\/sl\/izdelek\/jedilna-miza-sion\/#primaryimage\"},\"thumbnailUrl\":\"https:\/\/luxles.si\/wp-content\/uploads\/2021\/06\/hrast-min.jpg\",\"datePublished\":\"2021-08-24T05:54:26+00:00\",\"dateModified\":\"2025-05-26T07:14:59+00:00\",\"description\":\"Jedilna miza SION je moderna jedilna miza v industrijskem slogu. Ta miza je lepa kombinacija plo\u0161\u010de iz masivnega hrasta in \u010drne jeklene podlage. Funkcionalna, minimalisti\u010dna oblika in uporaba samo naravnih materialov naredijo to mizo popolno izbiro za sodoben dom.\",\"breadcrumb\":{\"@id\":\"https:\/\/luxles.si\/sl\/izdelek\/jedilna-miza-sion\/#breadcrumb\"},\"inLanguage\":\"sl-SI\",\"potentialAction\":[{\"@type\":\"ReadAction\",\"target\":[\"https:\/\/luxles.si\/sl\/izdelek\/jedilna-miza-sion\/\"]}]},{\"@type\":\"ImageObject\",\"inLanguage\":\"sl-SI\",\"@id\":\"https:\/\/luxles.si\/sl\/izdelek\/jedilna-miza-sion\/#primaryimage\",\"url\":\"https:\/\/luxles.si\/wp-content\/uploads\/2021\/06\/hrast-min.jpg\",\"contentUrl\":\"https:\/\/luxles.si\/wp-content\/uploads\/2021\/06\/hrast-min.jpg\",\"width\":800,\"height\":600},{\"@type\":\"BreadcrumbList\",\"@id\":\"https:\/\/luxles.si\/sl\/izdelek\/jedilna-miza-sion\/#breadcrumb\",\"itemListElement\":[{\"@type\":\"ListItem\",\"position\":1,\"name\":\"Domov\",\"item\":\"https:\/\/luxles.si\/sl\/\"},{\"@type\":\"ListItem\",\"position\":2,\"name\":\"Trgovina\",\"item\":\"https:\/\/luxles.si\/sl\/shop\/\"},{\"@type\":\"ListItem\",\"position\":3,\"name\":\"Jedilna miza SION\"}]},{\"@type\":\"WebSite\",\"@id\":\"https:\/\/luxles.si\/sl\/#website\",\"url\":\"https:\/\/luxles.si\/sl\/\",\"name\":\"LUX LES Dom Dekor\",\"description\":\"\",\"publisher\":{\"@id\":\"https:\/\/luxles.si\/sl\/#organization\"},\"potentialAction\":[{\"@type\":\"SearchAction\",\"target\":{\"@type\":\"EntryPoint\",\"urlTemplate\":\"https:\/\/luxles.si\/sl\/?s={search_term_string}\"},\"query-input\":{\"@type\":\"PropertyValueSpecification\",\"valueRequired\":true,\"valueName\":\"search_term_string\"}}],\"inLanguage\":\"sl-SI\"},{\"@type\":\"Organization\",\"@id\":\"https:\/\/luxles.si\/sl\/#organization\",\"name\":\"LUX LES Dom Dekor\",\"url\":\"https:\/\/luxles.si\/sl\/\",\"logo\":{\"@type\":\"ImageObject\",\"inLanguage\":\"sl-SI\",\"@id\":\"https:\/\/luxles.si\/sl\/#\/schema\/logo\/image\/\",\"url\":\"https:\/\/luxles.si\/wp-content\/uploads\/2020\/07\/logo.png\",\"contentUrl\":\"https:\/\/luxles.si\/wp-content\/uploads\/2020\/07\/logo.png\",\"width\":245,\"height\":70,\"caption\":\"LUX LES Dom Dekor\"},\"image\":{\"@id\":\"https:\/\/luxles.si\/sl\/#\/schema\/logo\/image\/\"},\"sameAs\":[\"https:\/\/www.facebook.com\/luxlesdomdekor\/\",\"https:\/\/www.instagram.com\/luxlesdomdekor\"]}]}<\/script>\n<!-- \/ Yoast SEO plugin. -->","yoast_head_json":{"title":"LUX LES Dom Dekor - Jedilna miza SION","description":"Jedilna miza SION je moderna jedilna miza v industrijskem slogu. Ta miza je lepa kombinacija plo\u0161\u010de iz masivnega hrasta in \u010drne jeklene podlage. Funkcionalna, minimalisti\u010dna oblika in uporaba samo naravnih materialov naredijo to mizo popolno izbiro za sodoben dom.","robots":{"index":"index","follow":"follow","max-snippet":"max-snippet:-1","max-image-preview":"max-image-preview:large","max-video-preview":"max-video-preview:-1"},"canonical":"https:\/\/luxles.si\/sl\/izdelek\/jedilna-miza-sion\/","og_locale":"sl_SI","og_type":"article","og_title":"LUX LES Dom Dekor - Jedilna miza SION","og_description":"Jedilna miza SION je moderna jedilna miza v industrijskem slogu. Ta miza je lepa kombinacija plo\u0161\u010de iz masivnega hrasta in \u010drne jeklene podlage. Funkcionalna, minimalisti\u010dna oblika in uporaba samo naravnih materialov naredijo to mizo popolno izbiro za sodoben dom.","og_url":"https:\/\/luxles.si\/sl\/izdelek\/jedilna-miza-sion\/","og_site_name":"LUX LES Dom Dekor","article_publisher":"https:\/\/www.facebook.com\/luxlesdomdekor\/","article_modified_time":"2025-05-26T07:14:59+00:00","og_image":[{"width":800,"height":600,"url":"https:\/\/luxles.si\/wp-content\/uploads\/2021\/06\/hrast-min.jpg","type":"image\/jpeg"}],"twitter_card":"summary_large_image","twitter_misc":{"Est. reading time":"2 minuti"},"schema":{"@context":"https:\/\/schema.org","@graph":[{"@type":"WebPage","@id":"https:\/\/luxles.si\/sl\/izdelek\/jedilna-miza-sion\/","url":"https:\/\/luxles.si\/sl\/izdelek\/jedilna-miza-sion\/","name":"LUX LES Dom Dekor - Jedilna miza SION","isPartOf":{"@id":"https:\/\/luxles.si\/sl\/#website"},"primaryImageOfPage":{"@id":"https:\/\/luxles.si\/sl\/izdelek\/jedilna-miza-sion\/#primaryimage"},"image":{"@id":"https:\/\/luxles.si\/sl\/izdelek\/jedilna-miza-sion\/#primaryimage"},"thumbnailUrl":"https:\/\/luxles.si\/wp-content\/uploads\/2021\/06\/hrast-min.jpg","datePublished":"2021-08-24T05:54:26+00:00","dateModified":"2025-05-26T07:14:59+00:00","description":"Jedilna miza SION je moderna jedilna miza v industrijskem slogu. Ta miza je lepa kombinacija plo\u0161\u010de iz masivnega hrasta in \u010drne jeklene podlage. Funkcionalna, minimalisti\u010dna oblika in uporaba samo naravnih materialov naredijo to mizo popolno izbiro za sodoben dom.","breadcrumb":{"@id":"https:\/\/luxles.si\/sl\/izdelek\/jedilna-miza-sion\/#breadcrumb"},"inLanguage":"sl-SI","potentialAction":[{"@type":"ReadAction","target":["https:\/\/luxles.si\/sl\/izdelek\/jedilna-miza-sion\/"]}]},{"@type":"ImageObject","inLanguage":"sl-SI","@id":"https:\/\/luxles.si\/sl\/izdelek\/jedilna-miza-sion\/#primaryimage","url":"https:\/\/luxles.si\/wp-content\/uploads\/2021\/06\/hrast-min.jpg","contentUrl":"https:\/\/luxles.si\/wp-content\/uploads\/2021\/06\/hrast-min.jpg","width":800,"height":600},{"@type":"BreadcrumbList","@id":"https:\/\/luxles.si\/sl\/izdelek\/jedilna-miza-sion\/#breadcrumb","itemListElement":[{"@type":"ListItem","position":1,"name":"Domov","item":"https:\/\/luxles.si\/sl\/"},{"@type":"ListItem","position":2,"name":"Trgovina","item":"https:\/\/luxles.si\/sl\/shop\/"},{"@type":"ListItem","position":3,"name":"Jedilna miza SION"}]},{"@type":"WebSite","@id":"https:\/\/luxles.si\/sl\/#website","url":"https:\/\/luxles.si\/sl\/","name":"LUX LES Dom Dekor","description":"","publisher":{"@id":"https:\/\/luxles.si\/sl\/#organization"},"potentialAction":[{"@type":"SearchAction","target":{"@type":"EntryPoint","urlTemplate":"https:\/\/luxles.si\/sl\/?s={search_term_string}"},"query-input":{"@type":"PropertyValueSpecification","valueRequired":true,"valueName":"search_term_string"}}],"inLanguage":"sl-SI"},{"@type":"Organization","@id":"https:\/\/luxles.si\/sl\/#organization","name":"LUX LES Dom Dekor","url":"https:\/\/luxles.si\/sl\/","logo":{"@type":"ImageObject","inLanguage":"sl-SI","@id":"https:\/\/luxles.si\/sl\/#\/schema\/logo\/image\/","url":"https:\/\/luxles.si\/wp-content\/uploads\/2020\/07\/logo.png","contentUrl":"https:\/\/luxles.si\/wp-content\/uploads\/2020\/07\/logo.png","width":245,"height":70,"caption":"LUX LES Dom Dekor"},"image":{"@id":"https:\/\/luxles.si\/sl\/#\/schema\/logo\/image\/"},"sameAs":["https:\/\/www.facebook.com\/luxlesdomdekor\/","https:\/\/www.instagram.com\/luxlesdomdekor"]}]}},"_links":{"self":[{"href":"https:\/\/luxles.si\/sl\/wp-json\/wp\/v2\/product\/6776","targetHints":{"allow":["GET"]}}],"collection":[{"href":"https:\/\/luxles.si\/sl\/wp-json\/wp\/v2\/product"}],"about":[{"href":"https:\/\/luxles.si\/sl\/wp-json\/wp\/v2\/types\/product"}],"replies":[{"embeddable":true,"href":"https:\/\/luxles.si\/sl\/wp-json\/wp\/v2\/comments?post=6776"}],"wp:featuredmedia":[{"embeddable":true,"href":"https:\/\/luxles.si\/sl\/wp-json\/wp\/v2\/media\/6617"}],"wp:attachment":[{"href":"https:\/\/luxles.si\/sl\/wp-json\/wp\/v2\/media?parent=6776"}],"wp:term":[{"taxonomy":"product_brand","embeddable":true,"href":"https:\/\/luxles.si\/sl\/wp-json\/wp\/v2\/product_brand?post=6776"},{"taxonomy":"product_cat","embeddable":true,"href":"https:\/\/luxles.si\/sl\/wp-json\/wp\/v2\/product_cat?post=6776"},{"taxonomy":"product_tag","embeddable":true,"href":"https:\/\/luxles.si\/sl\/wp-json\/wp\/v2\/product_tag?post=6776"},{"taxonomy":"giftcard-category","embeddable":true,"href":"https:\/\/luxles.si\/sl\/wp-json\/wp\/v2\/giftcard-category?post=6776"}],"curies":[{"name":"wp","href":"https:\/\/api.w.org\/{rel}","templated":true}]}}