{"id":6773,"date":"2020-08-09T17:35:46","date_gmt":"2020-08-09T15:35:46","guid":{"rendered":"https:\/\/luxles.si\/product\/nosilec-vinilne-plosce\/"},"modified":"2023-02-28T18:32:03","modified_gmt":"2023-02-28T17:32:03","slug":"nosilec-vinilne-plosce","status":"publish","type":"product","link":"https:\/\/luxles.si\/sl\/izdelek\/nosilec-vinilne-plosce\/","title":{"rendered":"Nosilec vinilne plo\u0161\u010de"},"content":{"rendered":"<p><strong>Lesni izdelki LUX LES DOM-DEKOR<\/strong><br \/>\n<span style=\"text-align: justify; display: block;\">Skladi\u0161\u010denje LP. Nosilec vinilne plo\u0161\u010de. Zaboj za album. Namizni rekorder. LP stojalo.<\/span><\/p>\n<p>&nbsp;<\/p>\n<p><span style=\"text-align: justify; display: block;\">Stojalo re\u0161uje problem ohranjanja dnevnega izbora poslu\u0161anja. \u010ce zbirka \u0161e raste, jo lahko uporabite tudi kot skladi\u0161\u010de, preden se preselite v na\u0161e zaboje. Minimalisti\u010dna oblika izgleda kul na polici ali mizi. Lahko se uporablja tudi kot razstavna polica za velike ali navadne knjige.<\/span><\/p>\n<p>&nbsp;<\/p>\n<p><strong>Splo\u0161en opis izdelka<\/strong><\/p>\n<ul>\n<li>Vinilno stojalo za plo\u0161\u010de je izdelano iz naravnih surovin, slovenski oreh.<\/li>\n<li>Za\u0161\u010diten z okolju prijaznim oljem<\/li>\n<li>Kon\u010dana, UV-su\u0161ena<\/li>\n<li>Elegantno minimalisti\u010dno oblikovanje.<\/li>\n<li>Ro\u010dno kovano kovinsko stojalo za plo\u0161\u010de.<\/li>\n<li>\u010crna \u017eametna barva.<\/li>\n<li>Kvadratna kovinska cev 10&#215;10 mm. Lahek in zelo trden.<\/li>\n<li>Te\u017ea: do 5 kg, odvisno od modela.<\/li>\n<\/ul>\n","protected":false},"excerpt":{"rendered":"<p><span style=\"text-align: justify; display: block;\">Ro\u010dno izdelan nosilec za vinilne plo\u0161\u010de je idealen za shranjevanje vinilnih plo\u0161\u010d ali police za navadne knjige. Je popolno darilo za prijatelje in star\u0161e ter odli\u010den predmet za dekoracijo doma, ki se popolnoma prilega dnevni sobi.<\/span><br \/>\n<span style=\"text-align: justify; display: block;\">IZDELEK JE POPOLNOMA SESTAVLJEN in PRIPRAVLJEN ZA UPORABO IZ \u0160KATLE.<\/span><br \/>\n<span style=\"text-align: justify; display: block;\">Dr\u017ealo za vinil vsebuje od 80 do 120 plo\u0161\u010d, odvisno od modela, ki ga izberete:<\/span><\/p>\n","protected":false},"featured_media":6613,"comment_status":"open","ping_status":"closed","template":"","meta":[],"product_brand":[],"product_cat":[238],"product_tag":[204,235,202,234,207,199,228,232],"giftcard-category":[],"class_list":{"0":"post-6773","1":"product","2":"type-product","3":"status-publish","4":"has-post-thumbnail","6":"product_cat-dom-in-dekor","7":"product_tag-hisa","8":"product_tag-lesa","9":"product_tag-nosilec","10":"product_tag-oreh","11":"product_tag-pisarna","12":"product_tag-pohistvo","13":"product_tag-stilsko","14":"product_tag-vinil","15":"product_shipping_class-v-3-4-tednih","16":"pa_quantity_measure-kos-sl","17":"pa_unit_price-kos-sl","18":"pa_warranty-candconly-sl-2","19":"pa_wood_species-oreh","21":"first","22":"instock","23":"taxable","24":"shipping-taxable","25":"purchasable","26":"product-type-simple"},"yoast_head":"<!-- This site is optimized with the Yoast SEO plugin v27.0 - https:\/\/yoast.com\/product\/yoast-seo-wordpress\/ -->\n<title>Nosilec vinilne plo\u0161\u010de - LUX LES Dom Dekor<\/title>\n<meta name=\"description\" content=\"Ro\u010dno izdelan nosilec za vinilne plo\u0161\u010de je idealen za shranjevanje vinilnih plo\u0161\u010d ali police za navadne knjige. Je popolno darilo za prijatelje in star\u0161e ter odli\u010den predmet za dekoracijo doma, ki se popolnoma prilega dnevni sobi.\" \/>\n<meta name=\"robots\" content=\"index, follow, max-snippet:-1, max-image-preview:large, max-video-preview:-1\" \/>\n<link rel=\"canonical\" href=\"https:\/\/luxles.si\/sl\/izdelek\/nosilec-vinilne-plosce\/\" \/>\n<meta property=\"og:locale\" content=\"sl_SI\" \/>\n<meta property=\"og:type\" content=\"article\" \/>\n<meta property=\"og:title\" content=\"Nosilec vinilne plo\u0161\u010de - LUX LES Dom Dekor\" \/>\n<meta property=\"og:description\" content=\"Ro\u010dno izdelan nosilec za vinilne plo\u0161\u010de je idealen za shranjevanje vinilnih plo\u0161\u010d ali police za navadne knjige. Je popolno darilo za prijatelje in star\u0161e ter odli\u010den predmet za dekoracijo doma, ki se popolnoma prilega dnevni sobi.\" \/>\n<meta property=\"og:url\" content=\"https:\/\/luxles.si\/sl\/izdelek\/nosilec-vinilne-plosce\/\" \/>\n<meta property=\"og:site_name\" content=\"LUX LES Dom Dekor\" \/>\n<meta property=\"article:publisher\" content=\"https:\/\/www.facebook.com\/luxlesdomdekor\/\" \/>\n<meta property=\"article:modified_time\" content=\"2023-02-28T17:32:03+00:00\" \/>\n<meta property=\"og:image\" content=\"https:\/\/luxles.si\/wp-content\/uploads\/2020\/08\/IMG_0613-min.jpg\" \/>\n\t<meta property=\"og:image:width\" content=\"1200\" \/>\n\t<meta property=\"og:image:height\" content=\"800\" \/>\n\t<meta property=\"og:image:type\" content=\"image\/jpeg\" \/>\n<meta name=\"twitter:card\" content=\"summary_large_image\" \/>\n<meta name=\"twitter:label1\" content=\"Est. reading time\" \/>\n\t<meta name=\"twitter:data1\" content=\"1 minuta\" \/>\n<script type=\"application\/ld+json\" class=\"yoast-schema-graph\">{\"@context\":\"https:\/\/schema.org\",\"@graph\":[{\"@type\":\"WebPage\",\"@id\":\"https:\/\/luxles.si\/sl\/izdelek\/nosilec-vinilne-plosce\/\",\"url\":\"https:\/\/luxles.si\/sl\/izdelek\/nosilec-vinilne-plosce\/\",\"name\":\"Nosilec vinilne plo\u0161\u010de - LUX LES Dom Dekor\",\"isPartOf\":{\"@id\":\"https:\/\/luxles.si\/sl\/#website\"},\"primaryImageOfPage\":{\"@id\":\"https:\/\/luxles.si\/sl\/izdelek\/nosilec-vinilne-plosce\/#primaryimage\"},\"image\":{\"@id\":\"https:\/\/luxles.si\/sl\/izdelek\/nosilec-vinilne-plosce\/#primaryimage\"},\"thumbnailUrl\":\"https:\/\/luxles.si\/wp-content\/uploads\/2020\/08\/IMG_0613-min.jpg\",\"datePublished\":\"2020-08-09T15:35:46+00:00\",\"dateModified\":\"2023-02-28T17:32:03+00:00\",\"description\":\"Ro\u010dno izdelan nosilec za vinilne plo\u0161\u010de je idealen za shranjevanje vinilnih plo\u0161\u010d ali police za navadne knjige. Je popolno darilo za prijatelje in star\u0161e ter odli\u010den predmet za dekoracijo doma, ki se popolnoma prilega dnevni sobi.\",\"breadcrumb\":{\"@id\":\"https:\/\/luxles.si\/sl\/izdelek\/nosilec-vinilne-plosce\/#breadcrumb\"},\"inLanguage\":\"sl-SI\",\"potentialAction\":[{\"@type\":\"ReadAction\",\"target\":[\"https:\/\/luxles.si\/sl\/izdelek\/nosilec-vinilne-plosce\/\"]}]},{\"@type\":\"ImageObject\",\"inLanguage\":\"sl-SI\",\"@id\":\"https:\/\/luxles.si\/sl\/izdelek\/nosilec-vinilne-plosce\/#primaryimage\",\"url\":\"https:\/\/luxles.si\/wp-content\/uploads\/2020\/08\/IMG_0613-min.jpg\",\"contentUrl\":\"https:\/\/luxles.si\/wp-content\/uploads\/2020\/08\/IMG_0613-min.jpg\",\"width\":1200,\"height\":800},{\"@type\":\"BreadcrumbList\",\"@id\":\"https:\/\/luxles.si\/sl\/izdelek\/nosilec-vinilne-plosce\/#breadcrumb\",\"itemListElement\":[{\"@type\":\"ListItem\",\"position\":1,\"name\":\"Domov\",\"item\":\"https:\/\/luxles.si\/sl\/\"},{\"@type\":\"ListItem\",\"position\":2,\"name\":\"Trgovina\",\"item\":\"https:\/\/luxles.si\/sl\/shop\/\"},{\"@type\":\"ListItem\",\"position\":3,\"name\":\"Nosilec vinilne plo\u0161\u010de\"}]},{\"@type\":\"WebSite\",\"@id\":\"https:\/\/luxles.si\/sl\/#website\",\"url\":\"https:\/\/luxles.si\/sl\/\",\"name\":\"LUX LES Dom Dekor\",\"description\":\"\",\"publisher\":{\"@id\":\"https:\/\/luxles.si\/sl\/#organization\"},\"potentialAction\":[{\"@type\":\"SearchAction\",\"target\":{\"@type\":\"EntryPoint\",\"urlTemplate\":\"https:\/\/luxles.si\/sl\/?s={search_term_string}\"},\"query-input\":{\"@type\":\"PropertyValueSpecification\",\"valueRequired\":true,\"valueName\":\"search_term_string\"}}],\"inLanguage\":\"sl-SI\"},{\"@type\":\"Organization\",\"@id\":\"https:\/\/luxles.si\/sl\/#organization\",\"name\":\"LUX LES Dom Dekor\",\"url\":\"https:\/\/luxles.si\/sl\/\",\"logo\":{\"@type\":\"ImageObject\",\"inLanguage\":\"sl-SI\",\"@id\":\"https:\/\/luxles.si\/sl\/#\/schema\/logo\/image\/\",\"url\":\"https:\/\/luxles.si\/wp-content\/uploads\/2020\/07\/logo.png\",\"contentUrl\":\"https:\/\/luxles.si\/wp-content\/uploads\/2020\/07\/logo.png\",\"width\":245,\"height\":70,\"caption\":\"LUX LES Dom Dekor\"},\"image\":{\"@id\":\"https:\/\/luxles.si\/sl\/#\/schema\/logo\/image\/\"},\"sameAs\":[\"https:\/\/www.facebook.com\/luxlesdomdekor\/\",\"https:\/\/www.instagram.com\/luxlesdomdekor\"]}]}<\/script>\n<!-- \/ Yoast SEO plugin. -->","yoast_head_json":{"title":"Nosilec vinilne plo\u0161\u010de - LUX LES Dom Dekor","description":"Ro\u010dno izdelan nosilec za vinilne plo\u0161\u010de je idealen za shranjevanje vinilnih plo\u0161\u010d ali police za navadne knjige. Je popolno darilo za prijatelje in star\u0161e ter odli\u010den predmet za dekoracijo doma, ki se popolnoma prilega dnevni sobi.","robots":{"index":"index","follow":"follow","max-snippet":"max-snippet:-1","max-image-preview":"max-image-preview:large","max-video-preview":"max-video-preview:-1"},"canonical":"https:\/\/luxles.si\/sl\/izdelek\/nosilec-vinilne-plosce\/","og_locale":"sl_SI","og_type":"article","og_title":"Nosilec vinilne plo\u0161\u010de - LUX LES Dom Dekor","og_description":"Ro\u010dno izdelan nosilec za vinilne plo\u0161\u010de je idealen za shranjevanje vinilnih plo\u0161\u010d ali police za navadne knjige. Je popolno darilo za prijatelje in star\u0161e ter odli\u010den predmet za dekoracijo doma, ki se popolnoma prilega dnevni sobi.","og_url":"https:\/\/luxles.si\/sl\/izdelek\/nosilec-vinilne-plosce\/","og_site_name":"LUX LES Dom Dekor","article_publisher":"https:\/\/www.facebook.com\/luxlesdomdekor\/","article_modified_time":"2023-02-28T17:32:03+00:00","og_image":[{"width":1200,"height":800,"url":"https:\/\/luxles.si\/wp-content\/uploads\/2020\/08\/IMG_0613-min.jpg","type":"image\/jpeg"}],"twitter_card":"summary_large_image","twitter_misc":{"Est. reading time":"1 minuta"},"schema":{"@context":"https:\/\/schema.org","@graph":[{"@type":"WebPage","@id":"https:\/\/luxles.si\/sl\/izdelek\/nosilec-vinilne-plosce\/","url":"https:\/\/luxles.si\/sl\/izdelek\/nosilec-vinilne-plosce\/","name":"Nosilec vinilne plo\u0161\u010de - LUX LES Dom Dekor","isPartOf":{"@id":"https:\/\/luxles.si\/sl\/#website"},"primaryImageOfPage":{"@id":"https:\/\/luxles.si\/sl\/izdelek\/nosilec-vinilne-plosce\/#primaryimage"},"image":{"@id":"https:\/\/luxles.si\/sl\/izdelek\/nosilec-vinilne-plosce\/#primaryimage"},"thumbnailUrl":"https:\/\/luxles.si\/wp-content\/uploads\/2020\/08\/IMG_0613-min.jpg","datePublished":"2020-08-09T15:35:46+00:00","dateModified":"2023-02-28T17:32:03+00:00","description":"Ro\u010dno izdelan nosilec za vinilne plo\u0161\u010de je idealen za shranjevanje vinilnih plo\u0161\u010d ali police za navadne knjige. Je popolno darilo za prijatelje in star\u0161e ter odli\u010den predmet za dekoracijo doma, ki se popolnoma prilega dnevni sobi.","breadcrumb":{"@id":"https:\/\/luxles.si\/sl\/izdelek\/nosilec-vinilne-plosce\/#breadcrumb"},"inLanguage":"sl-SI","potentialAction":[{"@type":"ReadAction","target":["https:\/\/luxles.si\/sl\/izdelek\/nosilec-vinilne-plosce\/"]}]},{"@type":"ImageObject","inLanguage":"sl-SI","@id":"https:\/\/luxles.si\/sl\/izdelek\/nosilec-vinilne-plosce\/#primaryimage","url":"https:\/\/luxles.si\/wp-content\/uploads\/2020\/08\/IMG_0613-min.jpg","contentUrl":"https:\/\/luxles.si\/wp-content\/uploads\/2020\/08\/IMG_0613-min.jpg","width":1200,"height":800},{"@type":"BreadcrumbList","@id":"https:\/\/luxles.si\/sl\/izdelek\/nosilec-vinilne-plosce\/#breadcrumb","itemListElement":[{"@type":"ListItem","position":1,"name":"Domov","item":"https:\/\/luxles.si\/sl\/"},{"@type":"ListItem","position":2,"name":"Trgovina","item":"https:\/\/luxles.si\/sl\/shop\/"},{"@type":"ListItem","position":3,"name":"Nosilec vinilne plo\u0161\u010de"}]},{"@type":"WebSite","@id":"https:\/\/luxles.si\/sl\/#website","url":"https:\/\/luxles.si\/sl\/","name":"LUX LES Dom Dekor","description":"","publisher":{"@id":"https:\/\/luxles.si\/sl\/#organization"},"potentialAction":[{"@type":"SearchAction","target":{"@type":"EntryPoint","urlTemplate":"https:\/\/luxles.si\/sl\/?s={search_term_string}"},"query-input":{"@type":"PropertyValueSpecification","valueRequired":true,"valueName":"search_term_string"}}],"inLanguage":"sl-SI"},{"@type":"Organization","@id":"https:\/\/luxles.si\/sl\/#organization","name":"LUX LES Dom Dekor","url":"https:\/\/luxles.si\/sl\/","logo":{"@type":"ImageObject","inLanguage":"sl-SI","@id":"https:\/\/luxles.si\/sl\/#\/schema\/logo\/image\/","url":"https:\/\/luxles.si\/wp-content\/uploads\/2020\/07\/logo.png","contentUrl":"https:\/\/luxles.si\/wp-content\/uploads\/2020\/07\/logo.png","width":245,"height":70,"caption":"LUX LES Dom Dekor"},"image":{"@id":"https:\/\/luxles.si\/sl\/#\/schema\/logo\/image\/"},"sameAs":["https:\/\/www.facebook.com\/luxlesdomdekor\/","https:\/\/www.instagram.com\/luxlesdomdekor"]}]}},"_links":{"self":[{"href":"https:\/\/luxles.si\/sl\/wp-json\/wp\/v2\/product\/6773","targetHints":{"allow":["GET"]}}],"collection":[{"href":"https:\/\/luxles.si\/sl\/wp-json\/wp\/v2\/product"}],"about":[{"href":"https:\/\/luxles.si\/sl\/wp-json\/wp\/v2\/types\/product"}],"replies":[{"embeddable":true,"href":"https:\/\/luxles.si\/sl\/wp-json\/wp\/v2\/comments?post=6773"}],"wp:featuredmedia":[{"embeddable":true,"href":"https:\/\/luxles.si\/sl\/wp-json\/wp\/v2\/media\/6613"}],"wp:attachment":[{"href":"https:\/\/luxles.si\/sl\/wp-json\/wp\/v2\/media?parent=6773"}],"wp:term":[{"taxonomy":"product_brand","embeddable":true,"href":"https:\/\/luxles.si\/sl\/wp-json\/wp\/v2\/product_brand?post=6773"},{"taxonomy":"product_cat","embeddable":true,"href":"https:\/\/luxles.si\/sl\/wp-json\/wp\/v2\/product_cat?post=6773"},{"taxonomy":"product_tag","embeddable":true,"href":"https:\/\/luxles.si\/sl\/wp-json\/wp\/v2\/product_tag?post=6773"},{"taxonomy":"giftcard-category","embeddable":true,"href":"https:\/\/luxles.si\/sl\/wp-json\/wp\/v2\/giftcard-category?post=6773"}],"curies":[{"name":"wp","href":"https:\/\/api.w.org\/{rel}","templated":true}]}}