{"id":6756,"date":"2020-08-04T07:57:21","date_gmt":"2020-08-04T05:57:21","guid":{"rendered":"https:\/\/luxles.si\/product\/lesene-stenske-plosce-za-kateri-koli-notranji-prostor\/"},"modified":"2025-05-26T11:40:58","modified_gmt":"2025-05-26T09:40:58","slug":"lesene-stenske-plosce-za-kateri-koli-notraji-prostor","status":"publish","type":"product","link":"https:\/\/luxles.si\/sl\/izdelek\/lesene-stenske-plosce-za-kateri-koli-notraji-prostor\/","title":{"rendered":"Lesene stenske plo\u0161\u010de za kateri koli NOTRANJI PROSTOR"},"content":{"rendered":"<p><strong>Lesni izdelki LUX LES DOM-DEKOR<\/strong><br \/>\n<span style=\"text-align: justify; display:block;\">Stenske plo\u0161\u010de LUX LES DOM DEKOR so edinstvene in zelo primerne za dekoracijo vsake notranjosti. Deske so narejene iz naravnega lesa in za\u0161\u010ditene z okolju prijaznim oljem. Na\u0161e plo\u0161\u010de dajejo prostoru bogat luksuzni videz in zelo dobro zmanj\u0161ujejo toploto v notranjosti, prav tako zelo dobro zmanj\u0161ujejo hrup v vseh notranjostih. <b>Na va\u0161o zahtevo lahko brezpla\u010dno dodamo dodatno prevleko, dodatno zaklju\u010dno obdelavo ali barve. <\/b> Z na\u0161im inovativnim lepilom za monta\u017eo, preprostimi navodili in minimalnim naporom boste v trenutku spremenili svoj prostor. Te plo\u0161\u010de lahko namestite na katero koli povr\u0161ino. To je najla\u017eji in najhitrej\u0161i na\u010din okrasitve prostora. Za polaganje lahko uporabite tudi poljubno lepilo za parket.<\/span><\/p>\n<p>&nbsp;<\/p>\n<p>Na\u0161e 3D stenske plo\u0161\u010de imajo impresivno do 10-letno garancijo.<\/p>\n<p>&nbsp;<\/p>\n<p><span style=\"text-align: justify; display: block;\">Lesene stene dajejo vsakemu prostoru prijeten in topel videz. Les ima nizko toplotno prevodnost, zaradi \u010desar se prostor po\u010dasneje segreva ali hladi. Tako je ena izmed prednosti lesenih stenskih oblog izbolj\u0161anje notranje klime.<\/span><\/p>\n<p>&nbsp;<\/p>\n<p><span style=\"text-align: justify; display: block;\">S tem kalkulatorjem si lahko izra\u010dunate najbolj\u0161o ponudbo za koli\u010dino, ki jo potrebujete. Lahko pa <a href=\"tel:+38669407615\">pokli\u010dete<\/a> enega izmed na\u0161ih strokovnjakov in mu zastavite va\u0161a vpra\u0161anja.<\/span><\/p>\n<p>&nbsp;<\/p>\n<p><strong>Splo\u0161en opis izdelka:<\/strong><\/p>\n<ul>\n<li><strong>Edinstven 3D in luksuzen videz.<\/strong> Edinstven 3D u\u010dinek pri oblikovanju sten z lesenimi plo\u0161\u010dami razli\u010dnih debelin.<\/li>\n<li><strong>Ekolo\u0161ko.<\/strong> Naraven slovenski les in okolju prijazno olje.<\/li>\n<li><strong>Zelo preprosta namestitev.<\/strong> Z na\u0161im inovativnim lepilom za monta\u017eo, preprostimi navodili in minimalnim naporom boste v trenutku spremenili svoj prostor. Te plo\u0161\u010de lahko namestite na katero koli povr\u0161ino. To je najla\u017eji in najhitrej\u0161i na\u010din okrasitve prostora. Za polaganje lahko uporabite tudi poljubno lepilo za parket.<\/li>\n<\/ul>\n<p>&nbsp;<\/p>\n<p><strong>Zakaj na\u0161e monta\u017eno lepilo?<\/strong><br \/>\n<span style=\"text-align: justify; display: block;\">Zavedamo se pomena udobja in zanesljivosti, ko gre za namestitev. Zato vam ponujamo monta\u017eno lepilo, ki je posebej oblikovano za na\u0161e 3D lesene stenske plo\u0161\u010de. Evo, zakaj je to popolna izbira:<\/span><\/p>\n<ul class=\"customulofproductdescription\">\n<li><span style=\"text-align: justify; display: block;\"><strong>Mo\u010dan oprijem.<\/strong> Na\u0161e monta\u017eno lepilo zagotavlja zanesljivo povezavo med plo\u0161\u010do in steno ter zagotavlja, da je va\u0161a nalo\u017eba trajna.<\/span><\/li>\n<li><span style=\"text-align: justify; display: block;\"><strong>Brez nereda, brez hrupa.<\/strong> Poslovite se od neurejenih namestitev in nepri\u010dakovanih vrzeli. Na\u0161e monta\u017eno lepilo omogo\u010da \u010dist in brezhiben nanos, zato je zaklju\u010dek vedno brezhiben.<\/span><\/li>\n<li><span style=\"text-align: justify; display: block;\"><strong>Preprosta odstranitev.<\/strong> Morate prestaviti ali odstraniti svoje plo\u0161\u010de? Na\u0161e monta\u017eno lepilo omogo\u010da enostavno odstranitev brez po\u0161kodb sten, zato je priro\u010dna izbira tako za najemnike kot za lastnike stanovanj.<\/span><\/li>\n<\/ul>\n","protected":false},"excerpt":{"rendered":"<p><span style=\"text-align: justify; display:block;\">S tem kalkulatorjem si lahko izra\u010dunate najbolj\u0161o ponudbo za koli\u010dino, ki jo potrebujete. Lahko pa <a href=\"tel:+38669407615\">pokli\u010dete<\/a> enega izmed na\u0161ih strokovnjakov in mu zastavite va\u0161a vpra\u0161anja.<\/span><\/p>\n","protected":false},"featured_media":6393,"comment_status":"open","ping_status":"closed","template":"","meta":[],"product_brand":[],"product_cat":[237],"product_tag":[204,206,194,235,234,215,212,226,224,214,228],"giftcard-category":[],"class_list":{"0":"post-6756","1":"product","2":"type-product","3":"status-publish","4":"has-post-thumbnail","6":"product_cat-zgradite-svojo-steno","7":"product_tag-hisa","8":"product_tag-hrast","9":"product_tag-kocke","10":"product_tag-lesa","11":"product_tag-oreh","12":"product_tag-peel-sl","13":"product_tag-plosco","14":"product_tag-prilepiti","15":"product_tag-razcepljena","16":"product_tag-samolepilne","17":"product_tag-stilsko","18":"product_shipping_class-v-2-3-mesecih","19":"pa_warranty-nopands-sl-2","20":"pa_wood_species-hrast","21":"pa_wood_species-oreh","23":"first","24":"instock","25":"sold-individually","26":"taxable","27":"shipping-taxable","28":"purchasable","29":"product-type-simple"},"yoast_head":"<!-- This site is optimized with the Yoast SEO plugin v27.0 - https:\/\/yoast.com\/product\/yoast-seo-wordpress\/ -->\n<title>Lesene stenske plo\u0161\u010de za kateri koli NOTRANJI PROSTOR - LUX LES Dom Dekor<\/title>\n<meta name=\"description\" content=\"S tem kalkulatorjem si lahko izra\u010dunate najbolj\u0161o ponudbo za koli\u010dino, ki jo potrebujete\" \/>\n<meta name=\"robots\" content=\"index, follow, max-snippet:-1, max-image-preview:large, max-video-preview:-1\" \/>\n<link rel=\"canonical\" href=\"https:\/\/luxles.si\/sl\/izdelek\/lesene-stenske-plosce-za-kateri-koli-notraji-prostor\/\" \/>\n<meta property=\"og:locale\" content=\"sl_SI\" \/>\n<meta property=\"og:type\" content=\"article\" \/>\n<meta property=\"og:title\" content=\"Lesene stenske plo\u0161\u010de za kateri koli NOTRANJI PROSTOR - LUX LES Dom Dekor\" \/>\n<meta property=\"og:description\" content=\"S tem kalkulatorjem si lahko izra\u010dunate najbolj\u0161o ponudbo za koli\u010dino, ki jo potrebujete\" \/>\n<meta property=\"og:url\" content=\"https:\/\/luxles.si\/sl\/izdelek\/lesene-stenske-plosce-za-kateri-koli-notraji-prostor\/\" \/>\n<meta property=\"og:site_name\" content=\"LUX LES Dom Dekor\" \/>\n<meta property=\"article:publisher\" content=\"https:\/\/www.facebook.com\/luxlesdomdekor\/\" \/>\n<meta property=\"article:modified_time\" content=\"2025-05-26T09:40:58+00:00\" \/>\n<meta property=\"og:image\" content=\"https:\/\/luxles.si\/wp-content\/uploads\/2020\/08\/home6-min.jpg\" \/>\n\t<meta property=\"og:image:width\" content=\"1600\" \/>\n\t<meta property=\"og:image:height\" content=\"1143\" \/>\n\t<meta property=\"og:image:type\" content=\"image\/jpeg\" \/>\n<meta name=\"twitter:card\" content=\"summary_large_image\" \/>\n<meta name=\"twitter:label1\" content=\"Est. reading time\" \/>\n\t<meta name=\"twitter:data1\" content=\"2 minuti\" \/>\n<script type=\"application\/ld+json\" class=\"yoast-schema-graph\">{\"@context\":\"https:\/\/schema.org\",\"@graph\":[{\"@type\":\"WebPage\",\"@id\":\"https:\/\/luxles.si\/sl\/izdelek\/lesene-stenske-plosce-za-kateri-koli-notraji-prostor\/\",\"url\":\"https:\/\/luxles.si\/sl\/izdelek\/lesene-stenske-plosce-za-kateri-koli-notraji-prostor\/\",\"name\":\"Lesene stenske plo\u0161\u010de za kateri koli NOTRANJI PROSTOR - LUX LES Dom Dekor\",\"isPartOf\":{\"@id\":\"https:\/\/luxles.si\/sl\/#website\"},\"primaryImageOfPage\":{\"@id\":\"https:\/\/luxles.si\/sl\/izdelek\/lesene-stenske-plosce-za-kateri-koli-notraji-prostor\/#primaryimage\"},\"image\":{\"@id\":\"https:\/\/luxles.si\/sl\/izdelek\/lesene-stenske-plosce-za-kateri-koli-notraji-prostor\/#primaryimage\"},\"thumbnailUrl\":\"https:\/\/luxles.si\/wp-content\/uploads\/2020\/08\/home6-min.jpg\",\"datePublished\":\"2020-08-04T05:57:21+00:00\",\"dateModified\":\"2025-05-26T09:40:58+00:00\",\"description\":\"S tem kalkulatorjem si lahko izra\u010dunate najbolj\u0161o ponudbo za koli\u010dino, ki jo potrebujete\",\"breadcrumb\":{\"@id\":\"https:\/\/luxles.si\/sl\/izdelek\/lesene-stenske-plosce-za-kateri-koli-notraji-prostor\/#breadcrumb\"},\"inLanguage\":\"sl-SI\",\"potentialAction\":[{\"@type\":\"ReadAction\",\"target\":[\"https:\/\/luxles.si\/sl\/izdelek\/lesene-stenske-plosce-za-kateri-koli-notraji-prostor\/\"]}]},{\"@type\":\"ImageObject\",\"inLanguage\":\"sl-SI\",\"@id\":\"https:\/\/luxles.si\/sl\/izdelek\/lesene-stenske-plosce-za-kateri-koli-notraji-prostor\/#primaryimage\",\"url\":\"https:\/\/luxles.si\/wp-content\/uploads\/2020\/08\/home6-min.jpg\",\"contentUrl\":\"https:\/\/luxles.si\/wp-content\/uploads\/2020\/08\/home6-min.jpg\",\"width\":1600,\"height\":1143,\"caption\":\"Lesene stenske plo\u0161\u010de za kateri koli NOTRANJI PROSTOR\"},{\"@type\":\"BreadcrumbList\",\"@id\":\"https:\/\/luxles.si\/sl\/izdelek\/lesene-stenske-plosce-za-kateri-koli-notraji-prostor\/#breadcrumb\",\"itemListElement\":[{\"@type\":\"ListItem\",\"position\":1,\"name\":\"Domov\",\"item\":\"https:\/\/luxles.si\/sl\/\"},{\"@type\":\"ListItem\",\"position\":2,\"name\":\"Trgovina\",\"item\":\"https:\/\/luxles.si\/sl\/shop\/\"},{\"@type\":\"ListItem\",\"position\":3,\"name\":\"Lesene stenske plo\u0161\u010de za kateri koli NOTRANJI PROSTOR\"}]},{\"@type\":\"WebSite\",\"@id\":\"https:\/\/luxles.si\/sl\/#website\",\"url\":\"https:\/\/luxles.si\/sl\/\",\"name\":\"LUX LES Dom Dekor\",\"description\":\"\",\"publisher\":{\"@id\":\"https:\/\/luxles.si\/sl\/#organization\"},\"potentialAction\":[{\"@type\":\"SearchAction\",\"target\":{\"@type\":\"EntryPoint\",\"urlTemplate\":\"https:\/\/luxles.si\/sl\/?s={search_term_string}\"},\"query-input\":{\"@type\":\"PropertyValueSpecification\",\"valueRequired\":true,\"valueName\":\"search_term_string\"}}],\"inLanguage\":\"sl-SI\"},{\"@type\":\"Organization\",\"@id\":\"https:\/\/luxles.si\/sl\/#organization\",\"name\":\"LUX LES Dom Dekor\",\"url\":\"https:\/\/luxles.si\/sl\/\",\"logo\":{\"@type\":\"ImageObject\",\"inLanguage\":\"sl-SI\",\"@id\":\"https:\/\/luxles.si\/sl\/#\/schema\/logo\/image\/\",\"url\":\"https:\/\/luxles.si\/wp-content\/uploads\/2020\/07\/logo.png\",\"contentUrl\":\"https:\/\/luxles.si\/wp-content\/uploads\/2020\/07\/logo.png\",\"width\":245,\"height\":70,\"caption\":\"LUX LES Dom Dekor\"},\"image\":{\"@id\":\"https:\/\/luxles.si\/sl\/#\/schema\/logo\/image\/\"},\"sameAs\":[\"https:\/\/www.facebook.com\/luxlesdomdekor\/\",\"https:\/\/www.instagram.com\/luxlesdomdekor\"]}]}<\/script>\n<!-- \/ Yoast SEO plugin. -->","yoast_head_json":{"title":"Lesene stenske plo\u0161\u010de za kateri koli NOTRANJI PROSTOR - LUX LES Dom Dekor","description":"S tem kalkulatorjem si lahko izra\u010dunate najbolj\u0161o ponudbo za koli\u010dino, ki jo potrebujete","robots":{"index":"index","follow":"follow","max-snippet":"max-snippet:-1","max-image-preview":"max-image-preview:large","max-video-preview":"max-video-preview:-1"},"canonical":"https:\/\/luxles.si\/sl\/izdelek\/lesene-stenske-plosce-za-kateri-koli-notraji-prostor\/","og_locale":"sl_SI","og_type":"article","og_title":"Lesene stenske plo\u0161\u010de za kateri koli NOTRANJI PROSTOR - LUX LES Dom Dekor","og_description":"S tem kalkulatorjem si lahko izra\u010dunate najbolj\u0161o ponudbo za koli\u010dino, ki jo potrebujete","og_url":"https:\/\/luxles.si\/sl\/izdelek\/lesene-stenske-plosce-za-kateri-koli-notraji-prostor\/","og_site_name":"LUX LES Dom Dekor","article_publisher":"https:\/\/www.facebook.com\/luxlesdomdekor\/","article_modified_time":"2025-05-26T09:40:58+00:00","og_image":[{"width":1600,"height":1143,"url":"https:\/\/luxles.si\/wp-content\/uploads\/2020\/08\/home6-min.jpg","type":"image\/jpeg"}],"twitter_card":"summary_large_image","twitter_misc":{"Est. reading time":"2 minuti"},"schema":{"@context":"https:\/\/schema.org","@graph":[{"@type":"WebPage","@id":"https:\/\/luxles.si\/sl\/izdelek\/lesene-stenske-plosce-za-kateri-koli-notraji-prostor\/","url":"https:\/\/luxles.si\/sl\/izdelek\/lesene-stenske-plosce-za-kateri-koli-notraji-prostor\/","name":"Lesene stenske plo\u0161\u010de za kateri koli NOTRANJI PROSTOR - LUX LES Dom Dekor","isPartOf":{"@id":"https:\/\/luxles.si\/sl\/#website"},"primaryImageOfPage":{"@id":"https:\/\/luxles.si\/sl\/izdelek\/lesene-stenske-plosce-za-kateri-koli-notraji-prostor\/#primaryimage"},"image":{"@id":"https:\/\/luxles.si\/sl\/izdelek\/lesene-stenske-plosce-za-kateri-koli-notraji-prostor\/#primaryimage"},"thumbnailUrl":"https:\/\/luxles.si\/wp-content\/uploads\/2020\/08\/home6-min.jpg","datePublished":"2020-08-04T05:57:21+00:00","dateModified":"2025-05-26T09:40:58+00:00","description":"S tem kalkulatorjem si lahko izra\u010dunate najbolj\u0161o ponudbo za koli\u010dino, ki jo potrebujete","breadcrumb":{"@id":"https:\/\/luxles.si\/sl\/izdelek\/lesene-stenske-plosce-za-kateri-koli-notraji-prostor\/#breadcrumb"},"inLanguage":"sl-SI","potentialAction":[{"@type":"ReadAction","target":["https:\/\/luxles.si\/sl\/izdelek\/lesene-stenske-plosce-za-kateri-koli-notraji-prostor\/"]}]},{"@type":"ImageObject","inLanguage":"sl-SI","@id":"https:\/\/luxles.si\/sl\/izdelek\/lesene-stenske-plosce-za-kateri-koli-notraji-prostor\/#primaryimage","url":"https:\/\/luxles.si\/wp-content\/uploads\/2020\/08\/home6-min.jpg","contentUrl":"https:\/\/luxles.si\/wp-content\/uploads\/2020\/08\/home6-min.jpg","width":1600,"height":1143,"caption":"Lesene stenske plo\u0161\u010de za kateri koli NOTRANJI PROSTOR"},{"@type":"BreadcrumbList","@id":"https:\/\/luxles.si\/sl\/izdelek\/lesene-stenske-plosce-za-kateri-koli-notraji-prostor\/#breadcrumb","itemListElement":[{"@type":"ListItem","position":1,"name":"Domov","item":"https:\/\/luxles.si\/sl\/"},{"@type":"ListItem","position":2,"name":"Trgovina","item":"https:\/\/luxles.si\/sl\/shop\/"},{"@type":"ListItem","position":3,"name":"Lesene stenske plo\u0161\u010de za kateri koli NOTRANJI PROSTOR"}]},{"@type":"WebSite","@id":"https:\/\/luxles.si\/sl\/#website","url":"https:\/\/luxles.si\/sl\/","name":"LUX LES Dom Dekor","description":"","publisher":{"@id":"https:\/\/luxles.si\/sl\/#organization"},"potentialAction":[{"@type":"SearchAction","target":{"@type":"EntryPoint","urlTemplate":"https:\/\/luxles.si\/sl\/?s={search_term_string}"},"query-input":{"@type":"PropertyValueSpecification","valueRequired":true,"valueName":"search_term_string"}}],"inLanguage":"sl-SI"},{"@type":"Organization","@id":"https:\/\/luxles.si\/sl\/#organization","name":"LUX LES Dom Dekor","url":"https:\/\/luxles.si\/sl\/","logo":{"@type":"ImageObject","inLanguage":"sl-SI","@id":"https:\/\/luxles.si\/sl\/#\/schema\/logo\/image\/","url":"https:\/\/luxles.si\/wp-content\/uploads\/2020\/07\/logo.png","contentUrl":"https:\/\/luxles.si\/wp-content\/uploads\/2020\/07\/logo.png","width":245,"height":70,"caption":"LUX LES Dom Dekor"},"image":{"@id":"https:\/\/luxles.si\/sl\/#\/schema\/logo\/image\/"},"sameAs":["https:\/\/www.facebook.com\/luxlesdomdekor\/","https:\/\/www.instagram.com\/luxlesdomdekor"]}]}},"_links":{"self":[{"href":"https:\/\/luxles.si\/sl\/wp-json\/wp\/v2\/product\/6756","targetHints":{"allow":["GET"]}}],"collection":[{"href":"https:\/\/luxles.si\/sl\/wp-json\/wp\/v2\/product"}],"about":[{"href":"https:\/\/luxles.si\/sl\/wp-json\/wp\/v2\/types\/product"}],"replies":[{"embeddable":true,"href":"https:\/\/luxles.si\/sl\/wp-json\/wp\/v2\/comments?post=6756"}],"wp:featuredmedia":[{"embeddable":true,"href":"https:\/\/luxles.si\/sl\/wp-json\/wp\/v2\/media\/6393"}],"wp:attachment":[{"href":"https:\/\/luxles.si\/sl\/wp-json\/wp\/v2\/media?parent=6756"}],"wp:term":[{"taxonomy":"product_brand","embeddable":true,"href":"https:\/\/luxles.si\/sl\/wp-json\/wp\/v2\/product_brand?post=6756"},{"taxonomy":"product_cat","embeddable":true,"href":"https:\/\/luxles.si\/sl\/wp-json\/wp\/v2\/product_cat?post=6756"},{"taxonomy":"product_tag","embeddable":true,"href":"https:\/\/luxles.si\/sl\/wp-json\/wp\/v2\/product_tag?post=6756"},{"taxonomy":"giftcard-category","embeddable":true,"href":"https:\/\/luxles.si\/sl\/wp-json\/wp\/v2\/giftcard-category?post=6756"}],"curies":[{"name":"wp","href":"https:\/\/api.w.org\/{rel}","templated":true}]}}