{"id":6693,"date":"2020-11-25T06:51:09","date_gmt":"2020-11-25T05:51:09","guid":{"rendered":"https:\/\/luxles.si\/product\/3d-lesena-stena-oreh-5-7-mm\/"},"modified":"2024-05-31T18:30:40","modified_gmt":"2024-05-31T16:30:40","slug":"3d-lesena-stena-oreh-5-7-mm","status":"publish","type":"product","link":"https:\/\/luxles.si\/sl\/izdelek\/3d-lesena-stena-oreh-5-7-mm\/","title":{"rendered":"3D lesena stena &#8211; oreh S (5\/7 mm)"},"content":{"rendered":"<p><strong>Lesni izdelki LUX LES DOM-DEKOR<\/strong><br \/>\n<span style=\"text-align: justify; display: block;\">Stenske 3D OREHOVE plo\u0161\u010de LUX LES DOM-DEKOR so unikatne. Plo\u0161\u010de so narejene iz naravnega slovenskega oreha in za\u0161\u010ditene z okolju prijaznim oljem. Na\u0161e orehove plo\u0161\u010de so odli\u010dne za dekoracijo katerega koli notranjega prostora, zelo dobro vzdr\u017eujejo udobno mikroklimo in zmanj\u0161ujejo hrup v katerem koli prostoru. Z na\u0161im inovativnim lepilom za monta\u017eo, preprostimi navodili in minimalnim naporom boste v trenutku spremenili svoj prostor. Te plo\u0161\u010de lahko namestite na katero koli povr\u0161ino. To je najla\u017eji in najhitrej\u0161i na\u010din okrasitve prostora. Za polaganje lahko uporabite tudi poljubno lepilo za parket.<\/span><\/p>\n<p>&nbsp;<\/p>\n<p><span style=\"text-align: justify; display: block;\">Lesene stene dajejo vsakemu prostoru prijeten in topel videz. Les ima nizko toplotno prevodnost, zaradi \u010desar se prostor po\u010dasneje segreva ali hladi. Tako je ena izmed prednosti lesenih stenskih oblog izbolj\u0161anje notranje klime.<\/span><\/p>\n<p>&nbsp;<\/p>\n<p><strong>Zakaj na\u0161e monta\u017eno lepilo?<\/strong><br \/>\n<span style=\"text-align: justify; display: block;\">Zavedamo se pomena udobja in zanesljivosti, ko gre za namestitev. Zato vam ponujamo monta\u017eno lepilo, ki je posebej oblikovano za na\u0161e 3D lesene stenske plo\u0161\u010de. Evo, zakaj je to popolna izbira:<\/span><\/p>\n<ul class=\"customulofproductdescription\">\n<li><span style=\"text-align: justify; display: block;\"><strong>Mo\u010dan oprijem.<\/strong> Na\u0161e monta\u017eno lepilo zagotavlja zanesljivo povezavo med plo\u0161\u010do in steno ter zagotavlja, da je va\u0161a nalo\u017eba trajna.<\/span><\/li>\n<li><span style=\"text-align: justify; display: block;\"><strong>Brez nereda, brez hrupa.<\/strong> Poslovite se od neurejenih namestitev in nepri\u010dakovanih vrzeli. Na\u0161e monta\u017eno lepilo omogo\u010da \u010dist in brezhiben nanos, zato je zaklju\u010dek vedno brezhiben.<\/span><\/li>\n<li><span style=\"text-align: justify; display: block;\"><strong>Preprosta odstranitev.<\/strong> Morate prestaviti ali odstraniti svoje plo\u0161\u010de? Na\u0161e monta\u017eno lepilo omogo\u010da enostavno odstranitev brez po\u0161kodb sten, zato je priro\u010dna izbira tako za najemnike kot za lastnike stanovanj.<\/span><\/li>\n<\/ul>\n<p>&nbsp;<\/p>\n<p><strong>Splo\u0161en opis izdelka<\/strong><\/p>\n<ul>\n<li>edinstven 3D videz<\/li>\n<li>plo\u0161\u010de iz naravnih surovin, slovenskega oreha<\/li>\n<li>za\u0161\u010diten z okolju prijaznim oljem<\/li>\n<li>kon\u010dana, UV-su\u0161ena &#8211; lesena deska debeline 5\/7 za edinstven 3D videz<\/li>\n<\/ul>\n","protected":false},"excerpt":{"rendered":"<p><span style=\"text-align: justify; display: block;\">Osvobodite se motiva brez \u017eivljenja z namestitvijo poudarkov iz lesenih plo\u0161\u010d v bogatej\u0161ih, \u017eivahnej\u0161ih odtenkih. Lepota lesnih zrn vzbuja zanimanje in vliva edinstven zna\u010daj. Enostavno in ugodno pomladite svoj prostor.<br \/>\n&nbsp;<br \/>\nPre\u017eenite dolgo\u010dasno in spremenite zna\u010dilno v nekaj kreativnega in izrazito va\u0161ega. Na\u0161e lesene stenske plo\u0161\u010de omogo\u010dajo preprosto spreminjanje katere koli sobe v nekaj posebnega.<\/span><\/p>\n<ul>\n<li><span style=\"text-align: justify; display: block;\"><strong>Edinstven 3D in luksuzen videz.<\/strong> Edinstven 3D u\u010dinek pri oblikovanju sten z lesenimi plo\u0161\u010dami razli\u010dnih debelin.<\/span><\/li>\n<li><span style=\"text-align: justify; display: block;\"><strong>Zelo preprosta namestitev.<\/strong> Z na\u0161im inovativnim lepilom za monta\u017eo, preprostimi navodili in minimalnim naporom boste v trenutku spremenili svoj prostor. Lahko se namesti na katero koli povr\u0161ino. To je najla\u017eji in najhitrej\u0161i na\u010din okrasitve prostora. Za polaganje lahko uporabite tudi poljubno lepilo za parket.<\/span><\/li>\n<li><span style=\"text-align: justify; display: block;\"><strong>Ekolo\u0161ko.<\/strong> Naraven slovenski oreh in okolju prijazno olje. In te plo\u0161\u010de so dobre za zmanj\u0161anje zvokov v katerem koli prostoru.<\/span><\/li>\n<li><span style=\"text-align: justify; display: block;\"><strong>Zajam\u010deno 40 % prihranka pri ogrevanju in hlajenju prostora.<\/strong><\/span><\/li>\n<li><strong>Velikost ene plo\u0161\u010de:<\/strong><\/li>\n<ul>\n<li>\u0160irina: 40 mm<\/li>\n<li>Debelina: 5\u20137 mm<\/li>\n<li><strong>Plo\u0161\u010de so na voljo v dveh razli\u010dnih dol\u017einah:<\/strong><\/li>\n<\/ul>\n<\/ul>\n","protected":false},"featured_media":6595,"comment_status":"open","ping_status":"closed","template":"","meta":[],"product_brand":[],"product_cat":[237],"product_tag":[204,235,234,207,212],"giftcard-category":[],"class_list":{"0":"post-6693","1":"product","2":"type-product","3":"status-publish","4":"has-post-thumbnail","6":"product_cat-zgradite-svojo-steno","7":"product_tag-hisa","8":"product_tag-lesa","9":"product_tag-oreh","10":"product_tag-pisarna","11":"product_tag-plosco","12":"product_shipping_class-v-2-3-mesecih","13":"pa_qty_max-102","14":"pa_qty_min-101","15":"pa_qty_step-103","16":"pa_quantity_measure-m2-sl","17":"pa_unit_price-m2-sl","18":"pa_warranty-nopands-sl-2","19":"pa_wood_species-oreh","21":"first","22":"instock","23":"taxable","24":"shipping-taxable","25":"purchasable","26":"product-type-simple"},"yoast_head":"<!-- This site is optimized with the Yoast SEO plugin v27.0 - https:\/\/yoast.com\/product\/yoast-seo-wordpress\/ -->\n<title>LUX LES Dom Dekor - 3D lesena stena - oreh S (5\/7 mm)<\/title>\n<meta name=\"description\" content=\"Stenske plo\u0161\u010de so izdelane iz naravnega oreha, za\u0161\u010ditene z okolju prijaznim oljem, enostavne za namestitev in primerne za vsako notranjost.\" \/>\n<meta name=\"robots\" content=\"index, follow, max-snippet:-1, max-image-preview:large, max-video-preview:-1\" \/>\n<link rel=\"canonical\" href=\"https:\/\/luxles.si\/sl\/izdelek\/3d-lesena-stena-oreh-5-7-mm\/\" \/>\n<meta property=\"og:locale\" content=\"sl_SI\" \/>\n<meta property=\"og:type\" content=\"article\" \/>\n<meta property=\"og:title\" content=\"LUX LES Dom Dekor - 3D lesena stena - oreh S (5\/7 mm)\" \/>\n<meta property=\"og:description\" content=\"Stenske plo\u0161\u010de so izdelane iz naravnega oreha, za\u0161\u010ditene z okolju prijaznim oljem, enostavne za namestitev in primerne za vsako notranjost.\" \/>\n<meta property=\"og:url\" content=\"https:\/\/luxles.si\/sl\/izdelek\/3d-lesena-stena-oreh-5-7-mm\/\" \/>\n<meta property=\"og:site_name\" content=\"LUX LES Dom Dekor\" \/>\n<meta property=\"article:publisher\" content=\"https:\/\/www.facebook.com\/luxlesdomdekor\/\" \/>\n<meta property=\"article:modified_time\" content=\"2024-05-31T16:30:40+00:00\" \/>\n<meta property=\"og:image\" content=\"https:\/\/luxles.si\/wp-content\/uploads\/2020\/11\/home_wall_4-min.jpg\" \/>\n\t<meta property=\"og:image:width\" content=\"1600\" \/>\n\t<meta property=\"og:image:height\" content=\"960\" \/>\n\t<meta property=\"og:image:type\" content=\"image\/jpeg\" \/>\n<meta name=\"twitter:card\" content=\"summary_large_image\" \/>\n<meta name=\"twitter:label1\" content=\"Est. reading time\" \/>\n\t<meta name=\"twitter:data1\" content=\"2 minuti\" \/>\n<script type=\"application\/ld+json\" class=\"yoast-schema-graph\">{\"@context\":\"https:\/\/schema.org\",\"@graph\":[{\"@type\":\"WebPage\",\"@id\":\"https:\/\/luxles.si\/sl\/izdelek\/3d-lesena-stena-oreh-5-7-mm\/\",\"url\":\"https:\/\/luxles.si\/sl\/izdelek\/3d-lesena-stena-oreh-5-7-mm\/\",\"name\":\"LUX LES Dom Dekor - 3D lesena stena - oreh S (5\/7 mm)\",\"isPartOf\":{\"@id\":\"https:\/\/luxles.si\/sl\/#website\"},\"primaryImageOfPage\":{\"@id\":\"https:\/\/luxles.si\/sl\/izdelek\/3d-lesena-stena-oreh-5-7-mm\/#primaryimage\"},\"image\":{\"@id\":\"https:\/\/luxles.si\/sl\/izdelek\/3d-lesena-stena-oreh-5-7-mm\/#primaryimage\"},\"thumbnailUrl\":\"https:\/\/luxles.si\/wp-content\/uploads\/2020\/11\/home_wall_4-min.jpg\",\"datePublished\":\"2020-11-25T05:51:09+00:00\",\"dateModified\":\"2024-05-31T16:30:40+00:00\",\"description\":\"Stenske plo\u0161\u010de so izdelane iz naravnega oreha, za\u0161\u010ditene z okolju prijaznim oljem, enostavne za namestitev in primerne za vsako notranjost.\",\"breadcrumb\":{\"@id\":\"https:\/\/luxles.si\/sl\/izdelek\/3d-lesena-stena-oreh-5-7-mm\/#breadcrumb\"},\"inLanguage\":\"sl-SI\",\"potentialAction\":[{\"@type\":\"ReadAction\",\"target\":[\"https:\/\/luxles.si\/sl\/izdelek\/3d-lesena-stena-oreh-5-7-mm\/\"]}]},{\"@type\":\"ImageObject\",\"inLanguage\":\"sl-SI\",\"@id\":\"https:\/\/luxles.si\/sl\/izdelek\/3d-lesena-stena-oreh-5-7-mm\/#primaryimage\",\"url\":\"https:\/\/luxles.si\/wp-content\/uploads\/2020\/11\/home_wall_4-min.jpg\",\"contentUrl\":\"https:\/\/luxles.si\/wp-content\/uploads\/2020\/11\/home_wall_4-min.jpg\",\"width\":1600,\"height\":960},{\"@type\":\"BreadcrumbList\",\"@id\":\"https:\/\/luxles.si\/sl\/izdelek\/3d-lesena-stena-oreh-5-7-mm\/#breadcrumb\",\"itemListElement\":[{\"@type\":\"ListItem\",\"position\":1,\"name\":\"Domov\",\"item\":\"https:\/\/luxles.si\/sl\/\"},{\"@type\":\"ListItem\",\"position\":2,\"name\":\"Trgovina\",\"item\":\"https:\/\/luxles.si\/sl\/shop\/\"},{\"@type\":\"ListItem\",\"position\":3,\"name\":\"3D lesena stena &#8211; oreh S (5\/7 mm)\"}]},{\"@type\":\"WebSite\",\"@id\":\"https:\/\/luxles.si\/sl\/#website\",\"url\":\"https:\/\/luxles.si\/sl\/\",\"name\":\"LUX LES Dom Dekor\",\"description\":\"\",\"publisher\":{\"@id\":\"https:\/\/luxles.si\/sl\/#organization\"},\"potentialAction\":[{\"@type\":\"SearchAction\",\"target\":{\"@type\":\"EntryPoint\",\"urlTemplate\":\"https:\/\/luxles.si\/sl\/?s={search_term_string}\"},\"query-input\":{\"@type\":\"PropertyValueSpecification\",\"valueRequired\":true,\"valueName\":\"search_term_string\"}}],\"inLanguage\":\"sl-SI\"},{\"@type\":\"Organization\",\"@id\":\"https:\/\/luxles.si\/sl\/#organization\",\"name\":\"LUX LES Dom Dekor\",\"url\":\"https:\/\/luxles.si\/sl\/\",\"logo\":{\"@type\":\"ImageObject\",\"inLanguage\":\"sl-SI\",\"@id\":\"https:\/\/luxles.si\/sl\/#\/schema\/logo\/image\/\",\"url\":\"https:\/\/luxles.si\/wp-content\/uploads\/2020\/07\/logo.png\",\"contentUrl\":\"https:\/\/luxles.si\/wp-content\/uploads\/2020\/07\/logo.png\",\"width\":245,\"height\":70,\"caption\":\"LUX LES Dom Dekor\"},\"image\":{\"@id\":\"https:\/\/luxles.si\/sl\/#\/schema\/logo\/image\/\"},\"sameAs\":[\"https:\/\/www.facebook.com\/luxlesdomdekor\/\",\"https:\/\/www.instagram.com\/luxlesdomdekor\"]}]}<\/script>\n<!-- \/ Yoast SEO plugin. -->","yoast_head_json":{"title":"LUX LES Dom Dekor - 3D lesena stena - oreh S (5\/7 mm)","description":"Stenske plo\u0161\u010de so izdelane iz naravnega oreha, za\u0161\u010ditene z okolju prijaznim oljem, enostavne za namestitev in primerne za vsako notranjost.","robots":{"index":"index","follow":"follow","max-snippet":"max-snippet:-1","max-image-preview":"max-image-preview:large","max-video-preview":"max-video-preview:-1"},"canonical":"https:\/\/luxles.si\/sl\/izdelek\/3d-lesena-stena-oreh-5-7-mm\/","og_locale":"sl_SI","og_type":"article","og_title":"LUX LES Dom Dekor - 3D lesena stena - oreh S (5\/7 mm)","og_description":"Stenske plo\u0161\u010de so izdelane iz naravnega oreha, za\u0161\u010ditene z okolju prijaznim oljem, enostavne za namestitev in primerne za vsako notranjost.","og_url":"https:\/\/luxles.si\/sl\/izdelek\/3d-lesena-stena-oreh-5-7-mm\/","og_site_name":"LUX LES Dom Dekor","article_publisher":"https:\/\/www.facebook.com\/luxlesdomdekor\/","article_modified_time":"2024-05-31T16:30:40+00:00","og_image":[{"width":1600,"height":960,"url":"https:\/\/luxles.si\/wp-content\/uploads\/2020\/11\/home_wall_4-min.jpg","type":"image\/jpeg"}],"twitter_card":"summary_large_image","twitter_misc":{"Est. reading time":"2 minuti"},"schema":{"@context":"https:\/\/schema.org","@graph":[{"@type":"WebPage","@id":"https:\/\/luxles.si\/sl\/izdelek\/3d-lesena-stena-oreh-5-7-mm\/","url":"https:\/\/luxles.si\/sl\/izdelek\/3d-lesena-stena-oreh-5-7-mm\/","name":"LUX LES Dom Dekor - 3D lesena stena - oreh S (5\/7 mm)","isPartOf":{"@id":"https:\/\/luxles.si\/sl\/#website"},"primaryImageOfPage":{"@id":"https:\/\/luxles.si\/sl\/izdelek\/3d-lesena-stena-oreh-5-7-mm\/#primaryimage"},"image":{"@id":"https:\/\/luxles.si\/sl\/izdelek\/3d-lesena-stena-oreh-5-7-mm\/#primaryimage"},"thumbnailUrl":"https:\/\/luxles.si\/wp-content\/uploads\/2020\/11\/home_wall_4-min.jpg","datePublished":"2020-11-25T05:51:09+00:00","dateModified":"2024-05-31T16:30:40+00:00","description":"Stenske plo\u0161\u010de so izdelane iz naravnega oreha, za\u0161\u010ditene z okolju prijaznim oljem, enostavne za namestitev in primerne za vsako notranjost.","breadcrumb":{"@id":"https:\/\/luxles.si\/sl\/izdelek\/3d-lesena-stena-oreh-5-7-mm\/#breadcrumb"},"inLanguage":"sl-SI","potentialAction":[{"@type":"ReadAction","target":["https:\/\/luxles.si\/sl\/izdelek\/3d-lesena-stena-oreh-5-7-mm\/"]}]},{"@type":"ImageObject","inLanguage":"sl-SI","@id":"https:\/\/luxles.si\/sl\/izdelek\/3d-lesena-stena-oreh-5-7-mm\/#primaryimage","url":"https:\/\/luxles.si\/wp-content\/uploads\/2020\/11\/home_wall_4-min.jpg","contentUrl":"https:\/\/luxles.si\/wp-content\/uploads\/2020\/11\/home_wall_4-min.jpg","width":1600,"height":960},{"@type":"BreadcrumbList","@id":"https:\/\/luxles.si\/sl\/izdelek\/3d-lesena-stena-oreh-5-7-mm\/#breadcrumb","itemListElement":[{"@type":"ListItem","position":1,"name":"Domov","item":"https:\/\/luxles.si\/sl\/"},{"@type":"ListItem","position":2,"name":"Trgovina","item":"https:\/\/luxles.si\/sl\/shop\/"},{"@type":"ListItem","position":3,"name":"3D lesena stena &#8211; oreh S (5\/7 mm)"}]},{"@type":"WebSite","@id":"https:\/\/luxles.si\/sl\/#website","url":"https:\/\/luxles.si\/sl\/","name":"LUX LES Dom Dekor","description":"","publisher":{"@id":"https:\/\/luxles.si\/sl\/#organization"},"potentialAction":[{"@type":"SearchAction","target":{"@type":"EntryPoint","urlTemplate":"https:\/\/luxles.si\/sl\/?s={search_term_string}"},"query-input":{"@type":"PropertyValueSpecification","valueRequired":true,"valueName":"search_term_string"}}],"inLanguage":"sl-SI"},{"@type":"Organization","@id":"https:\/\/luxles.si\/sl\/#organization","name":"LUX LES Dom Dekor","url":"https:\/\/luxles.si\/sl\/","logo":{"@type":"ImageObject","inLanguage":"sl-SI","@id":"https:\/\/luxles.si\/sl\/#\/schema\/logo\/image\/","url":"https:\/\/luxles.si\/wp-content\/uploads\/2020\/07\/logo.png","contentUrl":"https:\/\/luxles.si\/wp-content\/uploads\/2020\/07\/logo.png","width":245,"height":70,"caption":"LUX LES Dom Dekor"},"image":{"@id":"https:\/\/luxles.si\/sl\/#\/schema\/logo\/image\/"},"sameAs":["https:\/\/www.facebook.com\/luxlesdomdekor\/","https:\/\/www.instagram.com\/luxlesdomdekor"]}]}},"_links":{"self":[{"href":"https:\/\/luxles.si\/sl\/wp-json\/wp\/v2\/product\/6693","targetHints":{"allow":["GET"]}}],"collection":[{"href":"https:\/\/luxles.si\/sl\/wp-json\/wp\/v2\/product"}],"about":[{"href":"https:\/\/luxles.si\/sl\/wp-json\/wp\/v2\/types\/product"}],"replies":[{"embeddable":true,"href":"https:\/\/luxles.si\/sl\/wp-json\/wp\/v2\/comments?post=6693"}],"wp:featuredmedia":[{"embeddable":true,"href":"https:\/\/luxles.si\/sl\/wp-json\/wp\/v2\/media\/6595"}],"wp:attachment":[{"href":"https:\/\/luxles.si\/sl\/wp-json\/wp\/v2\/media?parent=6693"}],"wp:term":[{"taxonomy":"product_brand","embeddable":true,"href":"https:\/\/luxles.si\/sl\/wp-json\/wp\/v2\/product_brand?post=6693"},{"taxonomy":"product_cat","embeddable":true,"href":"https:\/\/luxles.si\/sl\/wp-json\/wp\/v2\/product_cat?post=6693"},{"taxonomy":"product_tag","embeddable":true,"href":"https:\/\/luxles.si\/sl\/wp-json\/wp\/v2\/product_tag?post=6693"},{"taxonomy":"giftcard-category","embeddable":true,"href":"https:\/\/luxles.si\/sl\/wp-json\/wp\/v2\/giftcard-category?post=6693"}],"curies":[{"name":"wp","href":"https:\/\/api.w.org\/{rel}","templated":true}]}}