{"id":6692,"date":"2022-01-25T07:16:29","date_gmt":"2022-01-25T06:16:29","guid":{"rendered":"https:\/\/luxles.si\/product\/hrastova-mizna-plosca-z-zivim-robom\/"},"modified":"2025-05-26T08:58:05","modified_gmt":"2025-05-26T06:58:05","slug":"hrastova-mizna-plosca-z-zivim-robom","status":"publish","type":"product","link":"https:\/\/luxles.si\/sl\/izdelek\/hrastova-mizna-plosca-z-zivim-robom\/","title":{"rendered":"Hrastova mizna plo\u0161\u010da z \u017eivim robom"},"content":{"rendered":"<p><strong>Lesni izdelki LUX LES DOM-DEKOR<\/strong><br \/>\n<span style=\"text-align: justify; display: block;\">Hrastova mizna plo\u0161\u010da po meri. Da boste v svojem domu za\u010dutili naravno lepoto hrastovega drevesa. Zaradi naravne teksture lesa in ro\u010dno izdelanih predmetov je vsak kos edinstven. Je popolnoma ro\u010dno izdelan in okolju prijazen, da ustvari va\u0161 edinstven prostor, druga\u010den od vseh drugih.<\/span><\/p>\n<p>&nbsp;<\/p>\n<p><span style=\"text-align: justify; display: block;\">Hrastova mizna plo\u0161\u010da z \u017eivim robom vam lahko ob pravilni negi slu\u017ei ve\u010d let (glejte zavihek \u201cNEGA in \u010cI\u0160\u010cENJE\u201d).<\/span><\/p>\n<ul>\n<li>Za \u010di\u0161\u010denje ne uporabljajte abrazivnih sredstev.<\/li>\n<li>Vsa razlitja in pu\u0161\u010danja takoj obri\u0161ite s krpo ali brisa\u010dami.<\/li>\n<li>Za vsakodnevno \u010di\u0161\u010denje uporabljajte milnico in neabrazivna \u010distila.<\/li>\n<\/ul>\n<p>&nbsp;<\/p>\n<p><span style=\"text-align: justify; display: block;\"><strong>PROSIMO, UPO\u0160TEVAJTE. Izdelek, prikazan na tej strani, \u0161e ni bil kupljen. Vse slike te plo\u0161\u010de iz hrastovega lesa z \u017eivim robom na tej strani so izmi\u0161ljene. Dejanska plo\u0161\u010da iz hrastovega lesa z \u017eivim robom se lahko razlikuje od slik na tej strani.<\/strong><\/span><br \/>\n&nbsp;<\/p>\n<p><span style=\"text-align: justify; display: block;\">Vse mizne plo\u0161\u010de so narejene po naro\u010dilu. Na enak na\u010din vam jih lahko prilagodimo. Izdelamo vam lahko poljubno velikost. \u00bb<a class=\"lewct_request_quote_popup\" href=\"#\">Zahtevajte ponudbo<\/a>\u00ab zanjo. Lahko pa <a href=\"tel:+38669407615\">pokli\u010dete<\/a> enega izmed na\u0161ih strokovnjakov in mu zastavite va\u0161a vpra\u0161anja.<\/span><\/p>\n<p>&nbsp;<\/p>\n<p><strong>Splo\u0161en opis izdelka:<\/strong><\/p>\n<ul>\n<li>SUROVINA &#8211; Hrast.<\/li>\n<li>Zaklju\u010dek &#8211; O\u010di\u0161\u010deno &amp; Obru\u0161eno.<\/li>\n<\/ul>\n","protected":false},"excerpt":{"rendered":"<p><span style=\"text-align: justify; display: block;\">Z veseljem vam ponujamo ro\u010dno izdelano \u00bbHrastova mizna plo\u0161\u010da z \u017eivim robom\u00ab. \u010ce ne najdete, kar potrebujete, vam na va\u0161o zahtevo izdelamo mizna plo\u0161\u010da po meri. \u00bb<a class=\"lewct_request_quote_popup\" href=\"#\">Zahtevajte ponudbo<\/a>\u00ab zanjo. Lahko pa <a href=\"tel:+38669407615\">pokli\u010dete<\/a> enega izmed na\u0161ih strokovnjakov in mu zastavite va\u0161a vpra\u0161anja.<\/span><\/p>\n<table>\n<tbody>\n<tr>\n<td class=\"uni-cpo-dynamic-notice-td\">Dol\u017eina, \u0161irina in vi\u0161ina<\/td>\n<td><strong>Fiksno, 2400x1000x20-40mm<\/strong><\/td>\n<\/tr>\n<tr>\n<td>Vrsta in debelina<\/td>\n<td><strong>Hrast, 20-40mm<\/strong><\/td>\n<\/tr>\n<tr>\n<td>Zaklju\u010dek<\/td>\n<td><strong>O\u010di\u0161\u010deno &amp; Obru\u0161eno<\/strong><\/td>\n<\/tr>\n<tr>\n<td>Te\u017ea<\/td>\n<td><strong>do 67kg<\/strong><\/td>\n<\/tr>\n<\/tbody>\n<\/table>\n<p><span style=\"text-align: justify; display: block;\"><strong>PROSIMO, UPO\u0160TEVAJTE. Izdelek, prikazan na tej strani, \u0161e ni bil kupljen. Vse slike te plo\u0161\u010de iz hrastovega lesa z \u017eivim robom na tej strani so izmi\u0161ljene. Dejanska plo\u0161\u010da iz hrastovega lesa z \u017eivim robom se lahko razlikuje od slik na tej strani.<\/strong><\/span><\/p>\n","protected":false},"featured_media":5911,"comment_status":"open","ping_status":"closed","template":"","meta":[],"product_brand":[],"product_cat":[361],"product_tag":[204,203,206,190,229,199],"giftcard-category":[],"class_list":{"0":"post-6692","1":"product","2":"type-product","3":"status-publish","4":"has-post-thumbnail","6":"product_cat-lesene-mize","7":"product_tag-hisa","8":"product_tag-dompohistvo","9":"product_tag-hrast","10":"product_tag-kavna-mizica","11":"product_tag-mizo","12":"product_tag-pohistvo","13":"product_shipping_class-v-3-4-tednih","14":"pa_quantity_measure-kos-sl","15":"pa_unit_price-kos-sl","16":"pa_warranty-candconly-sl-2","17":"pa_wood_species-hrast","19":"first","20":"instock","21":"taxable","22":"shipping-taxable","23":"purchasable","24":"product-type-simple"},"yoast_head":"<!-- This site is optimized with the Yoast SEO plugin v27.4 - https:\/\/yoast.com\/product\/yoast-seo-wordpress\/ -->\n<title>LUX LES Dom Dekor - Hrastova mizna plo\u0161\u010da z \u017eivim robom<\/title>\n<meta name=\"description\" content=\"Z veseljem vam ponujamo ro\u010dno izdelano \u00bbHrastova mizna plo\u0161\u010da z \u017eivim robom\u00ab Da boste v svojem domu za\u010dutili naravno lepoto hrastovega drevesa. Zaradi naravne teksture lesa in ro\u010dno izdelanih predmetov je vsak kos edinstven. Je popolnoma ro\u010dno izdelan in okolju prijazen, da ustvari va\u0161 edinstven prostor, druga\u010den od vseh drugih. Izdelamo vam lahko poljubno velikost.\" \/>\n<meta name=\"robots\" content=\"index, follow, max-snippet:-1, max-image-preview:large, max-video-preview:-1\" \/>\n<link rel=\"canonical\" href=\"https:\/\/luxles.si\/sl\/izdelek\/hrastova-mizna-plosca-z-zivim-robom\/\" \/>\n<meta property=\"og:locale\" content=\"sl_SI\" \/>\n<meta property=\"og:type\" content=\"article\" \/>\n<meta property=\"og:title\" content=\"LUX LES Dom Dekor - Hrastova mizna plo\u0161\u010da z \u017eivim robom\" \/>\n<meta property=\"og:description\" content=\"Z veseljem vam ponujamo ro\u010dno izdelano \u00bbHrastova mizna plo\u0161\u010da z \u017eivim robom\u00ab Da boste v svojem domu za\u010dutili naravno lepoto hrastovega drevesa. Zaradi naravne teksture lesa in ro\u010dno izdelanih predmetov je vsak kos edinstven. Je popolnoma ro\u010dno izdelan in okolju prijazen, da ustvari va\u0161 edinstven prostor, druga\u010den od vseh drugih. Izdelamo vam lahko poljubno velikost.\" \/>\n<meta property=\"og:url\" content=\"https:\/\/luxles.si\/sl\/izdelek\/hrastova-mizna-plosca-z-zivim-robom\/\" \/>\n<meta property=\"og:site_name\" content=\"LUX LES Dom Dekor\" \/>\n<meta property=\"article:publisher\" content=\"https:\/\/www.facebook.com\/luxlesdomdekor\/\" \/>\n<meta property=\"article:modified_time\" content=\"2025-05-26T06:58:05+00:00\" \/>\n<meta property=\"og:image\" content=\"https:\/\/luxles.si\/wp-content\/uploads\/2022\/01\/live-edge-oak-tabletop1.png\" \/>\n\t<meta property=\"og:image:width\" content=\"1280\" \/>\n\t<meta property=\"og:image:height\" content=\"853\" \/>\n\t<meta property=\"og:image:type\" content=\"image\/png\" \/>\n<meta name=\"twitter:card\" content=\"summary_large_image\" \/>\n<meta name=\"twitter:label1\" content=\"Est. reading time\" \/>\n\t<meta name=\"twitter:data1\" content=\"1 minuta\" \/>\n<script type=\"application\/ld+json\" class=\"yoast-schema-graph\">{\"@context\":\"https:\\\/\\\/schema.org\",\"@graph\":[{\"@type\":\"WebPage\",\"@id\":\"https:\\\/\\\/luxles.si\\\/sl\\\/izdelek\\\/hrastova-mizna-plosca-z-zivim-robom\\\/\",\"url\":\"https:\\\/\\\/luxles.si\\\/sl\\\/izdelek\\\/hrastova-mizna-plosca-z-zivim-robom\\\/\",\"name\":\"LUX LES Dom Dekor - Hrastova mizna plo\u0161\u010da z \u017eivim robom\",\"isPartOf\":{\"@id\":\"https:\\\/\\\/luxles.si\\\/sl\\\/#website\"},\"primaryImageOfPage\":{\"@id\":\"https:\\\/\\\/luxles.si\\\/sl\\\/izdelek\\\/hrastova-mizna-plosca-z-zivim-robom\\\/#primaryimage\"},\"image\":{\"@id\":\"https:\\\/\\\/luxles.si\\\/sl\\\/izdelek\\\/hrastova-mizna-plosca-z-zivim-robom\\\/#primaryimage\"},\"thumbnailUrl\":\"https:\\\/\\\/luxles.si\\\/wp-content\\\/uploads\\\/2022\\\/01\\\/live-edge-oak-tabletop1.png\",\"datePublished\":\"2022-01-25T06:16:29+00:00\",\"dateModified\":\"2025-05-26T06:58:05+00:00\",\"description\":\"Z veseljem vam ponujamo ro\u010dno izdelano \u00bbHrastova mizna plo\u0161\u010da z \u017eivim robom\u00ab Da boste v svojem domu za\u010dutili naravno lepoto hrastovega drevesa. Zaradi naravne teksture lesa in ro\u010dno izdelanih predmetov je vsak kos edinstven. Je popolnoma ro\u010dno izdelan in okolju prijazen, da ustvari va\u0161 edinstven prostor, druga\u010den od vseh drugih. Izdelamo vam lahko poljubno velikost.\",\"breadcrumb\":{\"@id\":\"https:\\\/\\\/luxles.si\\\/sl\\\/izdelek\\\/hrastova-mizna-plosca-z-zivim-robom\\\/#breadcrumb\"},\"inLanguage\":\"sl-SI\",\"potentialAction\":[{\"@type\":\"ReadAction\",\"target\":[\"https:\\\/\\\/luxles.si\\\/sl\\\/izdelek\\\/hrastova-mizna-plosca-z-zivim-robom\\\/\"]}]},{\"@type\":\"ImageObject\",\"inLanguage\":\"sl-SI\",\"@id\":\"https:\\\/\\\/luxles.si\\\/sl\\\/izdelek\\\/hrastova-mizna-plosca-z-zivim-robom\\\/#primaryimage\",\"url\":\"https:\\\/\\\/luxles.si\\\/wp-content\\\/uploads\\\/2022\\\/01\\\/live-edge-oak-tabletop1.png\",\"contentUrl\":\"https:\\\/\\\/luxles.si\\\/wp-content\\\/uploads\\\/2022\\\/01\\\/live-edge-oak-tabletop1.png\",\"width\":1280,\"height\":853,\"caption\":\"Hrastova mizna plo\u0161\u010da z \u017eivim robom\"},{\"@type\":\"BreadcrumbList\",\"@id\":\"https:\\\/\\\/luxles.si\\\/sl\\\/izdelek\\\/hrastova-mizna-plosca-z-zivim-robom\\\/#breadcrumb\",\"itemListElement\":[{\"@type\":\"ListItem\",\"position\":1,\"name\":\"Domov\",\"item\":\"https:\\\/\\\/luxles.si\\\/sl\\\/\"},{\"@type\":\"ListItem\",\"position\":2,\"name\":\"Trgovina\",\"item\":\"https:\\\/\\\/luxles.si\\\/sl\\\/shop\\\/\"},{\"@type\":\"ListItem\",\"position\":3,\"name\":\"Hrastova mizna plo\u0161\u010da z \u017eivim robom\"}]},{\"@type\":\"WebSite\",\"@id\":\"https:\\\/\\\/luxles.si\\\/sl\\\/#website\",\"url\":\"https:\\\/\\\/luxles.si\\\/sl\\\/\",\"name\":\"LUX LES Dom Dekor\",\"description\":\"\",\"publisher\":{\"@id\":\"https:\\\/\\\/luxles.si\\\/sl\\\/#organization\"},\"potentialAction\":[{\"@type\":\"SearchAction\",\"target\":{\"@type\":\"EntryPoint\",\"urlTemplate\":\"https:\\\/\\\/luxles.si\\\/sl\\\/?s={search_term_string}\"},\"query-input\":{\"@type\":\"PropertyValueSpecification\",\"valueRequired\":true,\"valueName\":\"search_term_string\"}}],\"inLanguage\":\"sl-SI\"},{\"@type\":\"Organization\",\"@id\":\"https:\\\/\\\/luxles.si\\\/sl\\\/#organization\",\"name\":\"LUX LES Dom Dekor\",\"url\":\"https:\\\/\\\/luxles.si\\\/sl\\\/\",\"logo\":{\"@type\":\"ImageObject\",\"inLanguage\":\"sl-SI\",\"@id\":\"https:\\\/\\\/luxles.si\\\/sl\\\/#\\\/schema\\\/logo\\\/image\\\/\",\"url\":\"https:\\\/\\\/luxles.si\\\/wp-content\\\/uploads\\\/2020\\\/07\\\/logo.png\",\"contentUrl\":\"https:\\\/\\\/luxles.si\\\/wp-content\\\/uploads\\\/2020\\\/07\\\/logo.png\",\"width\":245,\"height\":70,\"caption\":\"LUX LES Dom Dekor\"},\"image\":{\"@id\":\"https:\\\/\\\/luxles.si\\\/sl\\\/#\\\/schema\\\/logo\\\/image\\\/\"},\"sameAs\":[\"https:\\\/\\\/www.facebook.com\\\/luxlesdomdekor\\\/\",\"https:\\\/\\\/www.instagram.com\\\/luxlesdomdekor\"]}]}<\/script>\n<!-- \/ Yoast SEO plugin. -->","yoast_head_json":{"title":"LUX LES Dom Dekor - Hrastova mizna plo\u0161\u010da z \u017eivim robom","description":"Z veseljem vam ponujamo ro\u010dno izdelano \u00bbHrastova mizna plo\u0161\u010da z \u017eivim robom\u00ab Da boste v svojem domu za\u010dutili naravno lepoto hrastovega drevesa. Zaradi naravne teksture lesa in ro\u010dno izdelanih predmetov je vsak kos edinstven. Je popolnoma ro\u010dno izdelan in okolju prijazen, da ustvari va\u0161 edinstven prostor, druga\u010den od vseh drugih. Izdelamo vam lahko poljubno velikost.","robots":{"index":"index","follow":"follow","max-snippet":"max-snippet:-1","max-image-preview":"max-image-preview:large","max-video-preview":"max-video-preview:-1"},"canonical":"https:\/\/luxles.si\/sl\/izdelek\/hrastova-mizna-plosca-z-zivim-robom\/","og_locale":"sl_SI","og_type":"article","og_title":"LUX LES Dom Dekor - Hrastova mizna plo\u0161\u010da z \u017eivim robom","og_description":"Z veseljem vam ponujamo ro\u010dno izdelano \u00bbHrastova mizna plo\u0161\u010da z \u017eivim robom\u00ab Da boste v svojem domu za\u010dutili naravno lepoto hrastovega drevesa. Zaradi naravne teksture lesa in ro\u010dno izdelanih predmetov je vsak kos edinstven. Je popolnoma ro\u010dno izdelan in okolju prijazen, da ustvari va\u0161 edinstven prostor, druga\u010den od vseh drugih. Izdelamo vam lahko poljubno velikost.","og_url":"https:\/\/luxles.si\/sl\/izdelek\/hrastova-mizna-plosca-z-zivim-robom\/","og_site_name":"LUX LES Dom Dekor","article_publisher":"https:\/\/www.facebook.com\/luxlesdomdekor\/","article_modified_time":"2025-05-26T06:58:05+00:00","og_image":[{"width":1280,"height":853,"url":"https:\/\/luxles.si\/wp-content\/uploads\/2022\/01\/live-edge-oak-tabletop1.png","type":"image\/png"}],"twitter_card":"summary_large_image","twitter_misc":{"Est. reading time":"1 minuta"},"schema":{"@context":"https:\/\/schema.org","@graph":[{"@type":"WebPage","@id":"https:\/\/luxles.si\/sl\/izdelek\/hrastova-mizna-plosca-z-zivim-robom\/","url":"https:\/\/luxles.si\/sl\/izdelek\/hrastova-mizna-plosca-z-zivim-robom\/","name":"LUX LES Dom Dekor - Hrastova mizna plo\u0161\u010da z \u017eivim robom","isPartOf":{"@id":"https:\/\/luxles.si\/sl\/#website"},"primaryImageOfPage":{"@id":"https:\/\/luxles.si\/sl\/izdelek\/hrastova-mizna-plosca-z-zivim-robom\/#primaryimage"},"image":{"@id":"https:\/\/luxles.si\/sl\/izdelek\/hrastova-mizna-plosca-z-zivim-robom\/#primaryimage"},"thumbnailUrl":"https:\/\/luxles.si\/wp-content\/uploads\/2022\/01\/live-edge-oak-tabletop1.png","datePublished":"2022-01-25T06:16:29+00:00","dateModified":"2025-05-26T06:58:05+00:00","description":"Z veseljem vam ponujamo ro\u010dno izdelano \u00bbHrastova mizna plo\u0161\u010da z \u017eivim robom\u00ab Da boste v svojem domu za\u010dutili naravno lepoto hrastovega drevesa. Zaradi naravne teksture lesa in ro\u010dno izdelanih predmetov je vsak kos edinstven. Je popolnoma ro\u010dno izdelan in okolju prijazen, da ustvari va\u0161 edinstven prostor, druga\u010den od vseh drugih. Izdelamo vam lahko poljubno velikost.","breadcrumb":{"@id":"https:\/\/luxles.si\/sl\/izdelek\/hrastova-mizna-plosca-z-zivim-robom\/#breadcrumb"},"inLanguage":"sl-SI","potentialAction":[{"@type":"ReadAction","target":["https:\/\/luxles.si\/sl\/izdelek\/hrastova-mizna-plosca-z-zivim-robom\/"]}]},{"@type":"ImageObject","inLanguage":"sl-SI","@id":"https:\/\/luxles.si\/sl\/izdelek\/hrastova-mizna-plosca-z-zivim-robom\/#primaryimage","url":"https:\/\/luxles.si\/wp-content\/uploads\/2022\/01\/live-edge-oak-tabletop1.png","contentUrl":"https:\/\/luxles.si\/wp-content\/uploads\/2022\/01\/live-edge-oak-tabletop1.png","width":1280,"height":853,"caption":"Hrastova mizna plo\u0161\u010da z \u017eivim robom"},{"@type":"BreadcrumbList","@id":"https:\/\/luxles.si\/sl\/izdelek\/hrastova-mizna-plosca-z-zivim-robom\/#breadcrumb","itemListElement":[{"@type":"ListItem","position":1,"name":"Domov","item":"https:\/\/luxles.si\/sl\/"},{"@type":"ListItem","position":2,"name":"Trgovina","item":"https:\/\/luxles.si\/sl\/shop\/"},{"@type":"ListItem","position":3,"name":"Hrastova mizna plo\u0161\u010da z \u017eivim robom"}]},{"@type":"WebSite","@id":"https:\/\/luxles.si\/sl\/#website","url":"https:\/\/luxles.si\/sl\/","name":"LUX LES Dom Dekor","description":"","publisher":{"@id":"https:\/\/luxles.si\/sl\/#organization"},"potentialAction":[{"@type":"SearchAction","target":{"@type":"EntryPoint","urlTemplate":"https:\/\/luxles.si\/sl\/?s={search_term_string}"},"query-input":{"@type":"PropertyValueSpecification","valueRequired":true,"valueName":"search_term_string"}}],"inLanguage":"sl-SI"},{"@type":"Organization","@id":"https:\/\/luxles.si\/sl\/#organization","name":"LUX LES Dom Dekor","url":"https:\/\/luxles.si\/sl\/","logo":{"@type":"ImageObject","inLanguage":"sl-SI","@id":"https:\/\/luxles.si\/sl\/#\/schema\/logo\/image\/","url":"https:\/\/luxles.si\/wp-content\/uploads\/2020\/07\/logo.png","contentUrl":"https:\/\/luxles.si\/wp-content\/uploads\/2020\/07\/logo.png","width":245,"height":70,"caption":"LUX LES Dom Dekor"},"image":{"@id":"https:\/\/luxles.si\/sl\/#\/schema\/logo\/image\/"},"sameAs":["https:\/\/www.facebook.com\/luxlesdomdekor\/","https:\/\/www.instagram.com\/luxlesdomdekor"]}]}},"_links":{"self":[{"href":"https:\/\/luxles.si\/sl\/wp-json\/wp\/v2\/product\/6692","targetHints":{"allow":["GET"]}}],"collection":[{"href":"https:\/\/luxles.si\/sl\/wp-json\/wp\/v2\/product"}],"about":[{"href":"https:\/\/luxles.si\/sl\/wp-json\/wp\/v2\/types\/product"}],"replies":[{"embeddable":true,"href":"https:\/\/luxles.si\/sl\/wp-json\/wp\/v2\/comments?post=6692"}],"wp:featuredmedia":[{"embeddable":true,"href":"https:\/\/luxles.si\/sl\/wp-json\/wp\/v2\/media\/5911"}],"wp:attachment":[{"href":"https:\/\/luxles.si\/sl\/wp-json\/wp\/v2\/media?parent=6692"}],"wp:term":[{"taxonomy":"product_brand","embeddable":true,"href":"https:\/\/luxles.si\/sl\/wp-json\/wp\/v2\/product_brand?post=6692"},{"taxonomy":"product_cat","embeddable":true,"href":"https:\/\/luxles.si\/sl\/wp-json\/wp\/v2\/product_cat?post=6692"},{"taxonomy":"product_tag","embeddable":true,"href":"https:\/\/luxles.si\/sl\/wp-json\/wp\/v2\/product_tag?post=6692"},{"taxonomy":"giftcard-category","embeddable":true,"href":"https:\/\/luxles.si\/sl\/wp-json\/wp\/v2\/giftcard-category?post=6692"}],"curies":[{"name":"wp","href":"https:\/\/api.w.org\/{rel}","templated":true}]}}