{"id":6687,"date":"2021-03-21T14:20:31","date_gmt":"2021-03-21T13:20:31","guid":{"rendered":"https:\/\/luxles.si\/product\/leseni-organizator-pisalne-mize\/"},"modified":"2023-02-28T18:27:02","modified_gmt":"2023-02-28T17:27:02","slug":"leseni-organizator-pisalne-mize","status":"publish","type":"product","link":"https:\/\/luxles.si\/sl\/izdelek\/leseni-organizator-pisalne-mize\/","title":{"rendered":"Leseni organizator pisalne mize"},"content":{"rendered":"<p><strong>Lesni izdelki LUX LES DOM-DEKOR<\/strong><br \/>\n<span style=\"text-align: justify; display: block;\">Leseni organizator pisalne mize<\/span><\/p>\n<p>&nbsp;<\/p>\n<p><span style=\"text-align: justify; display: block;\">Minimalisti\u010dno dr\u017ealo za vizitke je idealno za razglednice, vizitke, \u0161tevilke miz, fotografije, vo\u0161\u010dilnice, pa tudi za okvirje za slike ali samo za vizitke ali oznake s cenami v trgovini.<\/span><\/p>\n<p>&nbsp;<\/p>\n<p><span style=\"text-align: justify; display: block;\">Tudi pladenj za pisala ima minimalisti\u010den slog. Njegova zasnova daje eleganten videz.<\/span><\/p>\n<p>&nbsp;<\/p>\n<p><span style=\"text-align: justify; display: block;\">Vsak lesen organizator mize je ro\u010dno izdelan in gre skozi strog postopek nadzora kakovosti ter je zelo primeren za darilo.<\/span><\/p>\n<p>&nbsp;<\/p>\n<p><strong>Splo\u0161en opis izdelka<\/strong><\/p>\n<ul>\n<li><span style=\"text-align: justify; display: block;\">Leseni organizator za pisalno mizo iz naravnih surovin, slovenskega oreha ali hrasta.<\/span><\/li>\n<li>Za\u0161\u010diten z okolju prijaznim oljem.<\/li>\n<li>Kon\u010dan, UV-su\u0161en.<\/li>\n<li>Elegantno minimalisti\u010dno oblikovanje.<\/li>\n<li><span style=\"text-align: justify; display: block;\">2x dr\u017ealo za pisala, 2x dr\u017ealo za vizitke, 2x majhno dr\u017ealo za razglednice, 2x veliko dr\u017ealo za fotografije\/razglednice.<\/span><\/li>\n<li>Te\u017ea: do 1 kg.<\/li>\n<\/ul>\n","protected":false},"excerpt":{"rendered":"<p><span style=\"text-align: justify; display: block;\">Naraven hrastov ali orehov les prihaja iz lokalnih gozdov in iz njega je ro\u010dno izdelan minimalisti\u010dni organizator pisalne mize.<\/span><br \/>\n<span style=\"text-align: justify; display: block;\">V kombinaciji z va\u0161o najljub\u0161o sliko je popoln kot majhno darilo za rojstni dan, poroko, poslovno prireditev, vselitev itd. Povr\u0161ina je premazana z naravnim oljem in je odporna na vodo obrabo. Tako majhen kos lesa ima toliko mo\u017enosti. Organizatorje seveda izdelujemo tudi iz drugih vrst lesa in druga\u010dnih velikosti:<\/span><\/p>\n","protected":false},"featured_media":5892,"comment_status":"open","ping_status":"closed","template":"","meta":[],"product_brand":[],"product_cat":[238],"product_tag":[200,204,206,235,234,210,207,199,184,185,228],"giftcard-category":[],"class_list":{"0":"post-6687","1":"product","2":"type-product","3":"status-publish","4":"has-post-thumbnail","6":"product_cat-dom-in-dekor","7":"product_tag-darilo","8":"product_tag-hisa","9":"product_tag-hrast","10":"product_tag-lesa","11":"product_tag-oreh","12":"product_tag-organizer-sl","13":"product_tag-pisarna","14":"product_tag-pohistvo","15":"product_tag-posel","16":"product_tag-poslovni-organizer","17":"product_tag-stilsko","18":"product_shipping_class-v-3-4-tednih","19":"pa_quantity_measure-kos-sl","20":"pa_unit_price-kos-sl","21":"pa_warranty-candconly-sl-2","22":"pa_wood_species-hrast","23":"pa_wood_species-oreh","25":"first","26":"instock","27":"taxable","28":"shipping-taxable","29":"purchasable","30":"product-type-simple"},"yoast_head":"<!-- This site is optimized with the Yoast SEO plugin v27.0 - https:\/\/yoast.com\/product\/yoast-seo-wordpress\/ -->\n<title>Leseni organizator pisalne mize - LUX LES Dom Dekor<\/title>\n<meta name=\"description\" content=\"Naraven hrastov ali orehov les prihaja iz lokalnih gozdov in iz njega je ro\u010dno izdelan minimalisti\u010dni organizator pisalne mize.\" \/>\n<meta name=\"robots\" content=\"index, follow, max-snippet:-1, max-image-preview:large, max-video-preview:-1\" \/>\n<link rel=\"canonical\" href=\"https:\/\/luxles.si\/sl\/izdelek\/leseni-organizator-pisalne-mize\/\" \/>\n<meta property=\"og:locale\" content=\"sl_SI\" \/>\n<meta property=\"og:type\" content=\"article\" \/>\n<meta property=\"og:title\" content=\"Leseni organizator pisalne mize - LUX LES Dom Dekor\" \/>\n<meta property=\"og:description\" content=\"Naraven hrastov ali orehov les prihaja iz lokalnih gozdov in iz njega je ro\u010dno izdelan minimalisti\u010dni organizator pisalne mize.\" \/>\n<meta property=\"og:url\" content=\"https:\/\/luxles.si\/sl\/izdelek\/leseni-organizator-pisalne-mize\/\" \/>\n<meta property=\"og:site_name\" content=\"LUX LES Dom Dekor\" \/>\n<meta property=\"article:publisher\" content=\"https:\/\/www.facebook.com\/luxlesdomdekor\/\" \/>\n<meta property=\"article:modified_time\" content=\"2023-02-28T17:27:02+00:00\" \/>\n<meta property=\"og:image\" content=\"https:\/\/luxles.si\/wp-content\/uploads\/2021\/03\/IMG_1463-min.jpg\" \/>\n\t<meta property=\"og:image:width\" content=\"1200\" \/>\n\t<meta property=\"og:image:height\" content=\"800\" \/>\n\t<meta property=\"og:image:type\" content=\"image\/jpeg\" \/>\n<meta name=\"twitter:card\" content=\"summary_large_image\" \/>\n<meta name=\"twitter:label1\" content=\"Est. reading time\" \/>\n\t<meta name=\"twitter:data1\" content=\"1 minuta\" \/>\n<script type=\"application\/ld+json\" class=\"yoast-schema-graph\">{\"@context\":\"https:\/\/schema.org\",\"@graph\":[{\"@type\":\"WebPage\",\"@id\":\"https:\/\/luxles.si\/sl\/izdelek\/leseni-organizator-pisalne-mize\/\",\"url\":\"https:\/\/luxles.si\/sl\/izdelek\/leseni-organizator-pisalne-mize\/\",\"name\":\"Leseni organizator pisalne mize - LUX LES Dom Dekor\",\"isPartOf\":{\"@id\":\"https:\/\/luxles.si\/sl\/#website\"},\"primaryImageOfPage\":{\"@id\":\"https:\/\/luxles.si\/sl\/izdelek\/leseni-organizator-pisalne-mize\/#primaryimage\"},\"image\":{\"@id\":\"https:\/\/luxles.si\/sl\/izdelek\/leseni-organizator-pisalne-mize\/#primaryimage\"},\"thumbnailUrl\":\"https:\/\/luxles.si\/wp-content\/uploads\/2021\/03\/IMG_1463-min.jpg\",\"datePublished\":\"2021-03-21T13:20:31+00:00\",\"dateModified\":\"2023-02-28T17:27:02+00:00\",\"description\":\"Naraven hrastov ali orehov les prihaja iz lokalnih gozdov in iz njega je ro\u010dno izdelan minimalisti\u010dni organizator pisalne mize.\",\"breadcrumb\":{\"@id\":\"https:\/\/luxles.si\/sl\/izdelek\/leseni-organizator-pisalne-mize\/#breadcrumb\"},\"inLanguage\":\"sl-SI\",\"potentialAction\":[{\"@type\":\"ReadAction\",\"target\":[\"https:\/\/luxles.si\/sl\/izdelek\/leseni-organizator-pisalne-mize\/\"]}]},{\"@type\":\"ImageObject\",\"inLanguage\":\"sl-SI\",\"@id\":\"https:\/\/luxles.si\/sl\/izdelek\/leseni-organizator-pisalne-mize\/#primaryimage\",\"url\":\"https:\/\/luxles.si\/wp-content\/uploads\/2021\/03\/IMG_1463-min.jpg\",\"contentUrl\":\"https:\/\/luxles.si\/wp-content\/uploads\/2021\/03\/IMG_1463-min.jpg\",\"width\":1200,\"height\":800},{\"@type\":\"BreadcrumbList\",\"@id\":\"https:\/\/luxles.si\/sl\/izdelek\/leseni-organizator-pisalne-mize\/#breadcrumb\",\"itemListElement\":[{\"@type\":\"ListItem\",\"position\":1,\"name\":\"Domov\",\"item\":\"https:\/\/luxles.si\/sl\/\"},{\"@type\":\"ListItem\",\"position\":2,\"name\":\"Trgovina\",\"item\":\"https:\/\/luxles.si\/sl\/shop\/\"},{\"@type\":\"ListItem\",\"position\":3,\"name\":\"Leseni organizator pisalne mize\"}]},{\"@type\":\"WebSite\",\"@id\":\"https:\/\/luxles.si\/sl\/#website\",\"url\":\"https:\/\/luxles.si\/sl\/\",\"name\":\"LUX LES Dom Dekor\",\"description\":\"\",\"publisher\":{\"@id\":\"https:\/\/luxles.si\/sl\/#organization\"},\"potentialAction\":[{\"@type\":\"SearchAction\",\"target\":{\"@type\":\"EntryPoint\",\"urlTemplate\":\"https:\/\/luxles.si\/sl\/?s={search_term_string}\"},\"query-input\":{\"@type\":\"PropertyValueSpecification\",\"valueRequired\":true,\"valueName\":\"search_term_string\"}}],\"inLanguage\":\"sl-SI\"},{\"@type\":\"Organization\",\"@id\":\"https:\/\/luxles.si\/sl\/#organization\",\"name\":\"LUX LES Dom Dekor\",\"url\":\"https:\/\/luxles.si\/sl\/\",\"logo\":{\"@type\":\"ImageObject\",\"inLanguage\":\"sl-SI\",\"@id\":\"https:\/\/luxles.si\/sl\/#\/schema\/logo\/image\/\",\"url\":\"https:\/\/luxles.si\/wp-content\/uploads\/2020\/07\/logo.png\",\"contentUrl\":\"https:\/\/luxles.si\/wp-content\/uploads\/2020\/07\/logo.png\",\"width\":245,\"height\":70,\"caption\":\"LUX LES Dom Dekor\"},\"image\":{\"@id\":\"https:\/\/luxles.si\/sl\/#\/schema\/logo\/image\/\"},\"sameAs\":[\"https:\/\/www.facebook.com\/luxlesdomdekor\/\",\"https:\/\/www.instagram.com\/luxlesdomdekor\"]}]}<\/script>\n<!-- \/ Yoast SEO plugin. -->","yoast_head_json":{"title":"Leseni organizator pisalne mize - LUX LES Dom Dekor","description":"Naraven hrastov ali orehov les prihaja iz lokalnih gozdov in iz njega je ro\u010dno izdelan minimalisti\u010dni organizator pisalne mize.","robots":{"index":"index","follow":"follow","max-snippet":"max-snippet:-1","max-image-preview":"max-image-preview:large","max-video-preview":"max-video-preview:-1"},"canonical":"https:\/\/luxles.si\/sl\/izdelek\/leseni-organizator-pisalne-mize\/","og_locale":"sl_SI","og_type":"article","og_title":"Leseni organizator pisalne mize - LUX LES Dom Dekor","og_description":"Naraven hrastov ali orehov les prihaja iz lokalnih gozdov in iz njega je ro\u010dno izdelan minimalisti\u010dni organizator pisalne mize.","og_url":"https:\/\/luxles.si\/sl\/izdelek\/leseni-organizator-pisalne-mize\/","og_site_name":"LUX LES Dom Dekor","article_publisher":"https:\/\/www.facebook.com\/luxlesdomdekor\/","article_modified_time":"2023-02-28T17:27:02+00:00","og_image":[{"width":1200,"height":800,"url":"https:\/\/luxles.si\/wp-content\/uploads\/2021\/03\/IMG_1463-min.jpg","type":"image\/jpeg"}],"twitter_card":"summary_large_image","twitter_misc":{"Est. reading time":"1 minuta"},"schema":{"@context":"https:\/\/schema.org","@graph":[{"@type":"WebPage","@id":"https:\/\/luxles.si\/sl\/izdelek\/leseni-organizator-pisalne-mize\/","url":"https:\/\/luxles.si\/sl\/izdelek\/leseni-organizator-pisalne-mize\/","name":"Leseni organizator pisalne mize - LUX LES Dom Dekor","isPartOf":{"@id":"https:\/\/luxles.si\/sl\/#website"},"primaryImageOfPage":{"@id":"https:\/\/luxles.si\/sl\/izdelek\/leseni-organizator-pisalne-mize\/#primaryimage"},"image":{"@id":"https:\/\/luxles.si\/sl\/izdelek\/leseni-organizator-pisalne-mize\/#primaryimage"},"thumbnailUrl":"https:\/\/luxles.si\/wp-content\/uploads\/2021\/03\/IMG_1463-min.jpg","datePublished":"2021-03-21T13:20:31+00:00","dateModified":"2023-02-28T17:27:02+00:00","description":"Naraven hrastov ali orehov les prihaja iz lokalnih gozdov in iz njega je ro\u010dno izdelan minimalisti\u010dni organizator pisalne mize.","breadcrumb":{"@id":"https:\/\/luxles.si\/sl\/izdelek\/leseni-organizator-pisalne-mize\/#breadcrumb"},"inLanguage":"sl-SI","potentialAction":[{"@type":"ReadAction","target":["https:\/\/luxles.si\/sl\/izdelek\/leseni-organizator-pisalne-mize\/"]}]},{"@type":"ImageObject","inLanguage":"sl-SI","@id":"https:\/\/luxles.si\/sl\/izdelek\/leseni-organizator-pisalne-mize\/#primaryimage","url":"https:\/\/luxles.si\/wp-content\/uploads\/2021\/03\/IMG_1463-min.jpg","contentUrl":"https:\/\/luxles.si\/wp-content\/uploads\/2021\/03\/IMG_1463-min.jpg","width":1200,"height":800},{"@type":"BreadcrumbList","@id":"https:\/\/luxles.si\/sl\/izdelek\/leseni-organizator-pisalne-mize\/#breadcrumb","itemListElement":[{"@type":"ListItem","position":1,"name":"Domov","item":"https:\/\/luxles.si\/sl\/"},{"@type":"ListItem","position":2,"name":"Trgovina","item":"https:\/\/luxles.si\/sl\/shop\/"},{"@type":"ListItem","position":3,"name":"Leseni organizator pisalne mize"}]},{"@type":"WebSite","@id":"https:\/\/luxles.si\/sl\/#website","url":"https:\/\/luxles.si\/sl\/","name":"LUX LES Dom Dekor","description":"","publisher":{"@id":"https:\/\/luxles.si\/sl\/#organization"},"potentialAction":[{"@type":"SearchAction","target":{"@type":"EntryPoint","urlTemplate":"https:\/\/luxles.si\/sl\/?s={search_term_string}"},"query-input":{"@type":"PropertyValueSpecification","valueRequired":true,"valueName":"search_term_string"}}],"inLanguage":"sl-SI"},{"@type":"Organization","@id":"https:\/\/luxles.si\/sl\/#organization","name":"LUX LES Dom Dekor","url":"https:\/\/luxles.si\/sl\/","logo":{"@type":"ImageObject","inLanguage":"sl-SI","@id":"https:\/\/luxles.si\/sl\/#\/schema\/logo\/image\/","url":"https:\/\/luxles.si\/wp-content\/uploads\/2020\/07\/logo.png","contentUrl":"https:\/\/luxles.si\/wp-content\/uploads\/2020\/07\/logo.png","width":245,"height":70,"caption":"LUX LES Dom Dekor"},"image":{"@id":"https:\/\/luxles.si\/sl\/#\/schema\/logo\/image\/"},"sameAs":["https:\/\/www.facebook.com\/luxlesdomdekor\/","https:\/\/www.instagram.com\/luxlesdomdekor"]}]}},"_links":{"self":[{"href":"https:\/\/luxles.si\/sl\/wp-json\/wp\/v2\/product\/6687","targetHints":{"allow":["GET"]}}],"collection":[{"href":"https:\/\/luxles.si\/sl\/wp-json\/wp\/v2\/product"}],"about":[{"href":"https:\/\/luxles.si\/sl\/wp-json\/wp\/v2\/types\/product"}],"replies":[{"embeddable":true,"href":"https:\/\/luxles.si\/sl\/wp-json\/wp\/v2\/comments?post=6687"}],"wp:featuredmedia":[{"embeddable":true,"href":"https:\/\/luxles.si\/sl\/wp-json\/wp\/v2\/media\/5892"}],"wp:attachment":[{"href":"https:\/\/luxles.si\/sl\/wp-json\/wp\/v2\/media?parent=6687"}],"wp:term":[{"taxonomy":"product_brand","embeddable":true,"href":"https:\/\/luxles.si\/sl\/wp-json\/wp\/v2\/product_brand?post=6687"},{"taxonomy":"product_cat","embeddable":true,"href":"https:\/\/luxles.si\/sl\/wp-json\/wp\/v2\/product_cat?post=6687"},{"taxonomy":"product_tag","embeddable":true,"href":"https:\/\/luxles.si\/sl\/wp-json\/wp\/v2\/product_tag?post=6687"},{"taxonomy":"giftcard-category","embeddable":true,"href":"https:\/\/luxles.si\/sl\/wp-json\/wp\/v2\/giftcard-category?post=6687"}],"curies":[{"name":"wp","href":"https:\/\/api.w.org\/{rel}","templated":true}]}}