{"id":6656,"date":"2020-08-27T19:34:58","date_gmt":"2020-08-27T17:34:58","guid":{"rendered":"https:\/\/luxles.si\/product\/lesene-kocke-za-projekte-samostojne-izdelave\/"},"modified":"2023-02-28T18:29:54","modified_gmt":"2023-02-28T17:29:54","slug":"nedokoncane-lesene-kochke-za-projekte-samostojne-izdelave","status":"publish","type":"product","link":"https:\/\/luxles.si\/sl\/izdelek\/nedokoncane-lesene-kochke-za-projekte-samostojne-izdelave\/","title":{"rendered":"Lesene kocke za projekte samostojne izdelave"},"content":{"rendered":"<p><strong>Lesni izdelki LUX LES DOM-DEKOR<\/strong><br \/>\n<span style=\"text-align: justify; display: block;\">LESENE KOCKE LUX LES DOM-DEKOR prina\u0161ajo eleganten pridih va\u0161im izdelkom, ki jih naredite sami, in obrti. Izdelane so iz naravnega slovenskega lesa, ki ima lahko druga\u010dno teksturo in barvo brez ostrega vonja. Te kocke lahko uporabite na razli\u010dne na\u010dine za va\u0161e umetni\u0161ko delo.<\/span><\/p>\n<p>&nbsp;<\/p>\n<ul>\n<li>NEDOKON\u010cANE LESENE KOCKE z gladko povr\u0161ino, odli\u010dne za samostojne obrtni\u0161ke projekte po meri, za slikanje, barvanje, pisanje, rezljanje in v\u017eiganje podstavkov za kozarce.<\/li>\n<li>OKOLJU PRIJAZNO. Naraven slovenski les je robusten in trpe\u017een.<\/li>\n<li>ENOSTAVNO IZDELAJTE SVOJE OBLIKE. Kot nala\u0161\u010d za ro\u010dno slikanje, izdelavo podstavkov za kozarce, umetnin z v\u017eiganjem v les, lesenih \u010drk in dekoracij po meri. Te lesene kocke prilagodite tako, da ustvarite zabaven umetni\u0161ki okras.<\/li>\n<\/ul>\n<p>&nbsp;<\/p>\n<p><span style=\"text-align: justify; display: block;\">Lesene stene dajejo vsakemu prostoru prijeten in topel videz. Les ima nizko toplotno prevodnost, zaradi \u010desar se prostor po\u010dasneje segreva ali hladi. Tako je ena izmed prednosti lesenih stenskih oblog izbolj\u0161anje notranje klime.<\/span><\/p>\n<p>&nbsp;<\/p>\n<p><strong>Splo\u0161en opis izdelka<\/strong><\/p>\n<ul>\n<li>kocke, narejene iz naravnih surovin<\/li>\n<li>Okolju prijazne<\/li>\n<li>nedokon\u010dane, te lesene kocke prilagodite tako, da ustvarite zabaven umetni\u0161ki okras.<\/li>\n<\/ul>\n<p>&nbsp;<\/p>\n<p><strong>Vsebina pakiranja<\/strong><\/p>\n<ul>\n<li>Vsebina: 1 m2<\/li>\n<li>200 kock 75 x 75 x 10 mm<\/li>\n<\/ul>\n","protected":false},"excerpt":{"rendered":"<p><span style=\"text-align: justify; display: block;\">S tem kalkulatorjem si lahko izra\u010dunate najbolj\u0161o ponudbo za koli\u010dino, ki jo potrebujete. Lahko pa <a href=\"tel:+38640844057\">pokli\u010dete<\/a> enega izmed na\u0161ih strokovnjakov in mu zastavite va\u0161a vpra\u0161anja.<\/span><\/p>\n","protected":false},"featured_media":5811,"comment_status":"open","ping_status":"closed","template":"","meta":[],"product_brand":[],"product_cat":[240],"product_tag":[180,204,206,235,197,233,193,234,207,212,195,228,198],"giftcard-category":[],"class_list":{"0":"post-6656","1":"product","2":"type-product","3":"status-publish","4":"has-post-thumbnail","6":"product_cat-za-ustvarjalnost","7":"product_tag-akacija","8":"product_tag-hisa","9":"product_tag-hrast","10":"product_tag-lesa","11":"product_tag-naredi-sam","12":"product_tag-nedokoncano","13":"product_tag-obrt","14":"product_tag-oreh","15":"product_tag-pisarna","16":"product_tag-plosco","17":"product_tag-prilagojeno","18":"product_tag-stilsko","19":"product_tag-za-otroke","20":"product_shipping_class-v-3-4-tednih","21":"pa_warranty-diyproducts-sl-2","22":"pa_wood_species-hrast","23":"pa_wood_species-oreh","24":"pa_wood_species-akacija","26":"first","27":"instock","28":"sold-individually","29":"taxable","30":"shipping-taxable","31":"purchasable","32":"product-type-simple"},"yoast_head":"<!-- This site is optimized with the Yoast SEO plugin v27.0 - https:\/\/yoast.com\/product\/yoast-seo-wordpress\/ -->\n<title>LUX LES Dom Dekor - Lesene kocke za projekte samostojne izdelave<\/title>\n<meta name=\"description\" content=\"LESENE KOCKE LUX LES DOM-DEKOR prina\u0161ajo eleganten pridih va\u0161im izdelkom, ki jih naredite sami, in obrti. Izdelane so iz naravnega slovenskega lesa, ki ima lahko druga\u010dno teksturo in barvo brez ostrega vonja. Te kocke lahko uporabite na razli\u010dne na\u010dine za va\u0161e umetni\u0161ko delo. %\" \/>\n<meta name=\"robots\" content=\"index, follow, max-snippet:-1, max-image-preview:large, max-video-preview:-1\" \/>\n<link rel=\"canonical\" href=\"https:\/\/luxles.si\/sl\/izdelek\/nedokoncane-lesene-kochke-za-projekte-samostojne-izdelave\/\" \/>\n<meta property=\"og:locale\" content=\"sl_SI\" \/>\n<meta property=\"og:type\" content=\"article\" \/>\n<meta property=\"og:title\" content=\"LUX LES Dom Dekor - Lesene kocke za projekte samostojne izdelave\" \/>\n<meta property=\"og:description\" content=\"LESENE KOCKE LUX LES DOM-DEKOR prina\u0161ajo eleganten pridih va\u0161im izdelkom, ki jih naredite sami, in obrti. Izdelane so iz naravnega slovenskega lesa, ki ima lahko druga\u010dno teksturo in barvo brez ostrega vonja. Te kocke lahko uporabite na razli\u010dne na\u010dine za va\u0161e umetni\u0161ko delo. %\" \/>\n<meta property=\"og:url\" content=\"https:\/\/luxles.si\/sl\/izdelek\/nedokoncane-lesene-kochke-za-projekte-samostojne-izdelave\/\" \/>\n<meta property=\"og:site_name\" content=\"LUX LES Dom Dekor\" \/>\n<meta property=\"article:publisher\" content=\"https:\/\/www.facebook.com\/luxlesdomdekor\/\" \/>\n<meta property=\"article:modified_time\" content=\"2023-02-28T17:29:54+00:00\" \/>\n<meta property=\"og:image\" content=\"https:\/\/luxles.si\/wp-content\/uploads\/2020\/08\/acacia_min-1.jpg\" \/>\n\t<meta property=\"og:image:width\" content=\"1126\" \/>\n\t<meta property=\"og:image:height\" content=\"1094\" \/>\n\t<meta property=\"og:image:type\" content=\"image\/jpeg\" \/>\n<meta name=\"twitter:card\" content=\"summary_large_image\" \/>\n<meta name=\"twitter:label1\" content=\"Est. reading time\" \/>\n\t<meta name=\"twitter:data1\" content=\"1 minuta\" \/>\n<script type=\"application\/ld+json\" class=\"yoast-schema-graph\">{\"@context\":\"https:\/\/schema.org\",\"@graph\":[{\"@type\":\"WebPage\",\"@id\":\"https:\/\/luxles.si\/sl\/izdelek\/nedokoncane-lesene-kochke-za-projekte-samostojne-izdelave\/\",\"url\":\"https:\/\/luxles.si\/sl\/izdelek\/nedokoncane-lesene-kochke-za-projekte-samostojne-izdelave\/\",\"name\":\"LUX LES Dom Dekor - Lesene kocke za projekte samostojne izdelave\",\"isPartOf\":{\"@id\":\"https:\/\/luxles.si\/sl\/#website\"},\"primaryImageOfPage\":{\"@id\":\"https:\/\/luxles.si\/sl\/izdelek\/nedokoncane-lesene-kochke-za-projekte-samostojne-izdelave\/#primaryimage\"},\"image\":{\"@id\":\"https:\/\/luxles.si\/sl\/izdelek\/nedokoncane-lesene-kochke-za-projekte-samostojne-izdelave\/#primaryimage\"},\"thumbnailUrl\":\"https:\/\/luxles.si\/wp-content\/uploads\/2020\/08\/acacia_min-1.jpg\",\"datePublished\":\"2020-08-27T17:34:58+00:00\",\"dateModified\":\"2023-02-28T17:29:54+00:00\",\"description\":\"LESENE KOCKE LUX LES DOM-DEKOR prina\u0161ajo eleganten pridih va\u0161im izdelkom, ki jih naredite sami, in obrti. Izdelane so iz naravnega slovenskega lesa, ki ima lahko druga\u010dno teksturo in barvo brez ostrega vonja. Te kocke lahko uporabite na razli\u010dne na\u010dine za va\u0161e umetni\u0161ko delo. %\",\"breadcrumb\":{\"@id\":\"https:\/\/luxles.si\/sl\/izdelek\/nedokoncane-lesene-kochke-za-projekte-samostojne-izdelave\/#breadcrumb\"},\"inLanguage\":\"sl-SI\",\"potentialAction\":[{\"@type\":\"ReadAction\",\"target\":[\"https:\/\/luxles.si\/sl\/izdelek\/nedokoncane-lesene-kochke-za-projekte-samostojne-izdelave\/\"]}]},{\"@type\":\"ImageObject\",\"inLanguage\":\"sl-SI\",\"@id\":\"https:\/\/luxles.si\/sl\/izdelek\/nedokoncane-lesene-kochke-za-projekte-samostojne-izdelave\/#primaryimage\",\"url\":\"https:\/\/luxles.si\/wp-content\/uploads\/2020\/08\/acacia_min-1.jpg\",\"contentUrl\":\"https:\/\/luxles.si\/wp-content\/uploads\/2020\/08\/acacia_min-1.jpg\",\"width\":1126,\"height\":1094},{\"@type\":\"BreadcrumbList\",\"@id\":\"https:\/\/luxles.si\/sl\/izdelek\/nedokoncane-lesene-kochke-za-projekte-samostojne-izdelave\/#breadcrumb\",\"itemListElement\":[{\"@type\":\"ListItem\",\"position\":1,\"name\":\"Domov\",\"item\":\"https:\/\/luxles.si\/sl\/\"},{\"@type\":\"ListItem\",\"position\":2,\"name\":\"Trgovina\",\"item\":\"https:\/\/luxles.si\/sl\/shop\/\"},{\"@type\":\"ListItem\",\"position\":3,\"name\":\"Lesene kocke za projekte samostojne izdelave\"}]},{\"@type\":\"WebSite\",\"@id\":\"https:\/\/luxles.si\/sl\/#website\",\"url\":\"https:\/\/luxles.si\/sl\/\",\"name\":\"LUX LES Dom Dekor\",\"description\":\"\",\"publisher\":{\"@id\":\"https:\/\/luxles.si\/sl\/#organization\"},\"potentialAction\":[{\"@type\":\"SearchAction\",\"target\":{\"@type\":\"EntryPoint\",\"urlTemplate\":\"https:\/\/luxles.si\/sl\/?s={search_term_string}\"},\"query-input\":{\"@type\":\"PropertyValueSpecification\",\"valueRequired\":true,\"valueName\":\"search_term_string\"}}],\"inLanguage\":\"sl-SI\"},{\"@type\":\"Organization\",\"@id\":\"https:\/\/luxles.si\/sl\/#organization\",\"name\":\"LUX LES Dom Dekor\",\"url\":\"https:\/\/luxles.si\/sl\/\",\"logo\":{\"@type\":\"ImageObject\",\"inLanguage\":\"sl-SI\",\"@id\":\"https:\/\/luxles.si\/sl\/#\/schema\/logo\/image\/\",\"url\":\"https:\/\/luxles.si\/wp-content\/uploads\/2020\/07\/logo.png\",\"contentUrl\":\"https:\/\/luxles.si\/wp-content\/uploads\/2020\/07\/logo.png\",\"width\":245,\"height\":70,\"caption\":\"LUX LES Dom Dekor\"},\"image\":{\"@id\":\"https:\/\/luxles.si\/sl\/#\/schema\/logo\/image\/\"},\"sameAs\":[\"https:\/\/www.facebook.com\/luxlesdomdekor\/\",\"https:\/\/www.instagram.com\/luxlesdomdekor\"]}]}<\/script>\n<!-- \/ Yoast SEO plugin. -->","yoast_head_json":{"title":"LUX LES Dom Dekor - Lesene kocke za projekte samostojne izdelave","description":"LESENE KOCKE LUX LES DOM-DEKOR prina\u0161ajo eleganten pridih va\u0161im izdelkom, ki jih naredite sami, in obrti. Izdelane so iz naravnega slovenskega lesa, ki ima lahko druga\u010dno teksturo in barvo brez ostrega vonja. Te kocke lahko uporabite na razli\u010dne na\u010dine za va\u0161e umetni\u0161ko delo. %","robots":{"index":"index","follow":"follow","max-snippet":"max-snippet:-1","max-image-preview":"max-image-preview:large","max-video-preview":"max-video-preview:-1"},"canonical":"https:\/\/luxles.si\/sl\/izdelek\/nedokoncane-lesene-kochke-za-projekte-samostojne-izdelave\/","og_locale":"sl_SI","og_type":"article","og_title":"LUX LES Dom Dekor - Lesene kocke za projekte samostojne izdelave","og_description":"LESENE KOCKE LUX LES DOM-DEKOR prina\u0161ajo eleganten pridih va\u0161im izdelkom, ki jih naredite sami, in obrti. Izdelane so iz naravnega slovenskega lesa, ki ima lahko druga\u010dno teksturo in barvo brez ostrega vonja. Te kocke lahko uporabite na razli\u010dne na\u010dine za va\u0161e umetni\u0161ko delo. %","og_url":"https:\/\/luxles.si\/sl\/izdelek\/nedokoncane-lesene-kochke-za-projekte-samostojne-izdelave\/","og_site_name":"LUX LES Dom Dekor","article_publisher":"https:\/\/www.facebook.com\/luxlesdomdekor\/","article_modified_time":"2023-02-28T17:29:54+00:00","og_image":[{"width":1126,"height":1094,"url":"https:\/\/luxles.si\/wp-content\/uploads\/2020\/08\/acacia_min-1.jpg","type":"image\/jpeg"}],"twitter_card":"summary_large_image","twitter_misc":{"Est. reading time":"1 minuta"},"schema":{"@context":"https:\/\/schema.org","@graph":[{"@type":"WebPage","@id":"https:\/\/luxles.si\/sl\/izdelek\/nedokoncane-lesene-kochke-za-projekte-samostojne-izdelave\/","url":"https:\/\/luxles.si\/sl\/izdelek\/nedokoncane-lesene-kochke-za-projekte-samostojne-izdelave\/","name":"LUX LES Dom Dekor - Lesene kocke za projekte samostojne izdelave","isPartOf":{"@id":"https:\/\/luxles.si\/sl\/#website"},"primaryImageOfPage":{"@id":"https:\/\/luxles.si\/sl\/izdelek\/nedokoncane-lesene-kochke-za-projekte-samostojne-izdelave\/#primaryimage"},"image":{"@id":"https:\/\/luxles.si\/sl\/izdelek\/nedokoncane-lesene-kochke-za-projekte-samostojne-izdelave\/#primaryimage"},"thumbnailUrl":"https:\/\/luxles.si\/wp-content\/uploads\/2020\/08\/acacia_min-1.jpg","datePublished":"2020-08-27T17:34:58+00:00","dateModified":"2023-02-28T17:29:54+00:00","description":"LESENE KOCKE LUX LES DOM-DEKOR prina\u0161ajo eleganten pridih va\u0161im izdelkom, ki jih naredite sami, in obrti. Izdelane so iz naravnega slovenskega lesa, ki ima lahko druga\u010dno teksturo in barvo brez ostrega vonja. Te kocke lahko uporabite na razli\u010dne na\u010dine za va\u0161e umetni\u0161ko delo. %","breadcrumb":{"@id":"https:\/\/luxles.si\/sl\/izdelek\/nedokoncane-lesene-kochke-za-projekte-samostojne-izdelave\/#breadcrumb"},"inLanguage":"sl-SI","potentialAction":[{"@type":"ReadAction","target":["https:\/\/luxles.si\/sl\/izdelek\/nedokoncane-lesene-kochke-za-projekte-samostojne-izdelave\/"]}]},{"@type":"ImageObject","inLanguage":"sl-SI","@id":"https:\/\/luxles.si\/sl\/izdelek\/nedokoncane-lesene-kochke-za-projekte-samostojne-izdelave\/#primaryimage","url":"https:\/\/luxles.si\/wp-content\/uploads\/2020\/08\/acacia_min-1.jpg","contentUrl":"https:\/\/luxles.si\/wp-content\/uploads\/2020\/08\/acacia_min-1.jpg","width":1126,"height":1094},{"@type":"BreadcrumbList","@id":"https:\/\/luxles.si\/sl\/izdelek\/nedokoncane-lesene-kochke-za-projekte-samostojne-izdelave\/#breadcrumb","itemListElement":[{"@type":"ListItem","position":1,"name":"Domov","item":"https:\/\/luxles.si\/sl\/"},{"@type":"ListItem","position":2,"name":"Trgovina","item":"https:\/\/luxles.si\/sl\/shop\/"},{"@type":"ListItem","position":3,"name":"Lesene kocke za projekte samostojne izdelave"}]},{"@type":"WebSite","@id":"https:\/\/luxles.si\/sl\/#website","url":"https:\/\/luxles.si\/sl\/","name":"LUX LES Dom Dekor","description":"","publisher":{"@id":"https:\/\/luxles.si\/sl\/#organization"},"potentialAction":[{"@type":"SearchAction","target":{"@type":"EntryPoint","urlTemplate":"https:\/\/luxles.si\/sl\/?s={search_term_string}"},"query-input":{"@type":"PropertyValueSpecification","valueRequired":true,"valueName":"search_term_string"}}],"inLanguage":"sl-SI"},{"@type":"Organization","@id":"https:\/\/luxles.si\/sl\/#organization","name":"LUX LES Dom Dekor","url":"https:\/\/luxles.si\/sl\/","logo":{"@type":"ImageObject","inLanguage":"sl-SI","@id":"https:\/\/luxles.si\/sl\/#\/schema\/logo\/image\/","url":"https:\/\/luxles.si\/wp-content\/uploads\/2020\/07\/logo.png","contentUrl":"https:\/\/luxles.si\/wp-content\/uploads\/2020\/07\/logo.png","width":245,"height":70,"caption":"LUX LES Dom Dekor"},"image":{"@id":"https:\/\/luxles.si\/sl\/#\/schema\/logo\/image\/"},"sameAs":["https:\/\/www.facebook.com\/luxlesdomdekor\/","https:\/\/www.instagram.com\/luxlesdomdekor"]}]}},"_links":{"self":[{"href":"https:\/\/luxles.si\/sl\/wp-json\/wp\/v2\/product\/6656","targetHints":{"allow":["GET"]}}],"collection":[{"href":"https:\/\/luxles.si\/sl\/wp-json\/wp\/v2\/product"}],"about":[{"href":"https:\/\/luxles.si\/sl\/wp-json\/wp\/v2\/types\/product"}],"replies":[{"embeddable":true,"href":"https:\/\/luxles.si\/sl\/wp-json\/wp\/v2\/comments?post=6656"}],"wp:featuredmedia":[{"embeddable":true,"href":"https:\/\/luxles.si\/sl\/wp-json\/wp\/v2\/media\/5811"}],"wp:attachment":[{"href":"https:\/\/luxles.si\/sl\/wp-json\/wp\/v2\/media?parent=6656"}],"wp:term":[{"taxonomy":"product_brand","embeddable":true,"href":"https:\/\/luxles.si\/sl\/wp-json\/wp\/v2\/product_brand?post=6656"},{"taxonomy":"product_cat","embeddable":true,"href":"https:\/\/luxles.si\/sl\/wp-json\/wp\/v2\/product_cat?post=6656"},{"taxonomy":"product_tag","embeddable":true,"href":"https:\/\/luxles.si\/sl\/wp-json\/wp\/v2\/product_tag?post=6656"},{"taxonomy":"giftcard-category","embeddable":true,"href":"https:\/\/luxles.si\/sl\/wp-json\/wp\/v2\/giftcard-category?post=6656"}],"curies":[{"name":"wp","href":"https:\/\/api.w.org\/{rel}","templated":true}]}}