{"id":6089,"date":"2020-10-14T12:43:31","date_gmt":"2020-10-14T10:43:31","guid":{"rendered":"https:\/\/luxles.si\/product\/samolepilne-3d-lesene-plosce-smreka-20\/"},"modified":"2024-05-31T18:16:51","modified_gmt":"2024-05-31T16:16:51","slug":"3d-lesene-plosce-dfsmreka-20","status":"publish","type":"product","link":"https:\/\/luxles.si\/sl\/izdelek\/3d-lesene-plosce-dfsmreka-20\/","title":{"rendered":"3D leseni stenski paneli &#8211; smreka (20)"},"content":{"rendered":"<p><strong>Lesni izdelki LUX LES DOM-DEKOR<\/strong><br \/>\n<span style=\"text-align: justify; display: block;\">Stenske plo\u0161\u010de LUX LES DOM DEKOR Smreka 3D so zelo primerne za dekoracijo vsake notranjosti. Deske so narejene iz naravne smreke, izpostavljene zunanjim vremenskim razmeram, in za\u0161\u010ditene z okolju prijaznim oljem. Na\u0161e smrekove plo\u0161\u010de zelo dobro vzdr\u017eujejo udobno mikroklimo in zmanj\u0161ujejo hrup v katerem koli prostoru. <b>Na va\u0161o zahtevo lahko brezpla\u010dno dodamo dodatno prevleko, dodatno zaklju\u010dno obdelavo ali barve. <\/b>Z na\u0161im inovativnim lepilom za monta\u017eo, preprostimi navodili in minimalnim naporom boste v trenutku spremenili svoj prostor. Te plo\u0161\u010de lahko namestite na katero koli povr\u0161ino. To je najla\u017eji in najhitrej\u0161i na\u010din okrasitve prostora. Za polaganje lahko uporabite tudi poljubno lepilo za parket.<\/span><\/p>\n<p>&nbsp;<\/p>\n<p><span style=\"text-align: justify; display: block;\">Lesene stene dajejo vsakemu prostoru prijeten in topel videz. Les ima nizko toplotno prevodnost, zaradi \u010desar se prostor po\u010dasneje segreva ali hladi. Tako je ena izmed prednosti lesenih stenskih oblog izbolj\u0161anje notranje klime.<\/span><\/p>\n<p>&nbsp;<\/p>\n<p><strong>Zakaj na\u0161e monta\u017eno lepilo?<\/strong><br \/>\n<span style=\"text-align: justify; display: block;\">Zavedamo se pomena udobja in zanesljivosti, ko gre za namestitev. Zato vam ponujamo monta\u017eno lepilo, ki je posebej oblikovano za na\u0161e 3D lesene stenske plo\u0161\u010de. Evo, zakaj je to popolna izbira:<\/span><\/p>\n<ul class=\"customulofproductdescription\">\n<li><span style=\"text-align: justify; display: block;\"><strong>Mo\u010dan oprijem.<\/strong> Na\u0161e monta\u017eno lepilo zagotavlja zanesljivo povezavo med plo\u0161\u010do in steno ter zagotavlja, da je va\u0161a nalo\u017eba trajna.<\/span><\/li>\n<li><span style=\"text-align: justify; display: block;\"><strong>Brez nereda, brez hrupa.<\/strong> Poslovite se od neurejenih namestitev in nepri\u010dakovanih vrzeli. Na\u0161e monta\u017eno lepilo omogo\u010da \u010dist in brezhiben nanos, zato je zaklju\u010dek vedno brezhiben.<\/span><\/li>\n<li><span style=\"text-align: justify; display: block;\"><strong>Preprosta odstranitev.<\/strong> Morate prestaviti ali odstraniti svoje plo\u0161\u010de? Na\u0161e monta\u017eno lepilo omogo\u010da enostavno odstranitev brez po\u0161kodb sten, zato je priro\u010dna izbira tako za najemnike kot za lastnike stanovanj.<\/span><\/li>\n<\/ul>\n<p>&nbsp;<\/p>\n<p><strong>Splo\u0161en opis izdelka<\/strong><\/p>\n<ul>\n<li>Edinstven 3D in luksuzen videz<\/li>\n<li>Plo\u0161\u010de iz naravnih surovin, naravne slovenske smreke, ki je izpostavljena zunanjim vremenskim razmeram<\/li>\n<li>za\u0161\u010diten z okolju prijaznim oljem<\/li>\n<li>Kon\u010dan, UV-su\u0161en les<\/li>\n<li>Na va\u0161o zahtevo lahko dodamo dodatno prevleko, dodatno zaklju\u010dno obdelavo ali dodatne barve<\/li>\n<\/ul>\n<p>&nbsp;<\/p>\n<p><strong>Vsebina pakiranja<\/strong><\/p>\n<ul>\n<li>Vsebina: 1 m2<\/li>\n<li>12 smrekovih plo\u0161\u010d 600 mm X 150 mm X do 20 mm<\/li>\n<li>Te\u017ea: 13 kg<\/li>\n<\/ul>\n","protected":false},"excerpt":{"rendered":"<p><!-- <span class=\"a-list-item\" style=\"text-align: justify; display: block; border-top: 1px solid #808000; border-bottom: 1px solid #808000; padding-top: 5px; padding-bottom: 5px;\"><strong>PLEASE NOTE.<\/strong> The terms of production and the dispatch of these panels are up to 3 months inclusive due to the long delivery times of the raw (<strong>a spruce that is exposed to external weather conditions<\/strong>) in the spring-summer season and due to restrictions connected with COVID19 pandemic.<\/span> --><\/p>\n<ul>\n<li><span class=\"a-list-item\" style=\"text-align: justify; display: block;\"><strong>Edinstven 3D in luksuzen videz.<\/strong> Edinstven 3D u\u010dinek pri oblikovanju sten z lesenimi plo\u0161\u010dami razli\u010dnih debelin.<\/span><\/li>\n<li><span style=\"text-align: justify; display: block;\"><strong>Zelo preprosta namestitev.<\/strong> Z na\u0161im inovativnim lepilom za monta\u017eo, preprostimi navodili in minimalnim naporom boste v trenutku spremenili svoj prostor. Lahko se namesti na katero koli povr\u0161ino. To je najla\u017eji in najhitrej\u0161i na\u010din okrasitve prostora. Za polaganje lahko uporabite tudi poljubno lepilo za parket.<\/span><\/li>\n<li><span style=\"text-align: justify; display: block;\"><strong>Ekolo\u0161ko.<\/strong> Naravna slovenska smreka, ki je izpostavljena zunanjim vremenskim razmeram, in okolju prijazno olje.<\/span><\/li>\n<li><strong>Pakiranje 1 m2. Te\u017ea paketa: 13 kg.<\/strong><\/li>\n<\/ul>\n","protected":false},"featured_media":6090,"comment_status":"open","ping_status":"closed","template":"","meta":[],"product_brand":[],"product_cat":[243],"product_tag":[204,235,207,212,225,230],"giftcard-category":[],"class_list":{"0":"post-6089","1":"product","2":"type-product","3":"status-publish","4":"has-post-thumbnail","6":"product_cat-plosce","7":"product_tag-hisa","8":"product_tag-lesa","9":"product_tag-pisarna","10":"product_tag-plosco","11":"product_tag-smreka","12":"product_tag-thankyou-sl","13":"product_shipping_class-v-2-3-mesecih","14":"pa_quantity_measure-m2-sl","15":"pa_unit_price-m2-sl","16":"pa_warranty-nopands-sl-2","17":"pa_wood_species-smreka","19":"first","20":"instock","21":"taxable","22":"shipping-taxable","23":"purchasable","24":"product-type-simple"},"yoast_head":"<!-- This site is optimized with the Yoast SEO plugin v27.0 - https:\/\/yoast.com\/product\/yoast-seo-wordpress\/ -->\n<title>3D leseni stenski paneli - smreka (20) - LUX LES Dom Dekor<\/title>\n<meta name=\"description\" content=\"3D leseni stenski paneli - smreka (20) so zelo primerni za dekoracijo vsake notranjosti. Deske so izdelane iz naravnega smrekovega lesa.\" \/>\n<meta name=\"robots\" content=\"index, follow, max-snippet:-1, max-image-preview:large, max-video-preview:-1\" \/>\n<link rel=\"canonical\" href=\"https:\/\/luxles.si\/sl\/izdelek\/3d-lesene-plosce-dfsmreka-20\/\" \/>\n<meta property=\"og:locale\" content=\"sl_SI\" \/>\n<meta property=\"og:type\" content=\"article\" \/>\n<meta property=\"og:title\" content=\"3D leseni stenski paneli - smreka (20) - LUX LES Dom Dekor\" \/>\n<meta property=\"og:description\" content=\"3D leseni stenski paneli - smreka (20) so zelo primerni za dekoracijo vsake notranjosti. Deske so izdelane iz naravnega smrekovega lesa.\" \/>\n<meta property=\"og:url\" content=\"https:\/\/luxles.si\/sl\/izdelek\/3d-lesene-plosce-dfsmreka-20\/\" \/>\n<meta property=\"og:site_name\" content=\"LUX LES Dom Dekor\" \/>\n<meta property=\"article:publisher\" content=\"https:\/\/www.facebook.com\/luxlesdomdekor\/\" \/>\n<meta property=\"article:modified_time\" content=\"2024-05-31T16:16:51+00:00\" \/>\n<meta property=\"og:image\" content=\"https:\/\/luxles.si\/wp-content\/uploads\/2020\/10\/living1-min.jpg\" \/>\n\t<meta property=\"og:image:width\" content=\"1900\" \/>\n\t<meta property=\"og:image:height\" content=\"1900\" \/>\n\t<meta property=\"og:image:type\" content=\"image\/jpeg\" \/>\n<meta name=\"twitter:card\" content=\"summary_large_image\" \/>\n<meta name=\"twitter:label1\" content=\"Est. reading time\" \/>\n\t<meta name=\"twitter:data1\" content=\"2 minuti\" \/>\n<script type=\"application\/ld+json\" class=\"yoast-schema-graph\">{\"@context\":\"https:\/\/schema.org\",\"@graph\":[{\"@type\":\"WebPage\",\"@id\":\"https:\/\/luxles.si\/sl\/izdelek\/3d-lesene-plosce-dfsmreka-20\/\",\"url\":\"https:\/\/luxles.si\/sl\/izdelek\/3d-lesene-plosce-dfsmreka-20\/\",\"name\":\"3D leseni stenski paneli - smreka (20) - LUX LES Dom Dekor\",\"isPartOf\":{\"@id\":\"https:\/\/luxles.si\/sl\/#website\"},\"primaryImageOfPage\":{\"@id\":\"https:\/\/luxles.si\/sl\/izdelek\/3d-lesene-plosce-dfsmreka-20\/#primaryimage\"},\"image\":{\"@id\":\"https:\/\/luxles.si\/sl\/izdelek\/3d-lesene-plosce-dfsmreka-20\/#primaryimage\"},\"thumbnailUrl\":\"https:\/\/luxles.si\/wp-content\/uploads\/2020\/10\/living1-min.jpg\",\"datePublished\":\"2020-10-14T10:43:31+00:00\",\"dateModified\":\"2024-05-31T16:16:51+00:00\",\"description\":\"3D leseni stenski paneli - smreka (20) so zelo primerni za dekoracijo vsake notranjosti. Deske so izdelane iz naravnega smrekovega lesa.\",\"breadcrumb\":{\"@id\":\"https:\/\/luxles.si\/sl\/izdelek\/3d-lesene-plosce-dfsmreka-20\/#breadcrumb\"},\"inLanguage\":\"sl-SI\",\"potentialAction\":[{\"@type\":\"ReadAction\",\"target\":[\"https:\/\/luxles.si\/sl\/izdelek\/3d-lesene-plosce-dfsmreka-20\/\"]}]},{\"@type\":\"ImageObject\",\"inLanguage\":\"sl-SI\",\"@id\":\"https:\/\/luxles.si\/sl\/izdelek\/3d-lesene-plosce-dfsmreka-20\/#primaryimage\",\"url\":\"https:\/\/luxles.si\/wp-content\/uploads\/2020\/10\/living1-min.jpg\",\"contentUrl\":\"https:\/\/luxles.si\/wp-content\/uploads\/2020\/10\/living1-min.jpg\",\"width\":1900,\"height\":1900},{\"@type\":\"BreadcrumbList\",\"@id\":\"https:\/\/luxles.si\/sl\/izdelek\/3d-lesene-plosce-dfsmreka-20\/#breadcrumb\",\"itemListElement\":[{\"@type\":\"ListItem\",\"position\":1,\"name\":\"Domov\",\"item\":\"https:\/\/luxles.si\/sl\/\"},{\"@type\":\"ListItem\",\"position\":2,\"name\":\"Trgovina\",\"item\":\"https:\/\/luxles.si\/sl\/shop\/\"},{\"@type\":\"ListItem\",\"position\":3,\"name\":\"3D leseni stenski paneli &#8211; smreka (20)\"}]},{\"@type\":\"WebSite\",\"@id\":\"https:\/\/luxles.si\/sl\/#website\",\"url\":\"https:\/\/luxles.si\/sl\/\",\"name\":\"LUX LES Dom Dekor\",\"description\":\"\",\"publisher\":{\"@id\":\"https:\/\/luxles.si\/sl\/#organization\"},\"potentialAction\":[{\"@type\":\"SearchAction\",\"target\":{\"@type\":\"EntryPoint\",\"urlTemplate\":\"https:\/\/luxles.si\/sl\/?s={search_term_string}\"},\"query-input\":{\"@type\":\"PropertyValueSpecification\",\"valueRequired\":true,\"valueName\":\"search_term_string\"}}],\"inLanguage\":\"sl-SI\"},{\"@type\":\"Organization\",\"@id\":\"https:\/\/luxles.si\/sl\/#organization\",\"name\":\"LUX LES Dom Dekor\",\"url\":\"https:\/\/luxles.si\/sl\/\",\"logo\":{\"@type\":\"ImageObject\",\"inLanguage\":\"sl-SI\",\"@id\":\"https:\/\/luxles.si\/sl\/#\/schema\/logo\/image\/\",\"url\":\"https:\/\/luxles.si\/wp-content\/uploads\/2020\/07\/logo.png\",\"contentUrl\":\"https:\/\/luxles.si\/wp-content\/uploads\/2020\/07\/logo.png\",\"width\":245,\"height\":70,\"caption\":\"LUX LES Dom Dekor\"},\"image\":{\"@id\":\"https:\/\/luxles.si\/sl\/#\/schema\/logo\/image\/\"},\"sameAs\":[\"https:\/\/www.facebook.com\/luxlesdomdekor\/\",\"https:\/\/www.instagram.com\/luxlesdomdekor\"]}]}<\/script>\n<!-- \/ Yoast SEO plugin. -->","yoast_head_json":{"title":"3D leseni stenski paneli - smreka (20) - LUX LES Dom Dekor","description":"3D leseni stenski paneli - smreka (20) so zelo primerni za dekoracijo vsake notranjosti. Deske so izdelane iz naravnega smrekovega lesa.","robots":{"index":"index","follow":"follow","max-snippet":"max-snippet:-1","max-image-preview":"max-image-preview:large","max-video-preview":"max-video-preview:-1"},"canonical":"https:\/\/luxles.si\/sl\/izdelek\/3d-lesene-plosce-dfsmreka-20\/","og_locale":"sl_SI","og_type":"article","og_title":"3D leseni stenski paneli - smreka (20) - LUX LES Dom Dekor","og_description":"3D leseni stenski paneli - smreka (20) so zelo primerni za dekoracijo vsake notranjosti. Deske so izdelane iz naravnega smrekovega lesa.","og_url":"https:\/\/luxles.si\/sl\/izdelek\/3d-lesene-plosce-dfsmreka-20\/","og_site_name":"LUX LES Dom Dekor","article_publisher":"https:\/\/www.facebook.com\/luxlesdomdekor\/","article_modified_time":"2024-05-31T16:16:51+00:00","og_image":[{"width":1900,"height":1900,"url":"https:\/\/luxles.si\/wp-content\/uploads\/2020\/10\/living1-min.jpg","type":"image\/jpeg"}],"twitter_card":"summary_large_image","twitter_misc":{"Est. reading time":"2 minuti"},"schema":{"@context":"https:\/\/schema.org","@graph":[{"@type":"WebPage","@id":"https:\/\/luxles.si\/sl\/izdelek\/3d-lesene-plosce-dfsmreka-20\/","url":"https:\/\/luxles.si\/sl\/izdelek\/3d-lesene-plosce-dfsmreka-20\/","name":"3D leseni stenski paneli - smreka (20) - LUX LES Dom Dekor","isPartOf":{"@id":"https:\/\/luxles.si\/sl\/#website"},"primaryImageOfPage":{"@id":"https:\/\/luxles.si\/sl\/izdelek\/3d-lesene-plosce-dfsmreka-20\/#primaryimage"},"image":{"@id":"https:\/\/luxles.si\/sl\/izdelek\/3d-lesene-plosce-dfsmreka-20\/#primaryimage"},"thumbnailUrl":"https:\/\/luxles.si\/wp-content\/uploads\/2020\/10\/living1-min.jpg","datePublished":"2020-10-14T10:43:31+00:00","dateModified":"2024-05-31T16:16:51+00:00","description":"3D leseni stenski paneli - smreka (20) so zelo primerni za dekoracijo vsake notranjosti. Deske so izdelane iz naravnega smrekovega lesa.","breadcrumb":{"@id":"https:\/\/luxles.si\/sl\/izdelek\/3d-lesene-plosce-dfsmreka-20\/#breadcrumb"},"inLanguage":"sl-SI","potentialAction":[{"@type":"ReadAction","target":["https:\/\/luxles.si\/sl\/izdelek\/3d-lesene-plosce-dfsmreka-20\/"]}]},{"@type":"ImageObject","inLanguage":"sl-SI","@id":"https:\/\/luxles.si\/sl\/izdelek\/3d-lesene-plosce-dfsmreka-20\/#primaryimage","url":"https:\/\/luxles.si\/wp-content\/uploads\/2020\/10\/living1-min.jpg","contentUrl":"https:\/\/luxles.si\/wp-content\/uploads\/2020\/10\/living1-min.jpg","width":1900,"height":1900},{"@type":"BreadcrumbList","@id":"https:\/\/luxles.si\/sl\/izdelek\/3d-lesene-plosce-dfsmreka-20\/#breadcrumb","itemListElement":[{"@type":"ListItem","position":1,"name":"Domov","item":"https:\/\/luxles.si\/sl\/"},{"@type":"ListItem","position":2,"name":"Trgovina","item":"https:\/\/luxles.si\/sl\/shop\/"},{"@type":"ListItem","position":3,"name":"3D leseni stenski paneli &#8211; smreka (20)"}]},{"@type":"WebSite","@id":"https:\/\/luxles.si\/sl\/#website","url":"https:\/\/luxles.si\/sl\/","name":"LUX LES Dom Dekor","description":"","publisher":{"@id":"https:\/\/luxles.si\/sl\/#organization"},"potentialAction":[{"@type":"SearchAction","target":{"@type":"EntryPoint","urlTemplate":"https:\/\/luxles.si\/sl\/?s={search_term_string}"},"query-input":{"@type":"PropertyValueSpecification","valueRequired":true,"valueName":"search_term_string"}}],"inLanguage":"sl-SI"},{"@type":"Organization","@id":"https:\/\/luxles.si\/sl\/#organization","name":"LUX LES Dom Dekor","url":"https:\/\/luxles.si\/sl\/","logo":{"@type":"ImageObject","inLanguage":"sl-SI","@id":"https:\/\/luxles.si\/sl\/#\/schema\/logo\/image\/","url":"https:\/\/luxles.si\/wp-content\/uploads\/2020\/07\/logo.png","contentUrl":"https:\/\/luxles.si\/wp-content\/uploads\/2020\/07\/logo.png","width":245,"height":70,"caption":"LUX LES Dom Dekor"},"image":{"@id":"https:\/\/luxles.si\/sl\/#\/schema\/logo\/image\/"},"sameAs":["https:\/\/www.facebook.com\/luxlesdomdekor\/","https:\/\/www.instagram.com\/luxlesdomdekor"]}]}},"_links":{"self":[{"href":"https:\/\/luxles.si\/sl\/wp-json\/wp\/v2\/product\/6089","targetHints":{"allow":["GET"]}}],"collection":[{"href":"https:\/\/luxles.si\/sl\/wp-json\/wp\/v2\/product"}],"about":[{"href":"https:\/\/luxles.si\/sl\/wp-json\/wp\/v2\/types\/product"}],"replies":[{"embeddable":true,"href":"https:\/\/luxles.si\/sl\/wp-json\/wp\/v2\/comments?post=6089"}],"wp:featuredmedia":[{"embeddable":true,"href":"https:\/\/luxles.si\/sl\/wp-json\/wp\/v2\/media\/6090"}],"wp:attachment":[{"href":"https:\/\/luxles.si\/sl\/wp-json\/wp\/v2\/media?parent=6089"}],"wp:term":[{"taxonomy":"product_brand","embeddable":true,"href":"https:\/\/luxles.si\/sl\/wp-json\/wp\/v2\/product_brand?post=6089"},{"taxonomy":"product_cat","embeddable":true,"href":"https:\/\/luxles.si\/sl\/wp-json\/wp\/v2\/product_cat?post=6089"},{"taxonomy":"product_tag","embeddable":true,"href":"https:\/\/luxles.si\/sl\/wp-json\/wp\/v2\/product_tag?post=6089"},{"taxonomy":"giftcard-category","embeddable":true,"href":"https:\/\/luxles.si\/sl\/wp-json\/wp\/v2\/giftcard-category?post=6089"}],"curies":[{"name":"wp","href":"https:\/\/api.w.org\/{rel}","templated":true}]}}