{"id":5966,"date":"2021-06-29T08:56:27","date_gmt":"2021-06-29T06:56:27","guid":{"rendered":"https:\/\/luxles.si\/product\/smrekebora-crni-biser\/"},"modified":"2024-05-31T08:11:21","modified_gmt":"2024-05-31T06:11:21","slug":"smreke-bora-crni-biser","status":"publish","type":"product","link":"https:\/\/luxles.si\/sl\/izdelek\/smreke-bora-crni-biser\/","title":{"rendered":"Smreke&amp;Bora &#8211; \u010crni Biser"},"content":{"rendered":"<p><strong>Lesni izdelki LUX LES DOM-DEKOR<\/strong><br \/>\n<span style=\"text-align: justify; display: block;\"><strong>Stenske Smreke&amp;Bora &#8211; \u010crni Biser<\/strong> plo\u0161\u010de so unikatne. Plo\u0161\u010de so narejene iz naravnega slovenskega bora in smreke in za\u0161\u010ditene z okolju prijaznim oljem. Na\u0161e borove in smrekove plo\u0161\u010de so odli\u010dne za dekoracijo katerega koli notranjega prostora, zelo dobro vzdr\u017eujejo udobno mikroklimo in zmanj\u0161ujejo hrup v katerem koli prostoru. Z na\u0161im inovativnim lepilom za monta\u017eo, preprostimi navodili in minimalnim naporom boste v trenutku spremenili svoj prostor. Te plo\u0161\u010de lahko namestite na katero koli povr\u0161ino. To je najla\u017eji in najhitrej\u0161i na\u010din okrasitve prostora. Za polaganje lahko uporabite tudi poljubno lepilo za parket.<\/span><\/p>\n<p>&nbsp;<\/p>\n<p><span style=\"text-align: justify; display: block;\">Predelani les je popolnoma nepopoln les. Ta les se je s\u010dasoma naravno obrabil in lahko vklju\u010duje luknje za \u017eeblje, luknje za vozle, globoke utore, naravno razslojevanje in drugo. Ti simboli pripovedujejo zgodbo o tem, kje je bilo drevo, in dodajo dimenzijo in teksturo kon\u010dani steni. Na\u0161e ikoni\u010dne lesene stenske plo\u0161\u010de ne ustvarjajo le spominov, ampak ustvarjajo popolnoma edinstvene prostore.<\/span><\/p>\n<p>&nbsp;<\/p>\n<p><span style=\"text-align: justify; display: block;\">Lesene stene dajejo vsakemu prostoru prijeten in topel videz. Les ima nizko toplotno prevodnost, zaradi \u010desar se prostor po\u010dasneje segreva ali hladi. Tako je ena izmed prednosti lesenih stenskih oblog izbolj\u0161anje notranje klime.<\/span><\/p>\n<p>&nbsp;<\/p>\n<p><strong>Zakaj na\u0161e monta\u017eno lepilo?<\/strong><br \/>\n<span style=\"text-align: justify; display: block;\">Zavedamo se pomena udobja in zanesljivosti, ko gre za namestitev. Zato vam ponujamo monta\u017eno lepilo, ki je posebej oblikovano za na\u0161e 3D lesene stenske plo\u0161\u010de. Evo, zakaj je to popolna izbira:<\/span><\/p>\n<ul class=\"customulofproductdescription\">\n<li><span style=\"text-align: justify; display: block;\"><strong>Mo\u010dan oprijem.<\/strong> Na\u0161e monta\u017eno lepilo zagotavlja zanesljivo povezavo med plo\u0161\u010do in steno ter zagotavlja, da je va\u0161a nalo\u017eba trajna.<\/span><\/li>\n<li><span style=\"text-align: justify; display: block;\"><strong>Brez nereda, brez hrupa.<\/strong> Poslovite se od neurejenih namestitev in nepri\u010dakovanih vrzeli. Na\u0161e monta\u017eno lepilo omogo\u010da \u010dist in brezhiben nanos, zato je zaklju\u010dek vedno brezhiben.<\/span><\/li>\n<li><span style=\"text-align: justify; display: block;\"><strong>Preprosta odstranitev.<\/strong> Morate prestaviti ali odstraniti svoje plo\u0161\u010de? Na\u0161e monta\u017eno lepilo omogo\u010da enostavno odstranitev brez po\u0161kodb sten, zato je priro\u010dna izbira tako za najemnike kot za lastnike stanovanj.<\/span><\/li>\n<\/ul>\n<p>&nbsp;<\/p>\n<p><strong>Splo\u0161en opis izdelka<\/strong><\/p>\n<ul>\n<li>Edinstven 3D u\u010dinek pri oblikovanju sten z lesenimi plo\u0161\u010dami razli\u010dnih debelin od 10 do 20 mm<\/li>\n<li>\u0417lo\u0161\u010de iz naravnih surovin, slovenskega bora in smreke<\/li>\n<li>Za\u0161\u010diten z okolju prijaznim oljem<\/li>\n<li>Kon\u010dan, UV-su\u0161en les<\/li>\n<li>Na va\u0161o zahtevo lahko dodamo dodatno prevleko, dodatno zaklju\u010dno obdelavo ali dodatne barve<\/li>\n<\/ul>\n<p>&nbsp;<\/p>\n<p><strong>Vsebina pakiranja<\/strong><\/p>\n<ul>\n<li>Vsebina: 1 m2<\/li>\n<li>28x lesene stare plo\u0161\u010de iz smreke in bora 600mm X 70mm X (10-20mm)<\/li>\n<li>Te\u017ea: 10,5kg<\/li>\n<\/ul>\n","protected":false},"excerpt":{"rendered":"<ul>\n<li><span style=\"text-align: justify; display: block;\"><strong>Edinstven 3D in luksuzen videz.<\/strong> Edinstven 3D u\u010dinek pri oblikovanju sten z lesenimi plo\u0161\u010dami razli\u010dnih debelin od 10 do 20 mm.<\/span><\/li>\n<li><span style=\"text-align: justify; display: block;\"><strong>Zelo preprosta namestitev.<\/strong> Z na\u0161im inovativnim lepilom za monta\u017eo, preprostimi navodili in minimalnim naporom boste v trenutku spremenili svoj prostor. Lahko se namesti na katero koli povr\u0161ino. To je najla\u017eji in najhitrej\u0161i na\u010din okrasitve prostora. Za polaganje lahko uporabite tudi poljubno lepilo za parket.<\/span><\/li>\n<li><span style=\"text-align: justify; display: block;\"><strong>Ekolo\u0161ko.<\/strong> Naraven predelan smreka in bor in okolju prijazno olje. Te plo\u0161\u010de so dobre za zmanj\u0161evanje zvokov v katerem koli prostoru. <strong>Predelani les je popolnoma nepopoln les. Ta les se je s\u010dasoma naravno obrabil in lahko vklju\u010duje luknje za \u017eeblje, luknje za vozle, globoke utore, naravno razslojevanje in drugo. Ti simboli pripovedujejo zgodbo o tem, kje je bilo drevo, in dodajo dimenzijo in teksturo kon\u010dani steni. Na\u0161e ikoni\u010dne lesene stenske plo\u0161\u010de ne ustvarjajo le spominov, ampak ustvarjajo popolnoma edinstvene prostore.<\/strong><\/span><\/li>\n<li><span style=\"text-align: justify; display: block;\">Na va\u0161o zahtevo lahko dodamo dodatno prevleko, dodatno zaklju\u010dno obdelavo ali dodatne barve.<\/span><\/li>\n<li><span style=\"text-align: justify; display: block;\"><strong>Pakiranje 1 m2. Te\u017ea 10,5kg. 28 smrekovih in borovih desk<\/strong><\/span><\/li>\n<\/ul>\n","protected":false},"featured_media":5967,"comment_status":"open","ping_status":"closed","template":"","meta":[],"product_brand":[],"product_cat":[243],"product_tag":[216,204,235,207,212,225,211,230],"giftcard-category":[],"class_list":{"0":"post-5966","1":"product","2":"type-product","3":"status-publish","4":"has-post-thumbnail","6":"product_cat-plosce","7":"product_tag-bor","8":"product_tag-hisa","9":"product_tag-lesa","10":"product_tag-pisarna","11":"product_tag-plosco","12":"product_tag-smreka","13":"product_tag-stari-bor","14":"product_tag-thankyou-sl","15":"product_shipping_class-v-2-3-mesecih","16":"pa_quantity_measure-m2-sl","17":"pa_unit_price-m2-sl","18":"pa_warranty-nopands-sl-2","19":"pa_wood_species-bor","20":"pa_wood_species-stari-bor","21":"pa_wood_species-smreka","22":"pa_wood_species-stara-smreka","24":"first","25":"instock","26":"taxable","27":"shipping-taxable","28":"purchasable","29":"product-type-simple"},"yoast_head":"<!-- This site is optimized with the Yoast SEO plugin v27.0 - https:\/\/yoast.com\/product\/yoast-seo-wordpress\/ -->\n<title>Smreke&amp;Bora - \u010crni Biser wooden panels - LUX LES Dom Dekor<\/title>\n<meta name=\"description\" content=\"Smreke&amp;Bora - \u010crni Biser so narejeni iz naravnih predelanih smreke in bora. Na\u0161e stare plo\u0161\u010de iz smreke in bora ustvarjajo popolnoma edinstvene prostore.\" \/>\n<meta name=\"robots\" content=\"index, follow, max-snippet:-1, max-image-preview:large, max-video-preview:-1\" \/>\n<link rel=\"canonical\" href=\"https:\/\/luxles.si\/sl\/izdelek\/smreke-bora-crni-biser\/\" \/>\n<meta property=\"og:locale\" content=\"sl_SI\" \/>\n<meta property=\"og:type\" content=\"article\" \/>\n<meta property=\"og:title\" content=\"Smreke&amp;Bora - \u010crni Biser wooden panels - LUX LES Dom Dekor\" \/>\n<meta property=\"og:description\" content=\"Smreke&amp;Bora - \u010crni Biser so narejeni iz naravnih predelanih smreke in bora. Na\u0161e stare plo\u0161\u010de iz smreke in bora ustvarjajo popolnoma edinstvene prostore.\" \/>\n<meta property=\"og:url\" content=\"https:\/\/luxles.si\/sl\/izdelek\/smreke-bora-crni-biser\/\" \/>\n<meta property=\"og:site_name\" content=\"LUX LES Dom Dekor\" \/>\n<meta property=\"article:publisher\" content=\"https:\/\/www.facebook.com\/luxlesdomdekor\/\" \/>\n<meta property=\"article:modified_time\" content=\"2024-05-31T06:11:21+00:00\" \/>\n<meta property=\"og:image\" content=\"https:\/\/luxles.si\/wp-content\/uploads\/2021\/06\/black-pearl-spruce-pine-interior3-min.jpg\" \/>\n\t<meta property=\"og:image:width\" content=\"800\" \/>\n\t<meta property=\"og:image:height\" content=\"600\" \/>\n\t<meta property=\"og:image:type\" content=\"image\/jpeg\" \/>\n<meta name=\"twitter:card\" content=\"summary_large_image\" \/>\n<meta name=\"twitter:label1\" content=\"Est. reading time\" \/>\n\t<meta name=\"twitter:data1\" content=\"2 minuti\" \/>\n<script type=\"application\/ld+json\" class=\"yoast-schema-graph\">{\"@context\":\"https:\/\/schema.org\",\"@graph\":[{\"@type\":\"WebPage\",\"@id\":\"https:\/\/luxles.si\/sl\/izdelek\/smreke-bora-crni-biser\/\",\"url\":\"https:\/\/luxles.si\/sl\/izdelek\/smreke-bora-crni-biser\/\",\"name\":\"Smreke&amp;Bora - \u010crni Biser wooden panels - LUX LES Dom Dekor\",\"isPartOf\":{\"@id\":\"https:\/\/luxles.si\/sl\/#website\"},\"primaryImageOfPage\":{\"@id\":\"https:\/\/luxles.si\/sl\/izdelek\/smreke-bora-crni-biser\/#primaryimage\"},\"image\":{\"@id\":\"https:\/\/luxles.si\/sl\/izdelek\/smreke-bora-crni-biser\/#primaryimage\"},\"thumbnailUrl\":\"https:\/\/luxles.si\/wp-content\/uploads\/2021\/06\/black-pearl-spruce-pine-interior3-min.jpg\",\"datePublished\":\"2021-06-29T06:56:27+00:00\",\"dateModified\":\"2024-05-31T06:11:21+00:00\",\"description\":\"Smreke&Bora - \u010crni Biser so narejeni iz naravnih predelanih smreke in bora. Na\u0161e stare plo\u0161\u010de iz smreke in bora ustvarjajo popolnoma edinstvene prostore.\",\"breadcrumb\":{\"@id\":\"https:\/\/luxles.si\/sl\/izdelek\/smreke-bora-crni-biser\/#breadcrumb\"},\"inLanguage\":\"sl-SI\",\"potentialAction\":[{\"@type\":\"ReadAction\",\"target\":[\"https:\/\/luxles.si\/sl\/izdelek\/smreke-bora-crni-biser\/\"]}]},{\"@type\":\"ImageObject\",\"inLanguage\":\"sl-SI\",\"@id\":\"https:\/\/luxles.si\/sl\/izdelek\/smreke-bora-crni-biser\/#primaryimage\",\"url\":\"https:\/\/luxles.si\/wp-content\/uploads\/2021\/06\/black-pearl-spruce-pine-interior3-min.jpg\",\"contentUrl\":\"https:\/\/luxles.si\/wp-content\/uploads\/2021\/06\/black-pearl-spruce-pine-interior3-min.jpg\",\"width\":800,\"height\":600},{\"@type\":\"BreadcrumbList\",\"@id\":\"https:\/\/luxles.si\/sl\/izdelek\/smreke-bora-crni-biser\/#breadcrumb\",\"itemListElement\":[{\"@type\":\"ListItem\",\"position\":1,\"name\":\"Domov\",\"item\":\"https:\/\/luxles.si\/sl\/\"},{\"@type\":\"ListItem\",\"position\":2,\"name\":\"Trgovina\",\"item\":\"https:\/\/luxles.si\/sl\/shop\/\"},{\"@type\":\"ListItem\",\"position\":3,\"name\":\"Smreke&amp;Bora &#8211; \u010crni Biser\"}]},{\"@type\":\"WebSite\",\"@id\":\"https:\/\/luxles.si\/sl\/#website\",\"url\":\"https:\/\/luxles.si\/sl\/\",\"name\":\"LUX LES Dom Dekor\",\"description\":\"\",\"publisher\":{\"@id\":\"https:\/\/luxles.si\/sl\/#organization\"},\"potentialAction\":[{\"@type\":\"SearchAction\",\"target\":{\"@type\":\"EntryPoint\",\"urlTemplate\":\"https:\/\/luxles.si\/sl\/?s={search_term_string}\"},\"query-input\":{\"@type\":\"PropertyValueSpecification\",\"valueRequired\":true,\"valueName\":\"search_term_string\"}}],\"inLanguage\":\"sl-SI\"},{\"@type\":\"Organization\",\"@id\":\"https:\/\/luxles.si\/sl\/#organization\",\"name\":\"LUX LES Dom Dekor\",\"url\":\"https:\/\/luxles.si\/sl\/\",\"logo\":{\"@type\":\"ImageObject\",\"inLanguage\":\"sl-SI\",\"@id\":\"https:\/\/luxles.si\/sl\/#\/schema\/logo\/image\/\",\"url\":\"https:\/\/luxles.si\/wp-content\/uploads\/2020\/07\/logo.png\",\"contentUrl\":\"https:\/\/luxles.si\/wp-content\/uploads\/2020\/07\/logo.png\",\"width\":245,\"height\":70,\"caption\":\"LUX LES Dom Dekor\"},\"image\":{\"@id\":\"https:\/\/luxles.si\/sl\/#\/schema\/logo\/image\/\"},\"sameAs\":[\"https:\/\/www.facebook.com\/luxlesdomdekor\/\",\"https:\/\/www.instagram.com\/luxlesdomdekor\"]}]}<\/script>\n<!-- \/ Yoast SEO plugin. -->","yoast_head_json":{"title":"Smreke&amp;Bora - \u010crni Biser wooden panels - LUX LES Dom Dekor","description":"Smreke&Bora - \u010crni Biser so narejeni iz naravnih predelanih smreke in bora. Na\u0161e stare plo\u0161\u010de iz smreke in bora ustvarjajo popolnoma edinstvene prostore.","robots":{"index":"index","follow":"follow","max-snippet":"max-snippet:-1","max-image-preview":"max-image-preview:large","max-video-preview":"max-video-preview:-1"},"canonical":"https:\/\/luxles.si\/sl\/izdelek\/smreke-bora-crni-biser\/","og_locale":"sl_SI","og_type":"article","og_title":"Smreke&amp;Bora - \u010crni Biser wooden panels - LUX LES Dom Dekor","og_description":"Smreke&Bora - \u010crni Biser so narejeni iz naravnih predelanih smreke in bora. Na\u0161e stare plo\u0161\u010de iz smreke in bora ustvarjajo popolnoma edinstvene prostore.","og_url":"https:\/\/luxles.si\/sl\/izdelek\/smreke-bora-crni-biser\/","og_site_name":"LUX LES Dom Dekor","article_publisher":"https:\/\/www.facebook.com\/luxlesdomdekor\/","article_modified_time":"2024-05-31T06:11:21+00:00","og_image":[{"width":800,"height":600,"url":"https:\/\/luxles.si\/wp-content\/uploads\/2021\/06\/black-pearl-spruce-pine-interior3-min.jpg","type":"image\/jpeg"}],"twitter_card":"summary_large_image","twitter_misc":{"Est. reading time":"2 minuti"},"schema":{"@context":"https:\/\/schema.org","@graph":[{"@type":"WebPage","@id":"https:\/\/luxles.si\/sl\/izdelek\/smreke-bora-crni-biser\/","url":"https:\/\/luxles.si\/sl\/izdelek\/smreke-bora-crni-biser\/","name":"Smreke&amp;Bora - \u010crni Biser wooden panels - LUX LES Dom Dekor","isPartOf":{"@id":"https:\/\/luxles.si\/sl\/#website"},"primaryImageOfPage":{"@id":"https:\/\/luxles.si\/sl\/izdelek\/smreke-bora-crni-biser\/#primaryimage"},"image":{"@id":"https:\/\/luxles.si\/sl\/izdelek\/smreke-bora-crni-biser\/#primaryimage"},"thumbnailUrl":"https:\/\/luxles.si\/wp-content\/uploads\/2021\/06\/black-pearl-spruce-pine-interior3-min.jpg","datePublished":"2021-06-29T06:56:27+00:00","dateModified":"2024-05-31T06:11:21+00:00","description":"Smreke&Bora - \u010crni Biser so narejeni iz naravnih predelanih smreke in bora. Na\u0161e stare plo\u0161\u010de iz smreke in bora ustvarjajo popolnoma edinstvene prostore.","breadcrumb":{"@id":"https:\/\/luxles.si\/sl\/izdelek\/smreke-bora-crni-biser\/#breadcrumb"},"inLanguage":"sl-SI","potentialAction":[{"@type":"ReadAction","target":["https:\/\/luxles.si\/sl\/izdelek\/smreke-bora-crni-biser\/"]}]},{"@type":"ImageObject","inLanguage":"sl-SI","@id":"https:\/\/luxles.si\/sl\/izdelek\/smreke-bora-crni-biser\/#primaryimage","url":"https:\/\/luxles.si\/wp-content\/uploads\/2021\/06\/black-pearl-spruce-pine-interior3-min.jpg","contentUrl":"https:\/\/luxles.si\/wp-content\/uploads\/2021\/06\/black-pearl-spruce-pine-interior3-min.jpg","width":800,"height":600},{"@type":"BreadcrumbList","@id":"https:\/\/luxles.si\/sl\/izdelek\/smreke-bora-crni-biser\/#breadcrumb","itemListElement":[{"@type":"ListItem","position":1,"name":"Domov","item":"https:\/\/luxles.si\/sl\/"},{"@type":"ListItem","position":2,"name":"Trgovina","item":"https:\/\/luxles.si\/sl\/shop\/"},{"@type":"ListItem","position":3,"name":"Smreke&amp;Bora &#8211; \u010crni Biser"}]},{"@type":"WebSite","@id":"https:\/\/luxles.si\/sl\/#website","url":"https:\/\/luxles.si\/sl\/","name":"LUX LES Dom Dekor","description":"","publisher":{"@id":"https:\/\/luxles.si\/sl\/#organization"},"potentialAction":[{"@type":"SearchAction","target":{"@type":"EntryPoint","urlTemplate":"https:\/\/luxles.si\/sl\/?s={search_term_string}"},"query-input":{"@type":"PropertyValueSpecification","valueRequired":true,"valueName":"search_term_string"}}],"inLanguage":"sl-SI"},{"@type":"Organization","@id":"https:\/\/luxles.si\/sl\/#organization","name":"LUX LES Dom Dekor","url":"https:\/\/luxles.si\/sl\/","logo":{"@type":"ImageObject","inLanguage":"sl-SI","@id":"https:\/\/luxles.si\/sl\/#\/schema\/logo\/image\/","url":"https:\/\/luxles.si\/wp-content\/uploads\/2020\/07\/logo.png","contentUrl":"https:\/\/luxles.si\/wp-content\/uploads\/2020\/07\/logo.png","width":245,"height":70,"caption":"LUX LES Dom Dekor"},"image":{"@id":"https:\/\/luxles.si\/sl\/#\/schema\/logo\/image\/"},"sameAs":["https:\/\/www.facebook.com\/luxlesdomdekor\/","https:\/\/www.instagram.com\/luxlesdomdekor"]}]}},"_links":{"self":[{"href":"https:\/\/luxles.si\/sl\/wp-json\/wp\/v2\/product\/5966","targetHints":{"allow":["GET"]}}],"collection":[{"href":"https:\/\/luxles.si\/sl\/wp-json\/wp\/v2\/product"}],"about":[{"href":"https:\/\/luxles.si\/sl\/wp-json\/wp\/v2\/types\/product"}],"replies":[{"embeddable":true,"href":"https:\/\/luxles.si\/sl\/wp-json\/wp\/v2\/comments?post=5966"}],"wp:featuredmedia":[{"embeddable":true,"href":"https:\/\/luxles.si\/sl\/wp-json\/wp\/v2\/media\/5967"}],"wp:attachment":[{"href":"https:\/\/luxles.si\/sl\/wp-json\/wp\/v2\/media?parent=5966"}],"wp:term":[{"taxonomy":"product_brand","embeddable":true,"href":"https:\/\/luxles.si\/sl\/wp-json\/wp\/v2\/product_brand?post=5966"},{"taxonomy":"product_cat","embeddable":true,"href":"https:\/\/luxles.si\/sl\/wp-json\/wp\/v2\/product_cat?post=5966"},{"taxonomy":"product_tag","embeddable":true,"href":"https:\/\/luxles.si\/sl\/wp-json\/wp\/v2\/product_tag?post=5966"},{"taxonomy":"giftcard-category","embeddable":true,"href":"https:\/\/luxles.si\/sl\/wp-json\/wp\/v2\/giftcard-category?post=5966"}],"curies":[{"name":"wp","href":"https:\/\/api.w.org\/{rel}","templated":true}]}}