{"id":5927,"date":"2021-02-28T12:01:14","date_gmt":"2021-02-28T11:01:14","guid":{"rendered":"https:\/\/luxles.si\/product\/vsi-vzorci-plosc-v-eni-skatli\/"},"modified":"2024-04-09T09:27:19","modified_gmt":"2024-04-09T07:27:19","slug":"velika-skatla-za-vzorce","status":"publish","type":"product","link":"https:\/\/luxles.si\/sl\/izdelek\/velika-skatla-za-vzorce\/","title":{"rendered":"Vsi vzorci plo\u0161\u010d v eni \u0161katli"},"content":{"rendered":"<p><strong>Lesni izdelki LUX LES DOM-DEKOR<\/strong><\/p>\n<p>&nbsp;<\/p>\n<p><span style=\"text-align: justify; display: block;\">Na\u0161e izdelke oblikujemo tako, da lahko v svoje okolje enostavno dodate elemente naravnega sveta. V samo treh preprostih korakih na\u0161e deske v kraj\u0161em \u010dasu in z manj truda kot kadar koli prej spremenijo stene v umetni\u0161ka dela. Izdelki LUX LES DOM-DEKOR z ve\u010d zaklju\u010dki in estetskimi slogi izbolj\u0161ujejo vse sloge dekorja.<\/span><\/p>\n","protected":false},"excerpt":{"rendered":"<p><span style=\"text-align: justify; display: block;\">Zavedamo se, da na\u0161e stranke te\u017eko izberejo notranje obloge prek interneta. Na\u0161a 3D stenska obloga iz pravega lesa daje naraven ob\u010dutek, tudi z dotikom. Ko boste dr\u017eali na\u0161e vzorce v roki, boste vedeli, da je to res.<\/span><br \/>\n<span style=\"text-align: justify; display: block;\">Glede na na\u0161o \u0161iroko paleto oblog ni vedno lahko izbrati. Naro\u010dite na\u0161e vzorce, da se boste la\u017eje odlo\u010dili. Ko boste v roki dr\u017eali vzorec materiala, boste natan\u010dno vedeli, kako izgleda in videli pravo barvo in teksturo lesa.<\/span><br \/>\n<span style=\"text-align: justify; display: block; border-top: 1px solid #808000; border-bottom: 1px solid #808000; padding-top: 5px; padding-bottom: 5px;\"><strong>\u010ce po nakupu vzorca kupite katero koli izmed na\u0161ih plo\u0161\u010d v vrednosti ve\u010d kot 150 EUR, vam skupno ceno plo\u0161\u010d zmanj\u0161amo za stro\u0161ke predhodno kupljenega vzorca. Po nakupu vzorca boste samodejno prejeli kupon s popustom.<\/strong><\/span><br \/>\n<strong>Vzorce lahko naro\u010dite \u0161e danes za 65 \u20ac + po\u0161tnina.<\/strong><\/p>\n","protected":false},"featured_media":5928,"comment_status":"open","ping_status":"closed","template":"","meta":[],"product_brand":[],"product_cat":[244],"product_tag":[180,216,204,206,235,234,215,207,212,226,214,225,211,209,228,230],"giftcard-category":[],"class_list":{"0":"post-5927","1":"product","2":"type-product","3":"status-publish","4":"has-post-thumbnail","6":"product_cat-vzorci-izdelkov","7":"product_tag-akacija","8":"product_tag-bor","9":"product_tag-hisa","10":"product_tag-hrast","11":"product_tag-lesa","12":"product_tag-oreh","13":"product_tag-peel-sl","14":"product_tag-pisarna","15":"product_tag-plosco","16":"product_tag-prilepiti","17":"product_tag-samolepilne","18":"product_tag-smreka","19":"product_tag-stari-bor","20":"product_tag-stari-hrast","21":"product_tag-stilsko","22":"product_tag-thankyou-sl","23":"product_shipping_class-v-2-3-mesecih","24":"pa_quantity_measure-kos-sl","25":"pa_unit_price-kos-sl","26":"pa_wood_species-bor","27":"pa_wood_species-stari-bor","28":"pa_wood_species-hrast","29":"pa_wood_species-stari-hrast","30":"pa_wood_species-oreh","31":"pa_wood_species-smreka","32":"pa_wood_species-stara-smreka","33":"pa_wood_species-akacija","35":"first","36":"instock","37":"featured","38":"taxable","39":"shipping-taxable","40":"purchasable","41":"product-type-simple"},"yoast_head":"<!-- This site is optimized with the Yoast SEO plugin v27.0 - https:\/\/yoast.com\/product\/yoast-seo-wordpress\/ -->\n<title>LUX LES Dom Dekor - Vsi vzorci plo\u0161\u010d v eni \u0161katli<\/title>\n<meta name=\"description\" content=\"\u010ce dr\u017eite vzorce na\u0161ih plo\u0161\u010d v roki, boste na dotik natan\u010dno vedeli, kako so strukturirani, kako izgledajo in videli pravo barvo lesa za pravilno izbiro notranjih zaklju\u010dkov.\" \/>\n<meta name=\"robots\" content=\"index, follow, max-snippet:-1, max-image-preview:large, max-video-preview:-1\" \/>\n<link rel=\"canonical\" href=\"https:\/\/luxles.si\/sl\/izdelek\/velika-skatla-za-vzorce\/\" \/>\n<meta property=\"og:locale\" content=\"sl_SI\" \/>\n<meta property=\"og:type\" content=\"article\" \/>\n<meta property=\"og:title\" content=\"LUX LES Dom Dekor - Vsi vzorci plo\u0161\u010d v eni \u0161katli\" \/>\n<meta property=\"og:description\" content=\"\u010ce dr\u017eite vzorce na\u0161ih plo\u0161\u010d v roki, boste na dotik natan\u010dno vedeli, kako so strukturirani, kako izgledajo in videli pravo barvo lesa za pravilno izbiro notranjih zaklju\u010dkov.\" \/>\n<meta property=\"og:url\" content=\"https:\/\/luxles.si\/sl\/izdelek\/velika-skatla-za-vzorce\/\" \/>\n<meta property=\"og:site_name\" content=\"LUX LES Dom Dekor\" \/>\n<meta property=\"article:publisher\" content=\"https:\/\/www.facebook.com\/luxlesdomdekor\/\" \/>\n<meta property=\"article:modified_time\" content=\"2024-04-09T07:27:19+00:00\" \/>\n<meta property=\"og:image\" content=\"https:\/\/luxles.si\/wp-content\/uploads\/2021\/02\/IMG_20210225_152918-min.jpg\" \/>\n\t<meta property=\"og:image:width\" content=\"960\" \/>\n\t<meta property=\"og:image:height\" content=\"720\" \/>\n\t<meta property=\"og:image:type\" content=\"image\/jpeg\" \/>\n<meta name=\"twitter:card\" content=\"summary_large_image\" \/>\n<script type=\"application\/ld+json\" class=\"yoast-schema-graph\">{\"@context\":\"https:\/\/schema.org\",\"@graph\":[{\"@type\":\"WebPage\",\"@id\":\"https:\/\/luxles.si\/sl\/izdelek\/velika-skatla-za-vzorce\/\",\"url\":\"https:\/\/luxles.si\/sl\/izdelek\/velika-skatla-za-vzorce\/\",\"name\":\"LUX LES Dom Dekor - Vsi vzorci plo\u0161\u010d v eni \u0161katli\",\"isPartOf\":{\"@id\":\"https:\/\/luxles.si\/sl\/#website\"},\"primaryImageOfPage\":{\"@id\":\"https:\/\/luxles.si\/sl\/izdelek\/velika-skatla-za-vzorce\/#primaryimage\"},\"image\":{\"@id\":\"https:\/\/luxles.si\/sl\/izdelek\/velika-skatla-za-vzorce\/#primaryimage\"},\"thumbnailUrl\":\"https:\/\/luxles.si\/wp-content\/uploads\/2021\/02\/IMG_20210225_152918-min.jpg\",\"datePublished\":\"2021-02-28T11:01:14+00:00\",\"dateModified\":\"2024-04-09T07:27:19+00:00\",\"description\":\"\u010ce dr\u017eite vzorce na\u0161ih plo\u0161\u010d v roki, boste na dotik natan\u010dno vedeli, kako so strukturirani, kako izgledajo in videli pravo barvo lesa za pravilno izbiro notranjih zaklju\u010dkov.\",\"breadcrumb\":{\"@id\":\"https:\/\/luxles.si\/sl\/izdelek\/velika-skatla-za-vzorce\/#breadcrumb\"},\"inLanguage\":\"sl-SI\",\"potentialAction\":[{\"@type\":\"ReadAction\",\"target\":[\"https:\/\/luxles.si\/sl\/izdelek\/velika-skatla-za-vzorce\/\"]}]},{\"@type\":\"ImageObject\",\"inLanguage\":\"sl-SI\",\"@id\":\"https:\/\/luxles.si\/sl\/izdelek\/velika-skatla-za-vzorce\/#primaryimage\",\"url\":\"https:\/\/luxles.si\/wp-content\/uploads\/2021\/02\/IMG_20210225_152918-min.jpg\",\"contentUrl\":\"https:\/\/luxles.si\/wp-content\/uploads\/2021\/02\/IMG_20210225_152918-min.jpg\",\"width\":960,\"height\":720},{\"@type\":\"BreadcrumbList\",\"@id\":\"https:\/\/luxles.si\/sl\/izdelek\/velika-skatla-za-vzorce\/#breadcrumb\",\"itemListElement\":[{\"@type\":\"ListItem\",\"position\":1,\"name\":\"Domov\",\"item\":\"https:\/\/luxles.si\/sl\/\"},{\"@type\":\"ListItem\",\"position\":2,\"name\":\"Trgovina\",\"item\":\"https:\/\/luxles.si\/sl\/shop\/\"},{\"@type\":\"ListItem\",\"position\":3,\"name\":\"Vsi vzorci plo\u0161\u010d v eni \u0161katli\"}]},{\"@type\":\"WebSite\",\"@id\":\"https:\/\/luxles.si\/sl\/#website\",\"url\":\"https:\/\/luxles.si\/sl\/\",\"name\":\"LUX LES Dom Dekor\",\"description\":\"\",\"publisher\":{\"@id\":\"https:\/\/luxles.si\/sl\/#organization\"},\"potentialAction\":[{\"@type\":\"SearchAction\",\"target\":{\"@type\":\"EntryPoint\",\"urlTemplate\":\"https:\/\/luxles.si\/sl\/?s={search_term_string}\"},\"query-input\":{\"@type\":\"PropertyValueSpecification\",\"valueRequired\":true,\"valueName\":\"search_term_string\"}}],\"inLanguage\":\"sl-SI\"},{\"@type\":\"Organization\",\"@id\":\"https:\/\/luxles.si\/sl\/#organization\",\"name\":\"LUX LES Dom Dekor\",\"url\":\"https:\/\/luxles.si\/sl\/\",\"logo\":{\"@type\":\"ImageObject\",\"inLanguage\":\"sl-SI\",\"@id\":\"https:\/\/luxles.si\/sl\/#\/schema\/logo\/image\/\",\"url\":\"https:\/\/luxles.si\/wp-content\/uploads\/2020\/07\/logo.png\",\"contentUrl\":\"https:\/\/luxles.si\/wp-content\/uploads\/2020\/07\/logo.png\",\"width\":245,\"height\":70,\"caption\":\"LUX LES Dom Dekor\"},\"image\":{\"@id\":\"https:\/\/luxles.si\/sl\/#\/schema\/logo\/image\/\"},\"sameAs\":[\"https:\/\/www.facebook.com\/luxlesdomdekor\/\",\"https:\/\/www.instagram.com\/luxlesdomdekor\"]}]}<\/script>\n<!-- \/ Yoast SEO plugin. -->","yoast_head_json":{"title":"LUX LES Dom Dekor - Vsi vzorci plo\u0161\u010d v eni \u0161katli","description":"\u010ce dr\u017eite vzorce na\u0161ih plo\u0161\u010d v roki, boste na dotik natan\u010dno vedeli, kako so strukturirani, kako izgledajo in videli pravo barvo lesa za pravilno izbiro notranjih zaklju\u010dkov.","robots":{"index":"index","follow":"follow","max-snippet":"max-snippet:-1","max-image-preview":"max-image-preview:large","max-video-preview":"max-video-preview:-1"},"canonical":"https:\/\/luxles.si\/sl\/izdelek\/velika-skatla-za-vzorce\/","og_locale":"sl_SI","og_type":"article","og_title":"LUX LES Dom Dekor - Vsi vzorci plo\u0161\u010d v eni \u0161katli","og_description":"\u010ce dr\u017eite vzorce na\u0161ih plo\u0161\u010d v roki, boste na dotik natan\u010dno vedeli, kako so strukturirani, kako izgledajo in videli pravo barvo lesa za pravilno izbiro notranjih zaklju\u010dkov.","og_url":"https:\/\/luxles.si\/sl\/izdelek\/velika-skatla-za-vzorce\/","og_site_name":"LUX LES Dom Dekor","article_publisher":"https:\/\/www.facebook.com\/luxlesdomdekor\/","article_modified_time":"2024-04-09T07:27:19+00:00","og_image":[{"width":960,"height":720,"url":"https:\/\/luxles.si\/wp-content\/uploads\/2021\/02\/IMG_20210225_152918-min.jpg","type":"image\/jpeg"}],"twitter_card":"summary_large_image","schema":{"@context":"https:\/\/schema.org","@graph":[{"@type":"WebPage","@id":"https:\/\/luxles.si\/sl\/izdelek\/velika-skatla-za-vzorce\/","url":"https:\/\/luxles.si\/sl\/izdelek\/velika-skatla-za-vzorce\/","name":"LUX LES Dom Dekor - Vsi vzorci plo\u0161\u010d v eni \u0161katli","isPartOf":{"@id":"https:\/\/luxles.si\/sl\/#website"},"primaryImageOfPage":{"@id":"https:\/\/luxles.si\/sl\/izdelek\/velika-skatla-za-vzorce\/#primaryimage"},"image":{"@id":"https:\/\/luxles.si\/sl\/izdelek\/velika-skatla-za-vzorce\/#primaryimage"},"thumbnailUrl":"https:\/\/luxles.si\/wp-content\/uploads\/2021\/02\/IMG_20210225_152918-min.jpg","datePublished":"2021-02-28T11:01:14+00:00","dateModified":"2024-04-09T07:27:19+00:00","description":"\u010ce dr\u017eite vzorce na\u0161ih plo\u0161\u010d v roki, boste na dotik natan\u010dno vedeli, kako so strukturirani, kako izgledajo in videli pravo barvo lesa za pravilno izbiro notranjih zaklju\u010dkov.","breadcrumb":{"@id":"https:\/\/luxles.si\/sl\/izdelek\/velika-skatla-za-vzorce\/#breadcrumb"},"inLanguage":"sl-SI","potentialAction":[{"@type":"ReadAction","target":["https:\/\/luxles.si\/sl\/izdelek\/velika-skatla-za-vzorce\/"]}]},{"@type":"ImageObject","inLanguage":"sl-SI","@id":"https:\/\/luxles.si\/sl\/izdelek\/velika-skatla-za-vzorce\/#primaryimage","url":"https:\/\/luxles.si\/wp-content\/uploads\/2021\/02\/IMG_20210225_152918-min.jpg","contentUrl":"https:\/\/luxles.si\/wp-content\/uploads\/2021\/02\/IMG_20210225_152918-min.jpg","width":960,"height":720},{"@type":"BreadcrumbList","@id":"https:\/\/luxles.si\/sl\/izdelek\/velika-skatla-za-vzorce\/#breadcrumb","itemListElement":[{"@type":"ListItem","position":1,"name":"Domov","item":"https:\/\/luxles.si\/sl\/"},{"@type":"ListItem","position":2,"name":"Trgovina","item":"https:\/\/luxles.si\/sl\/shop\/"},{"@type":"ListItem","position":3,"name":"Vsi vzorci plo\u0161\u010d v eni \u0161katli"}]},{"@type":"WebSite","@id":"https:\/\/luxles.si\/sl\/#website","url":"https:\/\/luxles.si\/sl\/","name":"LUX LES Dom Dekor","description":"","publisher":{"@id":"https:\/\/luxles.si\/sl\/#organization"},"potentialAction":[{"@type":"SearchAction","target":{"@type":"EntryPoint","urlTemplate":"https:\/\/luxles.si\/sl\/?s={search_term_string}"},"query-input":{"@type":"PropertyValueSpecification","valueRequired":true,"valueName":"search_term_string"}}],"inLanguage":"sl-SI"},{"@type":"Organization","@id":"https:\/\/luxles.si\/sl\/#organization","name":"LUX LES Dom Dekor","url":"https:\/\/luxles.si\/sl\/","logo":{"@type":"ImageObject","inLanguage":"sl-SI","@id":"https:\/\/luxles.si\/sl\/#\/schema\/logo\/image\/","url":"https:\/\/luxles.si\/wp-content\/uploads\/2020\/07\/logo.png","contentUrl":"https:\/\/luxles.si\/wp-content\/uploads\/2020\/07\/logo.png","width":245,"height":70,"caption":"LUX LES Dom Dekor"},"image":{"@id":"https:\/\/luxles.si\/sl\/#\/schema\/logo\/image\/"},"sameAs":["https:\/\/www.facebook.com\/luxlesdomdekor\/","https:\/\/www.instagram.com\/luxlesdomdekor"]}]}},"_links":{"self":[{"href":"https:\/\/luxles.si\/sl\/wp-json\/wp\/v2\/product\/5927","targetHints":{"allow":["GET"]}}],"collection":[{"href":"https:\/\/luxles.si\/sl\/wp-json\/wp\/v2\/product"}],"about":[{"href":"https:\/\/luxles.si\/sl\/wp-json\/wp\/v2\/types\/product"}],"replies":[{"embeddable":true,"href":"https:\/\/luxles.si\/sl\/wp-json\/wp\/v2\/comments?post=5927"}],"wp:featuredmedia":[{"embeddable":true,"href":"https:\/\/luxles.si\/sl\/wp-json\/wp\/v2\/media\/5928"}],"wp:attachment":[{"href":"https:\/\/luxles.si\/sl\/wp-json\/wp\/v2\/media?parent=5927"}],"wp:term":[{"taxonomy":"product_brand","embeddable":true,"href":"https:\/\/luxles.si\/sl\/wp-json\/wp\/v2\/product_brand?post=5927"},{"taxonomy":"product_cat","embeddable":true,"href":"https:\/\/luxles.si\/sl\/wp-json\/wp\/v2\/product_cat?post=5927"},{"taxonomy":"product_tag","embeddable":true,"href":"https:\/\/luxles.si\/sl\/wp-json\/wp\/v2\/product_tag?post=5927"},{"taxonomy":"giftcard-category","embeddable":true,"href":"https:\/\/luxles.si\/sl\/wp-json\/wp\/v2\/giftcard-category?post=5927"}],"curies":[{"name":"wp","href":"https:\/\/api.w.org\/{rel}","templated":true}]}}