{"id":5874,"date":"2021-02-24T14:39:17","date_gmt":"2021-02-24T13:39:17","guid":{"rendered":"https:\/\/luxles.si\/product\/lesena-servirna-deska-iz-epoksi-smole\/"},"modified":"2023-02-28T18:27:28","modified_gmt":"2023-02-28T17:27:28","slug":"lesena-servirna-deska-iz-epoksi-smole","status":"publish","type":"product","link":"https:\/\/luxles.si\/sl\/izdelek\/lesena-servirna-deska-iz-epoksi-smole\/","title":{"rendered":"Lesena servirna deska iz epoksi smole"},"content":{"rendered":"<p><strong>Lesni izdelki LUX LES DOM-DEKOR<\/strong><br \/>\n<span style=\"text-align: justify; display: block;\">Deska iz epoksi smole, ro\u010dno izdelana re\u010dna deska, lesena servirna deska iz epoksi smole, kro\u017eniki, darilna deska, kuhinjska deska.<\/span><\/p>\n<p>&nbsp;<\/p>\n<p><span style=\"text-align: justify; display: block;\">Vsak servirni pladenj je ro\u010dno izdelan s tradicionalnimi orodji in postopki. Kon\u010dna obdelava je namerno narejena z nepravilnimi robovi, kar daje plo\u0161\u010dam o\u010darljiv rustikalen videz. To skupaj z naravnim vzorcem drevesa naredi vsako plo\u0161\u010do zelo unikatno.<\/span><\/p>\n<p>&nbsp;<\/p>\n<p><span style=\"text-align: justify; display: block;\">To je ro\u010dno izdelan izdelek, zato se lahko pojavijo nekatere nepopolnosti. Za dekoracijo uporabljamo samo naravne sestavine, kot so \u0161koljke, posu\u0161ena zeli\u0161\u010da, cvetje ali sadje. Te sestavine spro\u0161\u010dajo zrak, ko se epoksi smola strdi, zato se tu in tam lahko pojavijo mehur\u010dki.<\/span><\/p>\n<p>&nbsp;<\/p>\n<p><span style=\"text-align: justify; display: block;\"><strong>Na\u0161e deske se obi\u010dajno uporabljajo kot dekorativni in servirni pladnji. \u010ce na njih re\u017eete, bo pri\u0161lo do uporabljate za rezanje, bo pri\u0161lo do obrabe zaradi rabe kot pri vsaki rezalni plo\u0161\u010di.<\/strong><\/span><\/p>\n<p>&nbsp;<\/p>\n<p><span style=\"text-align: justify; display: block;\"><strong>Navodila za negovanje<\/strong>: Priporo\u010damo, da desko po uporabi operete z milom za posodo in vro\u010do vodo. Za lesene izdelke ne priporo\u010damo strojnega pranja. Za podalj\u0161anje \u017eivljenjske dobe uporabite laneno olje, olj\u010dno olje ali \u010debelji vosek v primeru vidne dehidracije (2-3 krat na leto).<\/span><\/p>\n<p>&nbsp;<\/p>\n<p><strong>Splo\u0161en opis izdelka<\/strong><\/p>\n<ul>\n<li>Edinstven videz<\/li>\n<li>Plo\u0161\u010de iz naravnih surovin, slovenskega oreha<\/li>\n<li>Okolju prijazen, za\u0161\u010diten z nestrupenim\/varnim za vodo\/vodoodpornim oljem<\/li>\n<\/ul>\n<p>&nbsp;<\/p>\n<p><strong>Vsebina pakiranja:<\/strong><\/p>\n<ul>\n<li>1 plo\u0161\u010da v paketu<\/li>\n<li>Te\u017ea: Do 3 kg<\/li>\n<li>400 mm x 280 mm x 20mm<\/li>\n<\/ul>\n","protected":false},"excerpt":{"rendered":"<p><span style=\"text-align: justify; display: block;\">Deska iz epoksi smole, ro\u010dno izdelana re\u010dna deska, lesena servirna deska iz epoksi smole, kro\u017eniki, darilna deska, kuhinjska deska.<\/span><br \/>\n<span style=\"text-align: justify; display: block;\">Postrezite tapas, mezze ali jo preprosto pustite na mizi z nekaj sadja na njej in dobili boste zelo eksoti\u010dne in edinstvene okrasne detajle! \u010cudovit servirni pladenj iz ro\u010dno ustvarjenega orehovega lesa in epoksi smole.<\/span><br \/>\n<span style=\"text-align: justify; display: block;\">Proizvodnja poteka s spo\u0161tovanjem do narave in okolja. Med postopkom uporablja pristno ro\u010dno delo in naravne izdelke, kot so les, \u010debelji vosek in laneno seme. Ta pladenj je okolju prijazen in varen za hrano.<\/span><br \/>\n<span style=\"text-align: justify; display: block;\">Vznemirljiv gore\u010di oreh velja za enega najlep\u0161ih evropskih lesenih lesov, ki se obi\u010dajno uporabljajo pri izdelavi manj\u0161ega pohi\u0161tva ter notranjih detajlov doma, avtomobilov in \u010dolnov.<\/span><\/p>\n","protected":false},"featured_media":5875,"comment_status":"open","ping_status":"closed","template":"","meta":[],"product_brand":[],"product_cat":[238],"product_tag":[183,204,203,234,199,222,223,230],"giftcard-category":[],"class_list":{"0":"post-5874","1":"product","2":"type-product","3":"status-publish","4":"has-post-thumbnail","6":"product_cat-dom-in-dekor","7":"product_tag-deska","8":"product_tag-hisa","9":"product_tag-dompohistvo","10":"product_tag-oreh","11":"product_tag-pohistvo","12":"product_tag-serviranje","13":"product_tag-servirna-deska","14":"product_tag-thankyou-sl","15":"product_shipping_class-v-3-4-tednih","16":"pa_quantity_measure-kos-sl","17":"pa_unit_price-kos-sl","18":"pa_wood_species-oreh","20":"first","21":"instock","22":"taxable","23":"shipping-taxable","24":"purchasable","25":"product-type-simple"},"yoast_head":"<!-- This site is optimized with the Yoast SEO plugin v27.0 - https:\/\/yoast.com\/product\/yoast-seo-wordpress\/ -->\n<title>Lesena servirna deska iz epoksi smole - LUX LES Dom Dekor<\/title>\n<meta name=\"description\" content=\"Postrezite tapas, mezze ali jo preprosto pustite na mizi z nekaj sadja na njej in dobili boste zelo eksoti\u010dne in edinstvene okrasne detajle! \u010cudovit servirni pladenj iz ro\u010dno ustvarjenega orehovega lesa in epoksi smole.\" \/>\n<meta name=\"robots\" content=\"index, follow, max-snippet:-1, max-image-preview:large, max-video-preview:-1\" \/>\n<link rel=\"canonical\" href=\"https:\/\/luxles.si\/sl\/izdelek\/lesena-servirna-deska-iz-epoksi-smole\/\" \/>\n<meta property=\"og:locale\" content=\"sl_SI\" \/>\n<meta property=\"og:type\" content=\"article\" \/>\n<meta property=\"og:title\" content=\"Lesena servirna deska iz epoksi smole - LUX LES Dom Dekor\" \/>\n<meta property=\"og:description\" content=\"Postrezite tapas, mezze ali jo preprosto pustite na mizi z nekaj sadja na njej in dobili boste zelo eksoti\u010dne in edinstvene okrasne detajle! \u010cudovit servirni pladenj iz ro\u010dno ustvarjenega orehovega lesa in epoksi smole.\" \/>\n<meta property=\"og:url\" content=\"https:\/\/luxles.si\/sl\/izdelek\/lesena-servirna-deska-iz-epoksi-smole\/\" \/>\n<meta property=\"og:site_name\" content=\"LUX LES Dom Dekor\" \/>\n<meta property=\"article:publisher\" content=\"https:\/\/www.facebook.com\/luxlesdomdekor\/\" \/>\n<meta property=\"article:modified_time\" content=\"2023-02-28T17:27:28+00:00\" \/>\n<meta property=\"og:image\" content=\"https:\/\/luxles.si\/wp-content\/uploads\/2021\/02\/IMG_20210223_175432-1-min.jpg\" \/>\n\t<meta property=\"og:image:width\" content=\"1920\" \/>\n\t<meta property=\"og:image:height\" content=\"1440\" \/>\n\t<meta property=\"og:image:type\" content=\"image\/jpeg\" \/>\n<meta name=\"twitter:card\" content=\"summary_large_image\" \/>\n<meta name=\"twitter:label1\" content=\"Est. reading time\" \/>\n\t<meta name=\"twitter:data1\" content=\"1 minuta\" \/>\n<script type=\"application\/ld+json\" class=\"yoast-schema-graph\">{\"@context\":\"https:\/\/schema.org\",\"@graph\":[{\"@type\":\"WebPage\",\"@id\":\"https:\/\/luxles.si\/sl\/izdelek\/lesena-servirna-deska-iz-epoksi-smole\/\",\"url\":\"https:\/\/luxles.si\/sl\/izdelek\/lesena-servirna-deska-iz-epoksi-smole\/\",\"name\":\"Lesena servirna deska iz epoksi smole - LUX LES Dom Dekor\",\"isPartOf\":{\"@id\":\"https:\/\/luxles.si\/sl\/#website\"},\"primaryImageOfPage\":{\"@id\":\"https:\/\/luxles.si\/sl\/izdelek\/lesena-servirna-deska-iz-epoksi-smole\/#primaryimage\"},\"image\":{\"@id\":\"https:\/\/luxles.si\/sl\/izdelek\/lesena-servirna-deska-iz-epoksi-smole\/#primaryimage\"},\"thumbnailUrl\":\"https:\/\/luxles.si\/wp-content\/uploads\/2021\/02\/IMG_20210223_175432-1-min.jpg\",\"datePublished\":\"2021-02-24T13:39:17+00:00\",\"dateModified\":\"2023-02-28T17:27:28+00:00\",\"description\":\"Postrezite tapas, mezze ali jo preprosto pustite na mizi z nekaj sadja na njej in dobili boste zelo eksoti\u010dne in edinstvene okrasne detajle! \u010cudovit servirni pladenj iz ro\u010dno ustvarjenega orehovega lesa in epoksi smole.\",\"breadcrumb\":{\"@id\":\"https:\/\/luxles.si\/sl\/izdelek\/lesena-servirna-deska-iz-epoksi-smole\/#breadcrumb\"},\"inLanguage\":\"sl-SI\",\"potentialAction\":[{\"@type\":\"ReadAction\",\"target\":[\"https:\/\/luxles.si\/sl\/izdelek\/lesena-servirna-deska-iz-epoksi-smole\/\"]}]},{\"@type\":\"ImageObject\",\"inLanguage\":\"sl-SI\",\"@id\":\"https:\/\/luxles.si\/sl\/izdelek\/lesena-servirna-deska-iz-epoksi-smole\/#primaryimage\",\"url\":\"https:\/\/luxles.si\/wp-content\/uploads\/2021\/02\/IMG_20210223_175432-1-min.jpg\",\"contentUrl\":\"https:\/\/luxles.si\/wp-content\/uploads\/2021\/02\/IMG_20210223_175432-1-min.jpg\",\"width\":1920,\"height\":1440},{\"@type\":\"BreadcrumbList\",\"@id\":\"https:\/\/luxles.si\/sl\/izdelek\/lesena-servirna-deska-iz-epoksi-smole\/#breadcrumb\",\"itemListElement\":[{\"@type\":\"ListItem\",\"position\":1,\"name\":\"Domov\",\"item\":\"https:\/\/luxles.si\/sl\/\"},{\"@type\":\"ListItem\",\"position\":2,\"name\":\"Trgovina\",\"item\":\"https:\/\/luxles.si\/sl\/shop\/\"},{\"@type\":\"ListItem\",\"position\":3,\"name\":\"Lesena servirna deska iz epoksi smole\"}]},{\"@type\":\"WebSite\",\"@id\":\"https:\/\/luxles.si\/sl\/#website\",\"url\":\"https:\/\/luxles.si\/sl\/\",\"name\":\"LUX LES Dom Dekor\",\"description\":\"\",\"publisher\":{\"@id\":\"https:\/\/luxles.si\/sl\/#organization\"},\"potentialAction\":[{\"@type\":\"SearchAction\",\"target\":{\"@type\":\"EntryPoint\",\"urlTemplate\":\"https:\/\/luxles.si\/sl\/?s={search_term_string}\"},\"query-input\":{\"@type\":\"PropertyValueSpecification\",\"valueRequired\":true,\"valueName\":\"search_term_string\"}}],\"inLanguage\":\"sl-SI\"},{\"@type\":\"Organization\",\"@id\":\"https:\/\/luxles.si\/sl\/#organization\",\"name\":\"LUX LES Dom Dekor\",\"url\":\"https:\/\/luxles.si\/sl\/\",\"logo\":{\"@type\":\"ImageObject\",\"inLanguage\":\"sl-SI\",\"@id\":\"https:\/\/luxles.si\/sl\/#\/schema\/logo\/image\/\",\"url\":\"https:\/\/luxles.si\/wp-content\/uploads\/2020\/07\/logo.png\",\"contentUrl\":\"https:\/\/luxles.si\/wp-content\/uploads\/2020\/07\/logo.png\",\"width\":245,\"height\":70,\"caption\":\"LUX LES Dom Dekor\"},\"image\":{\"@id\":\"https:\/\/luxles.si\/sl\/#\/schema\/logo\/image\/\"},\"sameAs\":[\"https:\/\/www.facebook.com\/luxlesdomdekor\/\",\"https:\/\/www.instagram.com\/luxlesdomdekor\"]}]}<\/script>\n<!-- \/ Yoast SEO plugin. -->","yoast_head_json":{"title":"Lesena servirna deska iz epoksi smole - LUX LES Dom Dekor","description":"Postrezite tapas, mezze ali jo preprosto pustite na mizi z nekaj sadja na njej in dobili boste zelo eksoti\u010dne in edinstvene okrasne detajle! \u010cudovit servirni pladenj iz ro\u010dno ustvarjenega orehovega lesa in epoksi smole.","robots":{"index":"index","follow":"follow","max-snippet":"max-snippet:-1","max-image-preview":"max-image-preview:large","max-video-preview":"max-video-preview:-1"},"canonical":"https:\/\/luxles.si\/sl\/izdelek\/lesena-servirna-deska-iz-epoksi-smole\/","og_locale":"sl_SI","og_type":"article","og_title":"Lesena servirna deska iz epoksi smole - LUX LES Dom Dekor","og_description":"Postrezite tapas, mezze ali jo preprosto pustite na mizi z nekaj sadja na njej in dobili boste zelo eksoti\u010dne in edinstvene okrasne detajle! \u010cudovit servirni pladenj iz ro\u010dno ustvarjenega orehovega lesa in epoksi smole.","og_url":"https:\/\/luxles.si\/sl\/izdelek\/lesena-servirna-deska-iz-epoksi-smole\/","og_site_name":"LUX LES Dom Dekor","article_publisher":"https:\/\/www.facebook.com\/luxlesdomdekor\/","article_modified_time":"2023-02-28T17:27:28+00:00","og_image":[{"width":1920,"height":1440,"url":"https:\/\/luxles.si\/wp-content\/uploads\/2021\/02\/IMG_20210223_175432-1-min.jpg","type":"image\/jpeg"}],"twitter_card":"summary_large_image","twitter_misc":{"Est. reading time":"1 minuta"},"schema":{"@context":"https:\/\/schema.org","@graph":[{"@type":"WebPage","@id":"https:\/\/luxles.si\/sl\/izdelek\/lesena-servirna-deska-iz-epoksi-smole\/","url":"https:\/\/luxles.si\/sl\/izdelek\/lesena-servirna-deska-iz-epoksi-smole\/","name":"Lesena servirna deska iz epoksi smole - LUX LES Dom Dekor","isPartOf":{"@id":"https:\/\/luxles.si\/sl\/#website"},"primaryImageOfPage":{"@id":"https:\/\/luxles.si\/sl\/izdelek\/lesena-servirna-deska-iz-epoksi-smole\/#primaryimage"},"image":{"@id":"https:\/\/luxles.si\/sl\/izdelek\/lesena-servirna-deska-iz-epoksi-smole\/#primaryimage"},"thumbnailUrl":"https:\/\/luxles.si\/wp-content\/uploads\/2021\/02\/IMG_20210223_175432-1-min.jpg","datePublished":"2021-02-24T13:39:17+00:00","dateModified":"2023-02-28T17:27:28+00:00","description":"Postrezite tapas, mezze ali jo preprosto pustite na mizi z nekaj sadja na njej in dobili boste zelo eksoti\u010dne in edinstvene okrasne detajle! \u010cudovit servirni pladenj iz ro\u010dno ustvarjenega orehovega lesa in epoksi smole.","breadcrumb":{"@id":"https:\/\/luxles.si\/sl\/izdelek\/lesena-servirna-deska-iz-epoksi-smole\/#breadcrumb"},"inLanguage":"sl-SI","potentialAction":[{"@type":"ReadAction","target":["https:\/\/luxles.si\/sl\/izdelek\/lesena-servirna-deska-iz-epoksi-smole\/"]}]},{"@type":"ImageObject","inLanguage":"sl-SI","@id":"https:\/\/luxles.si\/sl\/izdelek\/lesena-servirna-deska-iz-epoksi-smole\/#primaryimage","url":"https:\/\/luxles.si\/wp-content\/uploads\/2021\/02\/IMG_20210223_175432-1-min.jpg","contentUrl":"https:\/\/luxles.si\/wp-content\/uploads\/2021\/02\/IMG_20210223_175432-1-min.jpg","width":1920,"height":1440},{"@type":"BreadcrumbList","@id":"https:\/\/luxles.si\/sl\/izdelek\/lesena-servirna-deska-iz-epoksi-smole\/#breadcrumb","itemListElement":[{"@type":"ListItem","position":1,"name":"Domov","item":"https:\/\/luxles.si\/sl\/"},{"@type":"ListItem","position":2,"name":"Trgovina","item":"https:\/\/luxles.si\/sl\/shop\/"},{"@type":"ListItem","position":3,"name":"Lesena servirna deska iz epoksi smole"}]},{"@type":"WebSite","@id":"https:\/\/luxles.si\/sl\/#website","url":"https:\/\/luxles.si\/sl\/","name":"LUX LES Dom Dekor","description":"","publisher":{"@id":"https:\/\/luxles.si\/sl\/#organization"},"potentialAction":[{"@type":"SearchAction","target":{"@type":"EntryPoint","urlTemplate":"https:\/\/luxles.si\/sl\/?s={search_term_string}"},"query-input":{"@type":"PropertyValueSpecification","valueRequired":true,"valueName":"search_term_string"}}],"inLanguage":"sl-SI"},{"@type":"Organization","@id":"https:\/\/luxles.si\/sl\/#organization","name":"LUX LES Dom Dekor","url":"https:\/\/luxles.si\/sl\/","logo":{"@type":"ImageObject","inLanguage":"sl-SI","@id":"https:\/\/luxles.si\/sl\/#\/schema\/logo\/image\/","url":"https:\/\/luxles.si\/wp-content\/uploads\/2020\/07\/logo.png","contentUrl":"https:\/\/luxles.si\/wp-content\/uploads\/2020\/07\/logo.png","width":245,"height":70,"caption":"LUX LES Dom Dekor"},"image":{"@id":"https:\/\/luxles.si\/sl\/#\/schema\/logo\/image\/"},"sameAs":["https:\/\/www.facebook.com\/luxlesdomdekor\/","https:\/\/www.instagram.com\/luxlesdomdekor"]}]}},"_links":{"self":[{"href":"https:\/\/luxles.si\/sl\/wp-json\/wp\/v2\/product\/5874","targetHints":{"allow":["GET"]}}],"collection":[{"href":"https:\/\/luxles.si\/sl\/wp-json\/wp\/v2\/product"}],"about":[{"href":"https:\/\/luxles.si\/sl\/wp-json\/wp\/v2\/types\/product"}],"replies":[{"embeddable":true,"href":"https:\/\/luxles.si\/sl\/wp-json\/wp\/v2\/comments?post=5874"}],"wp:featuredmedia":[{"embeddable":true,"href":"https:\/\/luxles.si\/sl\/wp-json\/wp\/v2\/media\/5875"}],"wp:attachment":[{"href":"https:\/\/luxles.si\/sl\/wp-json\/wp\/v2\/media?parent=5874"}],"wp:term":[{"taxonomy":"product_brand","embeddable":true,"href":"https:\/\/luxles.si\/sl\/wp-json\/wp\/v2\/product_brand?post=5874"},{"taxonomy":"product_cat","embeddable":true,"href":"https:\/\/luxles.si\/sl\/wp-json\/wp\/v2\/product_cat?post=5874"},{"taxonomy":"product_tag","embeddable":true,"href":"https:\/\/luxles.si\/sl\/wp-json\/wp\/v2\/product_tag?post=5874"},{"taxonomy":"giftcard-category","embeddable":true,"href":"https:\/\/luxles.si\/sl\/wp-json\/wp\/v2\/giftcard-category?post=5874"}],"curies":[{"name":"wp","href":"https:\/\/api.w.org\/{rel}","templated":true}]}}