{"id":5858,"date":"2020-12-21T10:22:12","date_gmt":"2020-12-21T09:22:12","guid":{"rendered":"https:\/\/luxles.si\/product\/miza-za-kavo-oreh\/"},"modified":"2025-05-26T08:20:58","modified_gmt":"2025-05-26T06:20:58","slug":"miza-za-kavo-oreh-1000-350","status":"publish","type":"product","link":"https:\/\/luxles.si\/sl\/izdelek\/miza-za-kavo-oreh-1000-350\/","title":{"rendered":"Miza za kavo (oreh)"},"content":{"rendered":"<p><strong>Lesni izdelki LUX LES DOM-DEKOR<\/strong><br \/>\n<span style=\"text-align: justify; display: block;\">Po meri izdelana rustikalna orehova miza za kavo. Da boste v svojem domu za\u010dutili naravno lepoto orehovega drevesa. Zaradi naravne teksture lesa in ro\u010dno izdelanih predmetov je vsak kos edinstven. Je popolnoma ro\u010dno izdelan in okolju prijazen, da ustvari va\u0161 edinstven prostor, druga\u010den od vseh drugih.<\/span><\/p>\n<p>&nbsp;<\/p>\n<p><span style=\"text-align: justify; display: block;\">Orehova miza za kavo ima impresivno 10-letno garancijo (glejte zavihek \u00bbGARANCIJA\u00ab), \u010de jo pravilno negujete (glejte zavihek \u00bbNEGA IN \u010cI\u0160\u010cENJE\u00ab).<\/span><\/p>\n<ul>\n<li>Za \u010di\u0161\u010denje ne uporabljajte abrazivnih sredstev.<\/li>\n<li>Vsa razlitja in pu\u0161\u010danja takoj obri\u0161ite s krpo ali brisa\u010dami.<\/li>\n<li>Za vsakodnevno \u010di\u0161\u010denje uporabljajte milnico in neabrazivna \u010distila.<\/li>\n<\/ul>\n<p>&nbsp;<\/p>\n<p><span style=\"text-align: justify; display: block;\">Vse mize so narejene po naro\u010dilu. Izdelki, prikazani na tem seznamu, so bili prodani, vendar jih lahko podobno prilagodimo tudi vam. Izdelamo vam lahko poljubno velikost. \u00bb<a class=\"lewct_request_quote_popup\" href=\"#\">Zahtevajte ponudbo<\/a>\u00ab zanjo. Lahko pa <a href=\"tel:+38640844057\">pokli\u010dete<\/a> enega izmed na\u0161ih strokovnjakov in mu zastavite va\u0161a vpra\u0161anja.<\/span><\/p>\n<p>&nbsp;<\/p>\n<p><strong>Splo\u0161en opis izdelka:<\/strong><\/p>\n<ul>\n<li>Material \u2013 orehov les, pobarvane kovinske noge.<\/li>\n<li>Premaz \u2013 epoksi sijajni u\u010dinek.<\/li>\n<li>Zelo preprosta namestitev. Vsa oprema bo v paketu. Z lahkoto jo sestavite samo z izvija\u010dem (glejte zavihek \u00bbNAMESTITEV\u00ab).<\/li>\n<\/ul>\n","protected":false},"excerpt":{"rendered":"<p><span style=\"text-align: justify; display: block;\">Z veseljem vam ponujamo ro\u010dno izdelano \u00bborehovo mizo za kavo\u00ab. \u010ce ne najdete, kar potrebujete, vam na va\u0161o zahtevo izdelamo mizo po meri. \u00bb<a class=\"lewct_request_quote_popup\" href=\"#\">Zahtevajte ponudbo<\/a>\u00ab zanjo. Lahko pa <a href=\"tel:+38669407615\">pokli\u010dete<\/a> enega izmed na\u0161ih strokovnjakov in mu zastavite va\u0161a vpra\u0161anja.<\/span><\/p>\n<p>Namestitev: <strong>Preprosto sestavite samo z izvija\u010dem.<\/strong><\/p>\n<table>\n<tbody>\n<tr>\n<td class=\"uni-cpo-dynamic-notice-td\">Dol\u017eina, \u0161irina in vi\u0161ina<\/td>\n<td><strong>Fiksno, 1000x350x350 mm<\/strong><\/td>\n<\/tr>\n<tr>\n<td>Vrsta in debelina<\/td>\n<td><strong>Oreh, 30 mm<\/strong><\/td>\n<\/tr>\n<tr>\n<td>Zaklju\u010dek<\/td>\n<td><strong>Sijaj in epoksi<\/strong><\/td>\n<\/tr>\n<tr>\n<td>Noge<\/td>\n<td><strong>Varjena kovina, pobarvana v srebrno barvo<\/strong> (lahko v kateri koli barvi RAL)<\/td>\n<\/tr>\n<tr>\n<td>Te\u017ea<\/td>\n<td><strong>do 15 kg<\/strong><\/td>\n<\/tr>\n<\/tbody>\n<\/table>\n","protected":false},"featured_media":5859,"comment_status":"open","ping_status":"closed","template":"","meta":[],"product_brand":[],"product_cat":[361],"product_tag":[204,203,190,229,234,199],"giftcard-category":[],"class_list":{"0":"post-5858","1":"product","2":"type-product","3":"status-publish","4":"has-post-thumbnail","6":"product_cat-lesene-mize","7":"product_tag-hisa","8":"product_tag-dompohistvo","9":"product_tag-kavna-mizica","10":"product_tag-mizo","11":"product_tag-oreh","12":"product_tag-pohistvo","13":"product_shipping_class-v-3-4-tednih","14":"pa_quantity_measure-kos-sl","15":"pa_unit_price-kos-sl","16":"pa_warranty-cofeetable-sl-2","17":"pa_wood_species-oreh","19":"first","20":"instock","21":"taxable","22":"shipping-taxable","23":"purchasable","24":"product-type-simple"},"yoast_head":"<!-- This site is optimized with the Yoast SEO plugin v27.0 - https:\/\/yoast.com\/product\/yoast-seo-wordpress\/ -->\n<title>LUX LES Dom Dekor - Miza za kavo (oreh)<\/title>\n<meta name=\"description\" content=\"Z veseljem vam ponujamo ro\u010dno izdelano \u00bborehovo mizo za kavo\u00ab. Da boste v svojem domu za\u010dutili naravno lepoto orehovega drevesa. Zaradi naravne teksture lesa in ro\u010dno izdelanih predmetov je vsak kos edinstven. Je popolnoma ro\u010dno izdelan in okolju prijazen, da ustvari va\u0161 edinstven prostor, druga\u010den od vseh drugih. Izdelamo vam lahko poljubno velikost.\" \/>\n<meta name=\"robots\" content=\"index, follow, max-snippet:-1, max-image-preview:large, max-video-preview:-1\" \/>\n<link rel=\"canonical\" href=\"https:\/\/luxles.si\/sl\/izdelek\/miza-za-kavo-oreh-1000-350\/\" \/>\n<meta property=\"og:locale\" content=\"sl_SI\" \/>\n<meta property=\"og:type\" content=\"article\" \/>\n<meta property=\"og:title\" content=\"LUX LES Dom Dekor - Miza za kavo (oreh)\" \/>\n<meta property=\"og:description\" content=\"Z veseljem vam ponujamo ro\u010dno izdelano \u00bborehovo mizo za kavo\u00ab. Da boste v svojem domu za\u010dutili naravno lepoto orehovega drevesa. Zaradi naravne teksture lesa in ro\u010dno izdelanih predmetov je vsak kos edinstven. Je popolnoma ro\u010dno izdelan in okolju prijazen, da ustvari va\u0161 edinstven prostor, druga\u010den od vseh drugih. Izdelamo vam lahko poljubno velikost.\" \/>\n<meta property=\"og:url\" content=\"https:\/\/luxles.si\/sl\/izdelek\/miza-za-kavo-oreh-1000-350\/\" \/>\n<meta property=\"og:site_name\" content=\"LUX LES Dom Dekor\" \/>\n<meta property=\"article:publisher\" content=\"https:\/\/www.facebook.com\/luxlesdomdekor\/\" \/>\n<meta property=\"article:modified_time\" content=\"2025-05-26T06:20:58+00:00\" \/>\n<meta property=\"og:image\" content=\"https:\/\/luxles.si\/wp-content\/uploads\/2020\/12\/oval_big_5_1-min.png\" \/>\n\t<meta property=\"og:image:width\" content=\"1075\" \/>\n\t<meta property=\"og:image:height\" content=\"1049\" \/>\n\t<meta property=\"og:image:type\" content=\"image\/png\" \/>\n<meta name=\"twitter:card\" content=\"summary_large_image\" \/>\n<meta name=\"twitter:label1\" content=\"Est. reading time\" \/>\n\t<meta name=\"twitter:data1\" content=\"1 minuta\" \/>\n<script type=\"application\/ld+json\" class=\"yoast-schema-graph\">{\"@context\":\"https:\/\/schema.org\",\"@graph\":[{\"@type\":\"WebPage\",\"@id\":\"https:\/\/luxles.si\/sl\/izdelek\/miza-za-kavo-oreh-1000-350\/\",\"url\":\"https:\/\/luxles.si\/sl\/izdelek\/miza-za-kavo-oreh-1000-350\/\",\"name\":\"LUX LES Dom Dekor - Miza za kavo (oreh)\",\"isPartOf\":{\"@id\":\"https:\/\/luxles.si\/sl\/#website\"},\"primaryImageOfPage\":{\"@id\":\"https:\/\/luxles.si\/sl\/izdelek\/miza-za-kavo-oreh-1000-350\/#primaryimage\"},\"image\":{\"@id\":\"https:\/\/luxles.si\/sl\/izdelek\/miza-za-kavo-oreh-1000-350\/#primaryimage\"},\"thumbnailUrl\":\"https:\/\/luxles.si\/wp-content\/uploads\/2020\/12\/oval_big_5_1-min.png\",\"datePublished\":\"2020-12-21T09:22:12+00:00\",\"dateModified\":\"2025-05-26T06:20:58+00:00\",\"description\":\"Z veseljem vam ponujamo ro\u010dno izdelano \u00bborehovo mizo za kavo\u00ab. Da boste v svojem domu za\u010dutili naravno lepoto orehovega drevesa. Zaradi naravne teksture lesa in ro\u010dno izdelanih predmetov je vsak kos edinstven. Je popolnoma ro\u010dno izdelan in okolju prijazen, da ustvari va\u0161 edinstven prostor, druga\u010den od vseh drugih. Izdelamo vam lahko poljubno velikost.\",\"breadcrumb\":{\"@id\":\"https:\/\/luxles.si\/sl\/izdelek\/miza-za-kavo-oreh-1000-350\/#breadcrumb\"},\"inLanguage\":\"sl-SI\",\"potentialAction\":[{\"@type\":\"ReadAction\",\"target\":[\"https:\/\/luxles.si\/sl\/izdelek\/miza-za-kavo-oreh-1000-350\/\"]}]},{\"@type\":\"ImageObject\",\"inLanguage\":\"sl-SI\",\"@id\":\"https:\/\/luxles.si\/sl\/izdelek\/miza-za-kavo-oreh-1000-350\/#primaryimage\",\"url\":\"https:\/\/luxles.si\/wp-content\/uploads\/2020\/12\/oval_big_5_1-min.png\",\"contentUrl\":\"https:\/\/luxles.si\/wp-content\/uploads\/2020\/12\/oval_big_5_1-min.png\",\"width\":1075,\"height\":1049},{\"@type\":\"BreadcrumbList\",\"@id\":\"https:\/\/luxles.si\/sl\/izdelek\/miza-za-kavo-oreh-1000-350\/#breadcrumb\",\"itemListElement\":[{\"@type\":\"ListItem\",\"position\":1,\"name\":\"Domov\",\"item\":\"https:\/\/luxles.si\/sl\/\"},{\"@type\":\"ListItem\",\"position\":2,\"name\":\"Trgovina\",\"item\":\"https:\/\/luxles.si\/sl\/shop\/\"},{\"@type\":\"ListItem\",\"position\":3,\"name\":\"Miza za kavo (oreh)\"}]},{\"@type\":\"WebSite\",\"@id\":\"https:\/\/luxles.si\/sl\/#website\",\"url\":\"https:\/\/luxles.si\/sl\/\",\"name\":\"LUX LES Dom Dekor\",\"description\":\"\",\"publisher\":{\"@id\":\"https:\/\/luxles.si\/sl\/#organization\"},\"potentialAction\":[{\"@type\":\"SearchAction\",\"target\":{\"@type\":\"EntryPoint\",\"urlTemplate\":\"https:\/\/luxles.si\/sl\/?s={search_term_string}\"},\"query-input\":{\"@type\":\"PropertyValueSpecification\",\"valueRequired\":true,\"valueName\":\"search_term_string\"}}],\"inLanguage\":\"sl-SI\"},{\"@type\":\"Organization\",\"@id\":\"https:\/\/luxles.si\/sl\/#organization\",\"name\":\"LUX LES Dom Dekor\",\"url\":\"https:\/\/luxles.si\/sl\/\",\"logo\":{\"@type\":\"ImageObject\",\"inLanguage\":\"sl-SI\",\"@id\":\"https:\/\/luxles.si\/sl\/#\/schema\/logo\/image\/\",\"url\":\"https:\/\/luxles.si\/wp-content\/uploads\/2020\/07\/logo.png\",\"contentUrl\":\"https:\/\/luxles.si\/wp-content\/uploads\/2020\/07\/logo.png\",\"width\":245,\"height\":70,\"caption\":\"LUX LES Dom Dekor\"},\"image\":{\"@id\":\"https:\/\/luxles.si\/sl\/#\/schema\/logo\/image\/\"},\"sameAs\":[\"https:\/\/www.facebook.com\/luxlesdomdekor\/\",\"https:\/\/www.instagram.com\/luxlesdomdekor\"]}]}<\/script>\n<!-- \/ Yoast SEO plugin. -->","yoast_head_json":{"title":"LUX LES Dom Dekor - Miza za kavo (oreh)","description":"Z veseljem vam ponujamo ro\u010dno izdelano \u00bborehovo mizo za kavo\u00ab. Da boste v svojem domu za\u010dutili naravno lepoto orehovega drevesa. Zaradi naravne teksture lesa in ro\u010dno izdelanih predmetov je vsak kos edinstven. Je popolnoma ro\u010dno izdelan in okolju prijazen, da ustvari va\u0161 edinstven prostor, druga\u010den od vseh drugih. Izdelamo vam lahko poljubno velikost.","robots":{"index":"index","follow":"follow","max-snippet":"max-snippet:-1","max-image-preview":"max-image-preview:large","max-video-preview":"max-video-preview:-1"},"canonical":"https:\/\/luxles.si\/sl\/izdelek\/miza-za-kavo-oreh-1000-350\/","og_locale":"sl_SI","og_type":"article","og_title":"LUX LES Dom Dekor - Miza za kavo (oreh)","og_description":"Z veseljem vam ponujamo ro\u010dno izdelano \u00bborehovo mizo za kavo\u00ab. Da boste v svojem domu za\u010dutili naravno lepoto orehovega drevesa. Zaradi naravne teksture lesa in ro\u010dno izdelanih predmetov je vsak kos edinstven. Je popolnoma ro\u010dno izdelan in okolju prijazen, da ustvari va\u0161 edinstven prostor, druga\u010den od vseh drugih. Izdelamo vam lahko poljubno velikost.","og_url":"https:\/\/luxles.si\/sl\/izdelek\/miza-za-kavo-oreh-1000-350\/","og_site_name":"LUX LES Dom Dekor","article_publisher":"https:\/\/www.facebook.com\/luxlesdomdekor\/","article_modified_time":"2025-05-26T06:20:58+00:00","og_image":[{"width":1075,"height":1049,"url":"https:\/\/luxles.si\/wp-content\/uploads\/2020\/12\/oval_big_5_1-min.png","type":"image\/png"}],"twitter_card":"summary_large_image","twitter_misc":{"Est. reading time":"1 minuta"},"schema":{"@context":"https:\/\/schema.org","@graph":[{"@type":"WebPage","@id":"https:\/\/luxles.si\/sl\/izdelek\/miza-za-kavo-oreh-1000-350\/","url":"https:\/\/luxles.si\/sl\/izdelek\/miza-za-kavo-oreh-1000-350\/","name":"LUX LES Dom Dekor - Miza za kavo (oreh)","isPartOf":{"@id":"https:\/\/luxles.si\/sl\/#website"},"primaryImageOfPage":{"@id":"https:\/\/luxles.si\/sl\/izdelek\/miza-za-kavo-oreh-1000-350\/#primaryimage"},"image":{"@id":"https:\/\/luxles.si\/sl\/izdelek\/miza-za-kavo-oreh-1000-350\/#primaryimage"},"thumbnailUrl":"https:\/\/luxles.si\/wp-content\/uploads\/2020\/12\/oval_big_5_1-min.png","datePublished":"2020-12-21T09:22:12+00:00","dateModified":"2025-05-26T06:20:58+00:00","description":"Z veseljem vam ponujamo ro\u010dno izdelano \u00bborehovo mizo za kavo\u00ab. Da boste v svojem domu za\u010dutili naravno lepoto orehovega drevesa. Zaradi naravne teksture lesa in ro\u010dno izdelanih predmetov je vsak kos edinstven. Je popolnoma ro\u010dno izdelan in okolju prijazen, da ustvari va\u0161 edinstven prostor, druga\u010den od vseh drugih. Izdelamo vam lahko poljubno velikost.","breadcrumb":{"@id":"https:\/\/luxles.si\/sl\/izdelek\/miza-za-kavo-oreh-1000-350\/#breadcrumb"},"inLanguage":"sl-SI","potentialAction":[{"@type":"ReadAction","target":["https:\/\/luxles.si\/sl\/izdelek\/miza-za-kavo-oreh-1000-350\/"]}]},{"@type":"ImageObject","inLanguage":"sl-SI","@id":"https:\/\/luxles.si\/sl\/izdelek\/miza-za-kavo-oreh-1000-350\/#primaryimage","url":"https:\/\/luxles.si\/wp-content\/uploads\/2020\/12\/oval_big_5_1-min.png","contentUrl":"https:\/\/luxles.si\/wp-content\/uploads\/2020\/12\/oval_big_5_1-min.png","width":1075,"height":1049},{"@type":"BreadcrumbList","@id":"https:\/\/luxles.si\/sl\/izdelek\/miza-za-kavo-oreh-1000-350\/#breadcrumb","itemListElement":[{"@type":"ListItem","position":1,"name":"Domov","item":"https:\/\/luxles.si\/sl\/"},{"@type":"ListItem","position":2,"name":"Trgovina","item":"https:\/\/luxles.si\/sl\/shop\/"},{"@type":"ListItem","position":3,"name":"Miza za kavo (oreh)"}]},{"@type":"WebSite","@id":"https:\/\/luxles.si\/sl\/#website","url":"https:\/\/luxles.si\/sl\/","name":"LUX LES Dom Dekor","description":"","publisher":{"@id":"https:\/\/luxles.si\/sl\/#organization"},"potentialAction":[{"@type":"SearchAction","target":{"@type":"EntryPoint","urlTemplate":"https:\/\/luxles.si\/sl\/?s={search_term_string}"},"query-input":{"@type":"PropertyValueSpecification","valueRequired":true,"valueName":"search_term_string"}}],"inLanguage":"sl-SI"},{"@type":"Organization","@id":"https:\/\/luxles.si\/sl\/#organization","name":"LUX LES Dom Dekor","url":"https:\/\/luxles.si\/sl\/","logo":{"@type":"ImageObject","inLanguage":"sl-SI","@id":"https:\/\/luxles.si\/sl\/#\/schema\/logo\/image\/","url":"https:\/\/luxles.si\/wp-content\/uploads\/2020\/07\/logo.png","contentUrl":"https:\/\/luxles.si\/wp-content\/uploads\/2020\/07\/logo.png","width":245,"height":70,"caption":"LUX LES Dom Dekor"},"image":{"@id":"https:\/\/luxles.si\/sl\/#\/schema\/logo\/image\/"},"sameAs":["https:\/\/www.facebook.com\/luxlesdomdekor\/","https:\/\/www.instagram.com\/luxlesdomdekor"]}]}},"_links":{"self":[{"href":"https:\/\/luxles.si\/sl\/wp-json\/wp\/v2\/product\/5858","targetHints":{"allow":["GET"]}}],"collection":[{"href":"https:\/\/luxles.si\/sl\/wp-json\/wp\/v2\/product"}],"about":[{"href":"https:\/\/luxles.si\/sl\/wp-json\/wp\/v2\/types\/product"}],"replies":[{"embeddable":true,"href":"https:\/\/luxles.si\/sl\/wp-json\/wp\/v2\/comments?post=5858"}],"wp:featuredmedia":[{"embeddable":true,"href":"https:\/\/luxles.si\/sl\/wp-json\/wp\/v2\/media\/5859"}],"wp:attachment":[{"href":"https:\/\/luxles.si\/sl\/wp-json\/wp\/v2\/media?parent=5858"}],"wp:term":[{"taxonomy":"product_brand","embeddable":true,"href":"https:\/\/luxles.si\/sl\/wp-json\/wp\/v2\/product_brand?post=5858"},{"taxonomy":"product_cat","embeddable":true,"href":"https:\/\/luxles.si\/sl\/wp-json\/wp\/v2\/product_cat?post=5858"},{"taxonomy":"product_tag","embeddable":true,"href":"https:\/\/luxles.si\/sl\/wp-json\/wp\/v2\/product_tag?post=5858"},{"taxonomy":"giftcard-category","embeddable":true,"href":"https:\/\/luxles.si\/sl\/wp-json\/wp\/v2\/giftcard-category?post=5858"}],"curies":[{"name":"wp","href":"https:\/\/api.w.org\/{rel}","templated":true}]}}