{"id":5823,"date":"2020-08-27T18:56:59","date_gmt":"2020-08-27T16:56:59","guid":{"rendered":"https:\/\/luxles.si\/product\/lesene-kocke-za-projekte-samostojne-izdelave-oreh\/"},"modified":"2023-02-28T18:31:01","modified_gmt":"2023-02-28T17:31:01","slug":"nedokoncane-lesene-kochke-za-projekte-samostojne-izdelave-oreh","status":"publish","type":"product","link":"https:\/\/luxles.si\/sl\/izdelek\/nedokoncane-lesene-kochke-za-projekte-samostojne-izdelave-oreh\/","title":{"rendered":"Lesene kocke za projekte samostojne izdelave \u2013 OREH"},"content":{"rendered":"<p><strong>Lesni izdelki LUX LES DOM-DEKOR<\/strong><br \/>\n<span style=\"text-align: justify; display:block;\">LESENE KOCKE LUX LES DOM-DEKOR prina\u0161ajo eleganten pridih va\u0161im izdelkom, ki jih naredite sami, in obrti. Izdelane so iz naravnega slovenskega oreha, ki ima lahko druga\u010dno teksturo in barvo brez ostrega vonja. Te kocke lahko uporabite na razli\u010dne na\u010dine za va\u0161e umetni\u0161ko delo.<\/span><\/p>\n<p>&nbsp;<\/p>\n<p><span style=\"text-align: justify; display:block;\">Lesene stene dajejo vsakemu prostoru prijeten in topel videz. Les ima nizko toplotno prevodnost, zaradi \u010desar se prostor po\u010dasneje segreva ali hladi. Tako je ena izmed prednosti lesenih stenskih oblog izbolj\u0161anje notranje klime.<\/span><\/p>\n<p>&nbsp;<\/p>\n<p><strong>Splo\u0161en opis izdelka<\/strong><\/p>\n<ul>\n<li>kocke iz naravnih surovin, slovenskega oreha<\/li>\n<li>Okolju prijazne<\/li>\n<li>nedokon\u010dane, te lesene kocke prilagodite tako, da ustvarite zabaven umetni\u0161ki okras.<\/li>\n<\/ul>\n<p>&nbsp;<\/p>\n<p><strong>Vsebina pakiranja<\/strong><\/p>\n<ul>\n<li>Vsebina: 1 m2<\/li>\n<li>200 kock 75 x 75 x 10 mm<\/li>\n<li>Te\u017ea: 7,5 kg<\/li>\n<\/ul>\n","protected":false},"excerpt":{"rendered":"<ul>\n<li>NEDOKON\u010cANE LESENE KOCKE z gladko povr\u0161ino, odli\u010dne za samostojne obrtni\u0161ke projekte po meri, za slikanje, barvanje, pisanje, rezljanje in v\u017eiganje podstavkov za kozarce.<\/li>\n<li>OKOLJU PRIJAZNO. Naraven slovenski oreh je robusten in trpe\u017een.<\/li>\n<li>ENOSTAVNO IZDELAJTE SVOJE OBLIKE. Kot nala\u0161\u010d za ro\u010dno slikanje, izdelavo podstavkov za kozarce, umetnin z v\u017eiganjem v les, lesenih \u010drk in dekoracij po meri. Te lesene kocke prilagodite tako, da ustvarite zabaven umetni\u0161ki okras.<\/li>\n<li>Pakiranje 1 m2, te\u017ea 7,5 kg, 200 kock 75 x 75 x 10 mm<\/li>\n<\/ul>\n","protected":false},"featured_media":5824,"comment_status":"open","ping_status":"closed","template":"","meta":[],"product_brand":[],"product_cat":[240],"product_tag":[204,235,197,233,193,234,207,212,195,228,198],"giftcard-category":[],"class_list":{"0":"post-5823","1":"product","2":"type-product","3":"status-publish","4":"has-post-thumbnail","6":"product_cat-za-ustvarjalnost","7":"product_tag-hisa","8":"product_tag-lesa","9":"product_tag-naredi-sam","10":"product_tag-nedokoncano","11":"product_tag-obrt","12":"product_tag-oreh","13":"product_tag-pisarna","14":"product_tag-plosco","15":"product_tag-prilagojeno","16":"product_tag-stilsko","17":"product_tag-za-otroke","18":"product_shipping_class-v-3-4-tednih","19":"pa_quantity_measure-m2-sl","20":"pa_unit_price-m2-sl","21":"pa_warranty-diyproducts-sl-2","22":"pa_wood_species-oreh","24":"first","25":"instock","26":"taxable","27":"shipping-taxable","28":"purchasable","29":"product-type-simple"},"yoast_head":"<!-- This site is optimized with the Yoast SEO plugin v27.0 - https:\/\/yoast.com\/product\/yoast-seo-wordpress\/ -->\n<title>Lesene kocke za projekte samostojne izdelave \u2013 OREH - LUX LES Dom Dekor<\/title>\n<meta name=\"description\" content=\"LESENE KOCKE LUX LES DOM-DEKOR prina\u0161ajo eleganten pridih va\u0161im izdelkom, ki jih naredite sami, in obrti. Izdelane so iz naravnega slovenskega oreha, ki ima lahko druga\u010dno teksturo in barvo brez ostrega vonja. Te kocke lahko uporabite na razli\u010dne na\u010dine za va\u0161e umetni\u0161ko delo.\" \/>\n<meta name=\"robots\" content=\"index, follow, max-snippet:-1, max-image-preview:large, max-video-preview:-1\" \/>\n<link rel=\"canonical\" href=\"https:\/\/luxles.si\/sl\/izdelek\/nedokoncane-lesene-kochke-za-projekte-samostojne-izdelave-oreh\/\" \/>\n<meta property=\"og:locale\" content=\"sl_SI\" \/>\n<meta property=\"og:type\" content=\"article\" \/>\n<meta property=\"og:title\" content=\"Lesene kocke za projekte samostojne izdelave \u2013 OREH - LUX LES Dom Dekor\" \/>\n<meta property=\"og:description\" content=\"LESENE KOCKE LUX LES DOM-DEKOR prina\u0161ajo eleganten pridih va\u0161im izdelkom, ki jih naredite sami, in obrti. Izdelane so iz naravnega slovenskega oreha, ki ima lahko druga\u010dno teksturo in barvo brez ostrega vonja. Te kocke lahko uporabite na razli\u010dne na\u010dine za va\u0161e umetni\u0161ko delo.\" \/>\n<meta property=\"og:url\" content=\"https:\/\/luxles.si\/sl\/izdelek\/nedokoncane-lesene-kochke-za-projekte-samostojne-izdelave-oreh\/\" \/>\n<meta property=\"og:site_name\" content=\"LUX LES Dom Dekor\" \/>\n<meta property=\"article:publisher\" content=\"https:\/\/www.facebook.com\/luxlesdomdekor\/\" \/>\n<meta property=\"article:modified_time\" content=\"2023-02-28T17:31:01+00:00\" \/>\n<meta property=\"og:image\" content=\"https:\/\/luxles.si\/wp-content\/uploads\/2020\/08\/Untitled-1-min-1.jpg\" \/>\n\t<meta property=\"og:image:width\" content=\"1890\" \/>\n\t<meta property=\"og:image:height\" content=\"1417\" \/>\n\t<meta property=\"og:image:type\" content=\"image\/jpeg\" \/>\n<meta name=\"twitter:card\" content=\"summary_large_image\" \/>\n<meta name=\"twitter:label1\" content=\"Est. reading time\" \/>\n\t<meta name=\"twitter:data1\" content=\"1 minuta\" \/>\n<script type=\"application\/ld+json\" class=\"yoast-schema-graph\">{\"@context\":\"https:\/\/schema.org\",\"@graph\":[{\"@type\":\"WebPage\",\"@id\":\"https:\/\/luxles.si\/sl\/izdelek\/nedokoncane-lesene-kochke-za-projekte-samostojne-izdelave-oreh\/\",\"url\":\"https:\/\/luxles.si\/sl\/izdelek\/nedokoncane-lesene-kochke-za-projekte-samostojne-izdelave-oreh\/\",\"name\":\"Lesene kocke za projekte samostojne izdelave \u2013 OREH - LUX LES Dom Dekor\",\"isPartOf\":{\"@id\":\"https:\/\/luxles.si\/sl\/#website\"},\"primaryImageOfPage\":{\"@id\":\"https:\/\/luxles.si\/sl\/izdelek\/nedokoncane-lesene-kochke-za-projekte-samostojne-izdelave-oreh\/#primaryimage\"},\"image\":{\"@id\":\"https:\/\/luxles.si\/sl\/izdelek\/nedokoncane-lesene-kochke-za-projekte-samostojne-izdelave-oreh\/#primaryimage\"},\"thumbnailUrl\":\"https:\/\/luxles.si\/wp-content\/uploads\/2020\/08\/Untitled-1-min-1.jpg\",\"datePublished\":\"2020-08-27T16:56:59+00:00\",\"dateModified\":\"2023-02-28T17:31:01+00:00\",\"description\":\"LESENE KOCKE LUX LES DOM-DEKOR prina\u0161ajo eleganten pridih va\u0161im izdelkom, ki jih naredite sami, in obrti. Izdelane so iz naravnega slovenskega oreha, ki ima lahko druga\u010dno teksturo in barvo brez ostrega vonja. Te kocke lahko uporabite na razli\u010dne na\u010dine za va\u0161e umetni\u0161ko delo.\",\"breadcrumb\":{\"@id\":\"https:\/\/luxles.si\/sl\/izdelek\/nedokoncane-lesene-kochke-za-projekte-samostojne-izdelave-oreh\/#breadcrumb\"},\"inLanguage\":\"sl-SI\",\"potentialAction\":[{\"@type\":\"ReadAction\",\"target\":[\"https:\/\/luxles.si\/sl\/izdelek\/nedokoncane-lesene-kochke-za-projekte-samostojne-izdelave-oreh\/\"]}]},{\"@type\":\"ImageObject\",\"inLanguage\":\"sl-SI\",\"@id\":\"https:\/\/luxles.si\/sl\/izdelek\/nedokoncane-lesene-kochke-za-projekte-samostojne-izdelave-oreh\/#primaryimage\",\"url\":\"https:\/\/luxles.si\/wp-content\/uploads\/2020\/08\/Untitled-1-min-1.jpg\",\"contentUrl\":\"https:\/\/luxles.si\/wp-content\/uploads\/2020\/08\/Untitled-1-min-1.jpg\",\"width\":1890,\"height\":1417},{\"@type\":\"BreadcrumbList\",\"@id\":\"https:\/\/luxles.si\/sl\/izdelek\/nedokoncane-lesene-kochke-za-projekte-samostojne-izdelave-oreh\/#breadcrumb\",\"itemListElement\":[{\"@type\":\"ListItem\",\"position\":1,\"name\":\"Domov\",\"item\":\"https:\/\/luxles.si\/sl\/\"},{\"@type\":\"ListItem\",\"position\":2,\"name\":\"Trgovina\",\"item\":\"https:\/\/luxles.si\/sl\/shop\/\"},{\"@type\":\"ListItem\",\"position\":3,\"name\":\"Lesene kocke za projekte samostojne izdelave \u2013 OREH\"}]},{\"@type\":\"WebSite\",\"@id\":\"https:\/\/luxles.si\/sl\/#website\",\"url\":\"https:\/\/luxles.si\/sl\/\",\"name\":\"LUX LES Dom Dekor\",\"description\":\"\",\"publisher\":{\"@id\":\"https:\/\/luxles.si\/sl\/#organization\"},\"potentialAction\":[{\"@type\":\"SearchAction\",\"target\":{\"@type\":\"EntryPoint\",\"urlTemplate\":\"https:\/\/luxles.si\/sl\/?s={search_term_string}\"},\"query-input\":{\"@type\":\"PropertyValueSpecification\",\"valueRequired\":true,\"valueName\":\"search_term_string\"}}],\"inLanguage\":\"sl-SI\"},{\"@type\":\"Organization\",\"@id\":\"https:\/\/luxles.si\/sl\/#organization\",\"name\":\"LUX LES Dom Dekor\",\"url\":\"https:\/\/luxles.si\/sl\/\",\"logo\":{\"@type\":\"ImageObject\",\"inLanguage\":\"sl-SI\",\"@id\":\"https:\/\/luxles.si\/sl\/#\/schema\/logo\/image\/\",\"url\":\"https:\/\/luxles.si\/wp-content\/uploads\/2020\/07\/logo.png\",\"contentUrl\":\"https:\/\/luxles.si\/wp-content\/uploads\/2020\/07\/logo.png\",\"width\":245,\"height\":70,\"caption\":\"LUX LES Dom Dekor\"},\"image\":{\"@id\":\"https:\/\/luxles.si\/sl\/#\/schema\/logo\/image\/\"},\"sameAs\":[\"https:\/\/www.facebook.com\/luxlesdomdekor\/\",\"https:\/\/www.instagram.com\/luxlesdomdekor\"]}]}<\/script>\n<!-- \/ Yoast SEO plugin. -->","yoast_head_json":{"title":"Lesene kocke za projekte samostojne izdelave \u2013 OREH - LUX LES Dom Dekor","description":"LESENE KOCKE LUX LES DOM-DEKOR prina\u0161ajo eleganten pridih va\u0161im izdelkom, ki jih naredite sami, in obrti. Izdelane so iz naravnega slovenskega oreha, ki ima lahko druga\u010dno teksturo in barvo brez ostrega vonja. Te kocke lahko uporabite na razli\u010dne na\u010dine za va\u0161e umetni\u0161ko delo.","robots":{"index":"index","follow":"follow","max-snippet":"max-snippet:-1","max-image-preview":"max-image-preview:large","max-video-preview":"max-video-preview:-1"},"canonical":"https:\/\/luxles.si\/sl\/izdelek\/nedokoncane-lesene-kochke-za-projekte-samostojne-izdelave-oreh\/","og_locale":"sl_SI","og_type":"article","og_title":"Lesene kocke za projekte samostojne izdelave \u2013 OREH - LUX LES Dom Dekor","og_description":"LESENE KOCKE LUX LES DOM-DEKOR prina\u0161ajo eleganten pridih va\u0161im izdelkom, ki jih naredite sami, in obrti. Izdelane so iz naravnega slovenskega oreha, ki ima lahko druga\u010dno teksturo in barvo brez ostrega vonja. Te kocke lahko uporabite na razli\u010dne na\u010dine za va\u0161e umetni\u0161ko delo.","og_url":"https:\/\/luxles.si\/sl\/izdelek\/nedokoncane-lesene-kochke-za-projekte-samostojne-izdelave-oreh\/","og_site_name":"LUX LES Dom Dekor","article_publisher":"https:\/\/www.facebook.com\/luxlesdomdekor\/","article_modified_time":"2023-02-28T17:31:01+00:00","og_image":[{"width":1890,"height":1417,"url":"https:\/\/luxles.si\/wp-content\/uploads\/2020\/08\/Untitled-1-min-1.jpg","type":"image\/jpeg"}],"twitter_card":"summary_large_image","twitter_misc":{"Est. reading time":"1 minuta"},"schema":{"@context":"https:\/\/schema.org","@graph":[{"@type":"WebPage","@id":"https:\/\/luxles.si\/sl\/izdelek\/nedokoncane-lesene-kochke-za-projekte-samostojne-izdelave-oreh\/","url":"https:\/\/luxles.si\/sl\/izdelek\/nedokoncane-lesene-kochke-za-projekte-samostojne-izdelave-oreh\/","name":"Lesene kocke za projekte samostojne izdelave \u2013 OREH - LUX LES Dom Dekor","isPartOf":{"@id":"https:\/\/luxles.si\/sl\/#website"},"primaryImageOfPage":{"@id":"https:\/\/luxles.si\/sl\/izdelek\/nedokoncane-lesene-kochke-za-projekte-samostojne-izdelave-oreh\/#primaryimage"},"image":{"@id":"https:\/\/luxles.si\/sl\/izdelek\/nedokoncane-lesene-kochke-za-projekte-samostojne-izdelave-oreh\/#primaryimage"},"thumbnailUrl":"https:\/\/luxles.si\/wp-content\/uploads\/2020\/08\/Untitled-1-min-1.jpg","datePublished":"2020-08-27T16:56:59+00:00","dateModified":"2023-02-28T17:31:01+00:00","description":"LESENE KOCKE LUX LES DOM-DEKOR prina\u0161ajo eleganten pridih va\u0161im izdelkom, ki jih naredite sami, in obrti. Izdelane so iz naravnega slovenskega oreha, ki ima lahko druga\u010dno teksturo in barvo brez ostrega vonja. Te kocke lahko uporabite na razli\u010dne na\u010dine za va\u0161e umetni\u0161ko delo.","breadcrumb":{"@id":"https:\/\/luxles.si\/sl\/izdelek\/nedokoncane-lesene-kochke-za-projekte-samostojne-izdelave-oreh\/#breadcrumb"},"inLanguage":"sl-SI","potentialAction":[{"@type":"ReadAction","target":["https:\/\/luxles.si\/sl\/izdelek\/nedokoncane-lesene-kochke-za-projekte-samostojne-izdelave-oreh\/"]}]},{"@type":"ImageObject","inLanguage":"sl-SI","@id":"https:\/\/luxles.si\/sl\/izdelek\/nedokoncane-lesene-kochke-za-projekte-samostojne-izdelave-oreh\/#primaryimage","url":"https:\/\/luxles.si\/wp-content\/uploads\/2020\/08\/Untitled-1-min-1.jpg","contentUrl":"https:\/\/luxles.si\/wp-content\/uploads\/2020\/08\/Untitled-1-min-1.jpg","width":1890,"height":1417},{"@type":"BreadcrumbList","@id":"https:\/\/luxles.si\/sl\/izdelek\/nedokoncane-lesene-kochke-za-projekte-samostojne-izdelave-oreh\/#breadcrumb","itemListElement":[{"@type":"ListItem","position":1,"name":"Domov","item":"https:\/\/luxles.si\/sl\/"},{"@type":"ListItem","position":2,"name":"Trgovina","item":"https:\/\/luxles.si\/sl\/shop\/"},{"@type":"ListItem","position":3,"name":"Lesene kocke za projekte samostojne izdelave \u2013 OREH"}]},{"@type":"WebSite","@id":"https:\/\/luxles.si\/sl\/#website","url":"https:\/\/luxles.si\/sl\/","name":"LUX LES Dom Dekor","description":"","publisher":{"@id":"https:\/\/luxles.si\/sl\/#organization"},"potentialAction":[{"@type":"SearchAction","target":{"@type":"EntryPoint","urlTemplate":"https:\/\/luxles.si\/sl\/?s={search_term_string}"},"query-input":{"@type":"PropertyValueSpecification","valueRequired":true,"valueName":"search_term_string"}}],"inLanguage":"sl-SI"},{"@type":"Organization","@id":"https:\/\/luxles.si\/sl\/#organization","name":"LUX LES Dom Dekor","url":"https:\/\/luxles.si\/sl\/","logo":{"@type":"ImageObject","inLanguage":"sl-SI","@id":"https:\/\/luxles.si\/sl\/#\/schema\/logo\/image\/","url":"https:\/\/luxles.si\/wp-content\/uploads\/2020\/07\/logo.png","contentUrl":"https:\/\/luxles.si\/wp-content\/uploads\/2020\/07\/logo.png","width":245,"height":70,"caption":"LUX LES Dom Dekor"},"image":{"@id":"https:\/\/luxles.si\/sl\/#\/schema\/logo\/image\/"},"sameAs":["https:\/\/www.facebook.com\/luxlesdomdekor\/","https:\/\/www.instagram.com\/luxlesdomdekor"]}]}},"_links":{"self":[{"href":"https:\/\/luxles.si\/sl\/wp-json\/wp\/v2\/product\/5823","targetHints":{"allow":["GET"]}}],"collection":[{"href":"https:\/\/luxles.si\/sl\/wp-json\/wp\/v2\/product"}],"about":[{"href":"https:\/\/luxles.si\/sl\/wp-json\/wp\/v2\/types\/product"}],"replies":[{"embeddable":true,"href":"https:\/\/luxles.si\/sl\/wp-json\/wp\/v2\/comments?post=5823"}],"wp:featuredmedia":[{"embeddable":true,"href":"https:\/\/luxles.si\/sl\/wp-json\/wp\/v2\/media\/5824"}],"wp:attachment":[{"href":"https:\/\/luxles.si\/sl\/wp-json\/wp\/v2\/media?parent=5823"}],"wp:term":[{"taxonomy":"product_brand","embeddable":true,"href":"https:\/\/luxles.si\/sl\/wp-json\/wp\/v2\/product_brand?post=5823"},{"taxonomy":"product_cat","embeddable":true,"href":"https:\/\/luxles.si\/sl\/wp-json\/wp\/v2\/product_cat?post=5823"},{"taxonomy":"product_tag","embeddable":true,"href":"https:\/\/luxles.si\/sl\/wp-json\/wp\/v2\/product_tag?post=5823"},{"taxonomy":"giftcard-category","embeddable":true,"href":"https:\/\/luxles.si\/sl\/wp-json\/wp\/v2\/giftcard-category?post=5823"}],"curies":[{"name":"wp","href":"https:\/\/api.w.org\/{rel}","templated":true}]}}