{"id":5773,"date":"2021-03-22T12:52:45","date_gmt":"2021-03-22T11:52:45","guid":{"rendered":"https:\/\/luxles.si\/product\/surovine-iz-naravnega-starega-lesa\/"},"modified":"2022-01-11T10:29:08","modified_gmt":"2022-01-11T09:29:08","slug":"surovine-iz-naravnega-starega-lesa","status":"publish","type":"product","link":"https:\/\/luxles.si\/sl\/izdelek\/surovine-iz-naravnega-starega-lesa\/","title":{"rendered":"Surovine iz naravnega starega lesa"},"content":{"rendered":"<p><strong>Lesni izdelki LUX LES DOM-DEKOR<\/strong><br \/>\n<span style=\"text-align: justify; display: block;\" natural=\"\" old=\"\" wood=\"\" raw=\"\" materials=\"\" original=\"PC9zcGFuPg==\"><\/span><\/p>\n<p>&nbsp;<\/p>\n<p><span style=\"text-align: justify; display: block;\">Naravne stare lesne surovine so iz zbirke starih slovenskih hi\u0161, hlevov in industrijskih stavb, ki jih je treba poru\u0161iti. Drevesa, iz katerih so pridobili les, so rasla v starodavnih gozdovih z bogato biotsko raznovrstnostjo. Posekana so bila, ko so dosegla zrelost, pogosto pri ve\u010d sto letih. To stoletje je les napolnilo z zna\u010dilnostmi, ki jih v sodobnem lesu ni mogo\u010de videti: gostej\u0161a vlakna, neprimerljiva velikost in globlje barve. 17. stoletje je bilo eno najpomembnej\u0161ih pri oblikovanju sodobnega sveta. Z izbiro predelanega lesa na tej prelomni to\u010dki v zgodovini se odlo\u010date ne le za delo z materialom, ki je zdr\u017eal preizku\u0161njo \u010dasa, temve\u010d se odlo\u010dite tudi za trajnost. Ponosni smo, da ponovno odkrivamo lepoto preteklosti in ustvarjamo prilo\u017enost za ta edinstven izdelek, ki ga bodo v prihodnosti cenile in delile generacije.<\/span><\/p>\n","protected":false},"excerpt":{"rendered":"<p><span style=\"text-align: justify; display: block;\">Lux Les Dom Dekor je neposredni dobavitelj avtenti\u010dnih recikliranih lesnih materialov, pridobljenih naravno iz starih hlevov. Les iz skednja, ki je na voljo v starih oblogah in deskah, obnovljenih tleh in pohi\u0161tvu po meri, je odli\u010dna izbira za okrasitev bivalnih prostorov in notranjosti.<\/span><br \/>\n<span style=\"text-align: justify; display: block;\"><strong>Na zalogi:<\/strong><\/p>\n<ul>\n<li>leseni HRASTOVI tramovi,<\/li>\n<li>deske s staro patino,<\/li>\n<li>star kostanj s patino,<\/li>\n<li>stari smrekovi tramovi,<\/li>\n<li>stare smrekove plo\u0161\u010de (son\u010dna patina),<\/li>\n<li>in \u0161e veliko ve\u010d &#8230;<\/li>\n<\/ul>\n<p><span style=\"text-align: justify; display: block;\">Na va\u0161o zahtevo vam bomo posredovali vse informacije, ki vas zanimajo.<\/span><\/p>\n","protected":false},"featured_media":5774,"comment_status":"open","ping_status":"closed","template":"","meta":[],"product_brand":[],"product_cat":[239],"product_tag":[206,186,235,205,220,234,225,208,217,218],"giftcard-category":[],"class_list":{"0":"post-5773","1":"product","2":"type-product","3":"status-publish","4":"has-post-thumbnail","6":"product_cat-naravne-surovine","7":"product_tag-hrast","8":"product_tag-kostanj","9":"product_tag-lesa","10":"product_tag-material-sl","11":"product_tag-obnovljena-sl","12":"product_tag-oreh","13":"product_tag-smreka","14":"product_tag-star","15":"product_tag-surov","16":"product_tag-surovina","17":"pa_wood_species-hrast","18":"pa_wood_species-stari-hrast","19":"pa_wood_species-smreka","20":"pa_wood_species-kostanj","22":"first","23":"outofstock","24":"sold-individually","25":"taxable","26":"shipping-taxable","27":"purchasable","28":"product-type-simple"},"yoast_head":"<!-- This site is optimized with the Yoast SEO plugin v27.0 - https:\/\/yoast.com\/product\/yoast-seo-wordpress\/ -->\n<title>Surovine iz naravnega starega lesa - LUX LES Dom Dekor<\/title>\n<meta name=\"description\" content=\"Lux Les Dom Dekor je neposredni dobavitelj avtenti\u010dnih recikliranih lesnih materialov.\" \/>\n<meta name=\"robots\" content=\"index, follow, max-snippet:-1, max-image-preview:large, max-video-preview:-1\" \/>\n<link rel=\"canonical\" href=\"https:\/\/luxles.si\/sl\/izdelek\/surovine-iz-naravnega-starega-lesa\/\" \/>\n<meta property=\"og:locale\" content=\"sl_SI\" \/>\n<meta property=\"og:type\" content=\"article\" \/>\n<meta property=\"og:title\" content=\"Surovine iz naravnega starega lesa - LUX LES Dom Dekor\" \/>\n<meta property=\"og:description\" content=\"Lux Les Dom Dekor je neposredni dobavitelj avtenti\u010dnih recikliranih lesnih materialov.\" \/>\n<meta property=\"og:url\" content=\"https:\/\/luxles.si\/sl\/izdelek\/surovine-iz-naravnega-starega-lesa\/\" \/>\n<meta property=\"og:site_name\" content=\"LUX LES Dom Dekor\" \/>\n<meta property=\"article:publisher\" content=\"https:\/\/www.facebook.com\/luxlesdomdekor\/\" \/>\n<meta property=\"article:modified_time\" content=\"2022-01-11T09:29:08+00:00\" \/>\n<meta property=\"og:image\" content=\"https:\/\/luxles.si\/wp-content\/uploads\/2021\/03\/IMG_2363-2-min.jpg\" \/>\n\t<meta property=\"og:image:width\" content=\"1200\" \/>\n\t<meta property=\"og:image:height\" content=\"800\" \/>\n\t<meta property=\"og:image:type\" content=\"image\/jpeg\" \/>\n<meta name=\"twitter:card\" content=\"summary_large_image\" \/>\n<meta name=\"twitter:label1\" content=\"Est. reading time\" \/>\n\t<meta name=\"twitter:data1\" content=\"1 minuta\" \/>\n<script type=\"application\/ld+json\" class=\"yoast-schema-graph\">{\"@context\":\"https:\/\/schema.org\",\"@graph\":[{\"@type\":\"WebPage\",\"@id\":\"https:\/\/luxles.si\/sl\/izdelek\/surovine-iz-naravnega-starega-lesa\/\",\"url\":\"https:\/\/luxles.si\/sl\/izdelek\/surovine-iz-naravnega-starega-lesa\/\",\"name\":\"Surovine iz naravnega starega lesa - LUX LES Dom Dekor\",\"isPartOf\":{\"@id\":\"https:\/\/luxles.si\/sl\/#website\"},\"primaryImageOfPage\":{\"@id\":\"https:\/\/luxles.si\/sl\/izdelek\/surovine-iz-naravnega-starega-lesa\/#primaryimage\"},\"image\":{\"@id\":\"https:\/\/luxles.si\/sl\/izdelek\/surovine-iz-naravnega-starega-lesa\/#primaryimage\"},\"thumbnailUrl\":\"https:\/\/luxles.si\/wp-content\/uploads\/2021\/03\/IMG_2363-2-min.jpg\",\"datePublished\":\"2021-03-22T11:52:45+00:00\",\"dateModified\":\"2022-01-11T09:29:08+00:00\",\"description\":\"Lux Les Dom Dekor je neposredni dobavitelj avtenti\u010dnih recikliranih lesnih materialov.\",\"breadcrumb\":{\"@id\":\"https:\/\/luxles.si\/sl\/izdelek\/surovine-iz-naravnega-starega-lesa\/#breadcrumb\"},\"inLanguage\":\"sl-SI\",\"potentialAction\":[{\"@type\":\"ReadAction\",\"target\":[\"https:\/\/luxles.si\/sl\/izdelek\/surovine-iz-naravnega-starega-lesa\/\"]}]},{\"@type\":\"ImageObject\",\"inLanguage\":\"sl-SI\",\"@id\":\"https:\/\/luxles.si\/sl\/izdelek\/surovine-iz-naravnega-starega-lesa\/#primaryimage\",\"url\":\"https:\/\/luxles.si\/wp-content\/uploads\/2021\/03\/IMG_2363-2-min.jpg\",\"contentUrl\":\"https:\/\/luxles.si\/wp-content\/uploads\/2021\/03\/IMG_2363-2-min.jpg\",\"width\":1200,\"height\":800},{\"@type\":\"BreadcrumbList\",\"@id\":\"https:\/\/luxles.si\/sl\/izdelek\/surovine-iz-naravnega-starega-lesa\/#breadcrumb\",\"itemListElement\":[{\"@type\":\"ListItem\",\"position\":1,\"name\":\"Domov\",\"item\":\"https:\/\/luxles.si\/sl\/\"},{\"@type\":\"ListItem\",\"position\":2,\"name\":\"Trgovina\",\"item\":\"https:\/\/luxles.si\/sl\/shop\/\"},{\"@type\":\"ListItem\",\"position\":3,\"name\":\"Surovine iz naravnega starega lesa\"}]},{\"@type\":\"WebSite\",\"@id\":\"https:\/\/luxles.si\/sl\/#website\",\"url\":\"https:\/\/luxles.si\/sl\/\",\"name\":\"LUX LES Dom Dekor\",\"description\":\"\",\"publisher\":{\"@id\":\"https:\/\/luxles.si\/sl\/#organization\"},\"potentialAction\":[{\"@type\":\"SearchAction\",\"target\":{\"@type\":\"EntryPoint\",\"urlTemplate\":\"https:\/\/luxles.si\/sl\/?s={search_term_string}\"},\"query-input\":{\"@type\":\"PropertyValueSpecification\",\"valueRequired\":true,\"valueName\":\"search_term_string\"}}],\"inLanguage\":\"sl-SI\"},{\"@type\":\"Organization\",\"@id\":\"https:\/\/luxles.si\/sl\/#organization\",\"name\":\"LUX LES Dom Dekor\",\"url\":\"https:\/\/luxles.si\/sl\/\",\"logo\":{\"@type\":\"ImageObject\",\"inLanguage\":\"sl-SI\",\"@id\":\"https:\/\/luxles.si\/sl\/#\/schema\/logo\/image\/\",\"url\":\"https:\/\/luxles.si\/wp-content\/uploads\/2020\/07\/logo.png\",\"contentUrl\":\"https:\/\/luxles.si\/wp-content\/uploads\/2020\/07\/logo.png\",\"width\":245,\"height\":70,\"caption\":\"LUX LES Dom Dekor\"},\"image\":{\"@id\":\"https:\/\/luxles.si\/sl\/#\/schema\/logo\/image\/\"},\"sameAs\":[\"https:\/\/www.facebook.com\/luxlesdomdekor\/\",\"https:\/\/www.instagram.com\/luxlesdomdekor\"]}]}<\/script>\n<!-- \/ Yoast SEO plugin. -->","yoast_head_json":{"title":"Surovine iz naravnega starega lesa - LUX LES Dom Dekor","description":"Lux Les Dom Dekor je neposredni dobavitelj avtenti\u010dnih recikliranih lesnih materialov.","robots":{"index":"index","follow":"follow","max-snippet":"max-snippet:-1","max-image-preview":"max-image-preview:large","max-video-preview":"max-video-preview:-1"},"canonical":"https:\/\/luxles.si\/sl\/izdelek\/surovine-iz-naravnega-starega-lesa\/","og_locale":"sl_SI","og_type":"article","og_title":"Surovine iz naravnega starega lesa - LUX LES Dom Dekor","og_description":"Lux Les Dom Dekor je neposredni dobavitelj avtenti\u010dnih recikliranih lesnih materialov.","og_url":"https:\/\/luxles.si\/sl\/izdelek\/surovine-iz-naravnega-starega-lesa\/","og_site_name":"LUX LES Dom Dekor","article_publisher":"https:\/\/www.facebook.com\/luxlesdomdekor\/","article_modified_time":"2022-01-11T09:29:08+00:00","og_image":[{"width":1200,"height":800,"url":"https:\/\/luxles.si\/wp-content\/uploads\/2021\/03\/IMG_2363-2-min.jpg","type":"image\/jpeg"}],"twitter_card":"summary_large_image","twitter_misc":{"Est. reading time":"1 minuta"},"schema":{"@context":"https:\/\/schema.org","@graph":[{"@type":"WebPage","@id":"https:\/\/luxles.si\/sl\/izdelek\/surovine-iz-naravnega-starega-lesa\/","url":"https:\/\/luxles.si\/sl\/izdelek\/surovine-iz-naravnega-starega-lesa\/","name":"Surovine iz naravnega starega lesa - LUX LES Dom Dekor","isPartOf":{"@id":"https:\/\/luxles.si\/sl\/#website"},"primaryImageOfPage":{"@id":"https:\/\/luxles.si\/sl\/izdelek\/surovine-iz-naravnega-starega-lesa\/#primaryimage"},"image":{"@id":"https:\/\/luxles.si\/sl\/izdelek\/surovine-iz-naravnega-starega-lesa\/#primaryimage"},"thumbnailUrl":"https:\/\/luxles.si\/wp-content\/uploads\/2021\/03\/IMG_2363-2-min.jpg","datePublished":"2021-03-22T11:52:45+00:00","dateModified":"2022-01-11T09:29:08+00:00","description":"Lux Les Dom Dekor je neposredni dobavitelj avtenti\u010dnih recikliranih lesnih materialov.","breadcrumb":{"@id":"https:\/\/luxles.si\/sl\/izdelek\/surovine-iz-naravnega-starega-lesa\/#breadcrumb"},"inLanguage":"sl-SI","potentialAction":[{"@type":"ReadAction","target":["https:\/\/luxles.si\/sl\/izdelek\/surovine-iz-naravnega-starega-lesa\/"]}]},{"@type":"ImageObject","inLanguage":"sl-SI","@id":"https:\/\/luxles.si\/sl\/izdelek\/surovine-iz-naravnega-starega-lesa\/#primaryimage","url":"https:\/\/luxles.si\/wp-content\/uploads\/2021\/03\/IMG_2363-2-min.jpg","contentUrl":"https:\/\/luxles.si\/wp-content\/uploads\/2021\/03\/IMG_2363-2-min.jpg","width":1200,"height":800},{"@type":"BreadcrumbList","@id":"https:\/\/luxles.si\/sl\/izdelek\/surovine-iz-naravnega-starega-lesa\/#breadcrumb","itemListElement":[{"@type":"ListItem","position":1,"name":"Domov","item":"https:\/\/luxles.si\/sl\/"},{"@type":"ListItem","position":2,"name":"Trgovina","item":"https:\/\/luxles.si\/sl\/shop\/"},{"@type":"ListItem","position":3,"name":"Surovine iz naravnega starega lesa"}]},{"@type":"WebSite","@id":"https:\/\/luxles.si\/sl\/#website","url":"https:\/\/luxles.si\/sl\/","name":"LUX LES Dom Dekor","description":"","publisher":{"@id":"https:\/\/luxles.si\/sl\/#organization"},"potentialAction":[{"@type":"SearchAction","target":{"@type":"EntryPoint","urlTemplate":"https:\/\/luxles.si\/sl\/?s={search_term_string}"},"query-input":{"@type":"PropertyValueSpecification","valueRequired":true,"valueName":"search_term_string"}}],"inLanguage":"sl-SI"},{"@type":"Organization","@id":"https:\/\/luxles.si\/sl\/#organization","name":"LUX LES Dom Dekor","url":"https:\/\/luxles.si\/sl\/","logo":{"@type":"ImageObject","inLanguage":"sl-SI","@id":"https:\/\/luxles.si\/sl\/#\/schema\/logo\/image\/","url":"https:\/\/luxles.si\/wp-content\/uploads\/2020\/07\/logo.png","contentUrl":"https:\/\/luxles.si\/wp-content\/uploads\/2020\/07\/logo.png","width":245,"height":70,"caption":"LUX LES Dom Dekor"},"image":{"@id":"https:\/\/luxles.si\/sl\/#\/schema\/logo\/image\/"},"sameAs":["https:\/\/www.facebook.com\/luxlesdomdekor\/","https:\/\/www.instagram.com\/luxlesdomdekor"]}]}},"_links":{"self":[{"href":"https:\/\/luxles.si\/sl\/wp-json\/wp\/v2\/product\/5773","targetHints":{"allow":["GET"]}}],"collection":[{"href":"https:\/\/luxles.si\/sl\/wp-json\/wp\/v2\/product"}],"about":[{"href":"https:\/\/luxles.si\/sl\/wp-json\/wp\/v2\/types\/product"}],"replies":[{"embeddable":true,"href":"https:\/\/luxles.si\/sl\/wp-json\/wp\/v2\/comments?post=5773"}],"wp:featuredmedia":[{"embeddable":true,"href":"https:\/\/luxles.si\/sl\/wp-json\/wp\/v2\/media\/5774"}],"wp:attachment":[{"href":"https:\/\/luxles.si\/sl\/wp-json\/wp\/v2\/media?parent=5773"}],"wp:term":[{"taxonomy":"product_brand","embeddable":true,"href":"https:\/\/luxles.si\/sl\/wp-json\/wp\/v2\/product_brand?post=5773"},{"taxonomy":"product_cat","embeddable":true,"href":"https:\/\/luxles.si\/sl\/wp-json\/wp\/v2\/product_cat?post=5773"},{"taxonomy":"product_tag","embeddable":true,"href":"https:\/\/luxles.si\/sl\/wp-json\/wp\/v2\/product_tag?post=5773"},{"taxonomy":"giftcard-category","embeddable":true,"href":"https:\/\/luxles.si\/sl\/wp-json\/wp\/v2\/giftcard-category?post=5773"}],"curies":[{"name":"wp","href":"https:\/\/api.w.org\/{rel}","templated":true}]}}