{"id":8545,"date":"2023-06-16T09:51:14","date_gmt":"2023-06-16T07:51:14","guid":{"rendered":"https:\/\/luxles.si\/share-cart\/"},"modified":"2023-08-22T07:57:52","modified_gmt":"2023-08-22T05:57:52","slug":"share-cart","status":"publish","type":"page","link":"https:\/\/luxles.si\/sl\/share-cart\/","title":{"rendered":"Deli Ko\u0161ara"},"content":{"rendered":"\n","protected":false},"excerpt":{"rendered":"","protected":false},"author":1,"featured_media":0,"parent":0,"menu_order":0,"comment_status":"closed","ping_status":"closed","template":"","meta":{"footnotes":""},"class_list":["post-8545","page","type-page","status-publish","hentry"],"yoast_head":"<!-- This site is optimized with the Yoast SEO plugin v27.0 - https:\/\/yoast.com\/product\/yoast-seo-wordpress\/ -->\n<title>Deli Ko\u0161ara - LUX LES Dom Dekor<\/title>\n<meta name=\"description\" content=\"&quot;Deli Ko\u0161ara&quot; je stran za shranjevanje, deljenje, zamenjavo in obnavljanje vozi\u010dka preko samodejno generirane povezave z drugimi uporabniki ali preko dru\u017ebenih omre\u017eij.\" \/>\n<meta name=\"robots\" content=\"index, follow, max-snippet:-1, max-image-preview:large, max-video-preview:-1\" \/>\n<link rel=\"canonical\" href=\"https:\/\/luxles.si\/sl\/share-cart\/\" \/>\n<meta property=\"og:locale\" content=\"sl_SI\" \/>\n<meta property=\"og:type\" content=\"article\" \/>\n<meta property=\"og:title\" content=\"Deli Ko\u0161ara - LUX LES Dom Dekor\" \/>\n<meta property=\"og:description\" content=\"&quot;Deli Ko\u0161ara&quot; je stran za shranjevanje, deljenje, zamenjavo in obnavljanje vozi\u010dka preko samodejno generirane povezave z drugimi uporabniki ali preko dru\u017ebenih omre\u017eij.\" \/>\n<meta property=\"og:url\" content=\"https:\/\/luxles.si\/sl\/share-cart\/\" \/>\n<meta property=\"og:site_name\" content=\"LUX LES Dom Dekor\" \/>\n<meta property=\"article:publisher\" content=\"https:\/\/www.facebook.com\/luxlesdomdekor\/\" \/>\n<meta property=\"article:modified_time\" content=\"2023-08-22T05:57:52+00:00\" \/>\n<meta property=\"og:image\" content=\"https:\/\/luxles.si\/wp-content\/uploads\/2020\/10\/for_letter4_2.jpg\" \/>\n\t<meta property=\"og:image:width\" content=\"200\" \/>\n\t<meta property=\"og:image:height\" content=\"200\" \/>\n\t<meta property=\"og:image:type\" content=\"image\/jpeg\" \/>\n<meta name=\"twitter:card\" content=\"summary_large_image\" \/>\n<script type=\"application\/ld+json\" class=\"yoast-schema-graph\">{\"@context\":\"https:\/\/schema.org\",\"@graph\":[{\"@type\":\"WebPage\",\"@id\":\"https:\/\/luxles.si\/sl\/share-cart\/\",\"url\":\"https:\/\/luxles.si\/sl\/share-cart\/\",\"name\":\"Deli Ko\u0161ara - LUX LES Dom Dekor\",\"isPartOf\":{\"@id\":\"https:\/\/luxles.si\/sl\/#website\"},\"datePublished\":\"2023-06-16T07:51:14+00:00\",\"dateModified\":\"2023-08-22T05:57:52+00:00\",\"description\":\"\\\"Deli Ko\u0161ara\\\" je stran za shranjevanje, deljenje, zamenjavo in obnavljanje vozi\u010dka preko samodejno generirane povezave z drugimi uporabniki ali preko dru\u017ebenih omre\u017eij.\",\"breadcrumb\":{\"@id\":\"https:\/\/luxles.si\/sl\/share-cart\/#breadcrumb\"},\"inLanguage\":\"sl-SI\",\"potentialAction\":[{\"@type\":\"ReadAction\",\"target\":[\"https:\/\/luxles.si\/sl\/share-cart\/\"]}]},{\"@type\":\"BreadcrumbList\",\"@id\":\"https:\/\/luxles.si\/sl\/share-cart\/#breadcrumb\",\"itemListElement\":[{\"@type\":\"ListItem\",\"position\":1,\"name\":\"Domov\",\"item\":\"https:\/\/luxles.si\/sl\/\"},{\"@type\":\"ListItem\",\"position\":2,\"name\":\"Deli Ko\u0161ara\"}]},{\"@type\":\"WebSite\",\"@id\":\"https:\/\/luxles.si\/sl\/#website\",\"url\":\"https:\/\/luxles.si\/sl\/\",\"name\":\"LUX LES Dom Dekor\",\"description\":\"\",\"publisher\":{\"@id\":\"https:\/\/luxles.si\/sl\/#organization\"},\"potentialAction\":[{\"@type\":\"SearchAction\",\"target\":{\"@type\":\"EntryPoint\",\"urlTemplate\":\"https:\/\/luxles.si\/sl\/?s={search_term_string}\"},\"query-input\":{\"@type\":\"PropertyValueSpecification\",\"valueRequired\":true,\"valueName\":\"search_term_string\"}}],\"inLanguage\":\"sl-SI\"},{\"@type\":\"Organization\",\"@id\":\"https:\/\/luxles.si\/sl\/#organization\",\"name\":\"LUX LES Dom Dekor\",\"url\":\"https:\/\/luxles.si\/sl\/\",\"logo\":{\"@type\":\"ImageObject\",\"inLanguage\":\"sl-SI\",\"@id\":\"https:\/\/luxles.si\/sl\/#\/schema\/logo\/image\/\",\"url\":\"https:\/\/luxles.si\/wp-content\/uploads\/2020\/07\/logo.png\",\"contentUrl\":\"https:\/\/luxles.si\/wp-content\/uploads\/2020\/07\/logo.png\",\"width\":245,\"height\":70,\"caption\":\"LUX LES Dom Dekor\"},\"image\":{\"@id\":\"https:\/\/luxles.si\/sl\/#\/schema\/logo\/image\/\"},\"sameAs\":[\"https:\/\/www.facebook.com\/luxlesdomdekor\/\",\"https:\/\/www.instagram.com\/luxlesdomdekor\"]}]}<\/script>\n<!-- \/ Yoast SEO plugin. -->","yoast_head_json":{"title":"Deli Ko\u0161ara - LUX LES Dom Dekor","description":"\"Deli Ko\u0161ara\" je stran za shranjevanje, deljenje, zamenjavo in obnavljanje vozi\u010dka preko samodejno generirane povezave z drugimi uporabniki ali preko dru\u017ebenih omre\u017eij.","robots":{"index":"index","follow":"follow","max-snippet":"max-snippet:-1","max-image-preview":"max-image-preview:large","max-video-preview":"max-video-preview:-1"},"canonical":"https:\/\/luxles.si\/sl\/share-cart\/","og_locale":"sl_SI","og_type":"article","og_title":"Deli Ko\u0161ara - LUX LES Dom Dekor","og_description":"\"Deli Ko\u0161ara\" je stran za shranjevanje, deljenje, zamenjavo in obnavljanje vozi\u010dka preko samodejno generirane povezave z drugimi uporabniki ali preko dru\u017ebenih omre\u017eij.","og_url":"https:\/\/luxles.si\/sl\/share-cart\/","og_site_name":"LUX LES Dom Dekor","article_publisher":"https:\/\/www.facebook.com\/luxlesdomdekor\/","article_modified_time":"2023-08-22T05:57:52+00:00","og_image":[{"width":200,"height":200,"url":"https:\/\/luxles.si\/wp-content\/uploads\/2020\/10\/for_letter4_2.jpg","type":"image\/jpeg"}],"twitter_card":"summary_large_image","schema":{"@context":"https:\/\/schema.org","@graph":[{"@type":"WebPage","@id":"https:\/\/luxles.si\/sl\/share-cart\/","url":"https:\/\/luxles.si\/sl\/share-cart\/","name":"Deli Ko\u0161ara - LUX LES Dom Dekor","isPartOf":{"@id":"https:\/\/luxles.si\/sl\/#website"},"datePublished":"2023-06-16T07:51:14+00:00","dateModified":"2023-08-22T05:57:52+00:00","description":"\"Deli Ko\u0161ara\" je stran za shranjevanje, deljenje, zamenjavo in obnavljanje vozi\u010dka preko samodejno generirane povezave z drugimi uporabniki ali preko dru\u017ebenih omre\u017eij.","breadcrumb":{"@id":"https:\/\/luxles.si\/sl\/share-cart\/#breadcrumb"},"inLanguage":"sl-SI","potentialAction":[{"@type":"ReadAction","target":["https:\/\/luxles.si\/sl\/share-cart\/"]}]},{"@type":"BreadcrumbList","@id":"https:\/\/luxles.si\/sl\/share-cart\/#breadcrumb","itemListElement":[{"@type":"ListItem","position":1,"name":"Domov","item":"https:\/\/luxles.si\/sl\/"},{"@type":"ListItem","position":2,"name":"Deli Ko\u0161ara"}]},{"@type":"WebSite","@id":"https:\/\/luxles.si\/sl\/#website","url":"https:\/\/luxles.si\/sl\/","name":"LUX LES Dom Dekor","description":"","publisher":{"@id":"https:\/\/luxles.si\/sl\/#organization"},"potentialAction":[{"@type":"SearchAction","target":{"@type":"EntryPoint","urlTemplate":"https:\/\/luxles.si\/sl\/?s={search_term_string}"},"query-input":{"@type":"PropertyValueSpecification","valueRequired":true,"valueName":"search_term_string"}}],"inLanguage":"sl-SI"},{"@type":"Organization","@id":"https:\/\/luxles.si\/sl\/#organization","name":"LUX LES Dom Dekor","url":"https:\/\/luxles.si\/sl\/","logo":{"@type":"ImageObject","inLanguage":"sl-SI","@id":"https:\/\/luxles.si\/sl\/#\/schema\/logo\/image\/","url":"https:\/\/luxles.si\/wp-content\/uploads\/2020\/07\/logo.png","contentUrl":"https:\/\/luxles.si\/wp-content\/uploads\/2020\/07\/logo.png","width":245,"height":70,"caption":"LUX LES Dom Dekor"},"image":{"@id":"https:\/\/luxles.si\/sl\/#\/schema\/logo\/image\/"},"sameAs":["https:\/\/www.facebook.com\/luxlesdomdekor\/","https:\/\/www.instagram.com\/luxlesdomdekor"]}]}},"_links":{"self":[{"href":"https:\/\/luxles.si\/sl\/wp-json\/wp\/v2\/pages\/8545","targetHints":{"allow":["GET"]}}],"collection":[{"href":"https:\/\/luxles.si\/sl\/wp-json\/wp\/v2\/pages"}],"about":[{"href":"https:\/\/luxles.si\/sl\/wp-json\/wp\/v2\/types\/page"}],"author":[{"embeddable":true,"href":"https:\/\/luxles.si\/sl\/wp-json\/wp\/v2\/users\/1"}],"replies":[{"embeddable":true,"href":"https:\/\/luxles.si\/sl\/wp-json\/wp\/v2\/comments?post=8545"}],"version-history":[{"count":2,"href":"https:\/\/luxles.si\/sl\/wp-json\/wp\/v2\/pages\/8545\/revisions"}],"predecessor-version":[{"id":8619,"href":"https:\/\/luxles.si\/sl\/wp-json\/wp\/v2\/pages\/8545\/revisions\/8619"}],"wp:attachment":[{"href":"https:\/\/luxles.si\/sl\/wp-json\/wp\/v2\/media?parent=8545"}],"curies":[{"name":"wp","href":"https:\/\/api.w.org\/{rel}","templated":true}]}}