{"id":6801,"date":"2022-03-20T16:06:03","date_gmt":"2022-03-20T15:06:03","guid":{"rendered":"https:\/\/luxles.si\/?page_id=6801"},"modified":"2025-09-29T12:51:03","modified_gmt":"2025-09-29T10:51:03","slug":"posiljanje-in-placilo","status":"publish","type":"page","link":"https:\/\/luxles.si\/sl\/posiljanje-in-placilo\/","title":{"rendered":"PO\u0160ILJANJE in PLA\u010cILO"},"content":{"rendered":"\t\t<div data-elementor-type=\"wp-page\" data-elementor-id=\"6801\" class=\"elementor elementor-6801 elementor-6800\">\n\t\t\t\t\t\t<section class=\"elementor-section elementor-top-section elementor-element elementor-element-fc7ab62 elementor-section-boxed elementor-section-height-default elementor-section-height-default\" data-id=\"fc7ab62\" data-element_type=\"section\" data-e-type=\"section\">\n\t\t\t\t\t\t<div class=\"elementor-container elementor-column-gap-default\">\n\t\t\t\t\t<div class=\"elementor-column elementor-col-100 elementor-top-column elementor-element elementor-element-4d207f6\" data-id=\"4d207f6\" data-element_type=\"column\" data-e-type=\"column\">\n\t\t\t<div class=\"elementor-widget-wrap elementor-element-populated\">\n\t\t\t\t\t\t<div class=\"elementor-element elementor-element-215b700 elementor-widget elementor-widget-text-editor\" data-id=\"215b700\" data-element_type=\"widget\" data-e-type=\"widget\" data-widget_type=\"text-editor.default\">\n\t\t\t\t<div class=\"elementor-widget-container\">\n\t\t\t\t\t\t\t\t\t<p><strong>PO\u0160ILJANJE in PLA\u010cILO<\/strong><\/p>\t\t\t\t\t\t\t\t<\/div>\n\t\t\t\t<\/div>\n\t\t\t\t\t<\/div>\n\t\t<\/div>\n\t\t\t\t\t<\/div>\n\t\t<\/section>\n\t\t\t\t<section class=\"elementor-section elementor-top-section elementor-element elementor-element-1fcd542 elementor-section-boxed elementor-section-height-default elementor-section-height-default\" data-id=\"1fcd542\" data-element_type=\"section\" data-e-type=\"section\">\n\t\t\t\t\t\t<div class=\"elementor-container elementor-column-gap-default\">\n\t\t\t\t\t<div class=\"elementor-column elementor-col-100 elementor-top-column elementor-element elementor-element-fbfe4b5\" data-id=\"fbfe4b5\" data-element_type=\"column\" data-e-type=\"column\">\n\t\t\t<div class=\"elementor-widget-wrap elementor-element-populated\">\n\t\t\t\t\t\t<div class=\"elementor-element elementor-element-6af8d01 elementor-widget elementor-widget-text-editor\" data-id=\"6af8d01\" data-element_type=\"widget\" data-e-type=\"widget\" data-widget_type=\"text-editor.default\">\n\t\t\t\t<div class=\"elementor-widget-container\">\n\t\t\t\t\t\t\t\t\t<p><strong>Nakupovanje v na\u0161i spletni trgovini je na voljo za podjetja in posameznike<\/strong>. \u010ce kupujete kot podjetje, ob nakupu vnesite podatke o va\u0161em podjetju (ime pravne osebe in Dav\u010dna \u0161tevilko (DDV)). Po nakupu boste samodejno prejeli ra\u010dun po elektronski po\u0161ti. Vnesena Dav\u010dna \u0161tevilka (DDV) iz EU bo samodejno preverjen prek <strong><a href=\"https:\/\/ec.europa.eu\/taxation_customs\/vies\/?locale=en\" target=\"_blank\" rel=\"noopener\">VIES<\/a><\/strong> v realnem \u010dasu ob nakupu.<\/p>\t\t\t\t\t\t\t\t<\/div>\n\t\t\t\t<\/div>\n\t\t\t\t\t<\/div>\n\t\t<\/div>\n\t\t\t\t\t<\/div>\n\t\t<\/section>\n\t\t\t\t<section class=\"elementor-section elementor-top-section elementor-element elementor-element-97a690c elementor-section-boxed elementor-section-height-default elementor-section-height-default\" data-id=\"97a690c\" data-element_type=\"section\" data-e-type=\"section\">\n\t\t\t\t\t\t<div class=\"elementor-container elementor-column-gap-default\">\n\t\t\t\t\t<div class=\"elementor-column elementor-col-100 elementor-top-column elementor-element elementor-element-dc31baf\" data-id=\"dc31baf\" data-element_type=\"column\" data-e-type=\"column\">\n\t\t\t<div class=\"elementor-widget-wrap elementor-element-populated\">\n\t\t\t\t\t\t<div class=\"elementor-element elementor-element-a78b920 elementor-widget elementor-widget-text-editor\" data-id=\"a78b920\" data-element_type=\"widget\" data-e-type=\"widget\" data-widget_type=\"text-editor.default\">\n\t\t\t\t<div class=\"elementor-widget-container\">\n\t\t\t\t\t\t\t\t\t<p><strong>Po\u0161iljanje. <\/strong><\/p><p>Naro\u010deno blago lahko prevzamete osebno na lokaciji na\u0161e trgovine ali pa vam ga dostavimo mi. Blago dostavimo na naslov, ki ga navedete v svojem uporabni\u0161kem ra\u010dunu, ko oddate naro\u010dilo, ali pa nam ga posredujete na drug na\u010din. Naro\u010deno blago po\u0161iljamo preko Po\u0161te Slovenije. LUX LES Dom-Dekor nosi stro\u0161ke zavarovanja, \u010de kupec izbere \u00bbDostava na podlagi te\u017ee + zavarovanje (CIP)\u00ab, INCOTERMS 2020 CIP. Kupec je nosi stro\u0161ke zavarovanja, \u010de izbere \u00bbDostava na podlagi te\u017ee (CPT)\u00ab, INCOTERMS 2020 CPT.<\/p>\t\t\t\t\t\t\t\t<\/div>\n\t\t\t\t<\/div>\n\t\t\t\t<div class=\"elementor-element elementor-element-42dce94 elementor-widget elementor-widget-text-editor\" data-id=\"42dce94\" data-element_type=\"widget\" data-e-type=\"widget\" data-widget_type=\"text-editor.default\">\n\t\t\t\t<div class=\"elementor-widget-container\">\n\t\t\t\t\t\t\t\t\t<p><strong>Stro\u0161ki po\u0161iljanja. <\/strong>Stro\u0161ke po\u0161iljanja dolo\u010dimo v na\u0161i spletni trgovini na straneh \u00bbKo\u0161arica\u00ab ali \u00bbNa blagajno\u00ab. Stro\u0161ki dostave so odvisni od te\u017ee naro\u010denega blaga in njegovega zavarovanja ob dostavi.<\/p>\t\t\t\t\t\t\t\t<\/div>\n\t\t\t\t<\/div>\n\t\t\t\t<div class=\"elementor-element elementor-element-9c7607a elementor-widget elementor-widget-text-editor\" data-id=\"9c7607a\" data-element_type=\"widget\" data-e-type=\"widget\" data-widget_type=\"text-editor.default\">\n\t\t\t\t<div class=\"elementor-widget-container\">\n\t\t\t\t\t\t\t\t\t<p><strong>Lokalni prevzem: <\/strong>Cesta bratstva in enotnosti 039, 8330 Metlika, Slovenija.<\/p>\t\t\t\t\t\t\t\t<\/div>\n\t\t\t\t<\/div>\n\t\t\t\t<div class=\"elementor-element elementor-element-0225483 elementor-widget elementor-widget-text-editor\" data-id=\"0225483\" data-element_type=\"widget\" data-e-type=\"widget\" data-widget_type=\"text-editor.default\">\n\t\t\t\t<div class=\"elementor-widget-container\">\n\t\t\t\t\t\t\t\t\t<p><strong>Rok po\u0161iljanja. <\/strong>Blago, naro\u010deno v na\u0161i spletni trgovini, bo odposlano v roku, navedenem v opisu izdelka.<\/p>\t\t\t\t\t\t\t\t<\/div>\n\t\t\t\t<\/div>\n\t\t\t\t<div class=\"elementor-element elementor-element-8be9149 elementor-widget elementor-widget-text-editor\" data-id=\"8be9149\" data-element_type=\"widget\" data-e-type=\"widget\" data-widget_type=\"text-editor.default\">\n\t\t\t\t<div class=\"elementor-widget-container\">\n\t\t\t\t\t\t\t\t\t<p><a href=\"https:\/\/luxles.si\/sl\/pogoji\/\" target=\"_blank\" rel=\"noopener\"><strong>Za ve\u010d podrobnosti preberite na\u0161e pogoje.<\/strong><\/a><\/p>\t\t\t\t\t\t\t\t<\/div>\n\t\t\t\t<\/div>\n\t\t\t\t\t<\/div>\n\t\t<\/div>\n\t\t\t\t\t<\/div>\n\t\t<\/section>\n\t\t\t\t<section class=\"elementor-section elementor-top-section elementor-element elementor-element-02c938a elementor-section-boxed elementor-section-height-default elementor-section-height-default\" data-id=\"02c938a\" data-element_type=\"section\" data-e-type=\"section\">\n\t\t\t\t\t\t<div class=\"elementor-container elementor-column-gap-default\">\n\t\t\t\t\t<div class=\"elementor-column elementor-col-100 elementor-top-column elementor-element elementor-element-d6e8685\" data-id=\"d6e8685\" data-element_type=\"column\" data-e-type=\"column\">\n\t\t\t<div class=\"elementor-widget-wrap elementor-element-populated\">\n\t\t\t\t\t\t<div class=\"elementor-element elementor-element-e5a7dd4 elementor-widget elementor-widget-text-editor\" data-id=\"e5a7dd4\" data-element_type=\"widget\" data-e-type=\"widget\" data-widget_type=\"text-editor.default\">\n\t\t\t\t<div class=\"elementor-widget-container\">\n\t\t\t\t\t\t\t\t\t<p><strong>Na\u010dini pla\u010dila. <\/strong><\/p><p>V na\u0161i spletni trgovini LUX LES Dom-Dekor ponujamo \u0161irok nabor na\u010dinov pla\u010dila. Prepri\u010dani smo, da boste na\u0161li pravi na\u010din pla\u010dila za vas, ne glede na to, ali pla\u010dujete v enkratnem znesku ali v mese\u010dnih obrokih.<\/p>\t\t\t\t\t\t\t\t<\/div>\n\t\t\t\t<\/div>\n\t\t\t\t<div class=\"elementor-element elementor-element-f9efded elementor-widget elementor-widget-text-editor\" data-id=\"f9efded\" data-element_type=\"widget\" data-e-type=\"widget\" data-widget_type=\"text-editor.default\">\n\t\t\t\t<div class=\"elementor-widget-container\">\n\t\t\t\t\t\t\t\t\t<ul>\n \t<li><strong>Neposredno ban\u010dno nakazilo.<\/strong> To je pla\u010dilo neposredno na na\u0161 ban\u010dni ra\u010dun preko spletne banke ali ban\u010dne poslovalnice. Vse potrebne podatke za pla\u010dilo boste prejeli v poslanem sporo\u010dilu o potrditvi naro\u010dila ali na predra\u010dunu, ki ga boste prejeli osebno ali po e-po\u0161ti.<\/li>\n \t<li><strong>PayPal. <\/strong>S pla\u010dilno storitvijo PayPal lahko svoje naro\u010dilo pla\u010date enostavno in hitro na spletu. Na koncu naro\u010dila boste samodejno posredovani na PayPal, kjer se lahko prijavite v svoj PayPal ra\u010dun in uredite pla\u010dilo. Nato boste preusmerjeni v na\u0161o trgovino za potrditev nakupa. Status va\u0161ega naro\u010dila bo posodobljen takoj, ko prejmemo va\u0161e pla\u010dilo (obi\u010dajno v nekaj minutah). V primeru vra\u010dila bo denar nakazan na va\u0161 Paypal ra\u010dun. \u010ce \u0161e nimate ra\u010duna PayPal, se lahko registrirate pri PayPal med postopkom pla\u010dila.<\/li>\n \t<li><strong>Ban\u010dna kartica.<\/strong> Stranka pla\u010da kupnino neposredno na koncu nakupnega postopka z veljavno kreditno ali debetno kartico. <strong>Upo\u0161tevajte, da podatkov va\u0161e ban\u010dne kartice ne shranjujemo.<\/strong><\/li>\n \t<li><strong>Buy now, pay later. <\/strong>V sodelovanju s Klarna Bank AB (publ), \u0160vedska, vam ponujamo storitev \u00bbBuy Now, Pay Later\u00ab. Storitev \u00bbBuy Now, Pay Later\u00ab Klarna Bank AB (publ), \u0160vedska, je na voljo za vsak na\u0161 izdelek za na\u0161e stranke iz <strong>Finske, Belgije, Nem\u010dije, Avstrije, Nizozemske, \u0160panije in Italije<\/strong>. Storitev \u00bbBuy Now, Pay Later\u00ab je na voljo le v primeru pozitivne bonitete. Za to v postopku naro\u010dila in obdelave va\u0161ega nakupa mi predavamo va\u0161e podatke za naslov in preverjanje kreditne sposobnosti v Klarna. Ponudimo vam lahko samo razpolo\u017eljive na\u010dine pla\u010dila na podlagi rezultatov va\u0161ega kreditnega pregleda. Splo\u0161ne informacije o Klarna in pogoji uporabe za vsako dr\u017eavo so na voljo na <strong><a href=\"https:\/\/www.klarna.com\/\" target=\"_blank\" rel=\"noopener\">klarna.com<\/a><\/strong>. Z va\u0161imi osebnimi podatki ravnamo v skladu z veljavno zakonodajo o varstvu podatkov in v skladu z informacijami iz Klarnine izjave o zasebnosti.<!-- <strong><a href=\"https:\/\/luxles.si\/sl\/o-klarna\/\" target=\"_blank\" rel=\"noopener\">Please read \"About Klarna\" for more details<\/a>.<\/strong>--> \u010ce vam ta storitev ni na voljo, vas prosimo, da <strong><a href=\"\/sl\/index.php#slide4\">stopite v stik z nami<\/a><\/strong>.<\/li>\n \t<li><strong>Pla\u010daj polog<\/strong>. Storitev pla\u010dila izdelkov po delih (storitev \u00bbPla\u010daj polog\u00ab) je za vsak na\u0161 izdelek na voljo vsem na\u0161im strankam iz <b>Slovenije<\/b>. Za ve\u010d podrobnosti preberite <strong><a href=\"https:\/\/luxles.si\/sl\/o-pologu\/\" target=\"_blank\" rel=\"noopener\">\u00bbO POLOGU\u00ab<\/a><\/strong>.<\/li>\n \t<li><strong>EPS.<\/strong> EPS na\u0161im strankam iz Avstrije omogo\u010da neposredno pla\u010devanje s spletnimi izpla\u010dili z njihovega ban\u010dnega ra\u010duna. Stranke so preusmerjene na pla\u010dilno stran svoje banke, da se prijavijo in potrdijo pla\u010dila.<\/li>\n \t<li><strong>Przelewy24 (P24). <\/strong>Przelewy24 (P24) na\u0161im strankam iz Poljske omogo\u010da neposredno pla\u010devanje s spletnimi izpla\u010dili z njihovega ban\u010dnega ra\u010duna. Stranke so preusmerjene na pla\u010dilno stran svoje banke, da se prijavijo in potrdijo pla\u010dila.<\/li>\n \t<li><strong>giropay.<\/strong> giropay na\u0161im strankam v Nem\u010diji omogo\u010da neposredno pla\u010devanje s spletnimi izpla\u010dili z njihovega ban\u010dnega ra\u010duna. Stranke so preusmerjene na pla\u010dilno stran svoje banke, da se prijavijo in potrdijo pla\u010dila.<\/li>\n \t<li><strong>Bancontact.<\/strong> Sprejemamo pla\u010dila z Bancontact, najbolj priljubljenim na\u010dinom pla\u010dila v Belgiji. Bancontact je na voljo na\u0161im belgijskim strankam.<\/li>\n \t<li><strong>iDEAL.<\/strong> iDEAL strankam na Nizozemskem omogo\u010da pla\u010devanje neposredno prek spletnih pla\u010dil z njihovega ban\u010dnega ra\u010duna. Stranke so preusmerjene na pla\u010dilno stran svoje banke, da se prijavijo in potrdijo pla\u010dila.<\/li>\n \t<li><strong>Direktna obremenitev SEPA.<\/strong> Z direktno obremenitvijo SEPA lahko stranke v enotnem obmo\u010dju pla\u010dil v eurih (SEPA) pla\u010dujejo z navedbo podatkov o svojem ban\u010dnem ra\u010dunu. Stranke morajo sprejeti pooblastilo, s katerim vas poobla\u0161\u010dajo za obremenitev njihovega ra\u010duna.<\/li>\n<\/ul>\n<!--\n \t<li><strong>SOFORT.<\/strong> Sofort enables customers in Austria, Belgium, Germany, Italy, the Netherlands and Spain to pay directly via online payouts from their bank accounts. Customers are redirected to Sofort's payment page to log in and to approve payments.<\/li>\n-->\t\t\t\t\t\t\t\t<\/div>\n\t\t\t\t<\/div>\n\t\t\t\t<div class=\"elementor-element elementor-element-fe1a21f elementor-widget elementor-widget-text-editor\" data-id=\"fe1a21f\" data-element_type=\"widget\" data-e-type=\"widget\" data-widget_type=\"text-editor.default\">\n\t\t\t\t<div class=\"elementor-widget-container\">\n\t\t\t\t\t\t\t\t\t<p><a href=\"https:\/\/luxles.si\/sl\/pogoji\/\" target=\"_blank\" rel=\"noopener\"><strong>Za ve\u010d podrobnosti preberite na\u0161e pogoje.<\/strong><\/a><\/p>\t\t\t\t\t\t\t\t<\/div>\n\t\t\t\t<\/div>\n\t\t\t\t\t<\/div>\n\t\t<\/div>\n\t\t\t\t\t<\/div>\n\t\t<\/section>\n\t\t\t\t<section class=\"elementor-section elementor-top-section elementor-element elementor-element-134aa6b elementor-section-full_width elementor-section-height-default elementor-section-height-default\" data-id=\"134aa6b\" data-element_type=\"section\" data-e-type=\"section\">\n\t\t\t\t\t\t<div class=\"elementor-container elementor-column-gap-default\">\n\t\t\t\t\t<div class=\"elementor-column elementor-col-100 elementor-top-column elementor-element elementor-element-f01a074\" data-id=\"f01a074\" data-element_type=\"column\" data-e-type=\"column\">\n\t\t\t<div class=\"elementor-widget-wrap elementor-element-populated\">\n\t\t\t\t\t\t\t<\/div>\n\t\t<\/div>\n\t\t\t\t\t<\/div>\n\t\t<\/section>\n\t\t\t\t<\/div>\n\t\t","protected":false},"excerpt":{"rendered":"<p>PO\u0160ILJANJE in PLA\u010cILO Nakupovanje v na\u0161i spletni trgovini je na voljo za podjetja in posameznike. \u010ce kupujete kot podjetje, ob nakupu vnesite podatke o va\u0161em podjetju (ime pravne osebe in Dav\u010dna \u0161tevilko (DDV)). Po nakupu boste samodejno prejeli ra\u010dun po elektronski po\u0161ti. Vnesena Dav\u010dna \u0161tevilka (DDV) iz EU bo samodejno preverjen prek VIES v realnem [&hellip;]<\/p>\n","protected":false},"author":1,"featured_media":0,"parent":0,"menu_order":0,"comment_status":"closed","ping_status":"closed","template":"","meta":{"footnotes":""},"class_list":["post-6801","page","type-page","status-publish","hentry"],"yoast_head":"<!-- This site is optimized with the Yoast SEO plugin v27.0 - https:\/\/yoast.com\/product\/yoast-seo-wordpress\/ -->\n<title>PO\u0160ILJANJE in PLA\u010cILO - LUX LES Dom Dekor<\/title>\n<meta name=\"description\" content=\"Naro\u010deno blago lahko prevzamete osebno na lokaciji na\u0161e trgovine ali pa vam ga dostavimo mi. V na\u0161i spletni trgovini LUX LES Dom-Dekor ponujamo \u0161irok nabor na\u010dinov pla\u010dila.\" \/>\n<meta name=\"robots\" content=\"index, follow, max-snippet:-1, max-image-preview:large, max-video-preview:-1\" \/>\n<link rel=\"canonical\" href=\"https:\/\/luxles.si\/sl\/posiljanje-in-placilo\/\" \/>\n<meta property=\"og:locale\" content=\"sl_SI\" \/>\n<meta property=\"og:type\" content=\"article\" \/>\n<meta property=\"og:title\" content=\"PO\u0160ILJANJE in PLA\u010cILO - LUX LES Dom Dekor\" \/>\n<meta property=\"og:description\" content=\"Naro\u010deno blago lahko prevzamete osebno na lokaciji na\u0161e trgovine ali pa vam ga dostavimo mi. V na\u0161i spletni trgovini LUX LES Dom-Dekor ponujamo \u0161irok nabor na\u010dinov pla\u010dila.\" \/>\n<meta property=\"og:url\" content=\"https:\/\/luxles.si\/sl\/posiljanje-in-placilo\/\" \/>\n<meta property=\"og:site_name\" content=\"LUX LES Dom Dekor\" \/>\n<meta property=\"article:publisher\" content=\"https:\/\/www.facebook.com\/luxlesdomdekor\/\" \/>\n<meta property=\"article:modified_time\" content=\"2025-09-29T10:51:03+00:00\" \/>\n<meta property=\"og:image\" content=\"https:\/\/luxles.si\/wp-content\/uploads\/2020\/10\/for_letter4_2.jpg\" \/>\n\t<meta property=\"og:image:width\" content=\"200\" \/>\n\t<meta property=\"og:image:height\" content=\"200\" \/>\n\t<meta property=\"og:image:type\" content=\"image\/jpeg\" \/>\n<meta name=\"twitter:card\" content=\"summary_large_image\" \/>\n<meta name=\"twitter:label1\" content=\"Est. reading time\" \/>\n\t<meta name=\"twitter:data1\" content=\"4 minute\" \/>\n<script type=\"application\/ld+json\" class=\"yoast-schema-graph\">{\"@context\":\"https:\/\/schema.org\",\"@graph\":[{\"@type\":\"WebPage\",\"@id\":\"https:\/\/luxles.si\/sl\/posiljanje-in-placilo\/\",\"url\":\"https:\/\/luxles.si\/sl\/posiljanje-in-placilo\/\",\"name\":\"PO\u0160ILJANJE in PLA\u010cILO - LUX LES Dom Dekor\",\"isPartOf\":{\"@id\":\"https:\/\/luxles.si\/sl\/#website\"},\"datePublished\":\"2022-03-20T15:06:03+00:00\",\"dateModified\":\"2025-09-29T10:51:03+00:00\",\"description\":\"Naro\u010deno blago lahko prevzamete osebno na lokaciji na\u0161e trgovine ali pa vam ga dostavimo mi. V na\u0161i spletni trgovini LUX LES Dom-Dekor ponujamo \u0161irok nabor na\u010dinov pla\u010dila.\",\"breadcrumb\":{\"@id\":\"https:\/\/luxles.si\/sl\/posiljanje-in-placilo\/#breadcrumb\"},\"inLanguage\":\"sl-SI\",\"potentialAction\":[{\"@type\":\"ReadAction\",\"target\":[\"https:\/\/luxles.si\/sl\/posiljanje-in-placilo\/\"]}]},{\"@type\":\"BreadcrumbList\",\"@id\":\"https:\/\/luxles.si\/sl\/posiljanje-in-placilo\/#breadcrumb\",\"itemListElement\":[{\"@type\":\"ListItem\",\"position\":1,\"name\":\"Domov\",\"item\":\"https:\/\/luxles.si\/sl\/\"},{\"@type\":\"ListItem\",\"position\":2,\"name\":\"PO\u0160ILJANJE in PLA\u010cILO\"}]},{\"@type\":\"WebSite\",\"@id\":\"https:\/\/luxles.si\/sl\/#website\",\"url\":\"https:\/\/luxles.si\/sl\/\",\"name\":\"LUX LES Dom Dekor\",\"description\":\"\",\"publisher\":{\"@id\":\"https:\/\/luxles.si\/sl\/#organization\"},\"potentialAction\":[{\"@type\":\"SearchAction\",\"target\":{\"@type\":\"EntryPoint\",\"urlTemplate\":\"https:\/\/luxles.si\/sl\/?s={search_term_string}\"},\"query-input\":{\"@type\":\"PropertyValueSpecification\",\"valueRequired\":true,\"valueName\":\"search_term_string\"}}],\"inLanguage\":\"sl-SI\"},{\"@type\":\"Organization\",\"@id\":\"https:\/\/luxles.si\/sl\/#organization\",\"name\":\"LUX LES Dom Dekor\",\"url\":\"https:\/\/luxles.si\/sl\/\",\"logo\":{\"@type\":\"ImageObject\",\"inLanguage\":\"sl-SI\",\"@id\":\"https:\/\/luxles.si\/sl\/#\/schema\/logo\/image\/\",\"url\":\"https:\/\/luxles.si\/wp-content\/uploads\/2020\/07\/logo.png\",\"contentUrl\":\"https:\/\/luxles.si\/wp-content\/uploads\/2020\/07\/logo.png\",\"width\":245,\"height\":70,\"caption\":\"LUX LES Dom Dekor\"},\"image\":{\"@id\":\"https:\/\/luxles.si\/sl\/#\/schema\/logo\/image\/\"},\"sameAs\":[\"https:\/\/www.facebook.com\/luxlesdomdekor\/\",\"https:\/\/www.instagram.com\/luxlesdomdekor\"]}]}<\/script>\n<!-- \/ Yoast SEO plugin. -->","yoast_head_json":{"title":"PO\u0160ILJANJE in PLA\u010cILO - LUX LES Dom Dekor","description":"Naro\u010deno blago lahko prevzamete osebno na lokaciji na\u0161e trgovine ali pa vam ga dostavimo mi. V na\u0161i spletni trgovini LUX LES Dom-Dekor ponujamo \u0161irok nabor na\u010dinov pla\u010dila.","robots":{"index":"index","follow":"follow","max-snippet":"max-snippet:-1","max-image-preview":"max-image-preview:large","max-video-preview":"max-video-preview:-1"},"canonical":"https:\/\/luxles.si\/sl\/posiljanje-in-placilo\/","og_locale":"sl_SI","og_type":"article","og_title":"PO\u0160ILJANJE in PLA\u010cILO - LUX LES Dom Dekor","og_description":"Naro\u010deno blago lahko prevzamete osebno na lokaciji na\u0161e trgovine ali pa vam ga dostavimo mi. V na\u0161i spletni trgovini LUX LES Dom-Dekor ponujamo \u0161irok nabor na\u010dinov pla\u010dila.","og_url":"https:\/\/luxles.si\/sl\/posiljanje-in-placilo\/","og_site_name":"LUX LES Dom Dekor","article_publisher":"https:\/\/www.facebook.com\/luxlesdomdekor\/","article_modified_time":"2025-09-29T10:51:03+00:00","og_image":[{"width":200,"height":200,"url":"https:\/\/luxles.si\/wp-content\/uploads\/2020\/10\/for_letter4_2.jpg","type":"image\/jpeg"}],"twitter_card":"summary_large_image","twitter_misc":{"Est. reading time":"4 minute"},"schema":{"@context":"https:\/\/schema.org","@graph":[{"@type":"WebPage","@id":"https:\/\/luxles.si\/sl\/posiljanje-in-placilo\/","url":"https:\/\/luxles.si\/sl\/posiljanje-in-placilo\/","name":"PO\u0160ILJANJE in PLA\u010cILO - LUX LES Dom Dekor","isPartOf":{"@id":"https:\/\/luxles.si\/sl\/#website"},"datePublished":"2022-03-20T15:06:03+00:00","dateModified":"2025-09-29T10:51:03+00:00","description":"Naro\u010deno blago lahko prevzamete osebno na lokaciji na\u0161e trgovine ali pa vam ga dostavimo mi. V na\u0161i spletni trgovini LUX LES Dom-Dekor ponujamo \u0161irok nabor na\u010dinov pla\u010dila.","breadcrumb":{"@id":"https:\/\/luxles.si\/sl\/posiljanje-in-placilo\/#breadcrumb"},"inLanguage":"sl-SI","potentialAction":[{"@type":"ReadAction","target":["https:\/\/luxles.si\/sl\/posiljanje-in-placilo\/"]}]},{"@type":"BreadcrumbList","@id":"https:\/\/luxles.si\/sl\/posiljanje-in-placilo\/#breadcrumb","itemListElement":[{"@type":"ListItem","position":1,"name":"Domov","item":"https:\/\/luxles.si\/sl\/"},{"@type":"ListItem","position":2,"name":"PO\u0160ILJANJE in PLA\u010cILO"}]},{"@type":"WebSite","@id":"https:\/\/luxles.si\/sl\/#website","url":"https:\/\/luxles.si\/sl\/","name":"LUX LES Dom Dekor","description":"","publisher":{"@id":"https:\/\/luxles.si\/sl\/#organization"},"potentialAction":[{"@type":"SearchAction","target":{"@type":"EntryPoint","urlTemplate":"https:\/\/luxles.si\/sl\/?s={search_term_string}"},"query-input":{"@type":"PropertyValueSpecification","valueRequired":true,"valueName":"search_term_string"}}],"inLanguage":"sl-SI"},{"@type":"Organization","@id":"https:\/\/luxles.si\/sl\/#organization","name":"LUX LES Dom Dekor","url":"https:\/\/luxles.si\/sl\/","logo":{"@type":"ImageObject","inLanguage":"sl-SI","@id":"https:\/\/luxles.si\/sl\/#\/schema\/logo\/image\/","url":"https:\/\/luxles.si\/wp-content\/uploads\/2020\/07\/logo.png","contentUrl":"https:\/\/luxles.si\/wp-content\/uploads\/2020\/07\/logo.png","width":245,"height":70,"caption":"LUX LES Dom Dekor"},"image":{"@id":"https:\/\/luxles.si\/sl\/#\/schema\/logo\/image\/"},"sameAs":["https:\/\/www.facebook.com\/luxlesdomdekor\/","https:\/\/www.instagram.com\/luxlesdomdekor"]}]}},"_links":{"self":[{"href":"https:\/\/luxles.si\/sl\/wp-json\/wp\/v2\/pages\/6801","targetHints":{"allow":["GET"]}}],"collection":[{"href":"https:\/\/luxles.si\/sl\/wp-json\/wp\/v2\/pages"}],"about":[{"href":"https:\/\/luxles.si\/sl\/wp-json\/wp\/v2\/types\/page"}],"author":[{"embeddable":true,"href":"https:\/\/luxles.si\/sl\/wp-json\/wp\/v2\/users\/1"}],"replies":[{"embeddable":true,"href":"https:\/\/luxles.si\/sl\/wp-json\/wp\/v2\/comments?post=6801"}],"version-history":[{"count":17,"href":"https:\/\/luxles.si\/sl\/wp-json\/wp\/v2\/pages\/6801\/revisions"}],"predecessor-version":[{"id":9197,"href":"https:\/\/luxles.si\/sl\/wp-json\/wp\/v2\/pages\/6801\/revisions\/9197"}],"wp:attachment":[{"href":"https:\/\/luxles.si\/sl\/wp-json\/wp\/v2\/media?parent=6801"}],"curies":[{"name":"wp","href":"https:\/\/api.w.org\/{rel}","templated":true}]}}