{"id":6268,"date":"2020-10-31T16:18:22","date_gmt":"2020-10-31T15:18:22","guid":{"rendered":"https:\/\/luxles.si\/lux-les-dom-dekor-ie\/"},"modified":"2025-05-19T09:05:41","modified_gmt":"2025-05-19T07:05:41","slug":"lux-les-dom-dekor-ie","status":"publish","type":"page","link":"https:\/\/luxles.si\/sl\/lux-les-dom-dekor-ie\/","title":{"rendered":"Lux Les Dom Dekor IE"},"content":{"rendered":"\t\t<div data-elementor-type=\"wp-page\" data-elementor-id=\"6268\" class=\"elementor elementor-6268 elementor-1223\">\n\t\t\t\t\t\t<section class=\"elementor-section elementor-top-section elementor-element elementor-element-15b5da8 elementor-section-full_width elementor-section-content-top elementor-section-height-default elementor-section-height-default\" data-id=\"15b5da8\" data-element_type=\"section\" data-e-type=\"section\">\n\t\t\t\t\t\t<div class=\"elementor-container elementor-column-gap-default\">\n\t\t\t\t\t<div class=\"elementor-column elementor-col-100 elementor-top-column elementor-element elementor-element-7b6eae5\" data-id=\"7b6eae5\" data-element_type=\"column\" data-e-type=\"column\">\n\t\t\t<div class=\"elementor-widget-wrap elementor-element-populated\">\n\t\t\t\t\t\t\t<\/div>\n\t\t<\/div>\n\t\t\t\t\t<\/div>\n\t\t<\/section>\n\t\t\t\t<section class=\"elementor-section elementor-top-section elementor-element elementor-element-8457348 elementor-section-full_width elementor-section-content-middle elementor-section-height-default elementor-section-height-default\" data-id=\"8457348\" data-element_type=\"section\" data-e-type=\"section\" data-settings=\"{&quot;background_background&quot;:&quot;classic&quot;}\">\n\t\t\t\t\t\t<div class=\"elementor-container elementor-column-gap-default\">\n\t\t\t\t\t<div class=\"elementor-column elementor-col-33 elementor-top-column elementor-element elementor-element-6195602\" data-id=\"6195602\" data-element_type=\"column\" data-e-type=\"column\">\n\t\t\t<div class=\"elementor-widget-wrap elementor-element-populated\">\n\t\t\t\t\t\t<div class=\"elementor-element elementor-element-8972658 elementor-absolute elementor-widget elementor-widget-menu-anchor\" data-id=\"8972658\" data-element_type=\"widget\" data-e-type=\"widget\" data-settings=\"{&quot;_position&quot;:&quot;absolute&quot;}\" data-widget_type=\"menu-anchor.default\">\n\t\t\t\t<div class=\"elementor-widget-container\">\n\t\t\t\t\t\t\t<div class=\"elementor-menu-anchor\" id=\"slide2\"><\/div>\n\t\t\t\t\t\t<\/div>\n\t\t\t\t<\/div>\n\t\t\t\t<div class=\"elementor-element elementor-element-9cccc6e elementor-widget__width-inherit elementor-widget elementor-widget-text-editor\" data-id=\"9cccc6e\" data-element_type=\"widget\" data-e-type=\"widget\" data-widget_type=\"text-editor.default\">\n\t\t\t\t<div class=\"elementor-widget-container\">\n\t\t\t\t\t\t\t\t\t<h4><strong>POSEBNA PONUDBA<br><\/strong><\/h4><hr><h5><strong>RAZPRODAJA, VZORCI IN NARAVNE SUROVINE <\/strong><\/h5><p>Glede na na\u0161o \u0161iroko paleto oblog ni vedno lahko izbrati. Naro\u010dite na\u0161e vzorce, da se boste la\u017eje odlo\u010dili. Ko boste v roki dr\u017eali vzorec materiala, boste natan\u010dno vedeli, kako izgleda in videli pravo barvo in teksturo lesa.<\/p><p><strong>\u010ce boste katero izmed na\u0161ih plo\u0161\u010d kupili v vrednosti ve\u010d kot 150 EUR, vam bomo ob nakupu zni\u017eali skupno ceno plo\u0161\u010d za stro\u0161ke predhodno kupljenega vzorca.<\/strong><\/p><p><a style=\"color: #333300;\" href=\"\/?product_cat=wooden_panels\"><strong>NARO\u010cITE VZORCE \u0160E DANES.<\/strong><\/a><\/p><hr><h5><strong>NAKUPOVANJE BREZ OMEJITEV<\/strong><\/h5><p>Storitev pla\u010dila izdelkov po delih (storitev \u00bb<strong>Pla\u010daj polog<\/strong>\u00ab) je za vsak na\u0161 izdelek na voljo vsem na\u0161im strankam iz Slovenije. Ta storitev \u00bbPla\u010daj polog\u00ab je na voljo v razdelku \u00bbBlagajna\u00ab na na\u0161em spletnem mestu.<\/p><p>In zahvaljujo\u010d na\u0161emu partnerju Klarna Bank AB (publ), \u0160vedska, je storitev \u00bbKupi zdaj, pla\u010daj pozneje\u00ab na voljo za vsak na\u0161 produkt za na\u0161e stranke iz Finske, Belgije, Nem\u010dije, Avstrije, Nizozemske, \u0160panije in Italije. Ta storitev je na voljo v razdelku \u00bbNa blagajno\u00ab na na\u0161em spletnem mestu. Za opravljanje te storitve se odlo\u010di samo Klarna Bank AB (publ) za vsak nakup in za vsako stranko posebej.<\/p><p><a class=\"popmake-3727\" style=\"color: #333300;\" href=\"#\"><strong>VE\u010c PODROBNOSTI o \u00bbKupite zdaj, pla\u010dajte pozneje\u00ab s KLARNA <\/strong><\/a><\/p><p><a style=\"color: #333300;\" href=\"https:\/\/luxles.si\/sl\/o-pologu\/\" target=\"_blank\" rel=\"noopener\"><strong>VE\u010c PODROBNOSTI o \u00bbPla\u010daj polog\u00ab <\/strong><\/a><\/p>\t\t\t\t\t\t\t\t<\/div>\n\t\t\t\t<\/div>\n\t\t\t\t\t<\/div>\n\t\t<\/div>\n\t\t\t\t<div class=\"elementor-column elementor-col-66 elementor-top-column elementor-element elementor-element-d292cc7\" data-id=\"d292cc7\" data-element_type=\"column\" data-e-type=\"column\">\n\t\t\t<div class=\"elementor-widget-wrap elementor-element-populated\">\n\t\t\t\t\t\t\t<\/div>\n\t\t<\/div>\n\t\t\t\t\t<\/div>\n\t\t<\/section>\n\t\t\t\t<section class=\"elementor-section elementor-top-section elementor-element elementor-element-e5eeb6a elementor-section-full_width elementor-section-content-middle elementor-section-height-default elementor-section-height-default\" data-id=\"e5eeb6a\" data-element_type=\"section\" data-e-type=\"section\" data-settings=\"{&quot;background_background&quot;:&quot;classic&quot;}\">\n\t\t\t\t\t\t<div class=\"elementor-container elementor-column-gap-default\">\n\t\t\t\t\t<div class=\"elementor-column elementor-col-33 elementor-top-column elementor-element elementor-element-b4a82e2\" data-id=\"b4a82e2\" data-element_type=\"column\" data-e-type=\"column\">\n\t\t\t<div class=\"elementor-widget-wrap elementor-element-populated\">\n\t\t\t\t\t\t<div class=\"elementor-element elementor-element-2b8df20 elementor-absolute elementor-widget elementor-widget-menu-anchor\" data-id=\"2b8df20\" data-element_type=\"widget\" data-e-type=\"widget\" data-settings=\"{&quot;_position&quot;:&quot;absolute&quot;}\" data-widget_type=\"menu-anchor.default\">\n\t\t\t\t<div class=\"elementor-widget-container\">\n\t\t\t\t\t\t\t<div class=\"elementor-menu-anchor\" id=\"slide3\"><\/div>\n\t\t\t\t\t\t<\/div>\n\t\t\t\t<\/div>\n\t\t\t\t\t<\/div>\n\t\t<\/div>\n\t\t\t\t<div class=\"elementor-column elementor-col-66 elementor-top-column elementor-element elementor-element-b1540c2\" data-id=\"b1540c2\" data-element_type=\"column\" data-e-type=\"column\">\n\t\t\t<div class=\"elementor-widget-wrap elementor-element-populated\">\n\t\t\t\t\t\t<div class=\"elementor-element elementor-element-a59f16a elementor-widget__width-inherit elementor-widget elementor-widget-text-editor\" data-id=\"a59f16a\" data-element_type=\"widget\" data-e-type=\"widget\" data-widget_type=\"text-editor.default\">\n\t\t\t\t<div class=\"elementor-widget-container\">\n\t\t\t\t\t\t\t\t\t<p><strong>NOVO &amp; BLOG<\/strong><br>Obvezno si oglejte na\u0161 <a style=\"color: #333300;\" href=\"https:\/\/luxles.si\/sl\/category\/novice-in-blog\/\"><strong>BLOG<\/strong><\/a>in\/ali nam sledite na dru\u017eabnih omre\u017ejih, da si ogledate na\u0161e najnovej\u0161e stvaritve in spremljate ideje, kako okrasiti svoj prostor z razli\u010dnimi na\u0161imi izdelki.<\/p>\t\t\t\t\t\t\t\t<\/div>\n\t\t\t\t<\/div>\n\t\t\t\t\t<\/div>\n\t\t<\/div>\n\t\t\t\t\t<\/div>\n\t\t<\/section>\n\t\t\t\t<section class=\"elementor-section elementor-top-section elementor-element elementor-element-a7fb5cb elementor-section-full_width elementor-section-height-default elementor-section-height-default\" data-id=\"a7fb5cb\" data-element_type=\"section\" data-e-type=\"section\" data-settings=\"{&quot;background_background&quot;:&quot;classic&quot;}\">\n\t\t\t\t\t\t<div class=\"elementor-container elementor-column-gap-default\">\n\t\t\t\t\t<div class=\"elementor-column elementor-col-50 elementor-top-column elementor-element elementor-element-0ab68c7\" data-id=\"0ab68c7\" data-element_type=\"column\" data-e-type=\"column\">\n\t\t\t<div class=\"elementor-widget-wrap elementor-element-populated\">\n\t\t\t\t\t\t<div class=\"elementor-element elementor-element-a8fecd3 elementor-absolute elementor-widget elementor-widget-menu-anchor\" data-id=\"a8fecd3\" data-element_type=\"widget\" data-e-type=\"widget\" data-settings=\"{&quot;_position&quot;:&quot;absolute&quot;}\" data-widget_type=\"menu-anchor.default\">\n\t\t\t\t<div class=\"elementor-widget-container\">\n\t\t\t\t\t\t\t<div class=\"elementor-menu-anchor\" id=\"slide4\"><\/div>\n\t\t\t\t\t\t<\/div>\n\t\t\t\t<\/div>\n\t\t\t\t<div class=\"elementor-element elementor-element-30eed71 elementor-widget elementor-widget-text-editor\" data-id=\"30eed71\" data-element_type=\"widget\" data-e-type=\"widget\" data-widget_type=\"text-editor.default\">\n\t\t\t\t<div class=\"elementor-widget-container\">\n\t\t\t\t\t\t\t\t\t<p><strong>Cesta bratstva in enotnosti 039, <br>8330 Metlika, Slovenija <br><\/strong><\/p>\t\t\t\t\t\t\t\t<\/div>\n\t\t\t\t<\/div>\n\t\t\t\t<div class=\"elementor-element elementor-element-1d2d89f elementor-widget elementor-widget-text-editor\" data-id=\"1d2d89f\" data-element_type=\"widget\" data-e-type=\"widget\" data-widget_type=\"text-editor.default\">\n\t\t\t\t<div class=\"elementor-widget-container\">\n\t\t\t\t\t\t\t\t\t<p><strong><a style=\"color: #333300;\" href=\"tel:++38669407615\">+386 69 407 615<\/a><\/strong><\/p>\t\t\t\t\t\t\t\t<\/div>\n\t\t\t\t<\/div>\n\t\t\t\t<div class=\"elementor-element elementor-element-a36ec57 elementor-widget elementor-widget-text-editor\" data-id=\"a36ec57\" data-element_type=\"widget\" data-e-type=\"widget\" data-widget_type=\"text-editor.default\">\n\t\t\t\t<div class=\"elementor-widget-container\">\n\t\t\t\t\t\t\t\t\t<iframe src=\"https:\/\/www.google.com\/maps\/embed?pb=!1m18!1m12!1m3!1d2393321.017744901!2d12.893492617815737!3d45.842339726633355!2m3!1f0!2f0!3f0!3m2!1i1024!2i768!4f13.1!3m3!1m2!1s0x47645ade1cb6f5a5%3A0x783c07b0bc1dfed9!2sGradac%201a%2C%208332%20Gradac%2C%20Slovenia!5e0!3m2!1sen!2sru!4v1598535878661!5m2!1sen!2sru\" width=\"100%\" height=\"170\" frameborder=\"0\" style=\"border:0;\" allowfullscreen=\"\" aria-hidden=\"false\" tabindex=\"0\"><\/iframe>\t\t\t\t\t\t\t\t<\/div>\n\t\t\t\t<\/div>\n\t\t\t\t<div class=\"elementor-element elementor-element-ecaaa66 elementor-widget elementor-widget-text-editor\" data-id=\"ecaaa66\" data-element_type=\"widget\" data-e-type=\"widget\" data-widget_type=\"text-editor.default\">\n\t\t\t\t<div class=\"elementor-widget-container\">\n\t\t\t\t\t\t\t\t\t<p>Kontaktirajte nas, da se dogovorimo za sestanek, preden pridete na obisk. Najlep\u0161a hvala!<\/p>\t\t\t\t\t\t\t\t<\/div>\n\t\t\t\t<\/div>\n\t\t\t\t\t<\/div>\n\t\t<\/div>\n\t\t\t\t<div class=\"elementor-column elementor-col-50 elementor-top-column elementor-element elementor-element-fde30fd\" data-id=\"fde30fd\" data-element_type=\"column\" data-e-type=\"column\">\n\t\t\t<div class=\"elementor-widget-wrap elementor-element-populated\">\n\t\t\t\t\t\t<div class=\"elementor-element elementor-element-24c1d1d elementor-widget elementor-widget-text-editor\" data-id=\"24c1d1d\" data-element_type=\"widget\" data-e-type=\"widget\" data-widget_type=\"text-editor.default\">\n\t\t\t\t<div class=\"elementor-widget-container\">\n\t\t\t\t\t\t\t\t\t\n<div class=\"wpcf7 no-js\" id=\"wpcf7-f5753-o1\" lang=\"sl-SI\" dir=\"ltr\" data-wpcf7-id=\"5753\">\n<div class=\"screen-reader-response\"><p role=\"status\" aria-live=\"polite\" aria-atomic=\"true\"><\/p> <ul><\/ul><\/div>\n<form action=\"\/sl\/wp-json\/wp\/v2\/pages\/6268#wpcf7-f5753-o1\" method=\"post\" class=\"wpcf7-form init\" aria-label=\"Contact form\" novalidate=\"novalidate\" data-status=\"init\">\n<fieldset class=\"hidden-fields-container\"><input type=\"hidden\" name=\"_wpcf7\" value=\"5753\" \/><input type=\"hidden\" name=\"_wpcf7_version\" value=\"6.1.5\" \/><input type=\"hidden\" name=\"_wpcf7_locale\" value=\"sl_SI\" \/><input type=\"hidden\" name=\"_wpcf7_unit_tag\" value=\"wpcf7-f5753-o1\" \/><input type=\"hidden\" name=\"_wpcf7_container_post\" value=\"0\" \/><input type=\"hidden\" name=\"_wpcf7_posted_data_hash\" value=\"\" \/>\n<\/fieldset>\n<div class=\"form\">\n\t<div class=\"form-head\">\n\t\t<h1>Kontaktirajte nas\n\t\t<\/h1>\n\t\t<p>Trudimo se na vsa vpra\u0161anja odgovoriti v enem delovnem dnevu. Prosimo, preverite svojo mapo z ne\u017eeleno po\u0161to ali nas pokli\u010dite, \u010de v tem roku od nas ne prejmete e-po\u0161te. Najlep\u0161a hvala!\n\t\t<\/p>\n\t<\/div>\n\t<table class=\"contact_form1_table\" style=\"border: none;\">\n\t\t<tbody>\n\t\t\t<tr style=\"border: none;\">\n\t\t\t\t<td class=\"contact_form1_table_name\" colspan=\"2\" style=\"border: none;\">\n\t\t\t\t\t<p><span class=\"wpcf7-form-control-wrap\" data-name=\"your-name\"><input size=\"40\" maxlength=\"400\" class=\"wpcf7-form-control wpcf7-text wpcf7-validates-as-required\" aria-required=\"true\" aria-invalid=\"false\" placeholder=\"Va\u0161e ime\" value=\"\" type=\"text\" name=\"your-name\" \/><\/span>\n\t\t\t\t\t<\/p>\n\t\t\t\t<\/td>\n\t\t\t<\/tr>\n\t\t\t<tr style=\"border: none;\">\n\t\t\t\t<td class=\"contact_form1_table_email\" style=\"border: none;\">\n\t\t\t\t\t<p><span class=\"wpcf7-form-control-wrap\" data-name=\"your-email\"><input size=\"40\" maxlength=\"400\" class=\"wpcf7-form-control wpcf7-email wpcf7-validates-as-required wpcf7-text wpcf7-validates-as-email\" aria-required=\"true\" aria-invalid=\"false\" placeholder=\"Va\u0161 e-po\u0161tni naslov\" value=\"\" type=\"email\" name=\"your-email\" \/><\/span>\n\t\t\t\t\t<\/p>\n\t\t\t\t<\/td>\n\t\t\t\t<td class=\"contact_form1_table_tel\" style=\"border: none;\">\n\t\t\t\t\t<p><span class=\"wpcf7-form-control-wrap\" data-name=\"tel-300\"><input size=\"40\" maxlength=\"400\" class=\"wpcf7-form-control wpcf7-tel wpcf7-validates-as-required wpcf7-text wpcf7-validates-as-tel\" aria-required=\"true\" aria-invalid=\"false\" placeholder=\"Telefonska \u0161t.\" value=\"\" type=\"tel\" name=\"tel-300\" \/><\/span>\n\t\t\t\t\t<\/p>\n\t\t\t\t<\/td>\n\t\t\t<\/tr>\n\t\t\t<tr style=\"border: none;\">\n\t\t\t\t<td class=\"contact_form1_table_message\" colspan=\"2\" style=\"border: none;\">\n\t\t\t\t\t<p><span class=\"wpcf7-form-control-wrap\" data-name=\"your-message\"><textarea cols=\"40\" rows=\"10\" maxlength=\"2000\" class=\"wpcf7-form-control wpcf7-textarea wpcf7-validates-as-required\" aria-required=\"true\" aria-invalid=\"false\" placeholder=\"Sporo\u010dilo\" name=\"your-message\"><\/textarea><\/span>\n\t\t\t\t\t<\/p>\n\t\t\t\t<\/td>\n\t\t\t<\/tr>\n\t\t\t<tr class=\"contact_form1_table_footer\" style=\"border: none;\">\n\t\t\t\t<td colspan=\"2\" style=\"border: none;\">\n\t\t\t\t\t<div class=\"form-head form-footer\">\n\t\t\t\t\t\t<p>To spletno mesto je za\u0161\u010diteno z reCAPTCHA in veljajo Googlov <a class=\"form-footer-a\" style=\"font-size: 0.9rem !important\" href=\"https:\/\/policies.google.com\/privacy?hl=sl\" rel=\"noopener noreferrer nofollow\" target=\"_blank\">Pravilnik o zasebnosti<\/a> in <a class=\"form-footer-a\" style=\"font-size: 0.9rem !important\" href=\"https:\/\/policies.google.com\/terms?hl=sl\" rel=\"noopener noreferrer nofollow\" target=\"_blank\">Pogoji storitve<\/a>.\n\t\t\t\t\t\t<\/p>\n\t\t\t\t\t\t<p><span class=\"wpcf7-form-control-wrap g-recaptcha-response\"><span class=\"wpcf7-form-control\">  <\/span><\/span>\n\t\t\t\t\t\t<\/p>\n\t\t\t\t\t<\/div>\n\t\t\t\t<\/td>\n\t\t\t<\/tr>\n\t\t\t<tr style=\"border: none;\">\n\t\t\t\t<td class=\"contact_form1_table_submit\" style=\"border: none;\">\n\t\t\t\t\t<p><input class=\"wpcf7-form-control wpcf7-submit has-spinner\" type=\"submit\" value=\"Po\u0161lji\" \/>\n\t\t\t\t\t<\/p>\n\t\t\t\t<\/td>\n\t\t\t\t<td class=\"contact_form1_table_response\" style=\"border: none;\">\n\t\t\t\t<div class=\"wpcf7-response-output\" aria-hidden=\"true\"><\/div>\n\t\t\t\t<\/td>\n\t\t\t<\/tr>\n\t\t<\/tbody>\n\t<\/table>\n<\/div><input type='hidden' class='wpcf7-pum' value='{\"closepopup\":false,\"closedelay\":0,\"openpopup\":false,\"openpopup_id\":0}' \/>\n<\/form>\n<\/div>\n\t\t\t\t\t\t\t\t<\/div>\n\t\t\t\t<\/div>\n\t\t\t\t\t<\/div>\n\t\t<\/div>\n\t\t\t\t\t<\/div>\n\t\t<\/section>\n\t\t\t\t<\/div>\n\t\t","protected":false},"excerpt":{"rendered":"<p>POSEBNA PONUDBA RAZPRODAJA, VZORCI IN NARAVNE SUROVINE Glede na na\u0161o \u0161iroko paleto oblog ni vedno lahko izbrati. Naro\u010dite na\u0161e vzorce, da se boste la\u017eje odlo\u010dili. Ko boste v roki dr\u017eali vzorec materiala, boste natan\u010dno vedeli, kako izgleda in videli pravo barvo in teksturo lesa. \u010ce boste katero izmed na\u0161ih plo\u0161\u010d kupili v vrednosti ve\u010d kot [&hellip;]<\/p>\n","protected":false},"author":1,"featured_media":0,"parent":0,"menu_order":0,"comment_status":"closed","ping_status":"closed","template":"elementor_header_footer","meta":{"footnotes":""},"class_list":["post-6268","page","type-page","status-publish","hentry"],"yoast_head":"<!-- This site is optimized with the Yoast SEO plugin v27.0 - https:\/\/yoast.com\/product\/yoast-seo-wordpress\/ -->\n<title>LUX LES Dom Dekor - LUX LES Dom Dekor<\/title>\n<meta name=\"description\" content=\"Specializirani smo za lesene dekorje in lesene plo\u0161\u010de ter ponujamo neverjetno raznolikost po meri ro\u010dno narejenih izdelkov iz lesa. In \u010de ne vidite to\u010dno tistega, kar i\u0161\u010dete, lahko izdelamo tisto, kar potrebujete.\" \/>\n<meta name=\"robots\" content=\"index, follow, max-snippet:-1, max-image-preview:large, max-video-preview:-1\" \/>\n<link rel=\"canonical\" href=\"https:\/\/luxles.si\/sl\/lux-les-dom-dekor-ie\/\" \/>\n<meta property=\"og:locale\" content=\"sl_SI\" \/>\n<meta property=\"og:type\" content=\"article\" \/>\n<meta property=\"og:title\" content=\"LUX LES Dom Dekor - LUX LES Dom Dekor\" \/>\n<meta property=\"og:description\" content=\"Specializirani smo za lesene dekorje in lesene plo\u0161\u010de ter ponujamo neverjetno raznolikost po meri ro\u010dno narejenih izdelkov iz lesa. In \u010de ne vidite to\u010dno tistega, kar i\u0161\u010dete, lahko izdelamo tisto, kar potrebujete.\" \/>\n<meta property=\"og:url\" content=\"https:\/\/luxles.si\/sl\/lux-les-dom-dekor-ie\/\" \/>\n<meta property=\"og:site_name\" content=\"LUX LES Dom Dekor\" \/>\n<meta property=\"article:publisher\" content=\"https:\/\/www.facebook.com\/luxlesdomdekor\/\" \/>\n<meta property=\"article:modified_time\" content=\"2025-05-19T07:05:41+00:00\" \/>\n<meta property=\"og:image\" content=\"https:\/\/luxles.si\/wp-content\/uploads\/2020\/10\/for_letter4_2.jpg\" \/>\n\t<meta property=\"og:image:width\" content=\"200\" \/>\n\t<meta property=\"og:image:height\" content=\"200\" \/>\n\t<meta property=\"og:image:type\" content=\"image\/jpeg\" \/>\n<meta name=\"twitter:card\" content=\"summary_large_image\" \/>\n<meta name=\"twitter:label1\" content=\"Est. reading time\" \/>\n\t<meta name=\"twitter:data1\" content=\"2 minuti\" \/>\n<script type=\"application\/ld+json\" class=\"yoast-schema-graph\">{\"@context\":\"https:\/\/schema.org\",\"@graph\":[{\"@type\":\"WebPage\",\"@id\":\"https:\/\/luxles.si\/sl\/lux-les-dom-dekor-ie\/\",\"url\":\"https:\/\/luxles.si\/sl\/lux-les-dom-dekor-ie\/\",\"name\":\"LUX LES Dom Dekor - LUX LES Dom Dekor\",\"isPartOf\":{\"@id\":\"https:\/\/luxles.si\/sl\/#website\"},\"datePublished\":\"2020-10-31T15:18:22+00:00\",\"dateModified\":\"2025-05-19T07:05:41+00:00\",\"description\":\"Specializirani smo za lesene dekorje in lesene plo\u0161\u010de ter ponujamo neverjetno raznolikost po meri ro\u010dno narejenih izdelkov iz lesa. In \u010de ne vidite to\u010dno tistega, kar i\u0161\u010dete, lahko izdelamo tisto, kar potrebujete.\",\"breadcrumb\":{\"@id\":\"https:\/\/luxles.si\/sl\/lux-les-dom-dekor-ie\/#breadcrumb\"},\"inLanguage\":\"sl-SI\",\"potentialAction\":[{\"@type\":\"ReadAction\",\"target\":[\"https:\/\/luxles.si\/sl\/lux-les-dom-dekor-ie\/\"]}]},{\"@type\":\"BreadcrumbList\",\"@id\":\"https:\/\/luxles.si\/sl\/lux-les-dom-dekor-ie\/#breadcrumb\",\"itemListElement\":[{\"@type\":\"ListItem\",\"position\":1,\"name\":\"Domov\",\"item\":\"https:\/\/luxles.si\/sl\/\"},{\"@type\":\"ListItem\",\"position\":2,\"name\":\"Lux Les Dom Dekor IE\"}]},{\"@type\":\"WebSite\",\"@id\":\"https:\/\/luxles.si\/sl\/#website\",\"url\":\"https:\/\/luxles.si\/sl\/\",\"name\":\"LUX LES Dom Dekor\",\"description\":\"\",\"publisher\":{\"@id\":\"https:\/\/luxles.si\/sl\/#organization\"},\"potentialAction\":[{\"@type\":\"SearchAction\",\"target\":{\"@type\":\"EntryPoint\",\"urlTemplate\":\"https:\/\/luxles.si\/sl\/?s={search_term_string}\"},\"query-input\":{\"@type\":\"PropertyValueSpecification\",\"valueRequired\":true,\"valueName\":\"search_term_string\"}}],\"inLanguage\":\"sl-SI\"},{\"@type\":\"Organization\",\"@id\":\"https:\/\/luxles.si\/sl\/#organization\",\"name\":\"LUX LES Dom Dekor\",\"url\":\"https:\/\/luxles.si\/sl\/\",\"logo\":{\"@type\":\"ImageObject\",\"inLanguage\":\"sl-SI\",\"@id\":\"https:\/\/luxles.si\/sl\/#\/schema\/logo\/image\/\",\"url\":\"https:\/\/luxles.si\/wp-content\/uploads\/2020\/07\/logo.png\",\"contentUrl\":\"https:\/\/luxles.si\/wp-content\/uploads\/2020\/07\/logo.png\",\"width\":245,\"height\":70,\"caption\":\"LUX LES Dom Dekor\"},\"image\":{\"@id\":\"https:\/\/luxles.si\/sl\/#\/schema\/logo\/image\/\"},\"sameAs\":[\"https:\/\/www.facebook.com\/luxlesdomdekor\/\",\"https:\/\/www.instagram.com\/luxlesdomdekor\"]}]}<\/script>\n<!-- \/ Yoast SEO plugin. -->","yoast_head_json":{"title":"LUX LES Dom Dekor - LUX LES Dom Dekor","description":"Specializirani smo za lesene dekorje in lesene plo\u0161\u010de ter ponujamo neverjetno raznolikost po meri ro\u010dno narejenih izdelkov iz lesa. In \u010de ne vidite to\u010dno tistega, kar i\u0161\u010dete, lahko izdelamo tisto, kar potrebujete.","robots":{"index":"index","follow":"follow","max-snippet":"max-snippet:-1","max-image-preview":"max-image-preview:large","max-video-preview":"max-video-preview:-1"},"canonical":"https:\/\/luxles.si\/sl\/lux-les-dom-dekor-ie\/","og_locale":"sl_SI","og_type":"article","og_title":"LUX LES Dom Dekor - LUX LES Dom Dekor","og_description":"Specializirani smo za lesene dekorje in lesene plo\u0161\u010de ter ponujamo neverjetno raznolikost po meri ro\u010dno narejenih izdelkov iz lesa. In \u010de ne vidite to\u010dno tistega, kar i\u0161\u010dete, lahko izdelamo tisto, kar potrebujete.","og_url":"https:\/\/luxles.si\/sl\/lux-les-dom-dekor-ie\/","og_site_name":"LUX LES Dom Dekor","article_publisher":"https:\/\/www.facebook.com\/luxlesdomdekor\/","article_modified_time":"2025-05-19T07:05:41+00:00","og_image":[{"width":200,"height":200,"url":"https:\/\/luxles.si\/wp-content\/uploads\/2020\/10\/for_letter4_2.jpg","type":"image\/jpeg"}],"twitter_card":"summary_large_image","twitter_misc":{"Est. reading time":"2 minuti"},"schema":{"@context":"https:\/\/schema.org","@graph":[{"@type":"WebPage","@id":"https:\/\/luxles.si\/sl\/lux-les-dom-dekor-ie\/","url":"https:\/\/luxles.si\/sl\/lux-les-dom-dekor-ie\/","name":"LUX LES Dom Dekor - LUX LES Dom Dekor","isPartOf":{"@id":"https:\/\/luxles.si\/sl\/#website"},"datePublished":"2020-10-31T15:18:22+00:00","dateModified":"2025-05-19T07:05:41+00:00","description":"Specializirani smo za lesene dekorje in lesene plo\u0161\u010de ter ponujamo neverjetno raznolikost po meri ro\u010dno narejenih izdelkov iz lesa. In \u010de ne vidite to\u010dno tistega, kar i\u0161\u010dete, lahko izdelamo tisto, kar potrebujete.","breadcrumb":{"@id":"https:\/\/luxles.si\/sl\/lux-les-dom-dekor-ie\/#breadcrumb"},"inLanguage":"sl-SI","potentialAction":[{"@type":"ReadAction","target":["https:\/\/luxles.si\/sl\/lux-les-dom-dekor-ie\/"]}]},{"@type":"BreadcrumbList","@id":"https:\/\/luxles.si\/sl\/lux-les-dom-dekor-ie\/#breadcrumb","itemListElement":[{"@type":"ListItem","position":1,"name":"Domov","item":"https:\/\/luxles.si\/sl\/"},{"@type":"ListItem","position":2,"name":"Lux Les Dom Dekor IE"}]},{"@type":"WebSite","@id":"https:\/\/luxles.si\/sl\/#website","url":"https:\/\/luxles.si\/sl\/","name":"LUX LES Dom Dekor","description":"","publisher":{"@id":"https:\/\/luxles.si\/sl\/#organization"},"potentialAction":[{"@type":"SearchAction","target":{"@type":"EntryPoint","urlTemplate":"https:\/\/luxles.si\/sl\/?s={search_term_string}"},"query-input":{"@type":"PropertyValueSpecification","valueRequired":true,"valueName":"search_term_string"}}],"inLanguage":"sl-SI"},{"@type":"Organization","@id":"https:\/\/luxles.si\/sl\/#organization","name":"LUX LES Dom Dekor","url":"https:\/\/luxles.si\/sl\/","logo":{"@type":"ImageObject","inLanguage":"sl-SI","@id":"https:\/\/luxles.si\/sl\/#\/schema\/logo\/image\/","url":"https:\/\/luxles.si\/wp-content\/uploads\/2020\/07\/logo.png","contentUrl":"https:\/\/luxles.si\/wp-content\/uploads\/2020\/07\/logo.png","width":245,"height":70,"caption":"LUX LES Dom Dekor"},"image":{"@id":"https:\/\/luxles.si\/sl\/#\/schema\/logo\/image\/"},"sameAs":["https:\/\/www.facebook.com\/luxlesdomdekor\/","https:\/\/www.instagram.com\/luxlesdomdekor"]}]}},"_links":{"self":[{"href":"https:\/\/luxles.si\/sl\/wp-json\/wp\/v2\/pages\/6268","targetHints":{"allow":["GET"]}}],"collection":[{"href":"https:\/\/luxles.si\/sl\/wp-json\/wp\/v2\/pages"}],"about":[{"href":"https:\/\/luxles.si\/sl\/wp-json\/wp\/v2\/types\/page"}],"author":[{"embeddable":true,"href":"https:\/\/luxles.si\/sl\/wp-json\/wp\/v2\/users\/1"}],"replies":[{"embeddable":true,"href":"https:\/\/luxles.si\/sl\/wp-json\/wp\/v2\/comments?post=6268"}],"version-history":[{"count":2,"href":"https:\/\/luxles.si\/sl\/wp-json\/wp\/v2\/pages\/6268\/revisions"}],"predecessor-version":[{"id":9132,"href":"https:\/\/luxles.si\/sl\/wp-json\/wp\/v2\/pages\/6268\/revisions\/9132"}],"wp:attachment":[{"href":"https:\/\/luxles.si\/sl\/wp-json\/wp\/v2\/media?parent=6268"}],"curies":[{"name":"wp","href":"https:\/\/api.w.org\/{rel}","templated":true}]}}