{"id":6246,"date":"2021-06-23T09:29:57","date_gmt":"2021-06-23T07:29:57","guid":{"rendered":"https:\/\/luxles.si\/o-pologu\/"},"modified":"2024-02-12T08:34:22","modified_gmt":"2024-02-12T07:34:22","slug":"o-pologu","status":"publish","type":"page","link":"https:\/\/luxles.si\/sl\/o-pologu\/","title":{"rendered":"O POLOGU"},"content":{"rendered":"\t\t<div data-elementor-type=\"wp-page\" data-elementor-id=\"6246\" class=\"elementor elementor-6246 elementor-4341\">\n\t\t\t\t\t\t<section class=\"elementor-section elementor-top-section elementor-element elementor-element-1de5b76 elementor-section-boxed elementor-section-height-default elementor-section-height-default\" data-id=\"1de5b76\" data-element_type=\"section\" data-e-type=\"section\">\n\t\t\t\t\t\t<div class=\"elementor-container elementor-column-gap-default\">\n\t\t\t\t\t<div class=\"elementor-column elementor-col-100 elementor-top-column elementor-element elementor-element-44d71bc\" data-id=\"44d71bc\" data-element_type=\"column\" data-e-type=\"column\">\n\t\t\t<div class=\"elementor-widget-wrap elementor-element-populated\">\n\t\t\t\t\t\t<section class=\"elementor-section elementor-inner-section elementor-element elementor-element-e64b5e6 elementor-section-content-middle elementor-section-boxed elementor-section-height-default elementor-section-height-default\" data-id=\"e64b5e6\" data-element_type=\"section\" data-e-type=\"section\">\n\t\t\t\t\t\t<div class=\"elementor-container elementor-column-gap-default\">\n\t\t\t\t\t<div class=\"elementor-column elementor-col-66 elementor-inner-column elementor-element elementor-element-2938644\" data-id=\"2938644\" data-element_type=\"column\" data-e-type=\"column\">\n\t\t\t<div class=\"elementor-widget-wrap elementor-element-populated\">\n\t\t\t\t\t\t<div class=\"elementor-element elementor-element-9926e75 elementor-widget elementor-widget-text-editor\" data-id=\"9926e75\" data-element_type=\"widget\" data-e-type=\"widget\" data-widget_type=\"text-editor.default\">\n\t\t\t\t<div class=\"elementor-widget-container\">\n\t\t\t\t\t\t\t\t\t<h1 style=\"font-size: 1.8rem; font-weight: bold;\">KUPI ZDAJ, PLA\u010cAJ NA OBROKE<\/h1>\n<h1><\/h1>\n\t\t\t\t\t\t\t\t<\/div>\n\t\t\t\t<\/div>\n\t\t\t\t<div class=\"elementor-element elementor-element-b30384d elementor-hidden-desktop elementor-hidden-tablet elementor-hidden-mobile elementor-widget elementor-widget-text-editor\" data-id=\"b30384d\" data-element_type=\"widget\" data-e-type=\"widget\" data-widget_type=\"text-editor.default\">\n\t\t\t\t<div class=\"elementor-widget-container\">\n\t\t\t\t\t\t\t\t\t<p><strong>Posluh prosim!!! Zelo nam je \u017eal, storitev \u00bbPla\u010daj polog\u00ab za\u010dasno ni na voljo. Trudimo se, da storitev \u00bbPla\u010daj polog\u00ab obnovimo \u010dim hitreje. Spremljajte na\u0161e posodobitve.<\/strong><\/p>\t\t\t\t\t\t\t\t<\/div>\n\t\t\t\t<\/div>\n\t\t\t\t<div class=\"elementor-element elementor-element-ea2da61 elementor-widget elementor-widget-text-editor\" data-id=\"ea2da61\" data-element_type=\"widget\" data-e-type=\"widget\" data-widget_type=\"text-editor.default\">\n\t\t\t\t<div class=\"elementor-widget-container\">\n\t\t\t\t\t\t\t\t\t<p>Storitev <strong>pla\u010dila izdelkov po delih<\/strong> (storitev \u00bb<strong>Pla\u010daj polog<\/strong>\u00ab) je za vsak na\u0161 izdelek na voljo vsem na\u0161im strankam iz <b>Slovenije<\/b>.<strong><br \/><\/strong><\/p>\n\t\t\t\t\t\t\t\t<\/div>\n\t\t\t\t<\/div>\n\t\t\t\t\t<\/div>\n\t\t<\/div>\n\t\t\t\t<div class=\"elementor-column elementor-col-33 elementor-inner-column elementor-element elementor-element-529a814\" data-id=\"529a814\" data-element_type=\"column\" data-e-type=\"column\">\n\t\t\t<div class=\"elementor-widget-wrap elementor-element-populated\">\n\t\t\t\t\t\t\t<\/div>\n\t\t<\/div>\n\t\t\t\t\t<\/div>\n\t\t<\/section>\n\t\t\t\t\t<\/div>\n\t\t<\/div>\n\t\t\t\t\t<\/div>\n\t\t<\/section>\n\t\t\t\t<section class=\"elementor-section elementor-top-section elementor-element elementor-element-1fcd542 elementor-section-boxed elementor-section-height-default elementor-section-height-default\" data-id=\"1fcd542\" data-element_type=\"section\" data-e-type=\"section\">\n\t\t\t\t\t\t<div class=\"elementor-container elementor-column-gap-default\">\n\t\t\t\t\t<div class=\"elementor-column elementor-col-100 elementor-top-column elementor-element elementor-element-fbfe4b5\" data-id=\"fbfe4b5\" data-element_type=\"column\" data-e-type=\"column\">\n\t\t\t<div class=\"elementor-widget-wrap elementor-element-populated\">\n\t\t\t\t\t\t<div class=\"elementor-element elementor-element-6af8d01 elementor-widget elementor-widget-text-editor\" data-id=\"6af8d01\" data-element_type=\"widget\" data-e-type=\"widget\" data-widget_type=\"text-editor.default\">\n\t\t\t\t<div class=\"elementor-widget-container\">\n\t\t\t\t\t\t\t\t\t<p>Na\u0161e izdelke kupite zdaj in jih boste pla\u010dali po delih s storitvijo \u00bb<strong>Pla\u010daj polog<\/strong>\u00ab.Ta storitev \u00bbPla\u010daj polog\u00ab je na voljo v razdelku na \u00bbBlagajno\u00ab na na\u0161em spletnem mestu. Predpla\u010dilo, \u0161tevilo pla\u010dil, njihov rok in zneski so navedeni v pla\u010dilnem na\u010drtu, ki ste ga izbrali. Predpla\u010dilo se vedno izra\u010duna od cene izdelkov v ko\u0161arici. Stro\u0161ek po\u0161iljanja je vedno pla\u010dan v celoti in je vedno vklju\u010den v predpla\u010dilo. Preostanek stro\u0161kov pla\u010date potem, ko prejmete na\u0161e izdelke v roku po izbranem pla\u010dilnem na\u010drtu storitve \u00bbPla\u010daj polog\u00ab, navedeni v naro\u010dilu. Za ve\u010d podrobnosti preberite na\u0161e <a href=\"https:\/\/luxles.si\/sl\/pogoji\/\" target=\"_blank\" rel=\"noopener\"><strong>pogoje<\/strong><\/a>.<\/p>\n\t\t\t\t\t\t\t\t<\/div>\n\t\t\t\t<\/div>\n\t\t\t\t<div class=\"elementor-element elementor-element-e176bd3 elementor-widget elementor-widget-text-editor\" data-id=\"e176bd3\" data-element_type=\"widget\" data-e-type=\"widget\" data-widget_type=\"text-editor.default\">\n\t\t\t\t<div class=\"elementor-widget-container\">\n\t\t\t\t\t\t\t\t\t<p><strong>Za storitev \u00bbPla\u010daj polog\u00ab so zdaj na voljo trije pla\u010dilni na\u010drti.<\/strong><\/p>\n\t\t\t\t\t\t\t\t<\/div>\n\t\t\t\t<\/div>\n\t\t\t\t<div class=\"elementor-element elementor-element-18e0c75 elementor-widget elementor-widget-text-editor\" data-id=\"18e0c75\" data-element_type=\"widget\" data-e-type=\"widget\" data-widget_type=\"text-editor.default\">\n\t\t\t\t<div class=\"elementor-widget-container\">\n\t\t\t\t\t\t\t\t\t<table class=\"about_deposit_details_table\">\n<tbody>\n<tr>\n<td class=\"about_deposit_payment_plan\"><strong>Na\u010drt pla\u010dila<\/strong><\/td>\n<td class=\"about_deposit_prepayment\"><strong>Predpla\u010dilo, %%<\/strong><\/td>\n<td class=\"about_deposit_postpayments\" colspan=\"2\"><strong>Naknadna pla\u010dila<br \/>\n%% in pogoji<\/strong>*<\/td>\n<\/tr>\n<tr>\n<td class=\"about_deposit_payment_plan\"><strong>1 mesec, 2 pla\u010dila (50\/50)<\/strong><\/td>\n<td class=\"about_deposit_prepayment\">50%<\/td>\n<td class=\"about_deposit_postpayments\" colspan=\"2\">50% v 1 mesecu<\/td>\n<\/tr>\n<tr>\n<td class=\"about_deposit_payment_plan\"><strong>2 meseca, 2 pla\u010dila (70\/30)<\/strong><\/td>\n<td class=\"about_deposit_prepayment\">70%<\/td>\n<td class=\"about_deposit_postpayments\" colspan=\"2\">30% v 2 mesecih<\/td>\n<\/tr>\n<tr>\n<td class=\"about_deposit_payment_plan\"><strong>3 mesece, 3 pla\u010dila (50\/25\/25)<\/strong><\/td>\n<td class=\"about_deposit_prepayment\">50%<\/td>\n<td class=\"about_deposit_postpayments\">25% v 1 mesecu<\/td>\n<td class=\"about_deposit_postpayments\">25 % v 3 mesecih<\/td>\n<\/tr>\n<\/tbody>\n<\/table>\n\t\t\t\t\t\t\t\t<\/div>\n\t\t\t\t<\/div>\n\t\t\t\t<div class=\"elementor-element elementor-element-e8a8d20 elementor-widget elementor-widget-text-editor\" data-id=\"e8a8d20\" data-element_type=\"widget\" data-e-type=\"widget\" data-widget_type=\"text-editor.default\">\n\t\t\t\t<div class=\"elementor-widget-container\">\n\t\t\t\t\t\t\t\t\t<p>* Za ve\u010d podrobnosti preberite na\u0161e <a href=\"https:\/\/luxles.si\/sl\/pogoji\/\" target=\"_blank\" rel=\"noopener\"><strong>pogoje<\/strong><\/a>.<\/p>\n\t\t\t\t\t\t\t\t<\/div>\n\t\t\t\t<\/div>\n\t\t\t\t\t<\/div>\n\t\t<\/div>\n\t\t\t\t\t<\/div>\n\t\t<\/section>\n\t\t\t\t<section class=\"elementor-section elementor-top-section elementor-element elementor-element-134aa6b elementor-section-full_width elementor-section-height-default elementor-section-height-default\" data-id=\"134aa6b\" data-element_type=\"section\" data-e-type=\"section\">\n\t\t\t\t\t\t<div class=\"elementor-container elementor-column-gap-default\">\n\t\t\t\t\t<div class=\"elementor-column elementor-col-100 elementor-top-column elementor-element elementor-element-f01a074\" data-id=\"f01a074\" data-element_type=\"column\" data-e-type=\"column\">\n\t\t\t<div class=\"elementor-widget-wrap elementor-element-populated\">\n\t\t\t\t\t\t\t<\/div>\n\t\t<\/div>\n\t\t\t\t\t<\/div>\n\t\t<\/section>\n\t\t\t\t<section class=\"elementor-section elementor-top-section elementor-element elementor-element-a9ccc28 elementor-section-boxed elementor-section-height-default elementor-section-height-default\" data-id=\"a9ccc28\" data-element_type=\"section\" data-e-type=\"section\">\n\t\t\t\t\t\t<div class=\"elementor-container elementor-column-gap-default\">\n\t\t\t\t\t<div class=\"elementor-column elementor-col-100 elementor-top-column elementor-element elementor-element-bbb7d82\" data-id=\"bbb7d82\" data-element_type=\"column\" data-e-type=\"column\">\n\t\t\t<div class=\"elementor-widget-wrap elementor-element-populated\">\n\t\t\t\t\t\t<div class=\"elementor-element elementor-element-8575ebe elementor-widget elementor-widget-text-editor\" data-id=\"8575ebe\" data-element_type=\"widget\" data-e-type=\"widget\" data-widget_type=\"text-editor.default\">\n\t\t\t\t<div class=\"elementor-widget-container\">\n\t\t\t\t\t\t\t\t\tStoritev \u00bb<strong>Pla\u010daj polog<\/strong>\u00ab je na voljo za vsak na\u0161 produkt za vse na\u0161e stranke iz Slovenije. <!--Storitev \u00bb<strong><a class=\"lewct_request_about_klarna\" href=\"#\">Kupi zdaj, pla\u010daj pozneje<\/a><\/strong>\u00ab Klarna Bank AB (publ), \u0160vedska, je na voljo na\u0161im strankam iz Finske, Belgije, Nem\u010dije, Avstrije, Nizozemske, \u0160panije in Italije. \u010ce storitev \u00bbKupi zdaj, pla\u010daj pozneje\u00ab (Klarna Bank AB (publ), \u0160vedska) in na\u0161a storitev \u00bbPla\u010daj pologa\u00ab nista na voljo za vas, nas <strong><a href=\"\/sl\/index.php#slide4\">kontaktirajte<\/a><\/strong> in posku\u0161ali vam bomo pomagati.--> \u010ce na\u0161a storitev \u00bbPla\u010daj pologa\u00ab nista na voljo za vas, nas <strong><a href=\"\/sl\/index.php#slide4\">kontaktirajte<\/a><\/strong> in posku\u0161ali vam bomo pomagati.\t\t\t\t\t\t\t\t<\/div>\n\t\t\t\t<\/div>\n\t\t\t\t<div class=\"elementor-element elementor-element-d22e687 elementor-hidden-desktop elementor-hidden-tablet elementor-hidden-mobile elementor-widget elementor-widget-text-editor\" data-id=\"d22e687\" data-element_type=\"widget\" data-e-type=\"widget\" data-widget_type=\"text-editor.default\">\n\t\t\t\t<div class=\"elementor-widget-container\">\n\t\t\t\t\t\t\t\t\t<p><strong>Posluh prosim!!! Zelo nam je \u017eal, storitev \u00bbPla\u010daj polog\u00ab za\u010dasno ni na voljo. Trudimo se, da storitev \u00bbPla\u010daj polog\u00ab obnovimo \u010dim hitreje. Spremljajte na\u0161e posodobitve.<\/strong><\/p>\t\t\t\t\t\t\t\t<\/div>\n\t\t\t\t<\/div>\n\t\t\t\t\t<\/div>\n\t\t<\/div>\n\t\t\t\t\t<\/div>\n\t\t<\/section>\n\t\t\t\t<\/div>\n\t\t","protected":false},"excerpt":{"rendered":"<p>KUPI ZDAJ, PLA\u010cAJ NA OBROKE Posluh prosim!!! Zelo nam je \u017eal, storitev \u00bbPla\u010daj polog\u00ab za\u010dasno ni na voljo. Trudimo se, da storitev \u00bbPla\u010daj polog\u00ab obnovimo \u010dim hitreje. Spremljajte na\u0161e posodobitve. Storitev pla\u010dila izdelkov po delih (storitev \u00bbPla\u010daj polog\u00ab) je za vsak na\u0161 izdelek na voljo vsem na\u0161im strankam iz Slovenije. Na\u0161e izdelke kupite zdaj in [&hellip;]<\/p>\n","protected":false},"author":1,"featured_media":0,"parent":0,"menu_order":0,"comment_status":"closed","ping_status":"closed","template":"","meta":{"footnotes":""},"class_list":["post-6246","page","type-page","status-publish","hentry"],"yoast_head":"<!-- This site is optimized with the Yoast SEO plugin v27.0 - https:\/\/yoast.com\/product\/yoast-seo-wordpress\/ -->\n<title>O POLOGU - LUX LES Dom Dekor<\/title>\n<meta name=\"description\" content=\"Kupite zdaj, pla\u010dajte na OBROKE. Storitev pla\u010dila izdelkov po delih (storitev \u00bbPla\u010daj polog\u00ab) je za vsak na\u0161 izdelek na voljo vsem na\u0161im strankam iz Slovenije.\" \/>\n<meta name=\"robots\" content=\"index, follow, max-snippet:-1, max-image-preview:large, max-video-preview:-1\" \/>\n<link rel=\"canonical\" href=\"https:\/\/luxles.si\/sl\/o-pologu\/\" \/>\n<meta property=\"og:locale\" content=\"sl_SI\" \/>\n<meta property=\"og:type\" content=\"article\" \/>\n<meta property=\"og:title\" content=\"O POLOGU - LUX LES Dom Dekor\" \/>\n<meta property=\"og:description\" content=\"Kupite zdaj, pla\u010dajte na OBROKE. Storitev pla\u010dila izdelkov po delih (storitev \u00bbPla\u010daj polog\u00ab) je za vsak na\u0161 izdelek na voljo vsem na\u0161im strankam iz Slovenije.\" \/>\n<meta property=\"og:url\" content=\"https:\/\/luxles.si\/sl\/o-pologu\/\" \/>\n<meta property=\"og:site_name\" content=\"LUX LES Dom Dekor\" \/>\n<meta property=\"article:publisher\" content=\"https:\/\/www.facebook.com\/luxlesdomdekor\/\" \/>\n<meta property=\"article:modified_time\" content=\"2024-02-12T07:34:22+00:00\" \/>\n<meta property=\"og:image\" content=\"https:\/\/luxles.si\/wp-content\/uploads\/2020\/10\/for_letter4_2.jpg\" \/>\n\t<meta property=\"og:image:width\" content=\"200\" \/>\n\t<meta property=\"og:image:height\" content=\"200\" \/>\n\t<meta property=\"og:image:type\" content=\"image\/jpeg\" \/>\n<meta name=\"twitter:card\" content=\"summary_large_image\" \/>\n<meta name=\"twitter:label1\" content=\"Est. reading time\" \/>\n\t<meta name=\"twitter:data1\" content=\"2 minuti\" \/>\n<script type=\"application\/ld+json\" class=\"yoast-schema-graph\">{\"@context\":\"https:\/\/schema.org\",\"@graph\":[{\"@type\":\"WebPage\",\"@id\":\"https:\/\/luxles.si\/sl\/o-pologu\/\",\"url\":\"https:\/\/luxles.si\/sl\/o-pologu\/\",\"name\":\"O POLOGU - LUX LES Dom Dekor\",\"isPartOf\":{\"@id\":\"https:\/\/luxles.si\/sl\/#website\"},\"datePublished\":\"2021-06-23T07:29:57+00:00\",\"dateModified\":\"2024-02-12T07:34:22+00:00\",\"description\":\"Kupite zdaj, pla\u010dajte na OBROKE. Storitev pla\u010dila izdelkov po delih (storitev \u00bbPla\u010daj polog\u00ab) je za vsak na\u0161 izdelek na voljo vsem na\u0161im strankam iz Slovenije.\",\"breadcrumb\":{\"@id\":\"https:\/\/luxles.si\/sl\/o-pologu\/#breadcrumb\"},\"inLanguage\":\"sl-SI\",\"potentialAction\":[{\"@type\":\"ReadAction\",\"target\":[\"https:\/\/luxles.si\/sl\/o-pologu\/\"]}]},{\"@type\":\"BreadcrumbList\",\"@id\":\"https:\/\/luxles.si\/sl\/o-pologu\/#breadcrumb\",\"itemListElement\":[{\"@type\":\"ListItem\",\"position\":1,\"name\":\"Domov\",\"item\":\"https:\/\/luxles.si\/sl\/\"},{\"@type\":\"ListItem\",\"position\":2,\"name\":\"O POLOGU\"}]},{\"@type\":\"WebSite\",\"@id\":\"https:\/\/luxles.si\/sl\/#website\",\"url\":\"https:\/\/luxles.si\/sl\/\",\"name\":\"LUX LES Dom Dekor\",\"description\":\"\",\"publisher\":{\"@id\":\"https:\/\/luxles.si\/sl\/#organization\"},\"potentialAction\":[{\"@type\":\"SearchAction\",\"target\":{\"@type\":\"EntryPoint\",\"urlTemplate\":\"https:\/\/luxles.si\/sl\/?s={search_term_string}\"},\"query-input\":{\"@type\":\"PropertyValueSpecification\",\"valueRequired\":true,\"valueName\":\"search_term_string\"}}],\"inLanguage\":\"sl-SI\"},{\"@type\":\"Organization\",\"@id\":\"https:\/\/luxles.si\/sl\/#organization\",\"name\":\"LUX LES Dom Dekor\",\"url\":\"https:\/\/luxles.si\/sl\/\",\"logo\":{\"@type\":\"ImageObject\",\"inLanguage\":\"sl-SI\",\"@id\":\"https:\/\/luxles.si\/sl\/#\/schema\/logo\/image\/\",\"url\":\"https:\/\/luxles.si\/wp-content\/uploads\/2020\/07\/logo.png\",\"contentUrl\":\"https:\/\/luxles.si\/wp-content\/uploads\/2020\/07\/logo.png\",\"width\":245,\"height\":70,\"caption\":\"LUX LES Dom Dekor\"},\"image\":{\"@id\":\"https:\/\/luxles.si\/sl\/#\/schema\/logo\/image\/\"},\"sameAs\":[\"https:\/\/www.facebook.com\/luxlesdomdekor\/\",\"https:\/\/www.instagram.com\/luxlesdomdekor\"]}]}<\/script>\n<!-- \/ Yoast SEO plugin. -->","yoast_head_json":{"title":"O POLOGU - LUX LES Dom Dekor","description":"Kupite zdaj, pla\u010dajte na OBROKE. Storitev pla\u010dila izdelkov po delih (storitev \u00bbPla\u010daj polog\u00ab) je za vsak na\u0161 izdelek na voljo vsem na\u0161im strankam iz Slovenije.","robots":{"index":"index","follow":"follow","max-snippet":"max-snippet:-1","max-image-preview":"max-image-preview:large","max-video-preview":"max-video-preview:-1"},"canonical":"https:\/\/luxles.si\/sl\/o-pologu\/","og_locale":"sl_SI","og_type":"article","og_title":"O POLOGU - LUX LES Dom Dekor","og_description":"Kupite zdaj, pla\u010dajte na OBROKE. Storitev pla\u010dila izdelkov po delih (storitev \u00bbPla\u010daj polog\u00ab) je za vsak na\u0161 izdelek na voljo vsem na\u0161im strankam iz Slovenije.","og_url":"https:\/\/luxles.si\/sl\/o-pologu\/","og_site_name":"LUX LES Dom Dekor","article_publisher":"https:\/\/www.facebook.com\/luxlesdomdekor\/","article_modified_time":"2024-02-12T07:34:22+00:00","og_image":[{"width":200,"height":200,"url":"https:\/\/luxles.si\/wp-content\/uploads\/2020\/10\/for_letter4_2.jpg","type":"image\/jpeg"}],"twitter_card":"summary_large_image","twitter_misc":{"Est. reading time":"2 minuti"},"schema":{"@context":"https:\/\/schema.org","@graph":[{"@type":"WebPage","@id":"https:\/\/luxles.si\/sl\/o-pologu\/","url":"https:\/\/luxles.si\/sl\/o-pologu\/","name":"O POLOGU - LUX LES Dom Dekor","isPartOf":{"@id":"https:\/\/luxles.si\/sl\/#website"},"datePublished":"2021-06-23T07:29:57+00:00","dateModified":"2024-02-12T07:34:22+00:00","description":"Kupite zdaj, pla\u010dajte na OBROKE. Storitev pla\u010dila izdelkov po delih (storitev \u00bbPla\u010daj polog\u00ab) je za vsak na\u0161 izdelek na voljo vsem na\u0161im strankam iz Slovenije.","breadcrumb":{"@id":"https:\/\/luxles.si\/sl\/o-pologu\/#breadcrumb"},"inLanguage":"sl-SI","potentialAction":[{"@type":"ReadAction","target":["https:\/\/luxles.si\/sl\/o-pologu\/"]}]},{"@type":"BreadcrumbList","@id":"https:\/\/luxles.si\/sl\/o-pologu\/#breadcrumb","itemListElement":[{"@type":"ListItem","position":1,"name":"Domov","item":"https:\/\/luxles.si\/sl\/"},{"@type":"ListItem","position":2,"name":"O POLOGU"}]},{"@type":"WebSite","@id":"https:\/\/luxles.si\/sl\/#website","url":"https:\/\/luxles.si\/sl\/","name":"LUX LES Dom Dekor","description":"","publisher":{"@id":"https:\/\/luxles.si\/sl\/#organization"},"potentialAction":[{"@type":"SearchAction","target":{"@type":"EntryPoint","urlTemplate":"https:\/\/luxles.si\/sl\/?s={search_term_string}"},"query-input":{"@type":"PropertyValueSpecification","valueRequired":true,"valueName":"search_term_string"}}],"inLanguage":"sl-SI"},{"@type":"Organization","@id":"https:\/\/luxles.si\/sl\/#organization","name":"LUX LES Dom Dekor","url":"https:\/\/luxles.si\/sl\/","logo":{"@type":"ImageObject","inLanguage":"sl-SI","@id":"https:\/\/luxles.si\/sl\/#\/schema\/logo\/image\/","url":"https:\/\/luxles.si\/wp-content\/uploads\/2020\/07\/logo.png","contentUrl":"https:\/\/luxles.si\/wp-content\/uploads\/2020\/07\/logo.png","width":245,"height":70,"caption":"LUX LES Dom Dekor"},"image":{"@id":"https:\/\/luxles.si\/sl\/#\/schema\/logo\/image\/"},"sameAs":["https:\/\/www.facebook.com\/luxlesdomdekor\/","https:\/\/www.instagram.com\/luxlesdomdekor"]}]}},"_links":{"self":[{"href":"https:\/\/luxles.si\/sl\/wp-json\/wp\/v2\/pages\/6246","targetHints":{"allow":["GET"]}}],"collection":[{"href":"https:\/\/luxles.si\/sl\/wp-json\/wp\/v2\/pages"}],"about":[{"href":"https:\/\/luxles.si\/sl\/wp-json\/wp\/v2\/types\/page"}],"author":[{"embeddable":true,"href":"https:\/\/luxles.si\/sl\/wp-json\/wp\/v2\/users\/1"}],"replies":[{"embeddable":true,"href":"https:\/\/luxles.si\/sl\/wp-json\/wp\/v2\/comments?post=6246"}],"version-history":[{"count":3,"href":"https:\/\/luxles.si\/sl\/wp-json\/wp\/v2\/pages\/6246\/revisions"}],"predecessor-version":[{"id":8685,"href":"https:\/\/luxles.si\/sl\/wp-json\/wp\/v2\/pages\/6246\/revisions\/8685"}],"wp:attachment":[{"href":"https:\/\/luxles.si\/sl\/wp-json\/wp\/v2\/media?parent=6246"}],"curies":[{"name":"wp","href":"https:\/\/api.w.org\/{rel}","templated":true}]}}