{"id":6002,"date":"2022-02-10T13:50:05","date_gmt":"2022-02-10T12:50:05","guid":{"rendered":"https:\/\/luxles.si\/paneli-z-omejeno-garancijo\/"},"modified":"2022-02-14T08:31:37","modified_gmt":"2022-02-14T07:31:37","slug":"paneli-z-omejeno-garancijo","status":"publish","type":"page","link":"https:\/\/luxles.si\/sl\/paneli-z-omejeno-garancijo\/","title":{"rendered":"Paneli z OMEJENO GARANCIJO"},"content":{"rendered":"\t\t<div data-elementor-type=\"wp-page\" data-elementor-id=\"6002\" class=\"elementor elementor-6002 elementor-2229\">\n\t\t\t\t\t\t<section class=\"elementor-section elementor-top-section elementor-element elementor-element-4bc4f3d elementor-section-full_width elementor-section-height-default elementor-section-height-default\" data-id=\"4bc4f3d\" data-element_type=\"section\" data-e-type=\"section\">\n\t\t\t\t\t\t<div class=\"elementor-container elementor-column-gap-default\">\n\t\t\t\t\t<div class=\"elementor-column elementor-col-100 elementor-top-column elementor-element elementor-element-74e44f1\" data-id=\"74e44f1\" data-element_type=\"column\" data-e-type=\"column\">\n\t\t\t<div class=\"elementor-widget-wrap elementor-element-populated\">\n\t\t\t\t\t\t<div class=\"elementor-element elementor-element-5e8cba4 elementor-widget__width-inherit elementor-tabs-view-horizontal elementor-widget elementor-widget-tabs\" data-id=\"5e8cba4\" data-element_type=\"widget\" data-e-type=\"widget\" id=\"h-tabs\" data-widget_type=\"tabs.default\">\n\t\t\t\t<div class=\"elementor-widget-container\">\n\t\t\t\t\t\t\t<div class=\"elementor-tabs\">\n\t\t\t<div class=\"elementor-tabs-wrapper\" role=\"tablist\" >\n\t\t\t\t\t\t\t\t\t<div id=\"elementor-tab-title-9911\" class=\"elementor-tab-title elementor-tab-desktop-title\" aria-selected=\"true\" data-tab=\"1\" role=\"tab\" tabindex=\"0\" aria-controls=\"elementor-tab-content-9911\" aria-expanded=\"false\">REZIDEN\u010cNA OMEJENA GARANCIJA<\/div>\n\t\t\t\t\t\t\t\t\t<div id=\"elementor-tab-title-9912\" class=\"elementor-tab-title elementor-tab-desktop-title\" aria-selected=\"false\" data-tab=\"2\" role=\"tab\" tabindex=\"-1\" aria-controls=\"elementor-tab-content-9912\" aria-expanded=\"false\">KOMERCIALNA OMEJENA GARANCIJA<\/div>\n\t\t\t\t\t\t\t<\/div>\n\t\t\t<div class=\"elementor-tabs-content-wrapper\" role=\"tablist\" aria-orientation=\"vertical\">\n\t\t\t\t\t\t\t\t\t<div class=\"elementor-tab-title elementor-tab-mobile-title\" aria-selected=\"true\" data-tab=\"1\" role=\"tab\" tabindex=\"0\" aria-controls=\"elementor-tab-content-9911\" aria-expanded=\"false\">REZIDEN\u010cNA OMEJENA GARANCIJA<\/div>\n\t\t\t\t\t<div id=\"elementor-tab-content-9911\" class=\"elementor-tab-content elementor-clearfix\" data-tab=\"1\" role=\"tabpanel\" aria-labelledby=\"elementor-tab-title-9911\" tabindex=\"0\" hidden=\"false\"><aside class=\"present\"><a href=\"\/wp-content\/LUXLESDom-DekorRLW-panels.pdf\" target=\"_blank\" rel=\"noopener\"><span style=\"font-family: Roboto;\">OGLEJTE SI<br \/>\u00bbREZIDEN\u010cNA OMEJENA GARANCIJA\u00ab V PDF FORMATU<\/span><\/a><\/aside><p>\u00a0<\/p><p>\u00a0<\/p><p><strong>Kaj zajema na\u0161e kritje:<\/strong><br \/><br \/><span style=\"text-align: justify; display: block;\">Leseni stenski paneli LUX LES Dom-Dekor ne bodo imeli tovarni\u0161kih napak 10 let od datuma prvega nakupa. K tovarni\u0161kim napakam spadajo neustrezno bru\u0161enje, odstopanje ali nepravilna sestavitev.<\/span><\/p><p><span style=\"text-align: justify; display: block;\">Ta garancija krije samo nakupe, opravljene na spletni strani <strong>luxles.si<\/strong> in\/ali pri poobla\u0161\u010denih prodajalcih.<\/span><\/p><p><strong>Kaj morate upo\u0161tevati, da bo garancija ostala veljavna:<\/strong><\/p><ul><li><span style=\"text-align: justify; display: block;\">Leseni stenski paneli LUX LES Dom-Dekor se smejo uporabljati samo v notranjih prostorih.<\/span><\/li><li><span style=\"text-align: justify; display: block;\">Monta\u017eo je treba opraviti v skladu s pisnimi <strong>navodili<\/strong>, pri \u010demer morate pred, med in po opravljeni monta\u017ei ohranjati v prostoru vla\u017enost od 30 do 55 %. Leseni stenski paneli LUX LES Dom-Dekor se ne priporo\u010dajo v kopalnicah.<\/span><\/li><\/ul><p><strong>Izjeme pri garanciji. \u010cesa ne krije ta garancija:<\/strong><\/p><ul><li><span style=\"text-align: justify; display: block;\">Garancijsko kritje ne velja za panele s kakr\u0161nimi koli o\u010ditnimi napakami, ki so bili kljub temu montirani.<\/span><\/li><li><span style=\"text-align: justify; display: block;\">Garancija ne velja za napake pri merjenju, monta\u017ei, po\u0161kodbe sten ali opleska.<\/span><\/li><li>Ni garancije na lepilo, ki ga uporabljate pri monta\u017ei.<\/li><li>Ni garancijskega kritja za lesene stene, na katere ste montirali lesene stenske panele LUX LES Dom-Dekor.<\/li><li><span style=\"text-align: justify; display: block;\">Garancija ne krije po\u0161kodb zaradi neustreznih pogojev, napa\u010dne uporabe izdelka, po\u0161kodb pri transportu, izpostavljenosti ekstremni vro\u010dini, spreminjanja, predruga\u010denja ali nezgod, ki med drugim vklju\u010dujejo mo\u010dne udarce, praskanje, rezanje, brezbri\u017enost, sledi markerjev, barvnih svin\u010dnikov, nalivnikov ali kemi\u010dne po\u0161kodbe.<\/span><\/li><li><span style=\"text-align: justify; display: block;\">Ni kritja za praske, vdolbine, zareze in sledi pisal, ki so bile jasno vidne v \u010dasu monta\u017ee ali so se na eni ali ve\u010d plo\u0161\u010dah pojavile po monta\u017ei.<\/span><\/li><li><span style=\"text-align: justify; display: block;\">Garancijsko kritje ne velja za po\u0161kodbe zaradi vode, ki jih med drugim povzro\u010dijo naravne nesre\u010de, napake na napravah, izhajanje vlage iz betonskega zidu ali stropa oziroma zunanji vir vode zaradi delovanja razpr\u0161evalnih sistemov, snega, de\u017eja, ali pa voda, ki vstopi skozi odprto okno ali vrata, itd.<\/span><\/li><li><span style=\"text-align: justify; display: block;\">Garancija ne krije nepravilnega \u010di\u0161\u010denja \u2013 <strong>glejte navodila za \u010di\u0161\u010denje<\/strong>.<\/span><\/li><li><span style=\"text-align: justify; display: block;\">Les je naravni izdelek; razlike v vzorcu, strukturi, barvi in\/ali teksturi so normalne in se ne pojmujejo kot napake, zato se garancija ne nana\u0161a nanje. Garancija ne velja za naravne spremembe barv, ki se s\u010dasoma pojavijo v lesu zaradi izpostavljenosti UV svetlobi. Barvni pigment na stenskih plo\u0161\u010dah se lahko s\u010dasoma spremeni ali zmeh\u010da zaradi izpostavljenosti fluorescentni in son\u010dni svetlobi.<\/span><\/li><li><span style=\"text-align: justify; display: block;\">Ni kritja barvnega ujemanja z drugimi lesenimi izdelki, kot so \u0161tukature, stopnice, omare.<\/span><\/li><li><span style=\"text-align: justify; display: block;\">Leseni stenski paneli LUX LES Dom-Dekor niso namenjeni obremenitvam. Stenski dekor, kot so zrcala, slike ali police, se lahko namestijo, tako da se skozi lesene stenske panele LUX LES Dom-Dekor izvrtajo luknje v zid, vanje namestijo zidni vlo\u017eki, nato pa se dekor pri\u010dvrsti z vijaki. Pri monta\u017ei stenskega dekorja uporabite ustrezne pripomo\u010dke.<\/span><\/li><li>Odstopanje: povr\u0161ina stene ali stropa mora biti nepo\u0161kodovana, o\u010di\u0161\u010dena, suha in ravna ter pripravljena v skladu z navodili za monta\u017eo. Tapete morate odstraniti.<\/li><li><span style=\"text-align: justify; display: block;\">To besedilo je popolna in izklju\u010dna izjava o garanciji ter je v skladu z vsemi drugimi izrecnimi in\/ali zakonskimi jamstvi. Proizvajalec v najve\u010dji meri, ki jo dovoljuje slovenska zakonodaja, zavra\u010da vsa druga jamstva, izrecna ali implicitna, vklju\u010dno z vsemi implicitnimi zastopanji ali jamstvi v zvezi s prodajo ali ustreznostjo za kateri koli poseben primer. Proizvajalec ne prevzema nobene odgovornosti za posledi\u010dne, naklju\u010dne, posebne ali eksemplari\u010dne po\u0161kodbe, tako da ta izklju\u010dnost morda ne velja za vas. Ta garancija vam daje posebne zakonite pravice, morda imate po slovenski zakonodaji tudi druge pravice. Edini ukrep, ki vam ga zagotavljamo, je popravilo ali zamenjava okvarjenih izdelkov. Ta garancija ne krije stro\u0161kov monta\u017ee ali ponovne monta\u017ee.<\/span><\/li><li><span style=\"text-align: justify; display: block;\">Noben monter, prodajalec, distributer ali posrednik ni poobla\u0161\u010den za \u0161irjenje ali spreminjanje obsega obveznosti ali omejitev, ki jih dolo\u010da ta garancija.<\/span><\/li><li><span style=\"text-align: justify; display: block;\">Vsi spori, povezani z nakupom tega izdelka ali to garancijo, se obvezno in zavezujo\u010de re\u0161ujejo v Sloveniji v skladu s slovenskim pravom.<\/span><\/li><li><span style=\"text-align: justify; display: block;\">Proizvajalec se ukvarja samo z zahtevki, ki se nana\u0161ajo na izdelek, ki je bil kupljen pri poobla\u0161\u010denem prodajalcu v originalni embala\u017ei.<\/span><\/li><\/ul><p><strong>Kako vlo\u017eiti garancijski zahtevek:<\/strong><\/p><p><span style=\"text-align: justify; display: block;\">Obrnite se na prodajalca, pri katerem ste kupili lesene stenske panele LUX LES Dom-Dekor, v 15 dneh po zaznavi potencialne napake ter mu sporo\u010dite podrobnosti o napaki. \u010ce ugotovi, da gre za tovarni\u0161ko napako, ki je ni bilo opaziti v \u010dasu monta\u017ee, bo pisni zahtevek posredoval proizvajalcu. \u010ce bo zahtevek odobren, lahko proizvajalec ponudi mo\u017enost popravila, zamenjave ali povra\u010dila prvotnih stro\u0161kov nakupa okvarjenih materialov. Prodajalec bo obvestil kupca o statusu zahtevka. Garancija je omejena zgolj na stro\u0161ke lesenih stenskih panelov LUX LES Dom-Dekor.<\/span><\/p><p><span style=\"text-align: justify; display: block;\"><strong>Ogled v zvezi z zahtevkom<\/strong>: \u010ce se ugotovi, da je potreben ogled monta\u017ee lesenih stenskih panelov LUX LES Dom-Dekor, se pri re\u0161evanju zahtevka kot dokazi upo\u0161tevajo samo poro\u010dila neodvisnih oglednikov, ki jih vnaprej pooblasti in odobri proizvajalec.<\/span><\/p><\/div>\n\t\t\t\t\t\t\t\t\t<div class=\"elementor-tab-title elementor-tab-mobile-title\" aria-selected=\"false\" data-tab=\"2\" role=\"tab\" tabindex=\"-1\" aria-controls=\"elementor-tab-content-9912\" aria-expanded=\"false\">KOMERCIALNA OMEJENA GARANCIJA<\/div>\n\t\t\t\t\t<div id=\"elementor-tab-content-9912\" class=\"elementor-tab-content elementor-clearfix\" data-tab=\"2\" role=\"tabpanel\" aria-labelledby=\"elementor-tab-title-9912\" tabindex=\"0\" hidden=\"hidden\"><aside class=\"present\"><a href=\"\/wp-content\/LUXLESDom-DekorCLW-panels.pdf\" target=\"_blank\" rel=\"noopener\"><span style=\"font-family: Roboto;\">OGLEJTE SI<br \/>\u00bbKOMERCIALNA OMEJENA GARANCIJA\u00ab V PDF FORMATU<\/span><\/a><\/aside><p>\u00a0<\/p><p>\u00a0<\/p><p><strong>Kaj zajema na\u0161e kritje:<\/strong><br \/><br \/><span style=\"text-align: justify; display: block;\">Leseni stenski paneli LUX LES Dom-Dekor ne bodo imeli tovarni\u0161kih napak 7 let od datuma prvega nakupa. K tovarni\u0161kim napakam spadajo neustrezno bru\u0161enje, odstopanje ali nepravilna sestavitev.<\/span><\/p><p><span style=\"text-align: justify; display: block;\">Ta garancija krije samo nakupe, opravljene na spletni strani <strong>luxles.si<\/strong> in\/ali pri poobla\u0161\u010denih prodajalcih.<\/span><\/p><p><strong>Kaj morate upo\u0161tevati, da bo garancija ostala veljavna:<\/strong><\/p><ul><li><span style=\"text-align: justify; display: block;\">Leseni stenski paneli LUX LES Dom-Dekor se smejo uporabljati samo v notranjih prostorih.<\/span><\/li><li><span style=\"text-align: justify; display: block;\">Monta\u017eo je treba opraviti v skladu s pisnimi <strong>navodili<\/strong>, pri \u010demer morate pred, med in po opravljeni monta\u017ei ohranjati v prostoru vla\u017enost od 30 do 55 %. Leseni stenski paneli LUX LES Dom-Dekor se ne priporo\u010dajo v kopalnicah.<\/span><\/li><\/ul><p><strong>Izjeme pri garanciji. \u010cesa ne krije ta garancija:<\/strong><\/p><ul><li><span style=\"text-align: justify; display: block;\">Garancijsko kritje ne velja za panele s kakr\u0161nimi koli o\u010ditnimi napakami, ki so bili kljub temu montirani.<\/span><\/li><li><span style=\"text-align: justify; display: block;\">Garancija ne velja za napake pri merjenju, monta\u017ei, po\u0161kodbe sten ali opleska.<\/span><\/li><li>Ni garancije na lepilo, ki ga uporabljate pri monta\u017ei.<\/li><li>Ni garancijskega kritja za lesene stene, na katere ste montirali lesene stenske panele LUX LES Dom-Dekor.<\/li><li><span style=\"text-align: justify; display: block;\">Garancija ne krije po\u0161kodb zaradi neustreznih pogojev, napa\u010dne uporabe izdelka, po\u0161kodb pri transportu, izpostavljenosti ekstremni vro\u010dini, spreminjanja, predruga\u010denja ali nezgod, ki med drugim vklju\u010dujejo mo\u010dne udarce, praskanje, rezanje, brezbri\u017enost, sledi markerjev, barvnih svin\u010dnikov, nalivnikov ali kemi\u010dne po\u0161kodbe.<\/span><\/li><li><span style=\"text-align: justify; display: block;\">Ni kritja za praske, vdolbine, zareze in sledi pisal, ki so bile jasno vidne v \u010dasu monta\u017ee ali so se na eni ali ve\u010d plo\u0161\u010dah pojavile po monta\u017ei.<\/span><\/li><li><span style=\"text-align: justify; display: block;\">Garancijsko kritje ne velja za po\u0161kodbe zaradi vode, ki jih med drugim povzro\u010dijo naravne nesre\u010de, napake na napravah, izhajanje vlage iz betonskega zidu ali stropa oziroma zunanji vir vode zaradi delovanja razpr\u0161evalnih sistemov, snega, de\u017eja, ali pa voda, ki vstopi skozi odprto okno ali vrata, itd.<\/span><\/li><li><span style=\"text-align: justify; display: block;\">Garancija ne krije nepravilnega \u010di\u0161\u010denja \u2013 <strong>glejte navodila za \u010di\u0161\u010denje<\/strong>.<\/span><\/li><li><span style=\"text-align: justify; display: block;\">Les je naravni izdelek; razlike v vzorcu, strukturi, barvi in\/ali teksturi so normalne in se ne pojmujejo kot napake, zato se garancija ne nana\u0161a nanje. Garancija ne velja za naravne spremembe barv, ki se s\u010dasoma pojavijo v lesu zaradi izpostavljenosti UV svetlobi. Barvni pigment na stenskih plo\u0161\u010dah se lahko s\u010dasoma spremeni ali zmeh\u010da zaradi izpostavljenosti fluorescentni in son\u010dni svetlobi.<\/span><\/li><li><span style=\"text-align: justify; display: block;\">Ni kritja barvnega ujemanja z drugimi lesenimi izdelki, kot so \u0161tukature, stopnice, omare.<\/span><\/li><li><span style=\"text-align: justify; display: block;\">Leseni stenski paneli LUX LES Dom-Dekor niso namenjeni obremenitvam. Stenski dekor, kot so zrcala, slike ali police, se lahko namestijo, tako da se skozi lesene stenske panele LUX LES Dom-Dekor izvrtajo luknje v zid, vanje namestijo zidni vlo\u017eki, nato pa se dekor pri\u010dvrsti z vijaki. Pri monta\u017ei stenskega dekorja uporabite ustrezne pripomo\u010dke.<\/span><\/li><li>Odstopanje: povr\u0161ina stene ali stropa mora biti nepo\u0161kodovana, o\u010di\u0161\u010dena, suha in ravna ter pripravljena v skladu z navodili za monta\u017eo. Tapete morate odstraniti.<\/li><li><span style=\"text-align: justify; display: block;\">To besedilo je popolna in izklju\u010dna izjava o garanciji ter je v skladu z vsemi drugimi izrecnimi in\/ali zakonskimi jamstvi. Proizvajalec v najve\u010dji meri, ki jo dovoljuje slovenska zakonodaja, zavra\u010da vsa druga jamstva, izrecna ali implicitna, vklju\u010dno z vsemi implicitnimi zastopanji ali jamstvi v zvezi s prodajo ali ustreznostjo za kateri koli poseben primer. Proizvajalec ne prevzema nobene odgovornosti za posledi\u010dne, naklju\u010dne, posebne ali eksemplari\u010dne po\u0161kodbe, tako da ta izklju\u010dnost morda ne velja za vas. Ta garancija vam daje posebne zakonite pravice, morda imate po slovenski zakonodaji tudi druge pravice. Edini ukrep, ki vam ga zagotavljamo, je popravilo ali zamenjava okvarjenih izdelkov. Ta garancija ne krije stro\u0161kov monta\u017ee ali ponovne monta\u017ee.<\/span><\/li><li><span style=\"text-align: justify; display: block;\">Noben monter, prodajalec, distributer ali posrednik ni poobla\u0161\u010den za \u0161irjenje ali spreminjanje obsega obveznosti ali omejitev, ki jih dolo\u010da ta garancija.<\/span><\/li><li><span style=\"text-align: justify; display: block;\">Vsi spori, povezani z nakupom tega izdelka ali to garancijo, se obvezno in zavezujo\u010de re\u0161ujejo v Sloveniji v skladu s slovenskim pravom.<\/span><\/li><li><span style=\"text-align: justify; display: block;\">Proizvajalec se ukvarja samo z zahtevki, ki se nana\u0161ajo na izdelek, ki je bil kupljen pri poobla\u0161\u010denem prodajalcu v originalni embala\u017ei.<\/span><\/li><\/ul><p><strong>Kako vlo\u017eiti garancijski zahtevek:<\/strong><\/p><p><span style=\"text-align: justify; display: block;\">Obrnite se na prodajalca, pri katerem ste kupili lesene stenske panele LUX LES Dom-Dekor, v 15 dneh po zaznavi potencialne napake ter mu sporo\u010dite podrobnosti o napaki. \u010ce ugotovi, da gre za tovarni\u0161ko napako, ki je ni bilo opaziti v \u010dasu monta\u017ee, bo pisni zahtevek posredoval proizvajalcu. \u010ce bo zahtevek odobren, lahko proizvajalec ponudi mo\u017enost popravila, zamenjave ali povra\u010dila prvotnih stro\u0161kov nakupa okvarjenih materialov. Prodajalec bo obvestil kupca o statusu zahtevka. Garancija je omejena zgolj na stro\u0161ke lesenih stenskih panelov LUX LES Dom-Dekor.<\/span><\/p><p><span style=\"text-align: justify; display: block;\"><strong>Ogled v zvezi z zahtevkom<\/strong>: \u010ce se ugotovi, da je potreben ogled monta\u017ee lesenih stenskih panelov LUX LES Dom-Dekor, se pri re\u0161evanju zahtevka kot dokazi upo\u0161tevajo samo poro\u010dila neodvisnih oglednikov, ki jih vnaprej pooblasti in odobri proizvajalec.<\/span><\/p><\/div>\n\t\t\t\t\t\t\t<\/div>\n\t\t<\/div>\n\t\t\t\t\t\t<\/div>\n\t\t\t\t<\/div>\n\t\t\t\t\t<\/div>\n\t\t<\/div>\n\t\t\t\t\t<\/div>\n\t\t<\/section>\n\t\t\t\t<\/div>\n\t\t","protected":false},"excerpt":{"rendered":"<p>REZIDEN\u010cNA OMEJENA GARANCIJA KOMERCIALNA OMEJENA GARANCIJA REZIDEN\u010cNA OMEJENA GARANCIJA OGLEJTE SI\u00bbREZIDEN\u010cNA OMEJENA GARANCIJA\u00ab V PDF FORMATU \u00a0 \u00a0 Kaj zajema na\u0161e kritje: Leseni stenski paneli LUX LES Dom-Dekor ne bodo imeli tovarni\u0161kih napak 10 let od datuma prvega nakupa. K tovarni\u0161kim napakam spadajo neustrezno bru\u0161enje, odstopanje ali nepravilna sestavitev. Ta garancija krije samo nakupe, opravljene [&hellip;]<\/p>\n","protected":false},"author":1,"featured_media":0,"parent":0,"menu_order":0,"comment_status":"closed","ping_status":"open","template":"","meta":{"footnotes":""},"class_list":["post-6002","page","type-page","status-publish","hentry"],"yoast_head":"<!-- This site is optimized with the Yoast SEO plugin v27.0 - https:\/\/yoast.com\/product\/yoast-seo-wordpress\/ -->\n<title>Paneli z OMEJENO GARANCIJO - LUX LES Dom Dekor<\/title>\n<meta name=\"description\" content=\"\u010cE NI DRUGA\u010cE PISNO DOGOVORJENO, SO NASLEDNJI POGOJI PRODAJE IZDELKOV OMEJENI NA IZDELKE, VKLJU\u010cENE V TEM DOKUMENTU.\" \/>\n<meta name=\"robots\" content=\"index, follow, max-snippet:-1, max-image-preview:large, max-video-preview:-1\" \/>\n<link rel=\"canonical\" href=\"https:\/\/luxles.si\/sl\/paneli-z-omejeno-garancijo\/\" \/>\n<meta property=\"og:locale\" content=\"sl_SI\" \/>\n<meta property=\"og:type\" content=\"article\" \/>\n<meta property=\"og:title\" content=\"Paneli z OMEJENO GARANCIJO - LUX LES Dom Dekor\" \/>\n<meta property=\"og:description\" content=\"\u010cE NI DRUGA\u010cE PISNO DOGOVORJENO, SO NASLEDNJI POGOJI PRODAJE IZDELKOV OMEJENI NA IZDELKE, VKLJU\u010cENE V TEM DOKUMENTU.\" \/>\n<meta property=\"og:url\" content=\"https:\/\/luxles.si\/sl\/paneli-z-omejeno-garancijo\/\" \/>\n<meta property=\"og:site_name\" content=\"LUX LES Dom Dekor\" \/>\n<meta property=\"article:publisher\" content=\"https:\/\/www.facebook.com\/luxlesdomdekor\/\" \/>\n<meta property=\"article:modified_time\" content=\"2022-02-14T07:31:37+00:00\" \/>\n<meta property=\"og:image\" content=\"https:\/\/luxles.si\/wp-content\/uploads\/2020\/10\/for_letter4_2.jpg\" \/>\n\t<meta property=\"og:image:width\" content=\"200\" \/>\n\t<meta property=\"og:image:height\" content=\"200\" \/>\n\t<meta property=\"og:image:type\" content=\"image\/jpeg\" \/>\n<meta name=\"twitter:card\" content=\"summary_large_image\" \/>\n<meta name=\"twitter:label1\" content=\"Est. reading time\" \/>\n\t<meta name=\"twitter:data1\" content=\"9 minut\" \/>\n<script type=\"application\/ld+json\" class=\"yoast-schema-graph\">{\"@context\":\"https:\/\/schema.org\",\"@graph\":[{\"@type\":\"WebPage\",\"@id\":\"https:\/\/luxles.si\/sl\/paneli-z-omejeno-garancijo\/\",\"url\":\"https:\/\/luxles.si\/sl\/paneli-z-omejeno-garancijo\/\",\"name\":\"Paneli z OMEJENO GARANCIJO - LUX LES Dom Dekor\",\"isPartOf\":{\"@id\":\"https:\/\/luxles.si\/sl\/#website\"},\"datePublished\":\"2022-02-10T12:50:05+00:00\",\"dateModified\":\"2022-02-14T07:31:37+00:00\",\"description\":\"\u010cE NI DRUGA\u010cE PISNO DOGOVORJENO, SO NASLEDNJI POGOJI PRODAJE IZDELKOV OMEJENI NA IZDELKE, VKLJU\u010cENE V TEM DOKUMENTU.\",\"breadcrumb\":{\"@id\":\"https:\/\/luxles.si\/sl\/paneli-z-omejeno-garancijo\/#breadcrumb\"},\"inLanguage\":\"sl-SI\",\"potentialAction\":[{\"@type\":\"ReadAction\",\"target\":[\"https:\/\/luxles.si\/sl\/paneli-z-omejeno-garancijo\/\"]}]},{\"@type\":\"BreadcrumbList\",\"@id\":\"https:\/\/luxles.si\/sl\/paneli-z-omejeno-garancijo\/#breadcrumb\",\"itemListElement\":[{\"@type\":\"ListItem\",\"position\":1,\"name\":\"Domov\",\"item\":\"https:\/\/luxles.si\/sl\/\"},{\"@type\":\"ListItem\",\"position\":2,\"name\":\"Paneli z OMEJENO GARANCIJO\"}]},{\"@type\":\"WebSite\",\"@id\":\"https:\/\/luxles.si\/sl\/#website\",\"url\":\"https:\/\/luxles.si\/sl\/\",\"name\":\"LUX LES Dom Dekor\",\"description\":\"\",\"publisher\":{\"@id\":\"https:\/\/luxles.si\/sl\/#organization\"},\"potentialAction\":[{\"@type\":\"SearchAction\",\"target\":{\"@type\":\"EntryPoint\",\"urlTemplate\":\"https:\/\/luxles.si\/sl\/?s={search_term_string}\"},\"query-input\":{\"@type\":\"PropertyValueSpecification\",\"valueRequired\":true,\"valueName\":\"search_term_string\"}}],\"inLanguage\":\"sl-SI\"},{\"@type\":\"Organization\",\"@id\":\"https:\/\/luxles.si\/sl\/#organization\",\"name\":\"LUX LES Dom Dekor\",\"url\":\"https:\/\/luxles.si\/sl\/\",\"logo\":{\"@type\":\"ImageObject\",\"inLanguage\":\"sl-SI\",\"@id\":\"https:\/\/luxles.si\/sl\/#\/schema\/logo\/image\/\",\"url\":\"https:\/\/luxles.si\/wp-content\/uploads\/2020\/07\/logo.png\",\"contentUrl\":\"https:\/\/luxles.si\/wp-content\/uploads\/2020\/07\/logo.png\",\"width\":245,\"height\":70,\"caption\":\"LUX LES Dom Dekor\"},\"image\":{\"@id\":\"https:\/\/luxles.si\/sl\/#\/schema\/logo\/image\/\"},\"sameAs\":[\"https:\/\/www.facebook.com\/luxlesdomdekor\/\",\"https:\/\/www.instagram.com\/luxlesdomdekor\"]}]}<\/script>\n<!-- \/ Yoast SEO plugin. -->","yoast_head_json":{"title":"Paneli z OMEJENO GARANCIJO - LUX LES Dom Dekor","description":"\u010cE NI DRUGA\u010cE PISNO DOGOVORJENO, SO NASLEDNJI POGOJI PRODAJE IZDELKOV OMEJENI NA IZDELKE, VKLJU\u010cENE V TEM DOKUMENTU.","robots":{"index":"index","follow":"follow","max-snippet":"max-snippet:-1","max-image-preview":"max-image-preview:large","max-video-preview":"max-video-preview:-1"},"canonical":"https:\/\/luxles.si\/sl\/paneli-z-omejeno-garancijo\/","og_locale":"sl_SI","og_type":"article","og_title":"Paneli z OMEJENO GARANCIJO - LUX LES Dom Dekor","og_description":"\u010cE NI DRUGA\u010cE PISNO DOGOVORJENO, SO NASLEDNJI POGOJI PRODAJE IZDELKOV OMEJENI NA IZDELKE, VKLJU\u010cENE V TEM DOKUMENTU.","og_url":"https:\/\/luxles.si\/sl\/paneli-z-omejeno-garancijo\/","og_site_name":"LUX LES Dom Dekor","article_publisher":"https:\/\/www.facebook.com\/luxlesdomdekor\/","article_modified_time":"2022-02-14T07:31:37+00:00","og_image":[{"width":200,"height":200,"url":"https:\/\/luxles.si\/wp-content\/uploads\/2020\/10\/for_letter4_2.jpg","type":"image\/jpeg"}],"twitter_card":"summary_large_image","twitter_misc":{"Est. reading time":"9 minut"},"schema":{"@context":"https:\/\/schema.org","@graph":[{"@type":"WebPage","@id":"https:\/\/luxles.si\/sl\/paneli-z-omejeno-garancijo\/","url":"https:\/\/luxles.si\/sl\/paneli-z-omejeno-garancijo\/","name":"Paneli z OMEJENO GARANCIJO - LUX LES Dom Dekor","isPartOf":{"@id":"https:\/\/luxles.si\/sl\/#website"},"datePublished":"2022-02-10T12:50:05+00:00","dateModified":"2022-02-14T07:31:37+00:00","description":"\u010cE NI DRUGA\u010cE PISNO DOGOVORJENO, SO NASLEDNJI POGOJI PRODAJE IZDELKOV OMEJENI NA IZDELKE, VKLJU\u010cENE V TEM DOKUMENTU.","breadcrumb":{"@id":"https:\/\/luxles.si\/sl\/paneli-z-omejeno-garancijo\/#breadcrumb"},"inLanguage":"sl-SI","potentialAction":[{"@type":"ReadAction","target":["https:\/\/luxles.si\/sl\/paneli-z-omejeno-garancijo\/"]}]},{"@type":"BreadcrumbList","@id":"https:\/\/luxles.si\/sl\/paneli-z-omejeno-garancijo\/#breadcrumb","itemListElement":[{"@type":"ListItem","position":1,"name":"Domov","item":"https:\/\/luxles.si\/sl\/"},{"@type":"ListItem","position":2,"name":"Paneli z OMEJENO GARANCIJO"}]},{"@type":"WebSite","@id":"https:\/\/luxles.si\/sl\/#website","url":"https:\/\/luxles.si\/sl\/","name":"LUX LES Dom Dekor","description":"","publisher":{"@id":"https:\/\/luxles.si\/sl\/#organization"},"potentialAction":[{"@type":"SearchAction","target":{"@type":"EntryPoint","urlTemplate":"https:\/\/luxles.si\/sl\/?s={search_term_string}"},"query-input":{"@type":"PropertyValueSpecification","valueRequired":true,"valueName":"search_term_string"}}],"inLanguage":"sl-SI"},{"@type":"Organization","@id":"https:\/\/luxles.si\/sl\/#organization","name":"LUX LES Dom Dekor","url":"https:\/\/luxles.si\/sl\/","logo":{"@type":"ImageObject","inLanguage":"sl-SI","@id":"https:\/\/luxles.si\/sl\/#\/schema\/logo\/image\/","url":"https:\/\/luxles.si\/wp-content\/uploads\/2020\/07\/logo.png","contentUrl":"https:\/\/luxles.si\/wp-content\/uploads\/2020\/07\/logo.png","width":245,"height":70,"caption":"LUX LES Dom Dekor"},"image":{"@id":"https:\/\/luxles.si\/sl\/#\/schema\/logo\/image\/"},"sameAs":["https:\/\/www.facebook.com\/luxlesdomdekor\/","https:\/\/www.instagram.com\/luxlesdomdekor"]}]}},"_links":{"self":[{"href":"https:\/\/luxles.si\/sl\/wp-json\/wp\/v2\/pages\/6002","targetHints":{"allow":["GET"]}}],"collection":[{"href":"https:\/\/luxles.si\/sl\/wp-json\/wp\/v2\/pages"}],"about":[{"href":"https:\/\/luxles.si\/sl\/wp-json\/wp\/v2\/types\/page"}],"author":[{"embeddable":true,"href":"https:\/\/luxles.si\/sl\/wp-json\/wp\/v2\/users\/1"}],"replies":[{"embeddable":true,"href":"https:\/\/luxles.si\/sl\/wp-json\/wp\/v2\/comments?post=6002"}],"version-history":[{"count":0,"href":"https:\/\/luxles.si\/sl\/wp-json\/wp\/v2\/pages\/6002\/revisions"}],"wp:attachment":[{"href":"https:\/\/luxles.si\/sl\/wp-json\/wp\/v2\/media?parent=6002"}],"curies":[{"name":"wp","href":"https:\/\/api.w.org\/{rel}","templated":true}]}}