{"id":5806,"date":"2022-01-17T13:44:25","date_gmt":"2022-01-17T12:44:25","guid":{"rendered":"https:\/\/luxles.si\/mize-lux-les-dom-dekor\/"},"modified":"2022-01-19T13:40:55","modified_gmt":"2022-01-19T12:40:55","slug":"mize-lux-les-dom-dekor","status":"publish","type":"page","link":"https:\/\/luxles.si\/sl\/mize-lux-les-dom-dekor\/","title":{"rendered":"Mize LUX LES Dom-Dekor"},"content":{"rendered":"\t\t<div data-elementor-type=\"wp-page\" data-elementor-id=\"5806\" class=\"elementor elementor-5806 elementor-3068\">\n\t\t\t\t\t\t<section class=\"elementor-section elementor-top-section elementor-element elementor-element-4575ba4d elementor-section-full_width elementor-section-height-default elementor-section-height-default\" data-id=\"4575ba4d\" data-element_type=\"section\" data-e-type=\"section\">\n\t\t\t\t\t\t<div class=\"elementor-container elementor-column-gap-default\">\n\t\t\t\t\t<div class=\"elementor-column elementor-col-100 elementor-top-column elementor-element elementor-element-45839fc0\" data-id=\"45839fc0\" data-element_type=\"column\" data-e-type=\"column\">\n\t\t\t<div class=\"elementor-widget-wrap elementor-element-populated\">\n\t\t\t\t\t\t<section class=\"elementor-section elementor-inner-section elementor-element elementor-element-5997720 elementor-section-full_width elementor-section-height-default elementor-section-height-default\" data-id=\"5997720\" data-element_type=\"section\" data-e-type=\"section\">\n\t\t\t\t\t\t<div class=\"elementor-container elementor-column-gap-default\">\n\t\t\t\t\t<div class=\"elementor-column elementor-col-50 elementor-inner-column elementor-element elementor-element-b8cda57\" data-id=\"b8cda57\" data-element_type=\"column\" data-e-type=\"column\">\n\t\t\t<div class=\"elementor-widget-wrap elementor-element-populated\">\n\t\t\t\t\t\t<div class=\"elementor-element elementor-element-0c6e86e elementor-widget elementor-widget-text-editor\" data-id=\"0c6e86e\" data-element_type=\"widget\" data-e-type=\"widget\" data-widget_type=\"text-editor.default\">\n\t\t\t\t<div class=\"elementor-widget-container\">\n\t\t\t\t\t\t\t\t\t<p><strong>LUX LES Dom-Dekor mize. <\/strong><strong>OMEJENA GARANCIJA <\/strong><\/p>\n\t\t\t\t\t\t\t\t<\/div>\n\t\t\t\t<\/div>\n\t\t\t\t\t<\/div>\n\t\t<\/div>\n\t\t\t\t<div class=\"elementor-column elementor-col-50 elementor-inner-column elementor-element elementor-element-06700c3\" data-id=\"06700c3\" data-element_type=\"column\" data-e-type=\"column\">\n\t\t\t<div class=\"elementor-widget-wrap elementor-element-populated\">\n\t\t\t\t\t\t<div class=\"elementor-element elementor-element-77898a9 elementor-widget elementor-widget-html\" data-id=\"77898a9\" data-element_type=\"widget\" data-e-type=\"widget\" data-widget_type=\"html.default\">\n\t\t\t\t<div class=\"elementor-widget-container\">\n\t\t\t\t\t<aside class=\"present\"><a href=\"\/wp-content\/LUXLESDom-DekorLimitedWarrantyTables.pdf\" target=\"_blank\"><font face=\"Roboto\"><span>OGLEJTE SI<\/span> \u00bbOMEJENA GARANCIJA\u00ab za mize V PDF FORMATU<\/font><\/font><\/a><\/aside>\t\t\t\t<\/div>\n\t\t\t\t<\/div>\n\t\t\t\t\t<\/div>\n\t\t<\/div>\n\t\t\t\t\t<\/div>\n\t\t<\/section>\n\t\t\t\t<div class=\"elementor-element elementor-element-3933e7f elementor-widget elementor-widget-text-editor\" data-id=\"3933e7f\" data-element_type=\"widget\" data-e-type=\"widget\" data-widget_type=\"text-editor.default\">\n\t\t\t\t<div class=\"elementor-widget-container\">\n\t\t\t\t\t\t\t\t\t<p><strong>Kaj zajema na\u0161e kritje:<\/strong><\/p>\n\t\t\t\t\t\t\t\t<\/div>\n\t\t\t\t<\/div>\n\t\t\t\t<div class=\"elementor-element elementor-element-385453b elementor-widget elementor-widget-text-editor\" data-id=\"385453b\" data-element_type=\"widget\" data-e-type=\"widget\" data-widget_type=\"text-editor.default\">\n\t\t\t\t<div class=\"elementor-widget-container\">\n\t\t\t\t\t\t\t\t\t<p>Mize za kavo LUX LES Dom-Dekor ne bodo imele tovarni\u0161kih napak 10 let od datuma prvega nakupa. Ob upo\u0161tevanju omejitev in izjem, ki jih vklju\u010duje ta omejena 10-letna garancija, bo LUX LES Dom-Dekor po lastni presoji zamenjal izdelek ali komponente s tovarni\u0161ko napako s primerljivim izdelkom ali komponentami oziroma poskrbel za njihovo popravilo.<\/p>\n<p>Les je naravni material, zato ima nekatere nepopolnosti, barvne in strukturne variacije, ki se pojmujejo kot del njegove naravne lepote. Naravne variacije v barvi, gr\u010davosti, teksturi, vzorcih itd. se ne obravnavajo kot napake izdelave in materialov. Lesene povr\u0161ine se lahko opraskajo, na njih nastanejo zareze, vdolbine ipd., \u010de se nepravilno uporabljajo in negujejo. Kupci morajo tudi upo\u0161tevati, da se vse zaklju\u010dne plasti z leti zmeh\u010dajo.<\/p>\n<p>Na\u0161i dizajni se ves \u010das razvijajo, zato lahko opazite kak\u0161no razliko pri vogalih, elementih idr. v primerjavi s slikami, objavljenimi na spletu. Vsaka miza za kavo LUX LES Dom-Dekor ima lahko zaradi individualne ro\u010dne izdelave manj\u0161a odstopanja v velikosti, obliki, zaklju\u010dni obdelavi itn.<\/p>\n<p>Ta garancija krije samo nakupe, opravljene na spletni strani luxles.si in\/ali pri poobla\u0161\u010denih prodajalcih.<\/p>\n\t\t\t\t\t\t\t\t<\/div>\n\t\t\t\t<\/div>\n\t\t\t\t<div class=\"elementor-element elementor-element-0ac636d elementor-widget elementor-widget-text-editor\" data-id=\"0ac636d\" data-element_type=\"widget\" data-e-type=\"widget\" data-widget_type=\"text-editor.default\">\n\t\t\t\t<div class=\"elementor-widget-container\">\n\t\t\t\t\t\t\t\t\t<p><strong>Kaj morate upo\u0161tevati, da bo garancija ostala veljavna:<\/strong><\/p>\n\t\t\t\t\t\t\t\t<\/div>\n\t\t\t\t<\/div>\n\t\t\t\t<div class=\"elementor-element elementor-element-ec0f509 elementor-widget elementor-widget-text-editor\" data-id=\"ec0f509\" data-element_type=\"widget\" data-e-type=\"widget\" data-widget_type=\"text-editor.default\">\n\t\t\t\t<div class=\"elementor-widget-container\">\n\t\t\t\t\t\t\t\t\t<ul>\n<li>Mize za kavo LUX LES Dom-Dekor se smejo uporabljati samo v notranjih prostorih.<\/li>\n<li>Monta\u017eo je treba opraviti v skladu s pisnimi navodili (prosimo, glejte zavihek \u00bb<strong>NAMESTITEV<\/strong>\u00ab), pri \u010demer morate pred, med in po opravljeni monta\u017ei ohranjati v prostoru vla\u017enost od 30 do 55 %. Postavitev miz za kavo LUX LES Dom-Dekor se ne priporo\u010da v kopalnicah.<\/li>\n<\/ul>\n\t\t\t\t\t\t\t\t<\/div>\n\t\t\t\t<\/div>\n\t\t\t\t<div class=\"elementor-element elementor-element-3a26adb elementor-widget elementor-widget-text-editor\" data-id=\"3a26adb\" data-element_type=\"widget\" data-e-type=\"widget\" data-widget_type=\"text-editor.default\">\n\t\t\t\t<div class=\"elementor-widget-container\">\n\t\t\t\t\t\t\t\t\t<p><strong>Izjeme pri garanciji: \u010cesa ne krije ta garancija:<\/strong><\/p>\n\t\t\t\t\t\t\t\t<\/div>\n\t\t\t\t<\/div>\n\t\t\t\t<div class=\"elementor-element elementor-element-30a2c5b elementor-widget elementor-widget-text-editor\" data-id=\"30a2c5b\" data-element_type=\"widget\" data-e-type=\"widget\" data-widget_type=\"text-editor.default\">\n\t\t\t\t<div class=\"elementor-widget-container\">\n\t\t\t\t\t\t\t\t\t<ul>\n<li>Garancijsko kritje ne velja za mize za kavo, ki so bile montirane kljub o\u010ditnim napakam.<\/li>\n<li>Garancija ne krije po\u0161kodb zaradi neustreznih pogojev, napa\u010dne uporabe izdelka, po\u0161kodb pri transportu, izpostavljenosti ekstremni vro\u010dini, spreminjanja, predruga\u010denja ali nezgod, ki med drugim vklju\u010dujejo mo\u010dne udarce, praskanje, rezanje, brezbri\u017enost, sledi markerjev, barvnih svin\u010dnikov, nalivnikov ali kemi\u010dne po\u0161kodbe.<\/li>\n<li>Ni kritja za praske, vdolbine, zareze in sledi pisal, ki so bile jasno vidne v \u010dasu monta\u017ee.<\/li>\n<li>Garancijsko kritje ne velja za po\u0161kodbe zaradi vode, ki jih med drugim povzro\u010dijo naravne nesre\u010de, napake na napravah, izhajanje vlage iz betonskega zidu ali stropa oziroma zunanji vir vode zaradi delovanja razpr\u0161evalnih sistemov, snega, de\u017eja, ali pa voda, ki vstopi skozi odprto okno ali vrata, itd.<\/li>\n<li>Garancija ne krije nepravilnega \u010di\u0161\u010denja \u2013 glejte zavihek <strong>\u00bbNEGA in \u010cI\u0160\u010cENJE\u00ab<\/strong>.<\/li>\n<li>Les je naravni izdelek; razlike v vzorcu, strukturi, barvi in\/ali teksturi so normalne in se ne pojmujejo kot napake, zato se garancija ne nana\u0161a nanje. Garancija ne velja za naravne spremembe barv, ki se s\u010dasoma pojavijo v lesu zaradi izpostavljenosti UV svetlobi. Barvni pigment na mizi za kavo se lahko s\u010dasoma spremeni ali zmeh\u010da zaradi izpostavljenosti fluorescentni in son\u010dni svetlobi.<\/li>\n<li>Ni kritja barvnega ujemanja z drugimi lesenimi izdelki, kot so \u0161tukature, stopnice, omare.<\/li>\n<li>Na mizah za kavo LUX LES Dom-Dekor se ne sme stati ali sedeti. Garancija ne krije po\u0161kodb zaradi neustrezne uporabe ali delovanja prevelike sile. Produkta ne smete kakor koli spreminjati, predruga\u010devati ali preoblikovati.<\/li>\n<li>\u010ce je treba izdelek ali njegov del zamenjati, vendar to\u010dno tak\u0161en izdelek ali njegov del ni ve\u010d na voljo, si LUX LES Dom-Dekor pridr\u017euje pravico do uporabe alternativnega podobnega izdelka ali dela.<\/li>\n<li>Ta omejena jamstva zagotavljajo kritje prvemu kupcu in ne veljajo za najem izdelka ali njegovo komercialno uporabo.<\/li>\n<li>\u0160koda, ki nastane med prevozom, se obravnava v skladu s pravili prevoznika in zavarovalnice. Tak\u0161ne po\u0161kodbe morate sporo\u010diti \u0161e isti dan, ko prejmete blago.<\/li>\n<li>Vse pohi\u0161tvo je treba odpreti in preveriti morebitne okvare\/po\u0161kodbe. \u010ce jih opazite, nas morate o tem obvestiti v roku 24 ur od prejema blaga. Zahtevka, ki bo predlo\u017een po izteku tega roka, ne bomo upo\u0161tevali. \u010ce se pohi\u0161tvo dalj \u010dasa ne bo uporabljalo, ga je priporo\u010dljivo odpreti ter shraniti na varnem in hladnem mestu, da se izognete nenamernim po\u0161kodbam in \u0161kodi zaradi vro\u010dine.<\/li>\n<li>V primeru po\u0161kodb med prevozom mora prodajalec blago vrniti v originalni embala\u017ei, kot ga je prejel od kupca.<\/li>\n<li>Stro\u0161ke prevoza blaga, ki ga je treba popraviti ali zamenjati, nosi kupec. Izjema je zamenjava blaga, po\u0161kodovanega med prevozom, \u010de se nas o tem obvesti ob dostavi.<\/li>\n<li>To besedilo je popolna in izklju\u010dna izjava o garanciji ter je v skladu z vsemi drugimi izrecnimi in\/ali zakonskimi jamstvi. Proizvajalec v najve\u010dji meri, ki jo dovoljuje slovenska zakonodaja, zavra\u010da vsa druga jamstva, izrecna ali implicitna, vklju\u010dno z vsemi implicitnimi zastopanji ali jamstvi v zvezi s prodajo ali ustreznostjo za kateri koli poseben primer. Proizvajalec ne prevzema nobene odgovornosti za posledi\u010dne, naklju\u010dne, posebne ali eksemplari\u010dne po\u0161kodbe, tako da ta izklju\u010dnost morda ne velja za vas. Ta garancija vam daje posebne zakonite pravice, morda imate po slovenski zakonodaji tudi druge pravice. Edini ukrep, ki vam ga zagotavljamo, je popravilo ali zamenjava okvarjenih izdelkov. Ta garancija ne krije stro\u0161kov monta\u017ee ali ponovne monta\u017ee.<\/li>\n<li>Noben monter, prodajalec, distributer ali posrednik ni poobla\u0161\u010den za \u0161irjenje ali spreminjanje obsega obveznosti ali omejitev, ki jih dolo\u010da ta garancija.<\/li>\n<li>Vsi spori, povezani z nakupom tega izdelka ali to garancijo, se obvezno in zavezujo\u010de re\u0161ujejo v Sloveniji v skladu s slovenskim pravom.<\/li>\n<li>Proizvajalec se ukvarja samo z zahtevki, ki se nana\u0161ajo na izdelek, ki je bil kupljen pri poobla\u0161\u010denem prodajalcu v originalni embala\u017ei.<\/li>\n<\/ul>\n\t\t\t\t\t\t\t\t<\/div>\n\t\t\t\t<\/div>\n\t\t\t\t<div class=\"elementor-element elementor-element-e7fcfd2 elementor-widget elementor-widget-text-editor\" data-id=\"e7fcfd2\" data-element_type=\"widget\" data-e-type=\"widget\" data-widget_type=\"text-editor.default\">\n\t\t\t\t<div class=\"elementor-widget-container\">\n\t\t\t\t\t\t\t\t\t<p><strong>Kako vlo\u017eiti garancijski zahtevek:<\/strong><\/p>\n\t\t\t\t\t\t\t\t<\/div>\n\t\t\t\t<\/div>\n\t\t\t\t<div class=\"elementor-element elementor-element-7e6b02b elementor-widget elementor-widget-text-editor\" data-id=\"7e6b02b\" data-element_type=\"widget\" data-e-type=\"widget\" data-widget_type=\"text-editor.default\">\n\t\t\t\t<div class=\"elementor-widget-container\">\n\t\t\t\t\t\t\t\t\t<p>Obrnite se na prodajalca, pri katerem ste kupili mizo za kavo LUX LES Dom-Dekor, v 7 dneh po zaznavi potencialne napake ter mu sporo\u010dite podrobnosti o napaki. \u010ce ugotovi, da gre za tovarni\u0161ko napako, ki je ni bilo opaziti v \u010dasu monta\u017ee, bo pisni zahtevek posredoval proizvajalcu. \u010ce bo zahtevek odobren, lahko proizvajalec ponudi mo\u017enost popravila, zamenjave ali povra\u010dila prvotnih stro\u0161kov nakupa okvarjenih materialov. Prodajalec bo obvestil kupca o statusu zahtevka. Garancija je omejena zgolj na stro\u0161ke miz za kavo LUX LES Dom-Dekor.<\/p>\n\t\t\t\t\t\t\t\t<\/div>\n\t\t\t\t<\/div>\n\t\t\t\t<div class=\"elementor-element elementor-element-60b541a elementor-widget elementor-widget-text-editor\" data-id=\"60b541a\" data-element_type=\"widget\" data-e-type=\"widget\" data-widget_type=\"text-editor.default\">\n\t\t\t\t<div class=\"elementor-widget-container\">\n\t\t\t\t\t\t\t\t\t<p><strong>Ogled v zvezi z zahtevkom:<\/strong> \u010ce se ugotovi, da je potreben ogled monta\u017ee miz za kavo LUX LES Dom-Dekor, se pri re\u0161evanju zahtevka kot dokazi upo\u0161tevajo samo poro\u010dila neodvisnih oglednikov, ki jih vnaprej pooblasti in odobri proizvajalec.<\/p>\n\t\t\t\t\t\t\t\t<\/div>\n\t\t\t\t<\/div>\n\t\t\t\t\t<\/div>\n\t\t<\/div>\n\t\t\t\t\t<\/div>\n\t\t<\/section>\n\t\t\t\t<\/div>\n\t\t","protected":false},"excerpt":{"rendered":"<p>LUX LES Dom-Dekor mize. OMEJENA GARANCIJA OGLEJTE SI \u00bbOMEJENA GARANCIJA\u00ab za mize V PDF FORMATU Kaj zajema na\u0161e kritje: Mize za kavo LUX LES Dom-Dekor ne bodo imele tovarni\u0161kih napak 10 let od datuma prvega nakupa. Ob upo\u0161tevanju omejitev in izjem, ki jih vklju\u010duje ta omejena 10-letna garancija, bo LUX LES Dom-Dekor po lastni presoji [&hellip;]<\/p>\n","protected":false},"author":1,"featured_media":0,"parent":0,"menu_order":0,"comment_status":"closed","ping_status":"open","template":"templates\/template-full-width.php","meta":{"footnotes":""},"class_list":["post-5806","page","type-page","status-publish","hentry"],"yoast_head":"<!-- This site is optimized with the Yoast SEO plugin v27.0 - https:\/\/yoast.com\/product\/yoast-seo-wordpress\/ -->\n<title>Mize LUX LES Dom-Dekor - LUX LES Dom Dekor<\/title>\n<meta name=\"description\" content=\"\u010cE NI DRUGA\u010cE PISNO DOGOVORJENO, SO NASLEDNJI POGOJI PRODAJE IZDELKOV OMEJENI NA IZDELKE, VKLJU\u010cENE V TEM DOKUMENTU.\" \/>\n<meta name=\"robots\" content=\"index, follow, max-snippet:-1, max-image-preview:large, max-video-preview:-1\" \/>\n<link rel=\"canonical\" href=\"https:\/\/luxles.si\/sl\/mize-lux-les-dom-dekor\/\" \/>\n<meta property=\"og:locale\" content=\"sl_SI\" \/>\n<meta property=\"og:type\" content=\"article\" \/>\n<meta property=\"og:title\" content=\"Mize LUX LES Dom-Dekor - LUX LES Dom Dekor\" \/>\n<meta property=\"og:description\" content=\"\u010cE NI DRUGA\u010cE PISNO DOGOVORJENO, SO NASLEDNJI POGOJI PRODAJE IZDELKOV OMEJENI NA IZDELKE, VKLJU\u010cENE V TEM DOKUMENTU.\" \/>\n<meta property=\"og:url\" content=\"https:\/\/luxles.si\/sl\/mize-lux-les-dom-dekor\/\" \/>\n<meta property=\"og:site_name\" content=\"LUX LES Dom Dekor\" \/>\n<meta property=\"article:publisher\" content=\"https:\/\/www.facebook.com\/luxlesdomdekor\/\" \/>\n<meta property=\"article:modified_time\" content=\"2022-01-19T12:40:55+00:00\" \/>\n<meta property=\"og:image\" content=\"https:\/\/luxles.si\/wp-content\/uploads\/2020\/10\/for_letter4_2.jpg\" \/>\n\t<meta property=\"og:image:width\" content=\"200\" \/>\n\t<meta property=\"og:image:height\" content=\"200\" \/>\n\t<meta property=\"og:image:type\" content=\"image\/jpeg\" \/>\n<meta name=\"twitter:card\" content=\"summary_large_image\" \/>\n<meta name=\"twitter:label1\" content=\"Est. reading time\" \/>\n\t<meta name=\"twitter:data1\" content=\"5 minut\" \/>\n<script type=\"application\/ld+json\" class=\"yoast-schema-graph\">{\"@context\":\"https:\/\/schema.org\",\"@graph\":[{\"@type\":\"WebPage\",\"@id\":\"https:\/\/luxles.si\/sl\/mize-lux-les-dom-dekor\/\",\"url\":\"https:\/\/luxles.si\/sl\/mize-lux-les-dom-dekor\/\",\"name\":\"Mize LUX LES Dom-Dekor - LUX LES Dom Dekor\",\"isPartOf\":{\"@id\":\"https:\/\/luxles.si\/sl\/#website\"},\"datePublished\":\"2022-01-17T12:44:25+00:00\",\"dateModified\":\"2022-01-19T12:40:55+00:00\",\"description\":\"\u010cE NI DRUGA\u010cE PISNO DOGOVORJENO, SO NASLEDNJI POGOJI PRODAJE IZDELKOV OMEJENI NA IZDELKE, VKLJU\u010cENE V TEM DOKUMENTU.\",\"breadcrumb\":{\"@id\":\"https:\/\/luxles.si\/sl\/mize-lux-les-dom-dekor\/#breadcrumb\"},\"inLanguage\":\"sl-SI\",\"potentialAction\":[{\"@type\":\"ReadAction\",\"target\":[\"https:\/\/luxles.si\/sl\/mize-lux-les-dom-dekor\/\"]}]},{\"@type\":\"BreadcrumbList\",\"@id\":\"https:\/\/luxles.si\/sl\/mize-lux-les-dom-dekor\/#breadcrumb\",\"itemListElement\":[{\"@type\":\"ListItem\",\"position\":1,\"name\":\"Domov\",\"item\":\"https:\/\/luxles.si\/sl\/\"},{\"@type\":\"ListItem\",\"position\":2,\"name\":\"Mize LUX LES Dom-Dekor\"}]},{\"@type\":\"WebSite\",\"@id\":\"https:\/\/luxles.si\/sl\/#website\",\"url\":\"https:\/\/luxles.si\/sl\/\",\"name\":\"LUX LES Dom Dekor\",\"description\":\"\",\"publisher\":{\"@id\":\"https:\/\/luxles.si\/sl\/#organization\"},\"potentialAction\":[{\"@type\":\"SearchAction\",\"target\":{\"@type\":\"EntryPoint\",\"urlTemplate\":\"https:\/\/luxles.si\/sl\/?s={search_term_string}\"},\"query-input\":{\"@type\":\"PropertyValueSpecification\",\"valueRequired\":true,\"valueName\":\"search_term_string\"}}],\"inLanguage\":\"sl-SI\"},{\"@type\":\"Organization\",\"@id\":\"https:\/\/luxles.si\/sl\/#organization\",\"name\":\"LUX LES Dom Dekor\",\"url\":\"https:\/\/luxles.si\/sl\/\",\"logo\":{\"@type\":\"ImageObject\",\"inLanguage\":\"sl-SI\",\"@id\":\"https:\/\/luxles.si\/sl\/#\/schema\/logo\/image\/\",\"url\":\"https:\/\/luxles.si\/wp-content\/uploads\/2020\/07\/logo.png\",\"contentUrl\":\"https:\/\/luxles.si\/wp-content\/uploads\/2020\/07\/logo.png\",\"width\":245,\"height\":70,\"caption\":\"LUX LES Dom Dekor\"},\"image\":{\"@id\":\"https:\/\/luxles.si\/sl\/#\/schema\/logo\/image\/\"},\"sameAs\":[\"https:\/\/www.facebook.com\/luxlesdomdekor\/\",\"https:\/\/www.instagram.com\/luxlesdomdekor\"]}]}<\/script>\n<!-- \/ Yoast SEO plugin. -->","yoast_head_json":{"title":"Mize LUX LES Dom-Dekor - LUX LES Dom Dekor","description":"\u010cE NI DRUGA\u010cE PISNO DOGOVORJENO, SO NASLEDNJI POGOJI PRODAJE IZDELKOV OMEJENI NA IZDELKE, VKLJU\u010cENE V TEM DOKUMENTU.","robots":{"index":"index","follow":"follow","max-snippet":"max-snippet:-1","max-image-preview":"max-image-preview:large","max-video-preview":"max-video-preview:-1"},"canonical":"https:\/\/luxles.si\/sl\/mize-lux-les-dom-dekor\/","og_locale":"sl_SI","og_type":"article","og_title":"Mize LUX LES Dom-Dekor - LUX LES Dom Dekor","og_description":"\u010cE NI DRUGA\u010cE PISNO DOGOVORJENO, SO NASLEDNJI POGOJI PRODAJE IZDELKOV OMEJENI NA IZDELKE, VKLJU\u010cENE V TEM DOKUMENTU.","og_url":"https:\/\/luxles.si\/sl\/mize-lux-les-dom-dekor\/","og_site_name":"LUX LES Dom Dekor","article_publisher":"https:\/\/www.facebook.com\/luxlesdomdekor\/","article_modified_time":"2022-01-19T12:40:55+00:00","og_image":[{"width":200,"height":200,"url":"https:\/\/luxles.si\/wp-content\/uploads\/2020\/10\/for_letter4_2.jpg","type":"image\/jpeg"}],"twitter_card":"summary_large_image","twitter_misc":{"Est. reading time":"5 minut"},"schema":{"@context":"https:\/\/schema.org","@graph":[{"@type":"WebPage","@id":"https:\/\/luxles.si\/sl\/mize-lux-les-dom-dekor\/","url":"https:\/\/luxles.si\/sl\/mize-lux-les-dom-dekor\/","name":"Mize LUX LES Dom-Dekor - LUX LES Dom Dekor","isPartOf":{"@id":"https:\/\/luxles.si\/sl\/#website"},"datePublished":"2022-01-17T12:44:25+00:00","dateModified":"2022-01-19T12:40:55+00:00","description":"\u010cE NI DRUGA\u010cE PISNO DOGOVORJENO, SO NASLEDNJI POGOJI PRODAJE IZDELKOV OMEJENI NA IZDELKE, VKLJU\u010cENE V TEM DOKUMENTU.","breadcrumb":{"@id":"https:\/\/luxles.si\/sl\/mize-lux-les-dom-dekor\/#breadcrumb"},"inLanguage":"sl-SI","potentialAction":[{"@type":"ReadAction","target":["https:\/\/luxles.si\/sl\/mize-lux-les-dom-dekor\/"]}]},{"@type":"BreadcrumbList","@id":"https:\/\/luxles.si\/sl\/mize-lux-les-dom-dekor\/#breadcrumb","itemListElement":[{"@type":"ListItem","position":1,"name":"Domov","item":"https:\/\/luxles.si\/sl\/"},{"@type":"ListItem","position":2,"name":"Mize LUX LES Dom-Dekor"}]},{"@type":"WebSite","@id":"https:\/\/luxles.si\/sl\/#website","url":"https:\/\/luxles.si\/sl\/","name":"LUX LES Dom Dekor","description":"","publisher":{"@id":"https:\/\/luxles.si\/sl\/#organization"},"potentialAction":[{"@type":"SearchAction","target":{"@type":"EntryPoint","urlTemplate":"https:\/\/luxles.si\/sl\/?s={search_term_string}"},"query-input":{"@type":"PropertyValueSpecification","valueRequired":true,"valueName":"search_term_string"}}],"inLanguage":"sl-SI"},{"@type":"Organization","@id":"https:\/\/luxles.si\/sl\/#organization","name":"LUX LES Dom Dekor","url":"https:\/\/luxles.si\/sl\/","logo":{"@type":"ImageObject","inLanguage":"sl-SI","@id":"https:\/\/luxles.si\/sl\/#\/schema\/logo\/image\/","url":"https:\/\/luxles.si\/wp-content\/uploads\/2020\/07\/logo.png","contentUrl":"https:\/\/luxles.si\/wp-content\/uploads\/2020\/07\/logo.png","width":245,"height":70,"caption":"LUX LES Dom Dekor"},"image":{"@id":"https:\/\/luxles.si\/sl\/#\/schema\/logo\/image\/"},"sameAs":["https:\/\/www.facebook.com\/luxlesdomdekor\/","https:\/\/www.instagram.com\/luxlesdomdekor"]}]}},"_links":{"self":[{"href":"https:\/\/luxles.si\/sl\/wp-json\/wp\/v2\/pages\/5806","targetHints":{"allow":["GET"]}}],"collection":[{"href":"https:\/\/luxles.si\/sl\/wp-json\/wp\/v2\/pages"}],"about":[{"href":"https:\/\/luxles.si\/sl\/wp-json\/wp\/v2\/types\/page"}],"author":[{"embeddable":true,"href":"https:\/\/luxles.si\/sl\/wp-json\/wp\/v2\/users\/1"}],"replies":[{"embeddable":true,"href":"https:\/\/luxles.si\/sl\/wp-json\/wp\/v2\/comments?post=5806"}],"version-history":[{"count":0,"href":"https:\/\/luxles.si\/sl\/wp-json\/wp\/v2\/pages\/5806\/revisions"}],"wp:attachment":[{"href":"https:\/\/luxles.si\/sl\/wp-json\/wp\/v2\/media?parent=5806"}],"curies":[{"name":"wp","href":"https:\/\/api.w.org\/{rel}","templated":true}]}}