{"id":5804,"date":"2022-01-17T12:30:08","date_gmt":"2022-01-17T11:30:08","guid":{"rendered":"https:\/\/luxles.si\/nega-in-ciscenje\/"},"modified":"2022-01-17T12:30:08","modified_gmt":"2022-01-17T11:30:08","slug":"nega-in-ciscenje","status":"publish","type":"page","link":"https:\/\/luxles.si\/sl\/nega-in-ciscenje\/","title":{"rendered":"NEGA in \u010cI\u0160\u010cENJE"},"content":{"rendered":"\t\t<div data-elementor-type=\"wp-page\" data-elementor-id=\"5804\" class=\"elementor elementor-5804 elementor-2246\">\n\t\t\t\t\t\t<section class=\"elementor-section elementor-top-section elementor-element elementor-element-4575ba4d elementor-section-full_width elementor-section-height-default elementor-section-height-default\" data-id=\"4575ba4d\" data-element_type=\"section\" data-e-type=\"section\">\n\t\t\t\t\t\t<div class=\"elementor-container elementor-column-gap-default\">\n\t\t\t\t\t<div class=\"elementor-column elementor-col-100 elementor-top-column elementor-element elementor-element-45839fc0\" data-id=\"45839fc0\" data-element_type=\"column\" data-e-type=\"column\">\n\t\t\t<div class=\"elementor-widget-wrap elementor-element-populated\">\n\t\t\t\t\t\t<section class=\"elementor-section elementor-inner-section elementor-element elementor-element-5997720 elementor-section-full_width elementor-section-height-default elementor-section-height-default\" data-id=\"5997720\" data-element_type=\"section\" data-e-type=\"section\">\n\t\t\t\t\t\t<div class=\"elementor-container elementor-column-gap-default\">\n\t\t\t\t\t<div class=\"elementor-column elementor-col-50 elementor-inner-column elementor-element elementor-element-b8cda57\" data-id=\"b8cda57\" data-element_type=\"column\" data-e-type=\"column\">\n\t\t\t<div class=\"elementor-widget-wrap elementor-element-populated\">\n\t\t\t\t\t\t<div class=\"elementor-element elementor-element-0c6e86e elementor-widget elementor-widget-text-editor\" data-id=\"0c6e86e\" data-element_type=\"widget\" data-e-type=\"widget\" data-widget_type=\"text-editor.default\">\n\t\t\t\t<div class=\"elementor-widget-container\">\n\t\t\t\t\t\t\t\t\t<p><strong>\u010ci\u0161\u010denje lesenih stenskih panelov in pohi\u0161tva:<\/strong><\/p>\n\t\t\t\t\t\t\t\t<\/div>\n\t\t\t\t<\/div>\n\t\t\t\t\t<\/div>\n\t\t<\/div>\n\t\t\t\t<div class=\"elementor-column elementor-col-50 elementor-inner-column elementor-element elementor-element-06700c3\" data-id=\"06700c3\" data-element_type=\"column\" data-e-type=\"column\">\n\t\t\t<div class=\"elementor-widget-wrap elementor-element-populated\">\n\t\t\t\t\t\t<div class=\"elementor-element elementor-element-77898a9 elementor-widget elementor-widget-html\" data-id=\"77898a9\" data-element_type=\"widget\" data-e-type=\"widget\" data-widget_type=\"html.default\">\n\t\t\t\t<div class=\"elementor-widget-container\">\n\t\t\t\t\t<aside class=\"present\"><a href=\"\/wp-content\/LUXLESDom-DekorCareandCleaning.pdf\" target=\"_blank\"><font face=\"Roboto\"><span>OGLEJTE SI<\/span> \u00bbNEGA in \u010cI\u0160\u010cENJE\u00ab V PDF FORMATU<\/font><\/a><\/aside>\t\t\t\t<\/div>\n\t\t\t\t<\/div>\n\t\t\t\t\t<\/div>\n\t\t<\/div>\n\t\t\t\t\t<\/div>\n\t\t<\/section>\n\t\t\t\t<div class=\"elementor-element elementor-element-3933e7f elementor-widget elementor-widget-text-editor\" data-id=\"3933e7f\" data-element_type=\"widget\" data-e-type=\"widget\" data-widget_type=\"text-editor.default\">\n\t\t\t\t<div class=\"elementor-widget-container\">\n\t\t\t\t\t\t\t\t\t<ul>\n<li>Na\u0161i leseni paneli in pohi\u0161tvo LUX LES Dom-Dekor so ne le lepi, temve\u010d prakti\u010dno tudi ne potrebujejo vzdr\u017eevanja. Osnovna metoda \u010di\u0161\u010denja je brisanje prahu s \u010disto, suho krpo. Upo\u0161tevajte, da tradicionalna pr\u0161ila za odstranjevanje prahu ali polirna sredstva za pohi\u0161tvo ne bodo u\u010dinkovali na neporoznih povr\u0161inah, zato jih ne uporabljajte. Ta sredstva zgolj ostanejo na povr\u0161ini, saj se ne absorbirajo v material, zato poslab\u0161ujejo videz panelov in pohi\u0161tva.<\/li>\n<li>Po potrebi ali ob\u010dasno obri\u0161ite va\u0161e panele in pohi\u0161tvo z vla\u017eno krpo. Panelov in pohi\u0161tva ne smete nikoli prepojiti z vodo \u2013 uporabljajte zgolj nekoliko vla\u017eno (temeljito o\u017eeto) krpo. Bri\u0161ite od zgoraj navzdol, pri \u010demer sledite vzorcu, da se izognete vidnim sledem. Pomembno: Ne uporabljajte voska, \u010distil na osnovi amoniaka, detergentov, polirnih sredstev, abrazivnih \u010distil. Omenjeni izdelki vsebujejo kemikalije, ki lahko zameglijo in\/ali trajno po\u0161kodujejo zaklju\u010dni sloj va\u0161ih lesenih panelov in lesenega pohi\u0161tva.<\/li>\n<li>Priporo\u010damo, da panele enkrat na dve leti nama\u017eete z oljem, da ohranite njihov sve\u017e videz.<\/li>\n<\/ul>\n\t\t\t\t\t\t\t\t<\/div>\n\t\t\t\t<\/div>\n\t\t\t\t<div class=\"elementor-element elementor-element-ec0f509 elementor-widget elementor-widget-text-editor\" data-id=\"ec0f509\" data-element_type=\"widget\" data-e-type=\"widget\" data-widget_type=\"text-editor.default\">\n\t\t\t\t<div class=\"elementor-widget-container\">\n\t\t\t\t\t\t\t\t\t<p><strong>Obe\u0161anje slik in drugega stenskega dekorja:<\/strong><\/p>\n<p>Leseni stenski paneli LUX LES Dom-Dekor ne prenesejo obremenitev. \u010ce \u017eelite obesiti slike in druge te\u017eke predmete, kot so televizorji, zrcala ali ve\u010dja umetni\u0161ka dela, izvrtajte luknje v zid in pri\u010dvrstite predmete z vijaki neposredno v stenske vlo\u017eke. Kadar dekorirate steno, boste morda morali panele nekoliko o\u010distiti. Razumno obesite predmete, da boste lahko temeljito in ustrezno ohranjali enoten videz va\u0161ih lesenih stenskih panelov LUX LES Dom-Dekor.<\/p>\n\t\t\t\t\t\t\t\t<\/div>\n\t\t\t\t<\/div>\n\t\t\t\t<div class=\"elementor-element elementor-element-7e6b02b elementor-widget elementor-widget-text-editor\" data-id=\"7e6b02b\" data-element_type=\"widget\" data-e-type=\"widget\" data-widget_type=\"text-editor.default\">\n\t\t\t\t<div class=\"elementor-widget-container\">\n\t\t\t\t\t\t\t\t\t<p><strong>Son\u010dno obsevanje:<\/strong><\/p>\n<p>Dobro je \u010dim bolj zmanj\u0161ati izpostavljenost va\u0161ih panelov in pohi\u0161tva neposredni son\u010dni svetlobi, da se boste v \u010dim ve\u010dji meri izognili njihovi obledelosti.<\/p>\n\t\t\t\t\t\t\t\t<\/div>\n\t\t\t\t<\/div>\n\t\t\t\t<div class=\"elementor-element elementor-element-60b541a elementor-widget elementor-widget-text-editor\" data-id=\"60b541a\" data-element_type=\"widget\" data-e-type=\"widget\" data-widget_type=\"text-editor.default\">\n\t\t\t\t<div class=\"elementor-widget-container\">\n\t\t\t\t\t\t\t\t\t<p><strong>Na\u0161a usposobljena ekipa za pomo\u010d kupcem vam bo z veseljem pomagala. <a href=\"\/index.php#slide5\" target=\"_blank\" rel=\"noopener\">Obrnite se na nas<\/a>, \u010de imate dodatna vpra\u0161anja v zvezi s \u010di\u0161\u010denjem va\u0161ih lesenih stenskih panelov in pohi\u0161tva LUX LES Dom-Dekor.<\/strong><\/p>\n\t\t\t\t\t\t\t\t<\/div>\n\t\t\t\t<\/div>\n\t\t\t\t\t<\/div>\n\t\t<\/div>\n\t\t\t\t\t<\/div>\n\t\t<\/section>\n\t\t\t\t<\/div>\n\t\t","protected":false},"excerpt":{"rendered":"<p>\u010ci\u0161\u010denje lesenih stenskih panelov in pohi\u0161tva: OGLEJTE SI \u00bbNEGA in \u010cI\u0160\u010cENJE\u00ab V PDF FORMATU Na\u0161i leseni paneli in pohi\u0161tvo LUX LES Dom-Dekor so ne le lepi, temve\u010d prakti\u010dno tudi ne potrebujejo vzdr\u017eevanja. Osnovna metoda \u010di\u0161\u010denja je brisanje prahu s \u010disto, suho krpo. Upo\u0161tevajte, da tradicionalna pr\u0161ila za odstranjevanje prahu ali polirna sredstva za pohi\u0161tvo ne [&hellip;]<\/p>\n","protected":false},"author":1,"featured_media":0,"parent":0,"menu_order":0,"comment_status":"closed","ping_status":"open","template":"templates\/template-full-width.php","meta":{"footnotes":""},"class_list":["post-5804","page","type-page","status-publish","hentry"],"yoast_head":"<!-- This site is optimized with the Yoast SEO plugin v27.0 - https:\/\/yoast.com\/product\/yoast-seo-wordpress\/ -->\n<title>NEGA in \u010cI\u0160\u010cENJE - LUX LES Dom Dekor<\/title>\n<meta name=\"description\" content=\"\u010cE NI DRUGA\u010cE PISNO DOGOVORJENO, SO NASLEDNJI POGOJI PRODAJE IZDELKOV OMEJENI NA IZDELKE, VKLJU\u010cENE V TEM DOKUMENTU.\" \/>\n<meta name=\"robots\" content=\"index, follow, max-snippet:-1, max-image-preview:large, max-video-preview:-1\" \/>\n<link rel=\"canonical\" href=\"https:\/\/luxles.si\/sl\/nega-in-ciscenje\/\" \/>\n<meta property=\"og:locale\" content=\"sl_SI\" \/>\n<meta property=\"og:type\" content=\"article\" \/>\n<meta property=\"og:title\" content=\"NEGA in \u010cI\u0160\u010cENJE - LUX LES Dom Dekor\" \/>\n<meta property=\"og:description\" content=\"\u010cE NI DRUGA\u010cE PISNO DOGOVORJENO, SO NASLEDNJI POGOJI PRODAJE IZDELKOV OMEJENI NA IZDELKE, VKLJU\u010cENE V TEM DOKUMENTU.\" \/>\n<meta property=\"og:url\" content=\"https:\/\/luxles.si\/sl\/nega-in-ciscenje\/\" \/>\n<meta property=\"og:site_name\" content=\"LUX LES Dom Dekor\" \/>\n<meta property=\"article:publisher\" content=\"https:\/\/www.facebook.com\/luxlesdomdekor\/\" \/>\n<meta property=\"og:image\" content=\"https:\/\/luxles.si\/wp-content\/uploads\/2020\/10\/for_letter4_2.jpg\" \/>\n\t<meta property=\"og:image:width\" content=\"200\" \/>\n\t<meta property=\"og:image:height\" content=\"200\" \/>\n\t<meta property=\"og:image:type\" content=\"image\/jpeg\" \/>\n<meta name=\"twitter:card\" content=\"summary_large_image\" \/>\n<meta name=\"twitter:label1\" content=\"Est. reading time\" \/>\n\t<meta name=\"twitter:data1\" content=\"2 minuti\" \/>\n<script type=\"application\/ld+json\" class=\"yoast-schema-graph\">{\"@context\":\"https:\/\/schema.org\",\"@graph\":[{\"@type\":\"WebPage\",\"@id\":\"https:\/\/luxles.si\/sl\/nega-in-ciscenje\/\",\"url\":\"https:\/\/luxles.si\/sl\/nega-in-ciscenje\/\",\"name\":\"NEGA in \u010cI\u0160\u010cENJE - LUX LES Dom Dekor\",\"isPartOf\":{\"@id\":\"https:\/\/luxles.si\/sl\/#website\"},\"datePublished\":\"2022-01-17T11:30:08+00:00\",\"description\":\"\u010cE NI DRUGA\u010cE PISNO DOGOVORJENO, SO NASLEDNJI POGOJI PRODAJE IZDELKOV OMEJENI NA IZDELKE, VKLJU\u010cENE V TEM DOKUMENTU.\",\"breadcrumb\":{\"@id\":\"https:\/\/luxles.si\/sl\/nega-in-ciscenje\/#breadcrumb\"},\"inLanguage\":\"sl-SI\",\"potentialAction\":[{\"@type\":\"ReadAction\",\"target\":[\"https:\/\/luxles.si\/sl\/nega-in-ciscenje\/\"]}]},{\"@type\":\"BreadcrumbList\",\"@id\":\"https:\/\/luxles.si\/sl\/nega-in-ciscenje\/#breadcrumb\",\"itemListElement\":[{\"@type\":\"ListItem\",\"position\":1,\"name\":\"Domov\",\"item\":\"https:\/\/luxles.si\/sl\/\"},{\"@type\":\"ListItem\",\"position\":2,\"name\":\"NEGA in \u010cI\u0160\u010cENJE\"}]},{\"@type\":\"WebSite\",\"@id\":\"https:\/\/luxles.si\/sl\/#website\",\"url\":\"https:\/\/luxles.si\/sl\/\",\"name\":\"LUX LES Dom Dekor\",\"description\":\"\",\"publisher\":{\"@id\":\"https:\/\/luxles.si\/sl\/#organization\"},\"potentialAction\":[{\"@type\":\"SearchAction\",\"target\":{\"@type\":\"EntryPoint\",\"urlTemplate\":\"https:\/\/luxles.si\/sl\/?s={search_term_string}\"},\"query-input\":{\"@type\":\"PropertyValueSpecification\",\"valueRequired\":true,\"valueName\":\"search_term_string\"}}],\"inLanguage\":\"sl-SI\"},{\"@type\":\"Organization\",\"@id\":\"https:\/\/luxles.si\/sl\/#organization\",\"name\":\"LUX LES Dom Dekor\",\"url\":\"https:\/\/luxles.si\/sl\/\",\"logo\":{\"@type\":\"ImageObject\",\"inLanguage\":\"sl-SI\",\"@id\":\"https:\/\/luxles.si\/sl\/#\/schema\/logo\/image\/\",\"url\":\"https:\/\/luxles.si\/wp-content\/uploads\/2020\/07\/logo.png\",\"contentUrl\":\"https:\/\/luxles.si\/wp-content\/uploads\/2020\/07\/logo.png\",\"width\":245,\"height\":70,\"caption\":\"LUX LES Dom Dekor\"},\"image\":{\"@id\":\"https:\/\/luxles.si\/sl\/#\/schema\/logo\/image\/\"},\"sameAs\":[\"https:\/\/www.facebook.com\/luxlesdomdekor\/\",\"https:\/\/www.instagram.com\/luxlesdomdekor\"]}]}<\/script>\n<!-- \/ Yoast SEO plugin. -->","yoast_head_json":{"title":"NEGA in \u010cI\u0160\u010cENJE - LUX LES Dom Dekor","description":"\u010cE NI DRUGA\u010cE PISNO DOGOVORJENO, SO NASLEDNJI POGOJI PRODAJE IZDELKOV OMEJENI NA IZDELKE, VKLJU\u010cENE V TEM DOKUMENTU.","robots":{"index":"index","follow":"follow","max-snippet":"max-snippet:-1","max-image-preview":"max-image-preview:large","max-video-preview":"max-video-preview:-1"},"canonical":"https:\/\/luxles.si\/sl\/nega-in-ciscenje\/","og_locale":"sl_SI","og_type":"article","og_title":"NEGA in \u010cI\u0160\u010cENJE - LUX LES Dom Dekor","og_description":"\u010cE NI DRUGA\u010cE PISNO DOGOVORJENO, SO NASLEDNJI POGOJI PRODAJE IZDELKOV OMEJENI NA IZDELKE, VKLJU\u010cENE V TEM DOKUMENTU.","og_url":"https:\/\/luxles.si\/sl\/nega-in-ciscenje\/","og_site_name":"LUX LES Dom Dekor","article_publisher":"https:\/\/www.facebook.com\/luxlesdomdekor\/","og_image":[{"width":200,"height":200,"url":"https:\/\/luxles.si\/wp-content\/uploads\/2020\/10\/for_letter4_2.jpg","type":"image\/jpeg"}],"twitter_card":"summary_large_image","twitter_misc":{"Est. reading time":"2 minuti"},"schema":{"@context":"https:\/\/schema.org","@graph":[{"@type":"WebPage","@id":"https:\/\/luxles.si\/sl\/nega-in-ciscenje\/","url":"https:\/\/luxles.si\/sl\/nega-in-ciscenje\/","name":"NEGA in \u010cI\u0160\u010cENJE - LUX LES Dom Dekor","isPartOf":{"@id":"https:\/\/luxles.si\/sl\/#website"},"datePublished":"2022-01-17T11:30:08+00:00","description":"\u010cE NI DRUGA\u010cE PISNO DOGOVORJENO, SO NASLEDNJI POGOJI PRODAJE IZDELKOV OMEJENI NA IZDELKE, VKLJU\u010cENE V TEM DOKUMENTU.","breadcrumb":{"@id":"https:\/\/luxles.si\/sl\/nega-in-ciscenje\/#breadcrumb"},"inLanguage":"sl-SI","potentialAction":[{"@type":"ReadAction","target":["https:\/\/luxles.si\/sl\/nega-in-ciscenje\/"]}]},{"@type":"BreadcrumbList","@id":"https:\/\/luxles.si\/sl\/nega-in-ciscenje\/#breadcrumb","itemListElement":[{"@type":"ListItem","position":1,"name":"Domov","item":"https:\/\/luxles.si\/sl\/"},{"@type":"ListItem","position":2,"name":"NEGA in \u010cI\u0160\u010cENJE"}]},{"@type":"WebSite","@id":"https:\/\/luxles.si\/sl\/#website","url":"https:\/\/luxles.si\/sl\/","name":"LUX LES Dom Dekor","description":"","publisher":{"@id":"https:\/\/luxles.si\/sl\/#organization"},"potentialAction":[{"@type":"SearchAction","target":{"@type":"EntryPoint","urlTemplate":"https:\/\/luxles.si\/sl\/?s={search_term_string}"},"query-input":{"@type":"PropertyValueSpecification","valueRequired":true,"valueName":"search_term_string"}}],"inLanguage":"sl-SI"},{"@type":"Organization","@id":"https:\/\/luxles.si\/sl\/#organization","name":"LUX LES Dom Dekor","url":"https:\/\/luxles.si\/sl\/","logo":{"@type":"ImageObject","inLanguage":"sl-SI","@id":"https:\/\/luxles.si\/sl\/#\/schema\/logo\/image\/","url":"https:\/\/luxles.si\/wp-content\/uploads\/2020\/07\/logo.png","contentUrl":"https:\/\/luxles.si\/wp-content\/uploads\/2020\/07\/logo.png","width":245,"height":70,"caption":"LUX LES Dom Dekor"},"image":{"@id":"https:\/\/luxles.si\/sl\/#\/schema\/logo\/image\/"},"sameAs":["https:\/\/www.facebook.com\/luxlesdomdekor\/","https:\/\/www.instagram.com\/luxlesdomdekor"]}]}},"_links":{"self":[{"href":"https:\/\/luxles.si\/sl\/wp-json\/wp\/v2\/pages\/5804","targetHints":{"allow":["GET"]}}],"collection":[{"href":"https:\/\/luxles.si\/sl\/wp-json\/wp\/v2\/pages"}],"about":[{"href":"https:\/\/luxles.si\/sl\/wp-json\/wp\/v2\/types\/page"}],"author":[{"embeddable":true,"href":"https:\/\/luxles.si\/sl\/wp-json\/wp\/v2\/users\/1"}],"replies":[{"embeddable":true,"href":"https:\/\/luxles.si\/sl\/wp-json\/wp\/v2\/comments?post=5804"}],"version-history":[{"count":0,"href":"https:\/\/luxles.si\/sl\/wp-json\/wp\/v2\/pages\/5804\/revisions"}],"wp:attachment":[{"href":"https:\/\/luxles.si\/sl\/wp-json\/wp\/v2\/media?parent=5804"}],"curies":[{"name":"wp","href":"https:\/\/api.w.org\/{rel}","templated":true}]}}