{"id":5802,"date":"2022-01-17T12:29:26","date_gmt":"2022-01-17T11:29:26","guid":{"rendered":"https:\/\/luxles.si\/namestitev-lesene-kocke-za-projekte-naredi-si-sam-diy\/"},"modified":"2022-01-17T12:29:26","modified_gmt":"2022-01-17T11:29:26","slug":"namestitev-lesene-kocke-za-projekte-naredi-si-sam-diy","status":"publish","type":"page","link":"https:\/\/luxles.si\/sl\/namestitev-lesene-kocke-za-projekte-naredi-si-sam-diy\/","title":{"rendered":"NAMESTITEV Lesene KOCKE za projekte &#8220;naredi si sam&#8221; (DIY)"},"content":{"rendered":"\t\t<div data-elementor-type=\"wp-page\" data-elementor-id=\"5802\" class=\"elementor elementor-5802 elementor-3049\">\n\t\t\t\t\t\t<section class=\"elementor-section elementor-top-section elementor-element elementor-element-4575ba4d elementor-section-full_width elementor-section-height-default elementor-section-height-default\" data-id=\"4575ba4d\" data-element_type=\"section\" data-e-type=\"section\">\n\t\t\t\t\t\t<div class=\"elementor-container elementor-column-gap-default\">\n\t\t\t\t\t<div class=\"elementor-column elementor-col-100 elementor-top-column elementor-element elementor-element-45839fc0\" data-id=\"45839fc0\" data-element_type=\"column\" data-e-type=\"column\">\n\t\t\t<div class=\"elementor-widget-wrap elementor-element-populated\">\n\t\t\t\t\t\t<div class=\"elementor-element elementor-element-3933e7f elementor-widget elementor-widget-text-editor\" data-id=\"3933e7f\" data-element_type=\"widget\" data-e-type=\"widget\" data-widget_type=\"text-editor.default\">\n\t\t\t\t<div class=\"elementor-widget-container\">\n\t\t\t\t\t\t\t\t\t<\/p>\n<p><strong>Lesene KOCKE za DIY Crafts projekte so za DIY ustvarjalnost. Zato ni posebnih navodil za namestitev.<\/strong><\/p>\n\t\t\t\t\t\t\t\t<\/div>\n\t\t\t\t<\/div>\n\t\t\t\t<div class=\"elementor-element elementor-element-ec0f509 elementor-widget elementor-widget-text-editor\" data-id=\"ec0f509\" data-element_type=\"widget\" data-e-type=\"widget\" data-widget_type=\"text-editor.default\">\n\t\t\t\t<div class=\"elementor-widget-container\">\n\t\t\t\t\t\t\t\t\t<p><strong>Razmi\u0161ljajte izven okvirjev in ne pozabite uporabiti domi\u0161ljije. <br \/><\/strong><\/p>\n\t\t\t\t\t\t\t\t<\/div>\n\t\t\t\t<\/div>\n\t\t\t\t<div class=\"elementor-element elementor-element-7e6b02b elementor-widget elementor-widget-text-editor\" data-id=\"7e6b02b\" data-element_type=\"widget\" data-e-type=\"widget\" data-widget_type=\"text-editor.default\">\n\t\t\t\t<div class=\"elementor-widget-container\">\n\t\t\t\t\t\t\t\t\t<p>Lahko vam damo le majhna priporo\u010dila. \u010ce boste lesene KOCKE uporabili za projekte &#8220;naredi si sam&#8221; (DIY) za dekoracijo sten ali za dekoracijo drugih povr\u0161in, priporo\u010damo uporabo katerega koli lepila za parket. Ne glede na to, katero lepilo za parket uporabljate, pred tem natan\u010dno preberite njegova navodila za uporabo in pripravo povr\u0161ine.<\/p>\n\t\t\t\t\t\t\t\t<\/div>\n\t\t\t\t<\/div>\n\t\t\t\t<div class=\"elementor-element elementor-element-60b541a elementor-widget elementor-widget-text-editor\" data-id=\"60b541a\" data-element_type=\"widget\" data-e-type=\"widget\" data-widget_type=\"text-editor.default\">\n\t\t\t\t<div class=\"elementor-widget-container\">\n\t\t\t\t\t\t\t\t\t<p><strong>POZOR!!! Pri delu na projektu upo\u0161tevajte varnostne ukrepe. <\/strong><\/p>\n\t\t\t\t\t\t\t\t<\/div>\n\t\t\t\t<\/div>\n\t\t\t\t<div class=\"elementor-element elementor-element-04e373d elementor-widget elementor-widget-text-editor\" data-id=\"04e373d\" data-element_type=\"widget\" data-e-type=\"widget\" data-widget_type=\"text-editor.default\">\n\t\t\t\t<div class=\"elementor-widget-container\">\n\t\t\t\t\t\t\t\t\t<p>Lesene KOCKE za projekte &#8220;naredi si sam&#8221; (DIY) za\u0161\u010ditene z na\u0161o omejeno garancijo (prosimo, glejte zavihek \u00bbGARANCIJA\u00ab).<\/p>\n\t\t\t\t\t\t\t\t<\/div>\n\t\t\t\t<\/div>\n\t\t\t\t\t<\/div>\n\t\t<\/div>\n\t\t\t\t\t<\/div>\n\t\t<\/section>\n\t\t\t\t<\/div>\n\t\t","protected":false},"excerpt":{"rendered":"<p>Lesene KOCKE za DIY Crafts projekte so za DIY ustvarjalnost. Zato ni posebnih navodil za namestitev. Razmi\u0161ljajte izven okvirjev in ne pozabite uporabiti domi\u0161ljije. Lahko vam damo le majhna priporo\u010dila. \u010ce boste lesene KOCKE uporabili za projekte &#8220;naredi si sam&#8221; (DIY) za dekoracijo sten ali za dekoracijo drugih povr\u0161in, priporo\u010damo uporabo katerega koli lepila za [&hellip;]<\/p>\n","protected":false},"author":1,"featured_media":0,"parent":0,"menu_order":0,"comment_status":"closed","ping_status":"closed","template":"templates\/template-full-width.php","meta":{"footnotes":""},"class_list":["post-5802","page","type-page","status-publish","hentry"],"yoast_head":"<!-- This site is optimized with the Yoast SEO plugin v27.0 - https:\/\/yoast.com\/product\/yoast-seo-wordpress\/ -->\n<title>NAMESTITEV Lesene KOCKE za projekte &quot;naredi si sam&quot; (DIY) - LUX LES Dom Dekor<\/title>\n<meta name=\"description\" content=\"\u010cE NI DRUGA\u010cE PISNO DOGOVORJENO, SO NASLEDNJI POGOJI PRODAJE IZDELKOV OMEJENI NA IZDELKE, VKLJU\u010cENE V TEM DOKUMENTU.\" \/>\n<meta name=\"robots\" content=\"index, follow, max-snippet:-1, max-image-preview:large, max-video-preview:-1\" \/>\n<link rel=\"canonical\" href=\"https:\/\/luxles.si\/sl\/namestitev-lesene-kocke-za-projekte-naredi-si-sam-diy\/\" \/>\n<meta property=\"og:locale\" content=\"sl_SI\" \/>\n<meta property=\"og:type\" content=\"article\" \/>\n<meta property=\"og:title\" content=\"NAMESTITEV Lesene KOCKE za projekte &quot;naredi si sam&quot; (DIY) - LUX LES Dom Dekor\" \/>\n<meta property=\"og:description\" content=\"\u010cE NI DRUGA\u010cE PISNO DOGOVORJENO, SO NASLEDNJI POGOJI PRODAJE IZDELKOV OMEJENI NA IZDELKE, VKLJU\u010cENE V TEM DOKUMENTU.\" \/>\n<meta property=\"og:url\" content=\"https:\/\/luxles.si\/sl\/namestitev-lesene-kocke-za-projekte-naredi-si-sam-diy\/\" \/>\n<meta property=\"og:site_name\" content=\"LUX LES Dom Dekor\" \/>\n<meta property=\"article:publisher\" content=\"https:\/\/www.facebook.com\/luxlesdomdekor\/\" \/>\n<meta property=\"og:image\" content=\"https:\/\/luxles.si\/wp-content\/uploads\/2020\/10\/for_letter4_2.jpg\" \/>\n\t<meta property=\"og:image:width\" content=\"200\" \/>\n\t<meta property=\"og:image:height\" content=\"200\" \/>\n\t<meta property=\"og:image:type\" content=\"image\/jpeg\" \/>\n<meta name=\"twitter:card\" content=\"summary_large_image\" \/>\n<meta name=\"twitter:label1\" content=\"Est. reading time\" \/>\n\t<meta name=\"twitter:data1\" content=\"1 minuta\" \/>\n<script type=\"application\/ld+json\" class=\"yoast-schema-graph\">{\"@context\":\"https:\/\/schema.org\",\"@graph\":[{\"@type\":\"WebPage\",\"@id\":\"https:\/\/luxles.si\/sl\/namestitev-lesene-kocke-za-projekte-naredi-si-sam-diy\/\",\"url\":\"https:\/\/luxles.si\/sl\/namestitev-lesene-kocke-za-projekte-naredi-si-sam-diy\/\",\"name\":\"NAMESTITEV Lesene KOCKE za projekte \\\"naredi si sam\\\" (DIY) - LUX LES Dom Dekor\",\"isPartOf\":{\"@id\":\"https:\/\/luxles.si\/sl\/#website\"},\"datePublished\":\"2022-01-17T11:29:26+00:00\",\"description\":\"\u010cE NI DRUGA\u010cE PISNO DOGOVORJENO, SO NASLEDNJI POGOJI PRODAJE IZDELKOV OMEJENI NA IZDELKE, VKLJU\u010cENE V TEM DOKUMENTU.\",\"breadcrumb\":{\"@id\":\"https:\/\/luxles.si\/sl\/namestitev-lesene-kocke-za-projekte-naredi-si-sam-diy\/#breadcrumb\"},\"inLanguage\":\"sl-SI\",\"potentialAction\":[{\"@type\":\"ReadAction\",\"target\":[\"https:\/\/luxles.si\/sl\/namestitev-lesene-kocke-za-projekte-naredi-si-sam-diy\/\"]}]},{\"@type\":\"BreadcrumbList\",\"@id\":\"https:\/\/luxles.si\/sl\/namestitev-lesene-kocke-za-projekte-naredi-si-sam-diy\/#breadcrumb\",\"itemListElement\":[{\"@type\":\"ListItem\",\"position\":1,\"name\":\"Domov\",\"item\":\"https:\/\/luxles.si\/sl\/\"},{\"@type\":\"ListItem\",\"position\":2,\"name\":\"NAMESTITEV Lesene KOCKE za projekte &#8220;naredi si sam&#8221; (DIY)\"}]},{\"@type\":\"WebSite\",\"@id\":\"https:\/\/luxles.si\/sl\/#website\",\"url\":\"https:\/\/luxles.si\/sl\/\",\"name\":\"LUX LES Dom Dekor\",\"description\":\"\",\"publisher\":{\"@id\":\"https:\/\/luxles.si\/sl\/#organization\"},\"potentialAction\":[{\"@type\":\"SearchAction\",\"target\":{\"@type\":\"EntryPoint\",\"urlTemplate\":\"https:\/\/luxles.si\/sl\/?s={search_term_string}\"},\"query-input\":{\"@type\":\"PropertyValueSpecification\",\"valueRequired\":true,\"valueName\":\"search_term_string\"}}],\"inLanguage\":\"sl-SI\"},{\"@type\":\"Organization\",\"@id\":\"https:\/\/luxles.si\/sl\/#organization\",\"name\":\"LUX LES Dom Dekor\",\"url\":\"https:\/\/luxles.si\/sl\/\",\"logo\":{\"@type\":\"ImageObject\",\"inLanguage\":\"sl-SI\",\"@id\":\"https:\/\/luxles.si\/sl\/#\/schema\/logo\/image\/\",\"url\":\"https:\/\/luxles.si\/wp-content\/uploads\/2020\/07\/logo.png\",\"contentUrl\":\"https:\/\/luxles.si\/wp-content\/uploads\/2020\/07\/logo.png\",\"width\":245,\"height\":70,\"caption\":\"LUX LES Dom Dekor\"},\"image\":{\"@id\":\"https:\/\/luxles.si\/sl\/#\/schema\/logo\/image\/\"},\"sameAs\":[\"https:\/\/www.facebook.com\/luxlesdomdekor\/\",\"https:\/\/www.instagram.com\/luxlesdomdekor\"]}]}<\/script>\n<!-- \/ Yoast SEO plugin. -->","yoast_head_json":{"title":"NAMESTITEV Lesene KOCKE za projekte \"naredi si sam\" (DIY) - LUX LES Dom Dekor","description":"\u010cE NI DRUGA\u010cE PISNO DOGOVORJENO, SO NASLEDNJI POGOJI PRODAJE IZDELKOV OMEJENI NA IZDELKE, VKLJU\u010cENE V TEM DOKUMENTU.","robots":{"index":"index","follow":"follow","max-snippet":"max-snippet:-1","max-image-preview":"max-image-preview:large","max-video-preview":"max-video-preview:-1"},"canonical":"https:\/\/luxles.si\/sl\/namestitev-lesene-kocke-za-projekte-naredi-si-sam-diy\/","og_locale":"sl_SI","og_type":"article","og_title":"NAMESTITEV Lesene KOCKE za projekte \"naredi si sam\" (DIY) - LUX LES Dom Dekor","og_description":"\u010cE NI DRUGA\u010cE PISNO DOGOVORJENO, SO NASLEDNJI POGOJI PRODAJE IZDELKOV OMEJENI NA IZDELKE, VKLJU\u010cENE V TEM DOKUMENTU.","og_url":"https:\/\/luxles.si\/sl\/namestitev-lesene-kocke-za-projekte-naredi-si-sam-diy\/","og_site_name":"LUX LES Dom Dekor","article_publisher":"https:\/\/www.facebook.com\/luxlesdomdekor\/","og_image":[{"width":200,"height":200,"url":"https:\/\/luxles.si\/wp-content\/uploads\/2020\/10\/for_letter4_2.jpg","type":"image\/jpeg"}],"twitter_card":"summary_large_image","twitter_misc":{"Est. reading time":"1 minuta"},"schema":{"@context":"https:\/\/schema.org","@graph":[{"@type":"WebPage","@id":"https:\/\/luxles.si\/sl\/namestitev-lesene-kocke-za-projekte-naredi-si-sam-diy\/","url":"https:\/\/luxles.si\/sl\/namestitev-lesene-kocke-za-projekte-naredi-si-sam-diy\/","name":"NAMESTITEV Lesene KOCKE za projekte \"naredi si sam\" (DIY) - LUX LES Dom Dekor","isPartOf":{"@id":"https:\/\/luxles.si\/sl\/#website"},"datePublished":"2022-01-17T11:29:26+00:00","description":"\u010cE NI DRUGA\u010cE PISNO DOGOVORJENO, SO NASLEDNJI POGOJI PRODAJE IZDELKOV OMEJENI NA IZDELKE, VKLJU\u010cENE V TEM DOKUMENTU.","breadcrumb":{"@id":"https:\/\/luxles.si\/sl\/namestitev-lesene-kocke-za-projekte-naredi-si-sam-diy\/#breadcrumb"},"inLanguage":"sl-SI","potentialAction":[{"@type":"ReadAction","target":["https:\/\/luxles.si\/sl\/namestitev-lesene-kocke-za-projekte-naredi-si-sam-diy\/"]}]},{"@type":"BreadcrumbList","@id":"https:\/\/luxles.si\/sl\/namestitev-lesene-kocke-za-projekte-naredi-si-sam-diy\/#breadcrumb","itemListElement":[{"@type":"ListItem","position":1,"name":"Domov","item":"https:\/\/luxles.si\/sl\/"},{"@type":"ListItem","position":2,"name":"NAMESTITEV Lesene KOCKE za projekte &#8220;naredi si sam&#8221; (DIY)"}]},{"@type":"WebSite","@id":"https:\/\/luxles.si\/sl\/#website","url":"https:\/\/luxles.si\/sl\/","name":"LUX LES Dom Dekor","description":"","publisher":{"@id":"https:\/\/luxles.si\/sl\/#organization"},"potentialAction":[{"@type":"SearchAction","target":{"@type":"EntryPoint","urlTemplate":"https:\/\/luxles.si\/sl\/?s={search_term_string}"},"query-input":{"@type":"PropertyValueSpecification","valueRequired":true,"valueName":"search_term_string"}}],"inLanguage":"sl-SI"},{"@type":"Organization","@id":"https:\/\/luxles.si\/sl\/#organization","name":"LUX LES Dom Dekor","url":"https:\/\/luxles.si\/sl\/","logo":{"@type":"ImageObject","inLanguage":"sl-SI","@id":"https:\/\/luxles.si\/sl\/#\/schema\/logo\/image\/","url":"https:\/\/luxles.si\/wp-content\/uploads\/2020\/07\/logo.png","contentUrl":"https:\/\/luxles.si\/wp-content\/uploads\/2020\/07\/logo.png","width":245,"height":70,"caption":"LUX LES Dom Dekor"},"image":{"@id":"https:\/\/luxles.si\/sl\/#\/schema\/logo\/image\/"},"sameAs":["https:\/\/www.facebook.com\/luxlesdomdekor\/","https:\/\/www.instagram.com\/luxlesdomdekor"]}]}},"_links":{"self":[{"href":"https:\/\/luxles.si\/sl\/wp-json\/wp\/v2\/pages\/5802","targetHints":{"allow":["GET"]}}],"collection":[{"href":"https:\/\/luxles.si\/sl\/wp-json\/wp\/v2\/pages"}],"about":[{"href":"https:\/\/luxles.si\/sl\/wp-json\/wp\/v2\/types\/page"}],"author":[{"embeddable":true,"href":"https:\/\/luxles.si\/sl\/wp-json\/wp\/v2\/users\/1"}],"replies":[{"embeddable":true,"href":"https:\/\/luxles.si\/sl\/wp-json\/wp\/v2\/comments?post=5802"}],"version-history":[{"count":0,"href":"https:\/\/luxles.si\/sl\/wp-json\/wp\/v2\/pages\/5802\/revisions"}],"wp:attachment":[{"href":"https:\/\/luxles.si\/sl\/wp-json\/wp\/v2\/media?parent=5802"}],"curies":[{"name":"wp","href":"https:\/\/api.w.org\/{rel}","templated":true}]}}