{"id":5798,"date":"2022-01-17T12:29:08","date_gmt":"2022-01-17T11:29:08","guid":{"rendered":"https:\/\/luxles.si\/omejena-garancija-za-lesene-kocke-lux-les-dom-dekor-za-projekte-naredi-si-sam-diy\/"},"modified":"2022-01-17T12:29:33","modified_gmt":"2022-01-17T11:29:33","slug":"omejena-garancija-za-lesene-kocke-lux-les-dom-dekor-za-projekte-naredi-si-sam-diy","status":"publish","type":"page","link":"https:\/\/luxles.si\/sl\/omejena-garancija-za-lesene-kocke-lux-les-dom-dekor-za-projekte-naredi-si-sam-diy\/","title":{"rendered":"OMEJENA GARANCIJA za lesene KOCKE LUX LES Dom-Dekor za projekte &#8220;naredi si sam&#8221; (DIY)"},"content":{"rendered":"\t\t<div data-elementor-type=\"wp-page\" data-elementor-id=\"5798\" class=\"elementor elementor-5798 elementor-3019\">\n\t\t\t\t\t\t<section class=\"elementor-section elementor-top-section elementor-element elementor-element-4575ba4d elementor-section-full_width elementor-section-height-default elementor-section-height-default\" data-id=\"4575ba4d\" data-element_type=\"section\" data-e-type=\"section\">\n\t\t\t\t\t\t<div class=\"elementor-container elementor-column-gap-default\">\n\t\t\t\t\t<div class=\"elementor-column elementor-col-100 elementor-top-column elementor-element elementor-element-45839fc0\" data-id=\"45839fc0\" data-element_type=\"column\" data-e-type=\"column\">\n\t\t\t<div class=\"elementor-widget-wrap elementor-element-populated\">\n\t\t\t\t\t\t<section class=\"elementor-section elementor-inner-section elementor-element elementor-element-5997720 elementor-section-full_width elementor-section-height-default elementor-section-height-default\" data-id=\"5997720\" data-element_type=\"section\" data-e-type=\"section\">\n\t\t\t\t\t\t<div class=\"elementor-container elementor-column-gap-default\">\n\t\t\t\t\t<div class=\"elementor-column elementor-col-50 elementor-inner-column elementor-element elementor-element-b8cda57\" data-id=\"b8cda57\" data-element_type=\"column\" data-e-type=\"column\">\n\t\t\t<div class=\"elementor-widget-wrap elementor-element-populated\">\n\t\t\t\t\t\t<div class=\"elementor-element elementor-element-0c6e86e elementor-widget elementor-widget-text-editor\" data-id=\"0c6e86e\" data-element_type=\"widget\" data-e-type=\"widget\" data-widget_type=\"text-editor.default\">\n\t\t\t\t<div class=\"elementor-widget-container\">\n\t\t\t\t\t\t\t\t\t<p><strong>OMEJENA GARANCIJA<br \/>za lesene KOCKE LUX LES Dom-Dekor za projekte &#8220;naredi si sam&#8221; (DIY)<\/strong><\/p>\n\t\t\t\t\t\t\t\t<\/div>\n\t\t\t\t<\/div>\n\t\t\t\t\t<\/div>\n\t\t<\/div>\n\t\t\t\t<div class=\"elementor-column elementor-col-50 elementor-inner-column elementor-element elementor-element-06700c3\" data-id=\"06700c3\" data-element_type=\"column\" data-e-type=\"column\">\n\t\t\t<div class=\"elementor-widget-wrap elementor-element-populated\">\n\t\t\t\t\t\t<div class=\"elementor-element elementor-element-77898a9 elementor-widget elementor-widget-html\" data-id=\"77898a9\" data-element_type=\"widget\" data-e-type=\"widget\" data-widget_type=\"html.default\">\n\t\t\t\t<div class=\"elementor-widget-container\">\n\t\t\t\t\t<aside class=\"present\"><a href=\"\/wp-content\/LUXLESDom-DekorLimitedWarrantyWoodenCUBESDIYCraftsprojects.pdf\" target=\"_blank\"><font face=\"Roboto\"><span>OGLEJTE SI<\/span> \u00bbOMEJENA GARANCIJA\u00ab za izdelke DIY V PDF FORMATU<\/font><\/font><\/a><\/aside>\t\t\t\t<\/div>\n\t\t\t\t<\/div>\n\t\t\t\t\t<\/div>\n\t\t<\/div>\n\t\t\t\t\t<\/div>\n\t\t<\/section>\n\t\t\t\t<div class=\"elementor-element elementor-element-3933e7f elementor-widget elementor-widget-text-editor\" data-id=\"3933e7f\" data-element_type=\"widget\" data-e-type=\"widget\" data-widget_type=\"text-editor.default\">\n\t\t\t\t<div class=\"elementor-widget-container\">\n\t\t\t\t\t\t\t\t\t<p><strong>LUX LES Dom-Dekor daje garancijo<\/strong> na svoje DIY-izdelke, ki velja za prvega kupca eno leto od datuma nakupa, pod pogojem, da se je artikel uporabljal izklju\u010dno v DIY-namene.<\/p>\n\t\t\t\t\t\t\t\t<\/div>\n\t\t\t\t<\/div>\n\t\t\t\t<div class=\"elementor-element elementor-element-ec0f509 elementor-widget elementor-widget-text-editor\" data-id=\"ec0f509\" data-element_type=\"widget\" data-e-type=\"widget\" data-widget_type=\"text-editor.default\">\n\t\t\t\t<div class=\"elementor-widget-container\">\n\t\t\t\t\t\t\t\t\t<p><strong>Omejena garancija LUX LES Dom-Dekor krije samo<\/strong> \u0161kodo na kupljenih elementih, in sicer samo tak\u0161no, ki jo je mogo\u010de pripisati neustreznemu materialu in slabi izdelavi. <strong>Garancija ne vklju\u010duje<\/strong> izdelkov, ki so bili po\u0161kodovani ali spremenjeni nenamerno, zaradi nesre\u010de, pri uporabi, monta\u017ei ali vzdr\u017eevanju.<\/p>\n\t\t\t\t\t\t\t\t<\/div>\n\t\t\t\t<\/div>\n\t\t\t\t<div class=\"elementor-element elementor-element-7e6b02b elementor-widget elementor-widget-text-editor\" data-id=\"7e6b02b\" data-element_type=\"widget\" data-e-type=\"widget\" data-widget_type=\"text-editor.default\">\n\t\t\t\t<div class=\"elementor-widget-container\">\n\t\t\t\t\t\t\t\t\t<p><strong>Garancija tudi ne krije<\/strong> obi\u010dajne obrabe ter okvar in po\u0161kodb, za katere je kupec vedel ob nakupu DIY-izdelkov LUX LES Dom-Dekor.<\/p>\n\t\t\t\t\t\t\t\t<\/div>\n\t\t\t\t<\/div>\n\t\t\t\t<div class=\"elementor-element elementor-element-90f9812 elementor-widget elementor-widget-text-editor\" data-id=\"90f9812\" data-element_type=\"widget\" data-e-type=\"widget\" data-widget_type=\"text-editor.default\">\n\t\t\t\t<div class=\"elementor-widget-container\">\n\t\t\t\t\t\t\t\t\t<p><strong>Ta garancija na noben na\u010din ne jam\u010di, da je izdelek primeren za kakr\u0161no koli posebno uporabo.<\/strong><\/p>\n\t\t\t\t\t\t\t\t<\/div>\n\t\t\t\t<\/div>\n\t\t\t\t<div class=\"elementor-element elementor-element-8a9eeb9 elementor-widget elementor-widget-text-editor\" data-id=\"8a9eeb9\" data-element_type=\"widget\" data-e-type=\"widget\" data-widget_type=\"text-editor.default\">\n\t\t\t\t<div class=\"elementor-widget-container\">\n\t\t\t\t\t\t\t\t\t<p><strong>LUX LES Dom-Dekor V NOBENEM PRIMERU NE ODGOVARJA ZA \u0160KODO, VKLJU\u010cNO Z IZGUBO DOBI\u010cKA, IZGUBO PRIHRANKOV ALI DRUGO NAKLJU\u010cNO ALI POSLEDI\u010cNO \u0160KODO, KI BI NASTALA ZARADI UPORABE ALI NEZMO\u017dNOSTI UPORABE IZDELKA, \u010cEPRAV JE BIL LUX LES Dom-Dekor SEZNANJEN Z MO\u017dNOSTJO NASTANKA TAK\u0160NE \u0160KODE, PRAV TAKO NI DOL\u017dAN ODGOVORITI NA NOBEN ZAHTEVEK, KI GA NE VLO\u017dI KUPEC.<\/strong><\/p>\n\t\t\t\t\t\t\t\t<\/div>\n\t\t\t\t<\/div>\n\t\t\t\t<div class=\"elementor-element elementor-element-f15a706 elementor-widget elementor-widget-text-editor\" data-id=\"f15a706\" data-element_type=\"widget\" data-e-type=\"widget\" data-widget_type=\"text-editor.default\">\n\t\t\t\t<div class=\"elementor-widget-container\">\n\t\t\t\t\t\t\t\t\t<p><strong>ZGORNJA GARANCIJA NADOME\u0160\u010cA VSA DRUGA JAMSTVA, IZRECNA ALI IMPLICITNA, VKLJU\u010cNO Z JAMSTVI V ZVEZI S PRODAJO OZIROMA USTREZNOSTJO ZA KATERI KOLI POSEBEN NAMEN ALI UPORABO.<\/strong><\/p>\n\t\t\t\t\t\t\t\t<\/div>\n\t\t\t\t<\/div>\n\t\t\t\t<div class=\"elementor-element elementor-element-99fe664 elementor-widget elementor-widget-text-editor\" data-id=\"99fe664\" data-element_type=\"widget\" data-e-type=\"widget\" data-widget_type=\"text-editor.default\">\n\t\t\t\t<div class=\"elementor-widget-container\">\n\t\t\t\t\t\t\t\t\t<p><strong>Garancijski zahtevek je veljaven samo s prilo\u017eenim originalnim ra\u010dunom.<\/strong><\/p>\n\t\t\t\t\t\t\t\t<\/div>\n\t\t\t\t<\/div>\n\t\t\t\t<div class=\"elementor-element elementor-element-e5fd280 elementor-widget elementor-widget-text-editor\" data-id=\"e5fd280\" data-element_type=\"widget\" data-e-type=\"widget\" data-widget_type=\"text-editor.default\">\n\t\t\t\t<div class=\"elementor-widget-container\">\n\t\t\t\t\t\t\t\t\t<p><strong>Ta omejena garancija podjetja LUX LES Dom-Dekor na noben na\u010din ne omejuje va\u0161ih zakonitih pravic, ki jih opredeljuje slovenski Zakon o varstvu potro\u0161nikov.<\/strong><\/p>\n\t\t\t\t\t\t\t\t<\/div>\n\t\t\t\t<\/div>\n\t\t\t\t<div class=\"elementor-element elementor-element-60b541a elementor-widget elementor-widget-text-editor\" data-id=\"60b541a\" data-element_type=\"widget\" data-e-type=\"widget\" data-widget_type=\"text-editor.default\">\n\t\t\t\t<div class=\"elementor-widget-container\">\n\t\t\t\t\t\t\t\t\t<p><strong>Za izdelke, ki ne spadajo v DIY-program, velja na\u0161a splo\u0161na garancija.<\/strong><\/p>\n\t\t\t\t\t\t\t\t<\/div>\n\t\t\t\t<\/div>\n\t\t\t\t\t<\/div>\n\t\t<\/div>\n\t\t\t\t\t<\/div>\n\t\t<\/section>\n\t\t\t\t<\/div>\n\t\t","protected":false},"excerpt":{"rendered":"<p>OMEJENA GARANCIJAza lesene KOCKE LUX LES Dom-Dekor za projekte &#8220;naredi si sam&#8221; (DIY) OGLEJTE SI \u00bbOMEJENA GARANCIJA\u00ab za izdelke DIY V PDF FORMATU LUX LES Dom-Dekor daje garancijo na svoje DIY-izdelke, ki velja za prvega kupca eno leto od datuma nakupa, pod pogojem, da se je artikel uporabljal izklju\u010dno v DIY-namene. Omejena garancija LUX LES [&hellip;]<\/p>\n","protected":false},"author":1,"featured_media":0,"parent":0,"menu_order":0,"comment_status":"closed","ping_status":"open","template":"templates\/template-full-width.php","meta":{"footnotes":""},"class_list":["post-5798","page","type-page","status-publish","hentry"],"yoast_head":"<!-- This site is optimized with the Yoast SEO plugin v27.0 - https:\/\/yoast.com\/product\/yoast-seo-wordpress\/ -->\n<title>OMEJENA GARANCIJA za lesene KOCKE LUX LES Dom-Dekor za projekte &quot;naredi si sam&quot; (DIY) - LUX LES Dom Dekor<\/title>\n<meta name=\"description\" content=\"\u010cE NI DRUGA\u010cE PISNO DOGOVORJENO, SO NASLEDNJI POGOJI PRODAJE IZDELKOV OMEJENI NA IZDELKE, VKLJU\u010cENE V TEM DOKUMENTU.\" \/>\n<meta name=\"robots\" content=\"index, follow, max-snippet:-1, max-image-preview:large, max-video-preview:-1\" \/>\n<link rel=\"canonical\" href=\"https:\/\/luxles.si\/sl\/omejena-garancija-za-lesene-kocke-lux-les-dom-dekor-za-projekte-naredi-si-sam-diy\/\" \/>\n<meta property=\"og:locale\" content=\"sl_SI\" \/>\n<meta property=\"og:type\" content=\"article\" \/>\n<meta property=\"og:title\" content=\"OMEJENA GARANCIJA za lesene KOCKE LUX LES Dom-Dekor za projekte &quot;naredi si sam&quot; (DIY) - LUX LES Dom Dekor\" \/>\n<meta property=\"og:description\" content=\"\u010cE NI DRUGA\u010cE PISNO DOGOVORJENO, SO NASLEDNJI POGOJI PRODAJE IZDELKOV OMEJENI NA IZDELKE, VKLJU\u010cENE V TEM DOKUMENTU.\" \/>\n<meta property=\"og:url\" content=\"https:\/\/luxles.si\/sl\/omejena-garancija-za-lesene-kocke-lux-les-dom-dekor-za-projekte-naredi-si-sam-diy\/\" \/>\n<meta property=\"og:site_name\" content=\"LUX LES Dom Dekor\" \/>\n<meta property=\"article:publisher\" content=\"https:\/\/www.facebook.com\/luxlesdomdekor\/\" \/>\n<meta property=\"article:modified_time\" content=\"2022-01-17T11:29:33+00:00\" \/>\n<meta property=\"og:image\" content=\"https:\/\/luxles.si\/wp-content\/uploads\/2020\/10\/for_letter4_2.jpg\" \/>\n\t<meta property=\"og:image:width\" content=\"200\" \/>\n\t<meta property=\"og:image:height\" content=\"200\" \/>\n\t<meta property=\"og:image:type\" content=\"image\/jpeg\" \/>\n<meta name=\"twitter:card\" content=\"summary_large_image\" \/>\n<meta name=\"twitter:label1\" content=\"Est. reading time\" \/>\n\t<meta name=\"twitter:data1\" content=\"1 minuta\" \/>\n<script type=\"application\/ld+json\" class=\"yoast-schema-graph\">{\"@context\":\"https:\/\/schema.org\",\"@graph\":[{\"@type\":\"WebPage\",\"@id\":\"https:\/\/luxles.si\/sl\/omejena-garancija-za-lesene-kocke-lux-les-dom-dekor-za-projekte-naredi-si-sam-diy\/\",\"url\":\"https:\/\/luxles.si\/sl\/omejena-garancija-za-lesene-kocke-lux-les-dom-dekor-za-projekte-naredi-si-sam-diy\/\",\"name\":\"OMEJENA GARANCIJA za lesene KOCKE LUX LES Dom-Dekor za projekte \\\"naredi si sam\\\" (DIY) - LUX LES Dom Dekor\",\"isPartOf\":{\"@id\":\"https:\/\/luxles.si\/sl\/#website\"},\"datePublished\":\"2022-01-17T11:29:08+00:00\",\"dateModified\":\"2022-01-17T11:29:33+00:00\",\"description\":\"\u010cE NI DRUGA\u010cE PISNO DOGOVORJENO, SO NASLEDNJI POGOJI PRODAJE IZDELKOV OMEJENI NA IZDELKE, VKLJU\u010cENE V TEM DOKUMENTU.\",\"breadcrumb\":{\"@id\":\"https:\/\/luxles.si\/sl\/omejena-garancija-za-lesene-kocke-lux-les-dom-dekor-za-projekte-naredi-si-sam-diy\/#breadcrumb\"},\"inLanguage\":\"sl-SI\",\"potentialAction\":[{\"@type\":\"ReadAction\",\"target\":[\"https:\/\/luxles.si\/sl\/omejena-garancija-za-lesene-kocke-lux-les-dom-dekor-za-projekte-naredi-si-sam-diy\/\"]}]},{\"@type\":\"BreadcrumbList\",\"@id\":\"https:\/\/luxles.si\/sl\/omejena-garancija-za-lesene-kocke-lux-les-dom-dekor-za-projekte-naredi-si-sam-diy\/#breadcrumb\",\"itemListElement\":[{\"@type\":\"ListItem\",\"position\":1,\"name\":\"Domov\",\"item\":\"https:\/\/luxles.si\/sl\/\"},{\"@type\":\"ListItem\",\"position\":2,\"name\":\"OMEJENA GARANCIJA za lesene KOCKE LUX LES Dom-Dekor za projekte &#8220;naredi si sam&#8221; (DIY)\"}]},{\"@type\":\"WebSite\",\"@id\":\"https:\/\/luxles.si\/sl\/#website\",\"url\":\"https:\/\/luxles.si\/sl\/\",\"name\":\"LUX LES Dom Dekor\",\"description\":\"\",\"publisher\":{\"@id\":\"https:\/\/luxles.si\/sl\/#organization\"},\"potentialAction\":[{\"@type\":\"SearchAction\",\"target\":{\"@type\":\"EntryPoint\",\"urlTemplate\":\"https:\/\/luxles.si\/sl\/?s={search_term_string}\"},\"query-input\":{\"@type\":\"PropertyValueSpecification\",\"valueRequired\":true,\"valueName\":\"search_term_string\"}}],\"inLanguage\":\"sl-SI\"},{\"@type\":\"Organization\",\"@id\":\"https:\/\/luxles.si\/sl\/#organization\",\"name\":\"LUX LES Dom Dekor\",\"url\":\"https:\/\/luxles.si\/sl\/\",\"logo\":{\"@type\":\"ImageObject\",\"inLanguage\":\"sl-SI\",\"@id\":\"https:\/\/luxles.si\/sl\/#\/schema\/logo\/image\/\",\"url\":\"https:\/\/luxles.si\/wp-content\/uploads\/2020\/07\/logo.png\",\"contentUrl\":\"https:\/\/luxles.si\/wp-content\/uploads\/2020\/07\/logo.png\",\"width\":245,\"height\":70,\"caption\":\"LUX LES Dom Dekor\"},\"image\":{\"@id\":\"https:\/\/luxles.si\/sl\/#\/schema\/logo\/image\/\"},\"sameAs\":[\"https:\/\/www.facebook.com\/luxlesdomdekor\/\",\"https:\/\/www.instagram.com\/luxlesdomdekor\"]}]}<\/script>\n<!-- \/ Yoast SEO plugin. -->","yoast_head_json":{"title":"OMEJENA GARANCIJA za lesene KOCKE LUX LES Dom-Dekor za projekte \"naredi si sam\" (DIY) - LUX LES Dom Dekor","description":"\u010cE NI DRUGA\u010cE PISNO DOGOVORJENO, SO NASLEDNJI POGOJI PRODAJE IZDELKOV OMEJENI NA IZDELKE, VKLJU\u010cENE V TEM DOKUMENTU.","robots":{"index":"index","follow":"follow","max-snippet":"max-snippet:-1","max-image-preview":"max-image-preview:large","max-video-preview":"max-video-preview:-1"},"canonical":"https:\/\/luxles.si\/sl\/omejena-garancija-za-lesene-kocke-lux-les-dom-dekor-za-projekte-naredi-si-sam-diy\/","og_locale":"sl_SI","og_type":"article","og_title":"OMEJENA GARANCIJA za lesene KOCKE LUX LES Dom-Dekor za projekte \"naredi si sam\" (DIY) - LUX LES Dom Dekor","og_description":"\u010cE NI DRUGA\u010cE PISNO DOGOVORJENO, SO NASLEDNJI POGOJI PRODAJE IZDELKOV OMEJENI NA IZDELKE, VKLJU\u010cENE V TEM DOKUMENTU.","og_url":"https:\/\/luxles.si\/sl\/omejena-garancija-za-lesene-kocke-lux-les-dom-dekor-za-projekte-naredi-si-sam-diy\/","og_site_name":"LUX LES Dom Dekor","article_publisher":"https:\/\/www.facebook.com\/luxlesdomdekor\/","article_modified_time":"2022-01-17T11:29:33+00:00","og_image":[{"width":200,"height":200,"url":"https:\/\/luxles.si\/wp-content\/uploads\/2020\/10\/for_letter4_2.jpg","type":"image\/jpeg"}],"twitter_card":"summary_large_image","twitter_misc":{"Est. reading time":"1 minuta"},"schema":{"@context":"https:\/\/schema.org","@graph":[{"@type":"WebPage","@id":"https:\/\/luxles.si\/sl\/omejena-garancija-za-lesene-kocke-lux-les-dom-dekor-za-projekte-naredi-si-sam-diy\/","url":"https:\/\/luxles.si\/sl\/omejena-garancija-za-lesene-kocke-lux-les-dom-dekor-za-projekte-naredi-si-sam-diy\/","name":"OMEJENA GARANCIJA za lesene KOCKE LUX LES Dom-Dekor za projekte \"naredi si sam\" (DIY) - LUX LES Dom Dekor","isPartOf":{"@id":"https:\/\/luxles.si\/sl\/#website"},"datePublished":"2022-01-17T11:29:08+00:00","dateModified":"2022-01-17T11:29:33+00:00","description":"\u010cE NI DRUGA\u010cE PISNO DOGOVORJENO, SO NASLEDNJI POGOJI PRODAJE IZDELKOV OMEJENI NA IZDELKE, VKLJU\u010cENE V TEM DOKUMENTU.","breadcrumb":{"@id":"https:\/\/luxles.si\/sl\/omejena-garancija-za-lesene-kocke-lux-les-dom-dekor-za-projekte-naredi-si-sam-diy\/#breadcrumb"},"inLanguage":"sl-SI","potentialAction":[{"@type":"ReadAction","target":["https:\/\/luxles.si\/sl\/omejena-garancija-za-lesene-kocke-lux-les-dom-dekor-za-projekte-naredi-si-sam-diy\/"]}]},{"@type":"BreadcrumbList","@id":"https:\/\/luxles.si\/sl\/omejena-garancija-za-lesene-kocke-lux-les-dom-dekor-za-projekte-naredi-si-sam-diy\/#breadcrumb","itemListElement":[{"@type":"ListItem","position":1,"name":"Domov","item":"https:\/\/luxles.si\/sl\/"},{"@type":"ListItem","position":2,"name":"OMEJENA GARANCIJA za lesene KOCKE LUX LES Dom-Dekor za projekte &#8220;naredi si sam&#8221; (DIY)"}]},{"@type":"WebSite","@id":"https:\/\/luxles.si\/sl\/#website","url":"https:\/\/luxles.si\/sl\/","name":"LUX LES Dom Dekor","description":"","publisher":{"@id":"https:\/\/luxles.si\/sl\/#organization"},"potentialAction":[{"@type":"SearchAction","target":{"@type":"EntryPoint","urlTemplate":"https:\/\/luxles.si\/sl\/?s={search_term_string}"},"query-input":{"@type":"PropertyValueSpecification","valueRequired":true,"valueName":"search_term_string"}}],"inLanguage":"sl-SI"},{"@type":"Organization","@id":"https:\/\/luxles.si\/sl\/#organization","name":"LUX LES Dom Dekor","url":"https:\/\/luxles.si\/sl\/","logo":{"@type":"ImageObject","inLanguage":"sl-SI","@id":"https:\/\/luxles.si\/sl\/#\/schema\/logo\/image\/","url":"https:\/\/luxles.si\/wp-content\/uploads\/2020\/07\/logo.png","contentUrl":"https:\/\/luxles.si\/wp-content\/uploads\/2020\/07\/logo.png","width":245,"height":70,"caption":"LUX LES Dom Dekor"},"image":{"@id":"https:\/\/luxles.si\/sl\/#\/schema\/logo\/image\/"},"sameAs":["https:\/\/www.facebook.com\/luxlesdomdekor\/","https:\/\/www.instagram.com\/luxlesdomdekor"]}]}},"_links":{"self":[{"href":"https:\/\/luxles.si\/sl\/wp-json\/wp\/v2\/pages\/5798","targetHints":{"allow":["GET"]}}],"collection":[{"href":"https:\/\/luxles.si\/sl\/wp-json\/wp\/v2\/pages"}],"about":[{"href":"https:\/\/luxles.si\/sl\/wp-json\/wp\/v2\/types\/page"}],"author":[{"embeddable":true,"href":"https:\/\/luxles.si\/sl\/wp-json\/wp\/v2\/users\/1"}],"replies":[{"embeddable":true,"href":"https:\/\/luxles.si\/sl\/wp-json\/wp\/v2\/comments?post=5798"}],"version-history":[{"count":0,"href":"https:\/\/luxles.si\/sl\/wp-json\/wp\/v2\/pages\/5798\/revisions"}],"wp:attachment":[{"href":"https:\/\/luxles.si\/sl\/wp-json\/wp\/v2\/media?parent=5798"}],"curies":[{"name":"wp","href":"https:\/\/api.w.org\/{rel}","templated":true}]}}